{"id":21085,"date":"2025-11-05T09:06:51","date_gmt":"2025-11-05T09:06:51","guid":{"rendered":"https:\/\/ledmirrormanufacturer.com\/?page_id=21085"},"modified":"2026-04-08T15:30:36","modified_gmt":"2026-04-08T15:30:36","slug":"residential","status":"publish","type":"page","link":"https:\/\/ledmirrormanufacturer.com\/de\/applications\/residential\/","title":{"rendered":"Wohnen"},"content":{"rendered":"<div data-elementor-type=\"wp-page\" data-elementor-id=\"21085\" class=\"elementor elementor-21085\" data-elementor-post-type=\"page\">\n\t\t\t\t<div class=\"elementor-element elementor-element-beb4f37 e-flex e-con-boxed e-con e-parent\" data-id=\"beb4f37\" data-element_type=\"container\">\n\t\t\t\t\t<div class=\"e-con-inner\">\n\t\t\t\t<div class=\"elementor-element elementor-element-de82292 elementor-widget elementor-widget-spacer\" data-id=\"de82292\" data-element_type=\"widget\" data-widget_type=\"spacer.default\">\n\t\t\t\t\t\t\t<div class=\"elementor-spacer\">\n\t\t\t<div class=\"elementor-spacer-inner\"><\/div>\n\t\t<\/div>\n\t\t\t\t\t\t<\/div>\n\t\t\t\t\t<\/div>\n\t\t\t\t<\/div>\n\t\t<div class=\"elementor-element elementor-element-1a8a63b e-flex e-con-boxed e-con e-parent\" data-id=\"1a8a63b\" data-element_type=\"container\">\n\t\t\t\t\t<div class=\"e-con-inner\">\n\t\t<div class=\"elementor-element elementor-element-aed682e e-con-full e-flex e-con e-child\" data-id=\"aed682e\" data-element_type=\"container\">\n\t\t\t\t<div class=\"elementor-element elementor-element-de768b2 elementor-widget elementor-widget-text-editor\" data-id=\"de768b2\" data-element_type=\"widget\" data-widget_type=\"text-editor.default\">\n\t\t\t\t\t\t\t\t\t<h2 style=\"text-align: center;\">Spiegel f\u00fcr Wohnzwecke<\/h2>\t\t\t\t\t\t\t\t<\/div>\n\t\t\t\t<\/div>\n\t\t<div class=\"elementor-element elementor-element-9d8f1c5 e-con-full e-flex e-con e-child\" data-id=\"9d8f1c5\" data-element_type=\"container\">\n\t\t\t\t<div class=\"elementor-element elementor-element-fe4b516 elementor-widget elementor-widget-image\" data-id=\"fe4b516\" data-element_type=\"widget\" data-widget_type=\"image.default\">\n\t\t\t\t\t\t\t\t\t\t\t\t\t\t\t<img fetchpriority=\"high\" decoding=\"async\" width=\"800\" height=\"674\" src=\"https:\/\/ledmirrormanufacturer.com\/wp-content\/uploads\/2025\/11\/bathroom-mirror.jpg\" class=\"attachment-large size-large wp-image-21227\" alt=\"bathroom-mirror-supplier-wholesale\" srcset=\"https:\/\/ledmirrormanufacturer.com\/wp-content\/uploads\/2025\/11\/bathroom-mirror.jpg 800w, https:\/\/ledmirrormanufacturer.com\/wp-content\/uploads\/2025\/11\/bathroom-mirror-300x253.jpg 300w, https:\/\/ledmirrormanufacturer.com\/wp-content\/uploads\/2025\/11\/bathroom-mirror-768x647.jpg 768w, https:\/\/ledmirrormanufacturer.com\/wp-content\/uploads\/2025\/11\/bathroom-mirror-14x12.jpg 14w\" sizes=\"(max-width: 800px) 100vw, 800px\" \/>\t\t\t\t\t\t\t\t\t\t\t\t\t\t\t<\/div>\n\t\t\t\t<\/div>\n\t\t\t\t\t<\/div>\n\t\t\t\t<\/div>\n\t\t<div class=\"elementor-element elementor-element-0d1494a e-flex e-con-boxed e-con e-parent\" data-id=\"0d1494a\" data-element_type=\"container\">\n\t\t\t\t\t<div class=\"e-con-inner\">\n\t\t\t\t<div class=\"elementor-element elementor-element-f55fea5 elementor-widget elementor-widget-spacer\" data-id=\"f55fea5\" data-element_type=\"widget\" data-widget_type=\"spacer.default\">\n\t\t\t\t\t\t\t<div class=\"elementor-spacer\">\n\t\t\t<div class=\"elementor-spacer-inner\"><\/div>\n\t\t<\/div>\n\t\t\t\t\t\t<\/div>\n\t\t\t\t\t<\/div>\n\t\t\t\t<\/div>\n\t\t<div class=\"elementor-element elementor-element-c80acfa e-flex e-con-boxed e-con e-parent\" data-id=\"c80acfa\" data-element_type=\"container\">\n\t\t\t\t\t<div class=\"e-con-inner\">\n\t\t\t\t<div class=\"elementor-element elementor-element-6b324ea elementor-widget elementor-widget-text-editor\" data-id=\"6b324ea\" data-element_type=\"widget\" data-widget_type=\"text-editor.default\">\n\t\t\t\t\t\t\t\t\t<div data-page-id=\"EZ8xfnPl6dCPhLcy5Ggc1gu8ngg\" data-lark-html-role=\"root\" data-docx-has-block-data=\"false\">\n<h3 class=\"ace-line ace-line old-record-id-EZ8xfnPl6dCPhLcy5Ggc1gu8ngg\">Spiegel f\u00fcr den Wohnbereich: Kombinieren Sie Funktion, Stil und Komfort in Ihrem Zuhause<\/h3>\n<div class=\"ace-line ace-line old-record-id-Q5p7f5pcUdim3ScYhyVc4ojnndh\">Spiegel f\u00fcr den Wohnbereich sind wesentliche Elemente des Wohndesigns, die einen praktischen Nutzen mit dekorativem Charme verbinden, um Wohnr\u00e4ume aufzuwerten. Im Gegensatz zu schweren kommerziellen Spiegeln werden sie so gefertigt, dass sie mit der pers\u00f6nlichen \u00c4sthetik, den Raumabmessungen und den t\u00e4glichen Haushaltsbed\u00fcrfnissen \u00fcbereinstimmen - Vielseitigkeit und W\u00e4rme werden der industriellen Haltbarkeit vorgezogen. Diese Spiegel gibt es in verschiedenen Formen, die jeweils auf unterschiedliche R\u00e4ume und Lebensstile zugeschnitten sind, was sie zu einer flexiblen L\u00f6sung sowohl f\u00fcr funktionale Aufgaben als auch f\u00fcr die Innenraumgestaltung macht.<\/div>\n<div class=\"ace-line ace-line old-record-id-K2bvfnPNCdkFDzctj6hcLGKjnAe\">Die wichtigsten Merkmale von Spiegeln f\u00fcr den Wohnbereich unterscheiden sie von denen f\u00fcr den gewerblichen Bereich. Sie bestehen in der Regel aus 3 bis 4 mm dickem Glas, das leichter ist als kommerzielles Glas, um eine einfache Installation an Wohnw\u00e4nden zu gew\u00e4hrleisten. Die Rahmen reichen von schlichtem Metall und nat\u00fcrlichem Holz bis hin zu kunstvollem Harz oder recycelten Materialien, die zu Dekorthemen wie Minimalismus, Boh\u00e8me oder Klassik passen. Viele bieten auch benutzerfreundliche Details: Anti-Beschlag-Beschichtungen f\u00fcr B\u00e4der, Standf\u00fc\u00dfe f\u00fcr Schlafzimmer oder faltbare Designs f\u00fcr kleine R\u00e4ume. Ihre reflektierenden Oberfl\u00e4chen sind f\u00fcr Klarheit optimiert und erleichtern t\u00e4gliche Routinen wie die K\u00f6rperpflege, ohne dass industrielle Sicherheitszertifizierungen erforderlich sind.<\/div>\n<div class=\"ace-line ace-line old-record-id-CHZFfkD3BdygCFcM0Gsc4yV4nId\">Schlafzimmer sind ein Hauptanwendungsbereich f\u00fcr Wohnspiegel. Bodenspiegel in voller L\u00e4nge, oft mit schmalen Rahmen, erm\u00f6glichen eine m\u00fchelose \u00dcberpr\u00fcfung des Outfits, w\u00e4hrend wandmontierte Kosmetikspiegel mit LED-Lampen ein konzentriertes Licht f\u00fcr Make-up oder Rasur bieten. In Wohnzimmern dienen Spiegel mit dekorativen Rahmen als Blickfang - sie werden \u00fcber Sofas oder Kamine geh\u00e4ngt, um Kunst und nat\u00fcrliches Licht zu reflektieren und die Illusion von mehr Raum zu schaffen. Runde oder ovale Spiegel mildern scharfe Linien in modernen Wohnbereichen ab, w\u00e4hrend rechteckige Spiegel traditionellen Dekoren Struktur verleihen.<\/div>\n<div class=\"ace-line ace-line old-record-id-EBDbfr30adKgPgcbADbc8otvn4c\">Badezimmer verlangen nach speziellen Spiegeln f\u00fcr den Wohnbereich: feuchtigkeitsbest\u00e4ndige Modelle mit versiegelter R\u00fcckseite verhindern ein Verziehen durch Dampf. Eingelassene Spiegel sparen Platz, w\u00e4hrend Spiegel f\u00fcr den Medizinschrank die Reflexion mit der Aufbewahrung von Toilettenartikeln kombinieren. Der Eingangsbereich profitiert von kleinen bis mittelgro\u00dfen Spiegeln - Tischspiegel erm\u00f6glichen es, vor dem Verlassen des Hauses aufzur\u00e4umen, und Flurspiegel erhellen schummrige R\u00e4ume, indem sie das Licht von nahe gelegenen Fenstern reflektieren. Sogar in der K\u00fcche werden kompakte Wohnspiegel verwendet, die in der N\u00e4he von Fenstern angebracht werden, um den Blick nach drau\u00dfen zu reflektieren, oder \u00fcber dem Waschbecken f\u00fcr eine schnelle Kontrolle der K\u00f6rperpflege.<\/div>\n<div class=\"ace-line ace-line old-record-id-OiZUfW9tbdUXBQclTm6cB0cjnLd\">Vom funktionalen Badezimmerspiegel bis zum dekorativen Wohnzimmerm\u00f6bel passen sich die Wohnspiegel den individuellen Bed\u00fcrfnissen Ihres Zuhauses an. Die Wahl der richtigen Gr\u00f6\u00dfe, des richtigen Rahmens und der richtigen Ausstattung sorgt daf\u00fcr, dass sie sowohl Ihren Alltag als auch Ihre Inneneinrichtung aufwerten und gew\u00f6hnliche R\u00e4ume in warme, funktionale Oasen verwandeln.<\/div>\n<\/div>\t\t\t\t\t\t\t\t<\/div>\n\t\t\t\t\t<\/div>\n\t\t\t\t<\/div>\n\t\t<div class=\"elementor-element elementor-element-c00ad73 e-flex e-con-boxed e-con e-parent\" data-id=\"c00ad73\" data-element_type=\"container\">\n\t\t\t\t\t<div class=\"e-con-inner\">\n\t\t\t\t<div class=\"elementor-element elementor-element-f4af11d elementor-widget elementor-widget-spacer\" data-id=\"f4af11d\" data-element_type=\"widget\" data-widget_type=\"spacer.default\">\n\t\t\t\t\t\t\t<div class=\"elementor-spacer\">\n\t\t\t<div class=\"elementor-spacer-inner\"><\/div>\n\t\t<\/div>\n\t\t\t\t\t\t<\/div>\n\t\t\t\t\t<\/div>\n\t\t\t\t<\/div>\n\t\t<div class=\"elementor-element elementor-element-4260c05 e-flex e-con-boxed e-con e-parent\" data-id=\"4260c05\" data-element_type=\"container\">\n\t\t\t\t\t<div class=\"e-con-inner\">\n\t\t\t\t<div class=\"elementor-element elementor-element-0042b35 elementor-widget elementor-widget-text-editor\" data-id=\"0042b35\" data-element_type=\"widget\" data-widget_type=\"text-editor.default\">\n\t\t\t\t\t\t\t\t\t<h3 style=\"text-align: center;\">Bereiche, die Spiegel ben\u00f6tigen<\/h3>\t\t\t\t\t\t\t\t<\/div>\n\t\t\t\t\t<\/div>\n\t\t\t\t<\/div>\n\t\t<div class=\"elementor-element elementor-element-9a18f51 e-flex e-con-boxed e-con e-parent\" data-id=\"9a18f51\" data-element_type=\"container\">\n\t\t\t\t\t<div class=\"e-con-inner\">\n\t\t<div class=\"elementor-element elementor-element-0dad843 e-con-full e-flex e-con e-child\" data-id=\"0dad843\" data-element_type=\"container\">\n\t\t\t\t<div class=\"elementor-element elementor-element-2f8562d elementor-widget elementor-widget-image\" data-id=\"2f8562d\" data-element_type=\"widget\" data-widget_type=\"image.default\">\n\t\t\t\t\t\t\t\t\t\t\t\t\t\t\t<img decoding=\"async\" width=\"800\" height=\"800\" src=\"https:\/\/ledmirrormanufacturer.com\/wp-content\/uploads\/2025\/11\/bathroom-mirror.jpeg\" class=\"attachment-large size-large wp-image-21228\" alt=\"bathroom mirror manufacturer\" srcset=\"https:\/\/ledmirrormanufacturer.com\/wp-content\/uploads\/2025\/11\/bathroom-mirror.jpeg 800w, https:\/\/ledmirrormanufacturer.com\/wp-content\/uploads\/2025\/11\/bathroom-mirror-300x300.jpeg 300w, https:\/\/ledmirrormanufacturer.com\/wp-content\/uploads\/2025\/11\/bathroom-mirror-150x150.jpeg 150w, https:\/\/ledmirrormanufacturer.com\/wp-content\/uploads\/2025\/11\/bathroom-mirror-768x768.jpeg 768w, https:\/\/ledmirrormanufacturer.com\/wp-content\/uploads\/2025\/11\/bathroom-mirror-12x12.jpeg 12w, https:\/\/ledmirrormanufacturer.com\/wp-content\/uploads\/2025\/11\/bathroom-mirror-460x460.jpeg 460w\" sizes=\"(max-width: 800px) 100vw, 800px\" \/>\t\t\t\t\t\t\t\t\t\t\t\t\t\t\t<\/div>\n\t\t\t\t<div class=\"elementor-element elementor-element-fd03116 elementor-widget elementor-widget-text-editor\" data-id=\"fd03116\" data-element_type=\"widget\" data-widget_type=\"text-editor.default\">\n\t\t\t\t\t\t\t\t\t<h4 style=\"text-align: center;\"><a href=\"https:\/\/ledmirrormanufacturer.com\/de\/bathroom-mirror-manufacturer\/\">LED-Spiegel f\u00fcr das Badezimmer<\/a><\/h4>\t\t\t\t\t\t\t\t<\/div>\n\t\t\t\t<\/div>\n\t\t<div class=\"elementor-element elementor-element-85bc842 e-con-full e-flex e-con e-child\" data-id=\"85bc842\" data-element_type=\"container\">\n\t\t\t\t<div class=\"elementor-element elementor-element-5e8cd3b elementor-widget elementor-widget-image\" data-id=\"5e8cd3b\" data-element_type=\"widget\" data-widget_type=\"image.default\">\n\t\t\t\t\t\t\t\t\t\t\t\t\t\t\t<img decoding=\"async\" width=\"800\" height=\"800\" src=\"https:\/\/ledmirrormanufacturer.com\/wp-content\/uploads\/2025\/11\/dressing-mirror.jpeg\" class=\"attachment-large size-large wp-image-21229\" alt=\"\" srcset=\"https:\/\/ledmirrormanufacturer.com\/wp-content\/uploads\/2025\/11\/dressing-mirror.jpeg 800w, https:\/\/ledmirrormanufacturer.com\/wp-content\/uploads\/2025\/11\/dressing-mirror-300x300.jpeg 300w, https:\/\/ledmirrormanufacturer.com\/wp-content\/uploads\/2025\/11\/dressing-mirror-150x150.jpeg 150w, https:\/\/ledmirrormanufacturer.com\/wp-content\/uploads\/2025\/11\/dressing-mirror-768x768.jpeg 768w, https:\/\/ledmirrormanufacturer.com\/wp-content\/uploads\/2025\/11\/dressing-mirror-12x12.jpeg 12w, https:\/\/ledmirrormanufacturer.com\/wp-content\/uploads\/2025\/11\/dressing-mirror-460x460.jpeg 460w\" sizes=\"(max-width: 800px) 100vw, 800px\" \/>\t\t\t\t\t\t\t\t\t\t\t\t\t\t\t<\/div>\n\t\t\t\t<div class=\"elementor-element elementor-element-96690a6 elementor-widget elementor-widget-text-editor\" data-id=\"96690a6\" data-element_type=\"widget\" data-widget_type=\"text-editor.default\">\n\t\t\t\t\t\t\t\t\t<h4 style=\"text-align: center;\"><a href=\"https:\/\/ledmirrormanufacturer.com\/de\/produkt-kategorie\/full-length-mirror\/\">Spiegel in voller L\u00e4nge<\/a><\/h4>\t\t\t\t\t\t\t\t<\/div>\n\t\t\t\t<\/div>\n\t\t<div class=\"elementor-element elementor-element-e68750d e-con-full e-flex e-con e-child\" data-id=\"e68750d\" data-element_type=\"container\">\n\t\t\t\t<div class=\"elementor-element elementor-element-06aa3cc elementor-widget elementor-widget-image\" data-id=\"06aa3cc\" data-element_type=\"widget\" data-widget_type=\"image.default\">\n\t\t\t\t\t\t\t\t\t\t\t\t\t\t\t<img loading=\"lazy\" decoding=\"async\" width=\"750\" height=\"750\" src=\"https:\/\/ledmirrormanufacturer.com\/wp-content\/uploads\/2025\/11\/makeup-mirrors.jpg\" class=\"attachment-large size-large wp-image-21230\" alt=\"makeup-mirrors\" srcset=\"https:\/\/ledmirrormanufacturer.com\/wp-content\/uploads\/2025\/11\/makeup-mirrors.jpg 750w, https:\/\/ledmirrormanufacturer.com\/wp-content\/uploads\/2025\/11\/makeup-mirrors-300x300.jpg 300w, https:\/\/ledmirrormanufacturer.com\/wp-content\/uploads\/2025\/11\/makeup-mirrors-150x150.jpg 150w, https:\/\/ledmirrormanufacturer.com\/wp-content\/uploads\/2025\/11\/makeup-mirrors-12x12.jpg 12w, https:\/\/ledmirrormanufacturer.com\/wp-content\/uploads\/2025\/11\/makeup-mirrors-460x460.jpg 460w, https:\/\/ledmirrormanufacturer.com\/wp-content\/uploads\/2025\/11\/elementor\/thumbs\/makeup-mirrors-ren45thv1zsdyl5a9sjrtqxsf25q2htib1b5ji9kds.jpg 600w\" sizes=\"(max-width: 750px) 100vw, 750px\" \/>\t\t\t\t\t\t\t\t\t\t\t\t\t\t\t<\/div>\n\t\t\t\t<div class=\"elementor-element elementor-element-9634f56 elementor-widget elementor-widget-text-editor\" data-id=\"9634f56\" data-element_type=\"widget\" data-widget_type=\"text-editor.default\">\n\t\t\t\t\t\t\t\t\t<h4 style=\"text-align: center;\"><a href=\"https:\/\/ledmirrormanufacturer.com\/de\/produkt-kategorie\/makeup-mirror\/\">Make-up-Spiegel<\/a><\/h4>\t\t\t\t\t\t\t\t<\/div>\n\t\t\t\t<\/div>\n\t\t\t\t\t<\/div>\n\t\t\t\t<\/div>\n\t\t\t\t<\/div>","protected":false},"excerpt":{"rendered":"<p>Spiegel f\u00fcr Wohnr\u00e4ume Spiegel f\u00fcr Wohnr\u00e4ume: Kombinieren Sie Funktion, Stil und Komfort in Ihrem Zuhause Wohnspiegel sind wesentliche Elemente in der Wohnungsgestaltung, die einen praktischen Nutzen mit dekorativem Charme verbinden, um Wohnr\u00e4ume aufzuwerten. Im Gegensatz zu schweren, kommerziellen Spiegeln werden sie so hergestellt, dass sie mit der pers\u00f6nlichen \u00c4sthetik, den Raumabmessungen und den t\u00e4glichen Haushaltsbed\u00fcrfnissen \u00fcbereinstimmen - Vielseitigkeit und W\u00e4rme werden der industriellen Haltbarkeit vorgezogen. Diese [...]<\/p>","protected":false},"author":2,"featured_media":21227,"parent":2690,"menu_order":0,"comment_status":"closed","ping_status":"closed","template":"","meta":{"inline_featured_image":false,"footnotes":""},"class_list":["post-21085","page","type-page","status-publish","has-post-thumbnail","hentry"],"yoast_head":"<!-- This site is optimized with the Yoast SEO Premium plugin v25.8 (Yoast SEO v25.8) - https:\/\/yoast.com\/wordpress\/plugins\/seo\/ -->\n<title>Residential Mirror Manufacturer &amp; Wholesale Supplier in China<\/title>\n<meta name=\"description\" content=\"DIMO is a experienced residential mirror factory in China,specialized in high-quality LED bathroom mirrors,makeup mirrors and full length mirrors with custom support and Competitive pricing.\" \/>\n<meta name=\"robots\" content=\"index, follow, max-snippet:-1, max-image-preview:large, max-video-preview:-1\" \/>\n<link rel=\"canonical\" href=\"https:\/\/ledmirrormanufacturer.com\/de\/applications\/residential\/\" \/>\n<meta property=\"og:locale\" content=\"de_DE\" \/>\n<meta property=\"og:type\" content=\"article\" \/>\n<meta property=\"og:title\" content=\"Residential\" \/>\n<meta property=\"og:description\" content=\"DIMO is a experienced residential mirror factory in China,specialized in high-quality LED bathroom mirrors,makeup mirrors and full length mirrors with custom support and Competitive pricing.\" \/>\n<meta property=\"og:url\" content=\"https:\/\/ledmirrormanufacturer.com\/de\/applications\/residential\/\" \/>\n<meta property=\"og:site_name\" content=\"Bathroom LED Mirror Manufacturer Wholesale Supplier\" \/>\n<meta property=\"article:publisher\" content=\"https:\/\/www.facebook.com\/smartbathmirror\" \/>\n<meta property=\"article:modified_time\" content=\"2026-04-08T15:30:36+00:00\" \/>\n<meta property=\"og:image\" content=\"https:\/\/ledmirrormanufacturer.com\/wp-content\/uploads\/2025\/11\/bathroom-mirror.jpg\" \/>\n\t<meta property=\"og:image:width\" content=\"800\" \/>\n\t<meta property=\"og:image:height\" content=\"674\" \/>\n\t<meta property=\"og:image:type\" content=\"image\/jpeg\" \/>\n<meta name=\"twitter:card\" content=\"summary_large_image\" \/>\n<meta name=\"twitter:site\" content=\"@jwysly\" \/>\n<meta name=\"twitter:label1\" content=\"Gesch\u00e4tzte Lesezeit\" \/>\n\t<meta name=\"twitter:data1\" content=\"4\u00a0Minuten\" \/>\n<script type=\"application\/ld+json\" class=\"yoast-schema-graph\">{\"@context\":\"https:\/\/schema.org\",\"@graph\":[{\"@type\":\"WebPage\",\"@id\":\"https:\/\/ledmirrormanufacturer.com\/applications\/residential\/\",\"url\":\"https:\/\/ledmirrormanufacturer.com\/applications\/residential\/\",\"name\":\"Residential Mirror Manufacturer & Wholesale Supplier in China\",\"isPartOf\":{\"@id\":\"https:\/\/ledmirrormanufacturer.com\/#website\"},\"primaryImageOfPage\":{\"@id\":\"https:\/\/ledmirrormanufacturer.com\/applications\/residential\/#primaryimage\"},\"image\":{\"@id\":\"https:\/\/ledmirrormanufacturer.com\/applications\/residential\/#primaryimage\"},\"thumbnailUrl\":\"https:\/\/ledmirrormanufacturer.com\/wp-content\/uploads\/2025\/11\/bathroom-mirror.jpg\",\"datePublished\":\"2025-11-05T09:06:51+00:00\",\"dateModified\":\"2026-04-08T15:30:36+00:00\",\"description\":\"DIMO is a experienced residential mirror factory in China,specialized in high-quality LED bathroom mirrors,makeup mirrors and full length mirrors with custom support and Competitive pricing.\",\"breadcrumb\":{\"@id\":\"https:\/\/ledmirrormanufacturer.com\/applications\/residential\/#breadcrumb\"},\"inLanguage\":\"de\",\"potentialAction\":[{\"@type\":\"ReadAction\",\"target\":[\"https:\/\/ledmirrormanufacturer.com\/applications\/residential\/\"]}]},{\"@type\":\"ImageObject\",\"inLanguage\":\"de\",\"@id\":\"https:\/\/ledmirrormanufacturer.com\/applications\/residential\/#primaryimage\",\"url\":\"https:\/\/ledmirrormanufacturer.com\/wp-content\/uploads\/2025\/11\/bathroom-mirror.jpg\",\"contentUrl\":\"https:\/\/ledmirrormanufacturer.com\/wp-content\/uploads\/2025\/11\/bathroom-mirror.jpg\",\"width\":800,\"height\":674,\"caption\":\"bathroom-mirror-supplier-wholesale\"},{\"@type\":\"BreadcrumbList\",\"@id\":\"https:\/\/ledmirrormanufacturer.com\/applications\/residential\/#breadcrumb\",\"itemListElement\":[{\"@type\":\"ListItem\",\"position\":1,\"name\":\"\u9996\u9875\",\"item\":\"https:\/\/ledmirrormanufacturer.com\/\"},{\"@type\":\"ListItem\",\"position\":2,\"name\":\"Applications\",\"item\":\"https:\/\/ledmirrormanufacturer.com\/applications\/\"},{\"@type\":\"ListItem\",\"position\":3,\"name\":\"Residential\"}]},{\"@type\":\"WebSite\",\"@id\":\"https:\/\/ledmirrormanufacturer.com\/#website\",\"url\":\"https:\/\/ledmirrormanufacturer.com\/\",\"name\":\"LED Mirror Manufacturer Hotel Bathroom Mirror Wholesale Supplier\",\"description\":\"China LED Mirror Manufacturer,Backlit Hotel Bathroom Mirrors Suppliers,Lighted Vanity Mirror Factory,Makeup Mirror Cabinet Company\",\"publisher\":{\"@id\":\"https:\/\/ledmirrormanufacturer.com\/#organization\"},\"potentialAction\":[{\"@type\":\"SearchAction\",\"target\":{\"@type\":\"EntryPoint\",\"urlTemplate\":\"https:\/\/ledmirrormanufacturer.com\/?s={search_term_string}\"},\"query-input\":{\"@type\":\"PropertyValueSpecification\",\"valueRequired\":true,\"valueName\":\"search_term_string\"}}],\"inLanguage\":\"de\"},{\"@type\":\"Organization\",\"@id\":\"https:\/\/ledmirrormanufacturer.com\/#organization\",\"name\":\"LED Mirror Manufacturer\",\"url\":\"https:\/\/ledmirrormanufacturer.com\/\",\"logo\":{\"@type\":\"ImageObject\",\"inLanguage\":\"de\",\"@id\":\"https:\/\/ledmirrormanufacturer.com\/#\/schema\/logo\/image\/\",\"url\":\"https:\/\/ledmirrormanufacturer.com\/wp-content\/uploads\/2025\/09\/logo222-2.png\",\"contentUrl\":\"https:\/\/ledmirrormanufacturer.com\/wp-content\/uploads\/2025\/09\/logo222-2.png\",\"width\":168,\"height\":60,\"caption\":\"LED Mirror Manufacturer\"},\"image\":{\"@id\":\"https:\/\/ledmirrormanufacturer.com\/#\/schema\/logo\/image\/\"},\"sameAs\":[\"https:\/\/www.facebook.com\/smartbathmirror\",\"https:\/\/x.com\/jwysly\",\"https:\/\/www.linkedin.com\/in\/led-mirror-frank-chan-a836a813a\"]}]}<\/script>\n<!-- \/ Yoast SEO Premium plugin. -->","yoast_head_json":{"title":"Residential Mirror Manufacturer & Wholesale Supplier in China","description":"DIMO is a experienced residential mirror factory in China,specialized in high-quality LED bathroom mirrors,makeup mirrors and full length mirrors with custom support and Competitive pricing.","robots":{"index":"index","follow":"follow","max-snippet":"max-snippet:-1","max-image-preview":"max-image-preview:large","max-video-preview":"max-video-preview:-1"},"canonical":"https:\/\/ledmirrormanufacturer.com\/de\/applications\/residential\/","og_locale":"de_DE","og_type":"article","og_title":"Residential","og_description":"DIMO is a experienced residential mirror factory in China,specialized in high-quality LED bathroom mirrors,makeup mirrors and full length mirrors with custom support and Competitive pricing.","og_url":"https:\/\/ledmirrormanufacturer.com\/de\/applications\/residential\/","og_site_name":"Bathroom LED Mirror Manufacturer Wholesale Supplier","article_publisher":"https:\/\/www.facebook.com\/smartbathmirror","article_modified_time":"2026-04-08T15:30:36+00:00","og_image":[{"width":800,"height":674,"url":"https:\/\/ledmirrormanufacturer.com\/wp-content\/uploads\/2025\/11\/bathroom-mirror.jpg","type":"image\/jpeg"}],"twitter_card":"summary_large_image","twitter_site":"@jwysly","twitter_misc":{"Gesch\u00e4tzte Lesezeit":"4\u00a0Minuten"},"schema":{"@context":"https:\/\/schema.org","@graph":[{"@type":"WebPage","@id":"https:\/\/ledmirrormanufacturer.com\/applications\/residential\/","url":"https:\/\/ledmirrormanufacturer.com\/applications\/residential\/","name":"Residential Mirror Manufacturer & Wholesale Supplier in China","isPartOf":{"@id":"https:\/\/ledmirrormanufacturer.com\/#website"},"primaryImageOfPage":{"@id":"https:\/\/ledmirrormanufacturer.com\/applications\/residential\/#primaryimage"},"image":{"@id":"https:\/\/ledmirrormanufacturer.com\/applications\/residential\/#primaryimage"},"thumbnailUrl":"https:\/\/ledmirrormanufacturer.com\/wp-content\/uploads\/2025\/11\/bathroom-mirror.jpg","datePublished":"2025-11-05T09:06:51+00:00","dateModified":"2026-04-08T15:30:36+00:00","description":"DIMO is a experienced residential mirror factory in China,specialized in high-quality LED bathroom mirrors,makeup mirrors and full length mirrors with custom support and Competitive pricing.","breadcrumb":{"@id":"https:\/\/ledmirrormanufacturer.com\/applications\/residential\/#breadcrumb"},"inLanguage":"de","potentialAction":[{"@type":"ReadAction","target":["https:\/\/ledmirrormanufacturer.com\/applications\/residential\/"]}]},{"@type":"ImageObject","inLanguage":"de","@id":"https:\/\/ledmirrormanufacturer.com\/applications\/residential\/#primaryimage","url":"https:\/\/ledmirrormanufacturer.com\/wp-content\/uploads\/2025\/11\/bathroom-mirror.jpg","contentUrl":"https:\/\/ledmirrormanufacturer.com\/wp-content\/uploads\/2025\/11\/bathroom-mirror.jpg","width":800,"height":674,"caption":"bathroom-mirror-supplier-wholesale"},{"@type":"BreadcrumbList","@id":"https:\/\/ledmirrormanufacturer.com\/applications\/residential\/#breadcrumb","itemListElement":[{"@type":"ListItem","position":1,"name":"\u9996\u9875","item":"https:\/\/ledmirrormanufacturer.com\/"},{"@type":"ListItem","position":2,"name":"Applications","item":"https:\/\/ledmirrormanufacturer.com\/applications\/"},{"@type":"ListItem","position":3,"name":"Residential"}]},{"@type":"WebSite","@id":"https:\/\/ledmirrormanufacturer.com\/#website","url":"https:\/\/ledmirrormanufacturer.com\/","name":"LED Mirror Manufacturer Hotel Bathroom Mirror Wholesale Supplier","description":"China LED Mirror Manufacturer,Backlit Hotel Bathroom Mirrors Suppliers,Lighted Vanity Mirror Factory,Makeup Mirror Cabinet Company","publisher":{"@id":"https:\/\/ledmirrormanufacturer.com\/#organization"},"potentialAction":[{"@type":"SearchAction","target":{"@type":"EntryPoint","urlTemplate":"https:\/\/ledmirrormanufacturer.com\/?s={search_term_string}"},"query-input":{"@type":"PropertyValueSpecification","valueRequired":true,"valueName":"search_term_string"}}],"inLanguage":"de"},{"@type":"Organization","@id":"https:\/\/ledmirrormanufacturer.com\/#organization","name":"LED Mirror Manufacturer","url":"https:\/\/ledmirrormanufacturer.com\/","logo":{"@type":"ImageObject","inLanguage":"de","@id":"https:\/\/ledmirrormanufacturer.com\/#\/schema\/logo\/image\/","url":"https:\/\/ledmirrormanufacturer.com\/wp-content\/uploads\/2025\/09\/logo222-2.png","contentUrl":"https:\/\/ledmirrormanufacturer.com\/wp-content\/uploads\/2025\/09\/logo222-2.png","width":168,"height":60,"caption":"LED Mirror Manufacturer"},"image":{"@id":"https:\/\/ledmirrormanufacturer.com\/#\/schema\/logo\/image\/"},"sameAs":["https:\/\/www.facebook.com\/smartbathmirror","https:\/\/x.com\/jwysly","https:\/\/www.linkedin.com\/in\/led-mirror-frank-chan-a836a813a"]}]}},"_links":{"self":[{"href":"https:\/\/ledmirrormanufacturer.com\/de\/wp-json\/wp\/v2\/pages\/21085","targetHints":{"allow":["GET"]}}],"collection":[{"href":"https:\/\/ledmirrormanufacturer.com\/de\/wp-json\/wp\/v2\/pages"}],"about":[{"href":"https:\/\/ledmirrormanufacturer.com\/de\/wp-json\/wp\/v2\/types\/page"}],"author":[{"embeddable":true,"href":"https:\/\/ledmirrormanufacturer.com\/de\/wp-json\/wp\/v2\/users\/2"}],"replies":[{"embeddable":true,"href":"https:\/\/ledmirrormanufacturer.com\/de\/wp-json\/wp\/v2\/comments?post=21085"}],"version-history":[{"count":4,"href":"https:\/\/ledmirrormanufacturer.com\/de\/wp-json\/wp\/v2\/pages\/21085\/revisions"}],"predecessor-version":[{"id":21233,"href":"https:\/\/ledmirrormanufacturer.com\/de\/wp-json\/wp\/v2\/pages\/21085\/revisions\/21233"}],"up":[{"embeddable":true,"href":"https:\/\/ledmirrormanufacturer.com\/de\/wp-json\/wp\/v2\/pages\/2690"}],"wp:featuredmedia":[{"embeddable":true,"href":"https:\/\/ledmirrormanufacturer.com\/de\/wp-json\/wp\/v2\/media\/21227"}],"wp:attachment":[{"href":"https:\/\/ledmirrormanufacturer.com\/de\/wp-json\/wp\/v2\/media?parent=21085"}],"curies":[{"name":"wp","href":"https:\/\/api.w.org\/{rel}","templated":true}]}}