{"id":21332,"date":"2025-12-04T15:36:47","date_gmt":"2025-12-04T15:36:47","guid":{"rendered":"https:\/\/ledmirrormanufacturer.com\/?post_type=product&#038;p=21332"},"modified":"2026-04-15T07:44:10","modified_gmt":"2026-04-15T07:44:10","slug":"side-lighted-led-mirror-dbs-29","status":"publish","type":"product","link":"https:\/\/ledmirrormanufacturer.com\/de\/produkt\/side-lighted-led-mirror-dbs-29\/","title":{"rendered":"Seitlich beleuchteter LED-Spiegel DBS-29"},"content":{"rendered":"<h2 style=\"text-align: left;\">Side Lighted LED Mirror <span style=\"color: #000000;\">Modell:DBS-29<\/span><\/h2>\n<p style=\"text-align: left;\"><span style=\"color: #000000;\">Diese Seite beleuchtet LED-Spiegel ist ein framelss Spiegel, die meisten hei\u00dfes Verkaufen Modell, mit LED-Hintergrundbeleuchtung, um die Wand zu waschen, und die Wand reflektierende Licht wie das Licht, und f\u00fcgen Sie die Atmosph\u00e4re des Badezimmers. Die meisten Formen sind rechteckig, rund, und kann auch unregelm\u00e4\u00dfige Formen sein.<\/span><\/p>\n<h2 style=\"text-align: left;\"><span style=\"color: #000000;\">Short description of the Side Lighted LED Mirror:<\/span><\/h2>\n<table class=\"alignleft\" style=\"height: 469px;\" border=\"1\" width=\"1148\" cellpadding=\"10px\">\n<tbody>\n<tr>\n<td><span style=\"color: #000000;\"><strong>Spannung<\/strong><\/span><\/td>\n<td><span style=\"color: #000000;\">Eingang AC100-240V, Ausgang DC 12\/24V<\/span><\/td>\n<td><span style=\"color: #000000;\"><strong>Beleuchtung<\/strong><\/span><\/td>\n<td><span style=\"color: #000000;\">60\/120LEDs\/Meter, Einzel-\/Doppelstreifen<\/span><\/td>\n<\/tr>\n<tr>\n<td><span style=\"color: #000000;\"><strong>CRI<\/strong><\/span><\/td>\n<td><span style=\"color: #000000;\">80+\/90+<\/span><\/td>\n<td><span style=\"color: #000000;\"><strong>CCT<\/strong><\/span><\/td>\n<td><span style=\"color: #000000;\">2700K\/3000K\/4000K\/5000K\/6000K oder andere<\/span><\/td>\n<\/tr>\n<tr>\n<td><span style=\"color: #000000;\"><strong>Gr\u00f6\u00dfe in CM<\/strong><\/span><\/td>\n<td><span style=\"color: #000000;\">45x60cm, 50x70cm, 60x80cm, 60x90cm, 75x90cm,<\/span><\/p>\n<p><span style=\"color: #000000;\">100x80cm, 120x75cm, 120x90cm, 150x90cm oder individuelle Gr\u00f6\u00dfe<\/span><\/td>\n<td><span style=\"color: #000000;\"><strong>Gr\u00f6\u00dfe in INCH<\/strong><\/span><\/td>\n<td><span style=\"color: #000000;\">24\u2033x32\u2033,24\u2033x36\u2033,30\u2033x36\u2033,36\u2033x36\u2033,40\u2033x32\u2033,<\/span><\/p>\n<p><span style=\"color: #000000;\">48\u2033x30\u2033, 48\u2033x36\u2033, 60\u2033x36\u2033 oder kundenspezifische Gr\u00f6\u00dfe<\/span><\/td>\n<\/tr>\n<tr>\n<td><span style=\"color: #000000;\"><strong>Spiegel<\/strong><\/span><\/td>\n<td><span style=\"color: #000000;\">4mm\/5mm kupferfreier Silberspiegel<\/span><\/td>\n<td><span style=\"color: #000000;\"><strong>Einrichtung<\/strong><\/span><\/td>\n<td><span style=\"color: #000000;\">Wandmontage, fest verdrahtet oder Stecker<\/span><\/td>\n<\/tr>\n<tr>\n<td><span style=\"color: #000000;\"><strong>Struktur<\/strong><\/span><\/td>\n<td><span style=\"color: #000000;\">Aluminium\/Edelstahl\/Kunststoff\/Holz<\/span><\/td>\n<td><span style=\"color: #000000;\"><strong>Wasserdichte Bewertung<\/strong><\/span><\/td>\n<td><span style=\"color: #000000;\">IP44+<\/span><\/td>\n<\/tr>\n<tr>\n<td><span style=\"color: #000000;\"><strong>Optionale Funktion<\/strong><\/span><\/td>\n<td><span style=\"color: #000000;\">Bewegungssensor-Schalter\/Ber\u00fchrungssensor, Defogger,<\/span><\/p>\n<p><span style=\"color: #000000;\">Dimmen, Lupe, Bluetooth-Lautsprecher, CCT-Einstellung, LED-Digitaluhr<\/span><\/td>\n<td><span style=\"color: #000000;\"><strong>LED-Lebensdauer<\/strong><\/span><\/td>\n<td><span style=\"color: #000000;\">50000 Stunden<\/span><\/td>\n<\/tr>\n<\/tbody>\n<\/table>\n<p>&nbsp;<\/p>\n<p>&nbsp;<\/p>\n<p>&nbsp;<\/p>\n<p>&nbsp;<\/p>\n<p>&nbsp;<\/p>\n<p>&nbsp;<\/p>\n<p>&nbsp;<\/p>\n<p><span style=\"color: #000000;\"><br \/>\n<img fetchpriority=\"high\" decoding=\"async\" class=\"wp-image-20214\" src=\"https:\/\/ledmirrormanufacturer.com\/wp-content\/uploads\/2025\/09\/copper-free-silver-mirror-layers.jpg\" alt=\"glass-layers of led mirror manufacturer wholesale supplier\" width=\"605\" height=\"419\" srcset=\"https:\/\/ledmirrormanufacturer.com\/wp-content\/uploads\/2025\/09\/copper-free-silver-mirror-layers.jpg 800w, https:\/\/ledmirrormanufacturer.com\/wp-content\/uploads\/2025\/09\/copper-free-silver-mirror-layers-300x208.jpg 300w, https:\/\/ledmirrormanufacturer.com\/wp-content\/uploads\/2025\/09\/copper-free-silver-mirror-layers-768x532.jpg 768w, https:\/\/ledmirrormanufacturer.com\/wp-content\/uploads\/2025\/09\/copper-free-silver-mirror-layers-18x12.jpg 18w\" sizes=\"(max-width: 605px) 100vw, 605px\" \/><\/span><span style=\"color: #000000;\"><img decoding=\"async\" class=\"wp-image-20215\" src=\"https:\/\/ledmirrormanufacturer.com\/wp-content\/uploads\/2025\/09\/cct-color-of-led-bathroom-mirror.jpg\" alt=\"Cct-of-led-mirror-manufacturer-wholesale-supplier\" width=\"652\" height=\"425\" srcset=\"https:\/\/ledmirrormanufacturer.com\/wp-content\/uploads\/2025\/09\/cct-color-of-led-bathroom-mirror.jpg 1200w, https:\/\/ledmirrormanufacturer.com\/wp-content\/uploads\/2025\/09\/cct-color-of-led-bathroom-mirror-300x196.jpg 300w, https:\/\/ledmirrormanufacturer.com\/wp-content\/uploads\/2025\/09\/cct-color-of-led-bathroom-mirror-1024x667.jpg 1024w, https:\/\/ledmirrormanufacturer.com\/wp-content\/uploads\/2025\/09\/cct-color-of-led-bathroom-mirror-768x500.jpg 768w, https:\/\/ledmirrormanufacturer.com\/wp-content\/uploads\/2025\/09\/cct-color-of-led-bathroom-mirror-18x12.jpg 18w, https:\/\/ledmirrormanufacturer.com\/wp-content\/uploads\/2025\/09\/cct-color-of-led-bathroom-mirror-800x521.jpg 800w\" sizes=\"(max-width: 652px) 100vw, 652px\" \/><\/span><\/p>\n<h3><span style=\"color: #000000;\"><strong>\u00a0Einstellung der LED-Farbtemperatur\uff1a<\/strong><\/span><\/h3>\n<p><span style=\"color: #000000;\">Dieser seitlich beleuchtete LED-Spiegel verf\u00fcgt \u00fcber eine einstellbare Farbtemperatur, mit der Sie zwischen warmem (3000K), nat\u00fcrlichem (4000K) und kaltwei\u00dfem (6000K) Licht wechseln k\u00f6nnen, um es perfekt an Ihre Bed\u00fcrfnisse und Umgebung anzupassen.<\/span><\/p>\n<p><span style=\"color: #000000;\"><img decoding=\"async\" class=\"alignnone wp-image-20220\" src=\"https:\/\/ledmirrormanufacturer.com\/wp-content\/uploads\/2025\/09\/dimming-brightness-of-led-mirror.jpg\" alt=\"bright-of-led-mirror-manufacturer-wholesale-supplier\" width=\"668\" height=\"452\" \/><\/span><\/p>\n<h3><span style=\"color: #000000;\"><strong>Einstellung der LED-Helligkeit<\/strong>\u00a0:<\/span><\/h3>\n<p><span style=\"color: #000000;\">Die Helligkeit dieses seitlich beleuchteten LED-Spiegels l\u00e4sst sich mit dem Ber\u00fchrungsschalter einstellen, so dass Sie die Lichtintensit\u00e4t von sanftem Umgebungslicht bis hin zu hellem Arbeitslicht anpassen k\u00f6nnen.  \u2605 Helligkeit: 10% -100%.<\/span><\/p>\n<h3><span style=\"color: #000000;\">Optionale Merkmale von LED Mirror Vendor:<\/span><\/h3>\n<p><span style=\"color: #000000;\"><img loading=\"lazy\" decoding=\"async\" class=\"wp-image-20217 alignleft\" src=\"https:\/\/ledmirrormanufacturer.com\/wp-content\/uploads\/2025\/09\/features-functions-of-led-mirror.jpg\" alt=\"features functions of led mirror manufacturer wholesale supplier\" width=\"578\" height=\"503\" srcset=\"https:\/\/ledmirrormanufacturer.com\/wp-content\/uploads\/2025\/09\/features-functions-of-led-mirror.jpg 750w, https:\/\/ledmirrormanufacturer.com\/wp-content\/uploads\/2025\/09\/features-functions-of-led-mirror-300x261.jpg 300w, https:\/\/ledmirrormanufacturer.com\/wp-content\/uploads\/2025\/09\/features-functions-of-led-mirror-14x12.jpg 14w\" sizes=\"(max-width: 578px) 100vw, 578px\" \/><\/span><\/p>\n<ul>\n<li><span style=\"color: #000000;\"><strong>Optionale Funktionen:<\/strong><\/span><\/li>\n<\/ul>\n<p><span style=\"color: #000000;\">1. Bewegungs- oder Ber\u00fchrungssensor-Schalter;<\/span><\/p>\n<p><span style=\"color: #000000;\">2. Beheiztes Kissen f\u00fcr beschlagfreie ( Anti-Beschlag )<\/span><\/p>\n<p><span style=\"color: #000000;\">3. Lupe f\u00fcr Make-up<\/span><\/p>\n<p><span style=\"color: #000000;\">4. Rasiersteckdose<\/span><\/p>\n<p><span style=\"color: #000000;\">5. LED-Uhr und Temperaturanzeige<\/span><\/p>\n<p><span style=\"color: #000000;\">6. Bluetooth und Lautsprecher<\/span><\/p>\n<p><span style=\"color: #000000;\">7. TV-Spiegel<\/span><\/p>\n<p><span style=\"color: #000000;\">8. Helligkeit: Effiziente Helligkeit, Hohe Helligkeit, Super hohe Helligkeit<\/span><\/p>\n<p>&nbsp;<\/p>\n<p>&nbsp;<\/p>\n<h2><span style=\"color: #000000;\">Produktionsprozess des seitlich beleuchteten LED-Spiegels<\/span><span style=\"color: #000000;\">:<\/span><\/h2>\n<p><img loading=\"lazy\" decoding=\"async\" class=\"alignnone wp-image-20545\" src=\"https:\/\/ledmirrormanufacturer.com\/wp-content\/uploads\/2025\/09\/LED-MIRROR-MANUFACTURING-PROCESS-1.jpg\" alt=\"LED-MIRROR-MANUFACTURING-PROCESS\" width=\"676\" height=\"391\" \/><\/p>\n<p>&nbsp;<\/p>\n<h2><span style=\"color: #000000;\">Verpackung f\u00fcr seitlich beleuchteten LED-Spiegel<\/span><span style=\"color: #000000;\">:<\/span><\/h2>\n<ul>\n<li><span style=\"color: #000000;\"><strong>Wir werden f\u00fcr unsere Kunden sorgen:<\/strong><\/span><\/li>\n<\/ul>\n<p><span style=\"color: #000000;\">1. CE, ETL, IP44, RoHS, ERP-zertifiziert<\/span><\/p>\n<p><span style=\"color: #000000;\">2. Mehr als 15 Jahre Erfahrung, Kundenzufriedenheit 98%<\/span><\/p>\n<p><span style=\"color: #000000;\">3. 100% vor dem Laden gepr\u00fcft<\/span><\/p>\n<p><span style=\"color: #000000;\">4. Professionelle technische Zeichnung f\u00fcr das Projektangebot<\/span><\/p>\n<p><span style=\"color: #000000;\">5. 40-Container monatliche Produktionskapazit\u00e4t, p\u00fcnktliche Lieferung<\/span><\/p>\n<p><span style=\"color: #000000;\">6. 3 Jahre Garantie, lebenslange Wartungskosten<\/span><\/p>\n<p><span style=\"color: #000000;\">7. Versand von T\u00fcr zu T\u00fcr m\u00f6glich<\/span><\/p>\n<p><span style=\"color: #000000;\">8. Alibaba Trade Assurance Zahlung mit Kreditkarte oder e-checking<\/span><\/p>\n<p>&nbsp;<\/p>\n<p>F\u00fcr weitere Modelle :<span style=\"color: #ffcc00;\"> <a style=\"color: #ffcc00;\" href=\"https:\/\/ledmirrormanufacturer.com\/de\/produkt\/\">Klicken Sie hier f\u00fcr alle Modelle<\/a><\/span><\/p>\n<ul>\n<li><strong>Z\u00f6gern Sie nicht, uns unten eine Anfrage zu schicken!<\/strong><\/li>\n<\/ul>\n<p>Bitte machen Sie die folgenden Angaben:<\/p>\n<ol>\n<li>Gr\u00f6\u00dfen *<\/li>\n<li>Mengen *<\/li>\n<li>Zus\u00e4tzliche Merkmale<\/li>\n<li>Zweck: F\u00fcr Projekte oder Markenprodukte usw.<\/li>\n<\/ol>","protected":false},"excerpt":{"rendered":"<h5><strong>Material:<\/strong><\/h5>\n<h5>Spiegel: 4mm\/5mm kupferfreier Silberspiegel, korrosionsbest\u00e4ndig<\/h5>\n<h5>Struktur: Aluminiumrahmen\/Edelstahl\/Kunststoff<\/h5>\n<h5>Installation: Vertikale oder horizontale Wandmontage, Festverdrahtung oder Steckeranschluss<\/h5>\n<h5>Lichtquelle: CCT 2700-7000K,CRI&gt;80\/90,Lebensdauer:50.000+ Stunden<\/h5>\n<h5>Fahrer: Zertifikat: CE\/UL\/SAA\/RoHS\/IP67\/TUV\/GS usw.<\/h5>\n<h5>Schalter: ON-OFF-Taste, Ber\u00fchrungssensor, Bewegungssensor, Wandschalter<\/h5>\n<h5><strong>MOQ : 20 St\u00fcck\/Modell&amp;Gr\u00f6\u00dfe<\/strong><\/h5>","protected":false},"featured_media":21333,"comment_status":"open","ping_status":"closed","template":"","meta":{"inline_featured_image":false},"product_cat":[80,77],"product_tag":[87,86,85,95],"class_list":{"0":"post-21332","1":"product","2":"type-product","3":"status-publish","4":"has-post-thumbnail","6":"product_brand-oem","7":"product_cat-hotel-bathroom-mirror","8":"product_cat-led-bathroom-mirror","9":"product_tag-frontlit-mirror","10":"product_tag-hotel-mirror","11":"product_tag-manufacturer-wholesale-supplier","12":"product_tag-rectangle-mirror","14":"first","15":"instock","16":"shipping-taxable","17":"product-type-simple"},"yoast_head":"<!-- This site is optimized with the Yoast SEO Premium plugin v25.8 (Yoast SEO v25.8) - https:\/\/yoast.com\/wordpress\/plugins\/seo\/ -->\n<title>Side Lighted LED Mirror DBS-29 - Bathroom LED Mirror Manufacturer Wholesale Supplier<\/title>\n<meta name=\"description\" content=\"Side Lighted LED Mirror Manufacturer and wholesale supplier from China - DIMO is a leading factory for LED bathroom mirrors, led mirror cabinets, wall makeup mirrors.\" \/>\n<meta name=\"robots\" content=\"index, follow, max-snippet:-1, max-image-preview:large, max-video-preview:-1\" \/>\n<link rel=\"canonical\" href=\"https:\/\/ledmirrormanufacturer.com\/de\/produkt\/side-lighted-led-mirror-dbs-29\/\" \/>\n<meta property=\"og:locale\" content=\"de_DE\" \/>\n<meta property=\"og:type\" content=\"article\" \/>\n<meta property=\"og:title\" content=\"Side Lighted LED Mirror DBS-29\" \/>\n<meta property=\"og:description\" content=\"Side Lighted LED Mirror Manufacturer and wholesale supplier from China - DIMO is a leading factory for LED bathroom mirrors, led mirror cabinets, wall makeup mirrors.\" \/>\n<meta property=\"og:url\" content=\"https:\/\/ledmirrormanufacturer.com\/de\/produkt\/side-lighted-led-mirror-dbs-29\/\" \/>\n<meta property=\"og:site_name\" content=\"Bathroom LED Mirror Manufacturer Wholesale Supplier\" \/>\n<meta property=\"article:publisher\" content=\"https:\/\/www.facebook.com\/smartbathmirror\" \/>\n<meta property=\"article:modified_time\" content=\"2026-04-15T07:44:10+00:00\" \/>\n<meta property=\"og:image\" content=\"https:\/\/ledmirrormanufacturer.com\/wp-content\/uploads\/2025\/12\/DBS-39.jpg\" \/>\n\t<meta property=\"og:image:width\" content=\"800\" \/>\n\t<meta property=\"og:image:height\" content=\"800\" \/>\n\t<meta property=\"og:image:type\" content=\"image\/jpeg\" \/>\n<meta name=\"twitter:card\" content=\"summary_large_image\" \/>\n<meta name=\"twitter:site\" content=\"@jwysly\" \/>\n<meta name=\"twitter:label1\" content=\"Gesch\u00e4tzte Lesezeit\" \/>\n\t<meta name=\"twitter:data1\" content=\"4\u00a0Minuten\" \/>\n<script type=\"application\/ld+json\" class=\"yoast-schema-graph\">{\"@context\":\"https:\/\/schema.org\",\"@graph\":[{\"@type\":\"WebPage\",\"@id\":\"https:\/\/ledmirrormanufacturer.com\/product\/side-lighted-led-mirror-dbs-29\/\",\"url\":\"https:\/\/ledmirrormanufacturer.com\/product\/side-lighted-led-mirror-dbs-29\/\",\"name\":\"Side Lighted LED Mirror DBS-29 - Bathroom LED Mirror Manufacturer Wholesale Supplier\",\"isPartOf\":{\"@id\":\"https:\/\/ledmirrormanufacturer.com\/#website\"},\"primaryImageOfPage\":{\"@id\":\"https:\/\/ledmirrormanufacturer.com\/product\/side-lighted-led-mirror-dbs-29\/#primaryimage\"},\"image\":{\"@id\":\"https:\/\/ledmirrormanufacturer.com\/product\/side-lighted-led-mirror-dbs-29\/#primaryimage\"},\"thumbnailUrl\":\"https:\/\/ledmirrormanufacturer.com\/wp-content\/uploads\/2025\/12\/DBS-39.jpg\",\"datePublished\":\"2025-12-04T15:36:47+00:00\",\"dateModified\":\"2026-04-15T07:44:10+00:00\",\"description\":\"Side Lighted LED Mirror Manufacturer and wholesale supplier from China - DIMO is a leading factory for LED bathroom mirrors, led mirror cabinets, wall makeup mirrors.\",\"breadcrumb\":{\"@id\":\"https:\/\/ledmirrormanufacturer.com\/product\/side-lighted-led-mirror-dbs-29\/#breadcrumb\"},\"inLanguage\":\"de\",\"potentialAction\":[{\"@type\":\"ReadAction\",\"target\":[\"https:\/\/ledmirrormanufacturer.com\/product\/side-lighted-led-mirror-dbs-29\/\"]}]},{\"@type\":\"ImageObject\",\"inLanguage\":\"de\",\"@id\":\"https:\/\/ledmirrormanufacturer.com\/product\/side-lighted-led-mirror-dbs-29\/#primaryimage\",\"url\":\"https:\/\/ledmirrormanufacturer.com\/wp-content\/uploads\/2025\/12\/DBS-39.jpg\",\"contentUrl\":\"https:\/\/ledmirrormanufacturer.com\/wp-content\/uploads\/2025\/12\/DBS-39.jpg\",\"width\":800,\"height\":800,\"caption\":\"side-lighted-led-mirror-dbs-29\"},{\"@type\":\"BreadcrumbList\",\"@id\":\"https:\/\/ledmirrormanufacturer.com\/product\/side-lighted-led-mirror-dbs-29\/#breadcrumb\",\"itemListElement\":[{\"@type\":\"ListItem\",\"position\":1,\"name\":\"\u9996\u9875\",\"item\":\"https:\/\/ledmirrormanufacturer.com\/\"},{\"@type\":\"ListItem\",\"position\":2,\"name\":\"Product\",\"item\":\"https:\/\/ledmirrormanufacturer.com\/product\/\"},{\"@type\":\"ListItem\",\"position\":3,\"name\":\"Side Lighted LED Mirror DBS-29\"}]},{\"@type\":\"WebSite\",\"@id\":\"https:\/\/ledmirrormanufacturer.com\/#website\",\"url\":\"https:\/\/ledmirrormanufacturer.com\/\",\"name\":\"LED Mirror Manufacturer Hotel Bathroom Mirror Wholesale Supplier\",\"description\":\"China LED Mirror Manufacturer,Backlit Hotel Bathroom Mirrors Suppliers,Lighted Vanity Mirror Factory,Makeup Mirror Cabinet Company\",\"publisher\":{\"@id\":\"https:\/\/ledmirrormanufacturer.com\/#organization\"},\"potentialAction\":[{\"@type\":\"SearchAction\",\"target\":{\"@type\":\"EntryPoint\",\"urlTemplate\":\"https:\/\/ledmirrormanufacturer.com\/?s={search_term_string}\"},\"query-input\":{\"@type\":\"PropertyValueSpecification\",\"valueRequired\":true,\"valueName\":\"search_term_string\"}}],\"inLanguage\":\"de\"},{\"@type\":\"Organization\",\"@id\":\"https:\/\/ledmirrormanufacturer.com\/#organization\",\"name\":\"LED Mirror Manufacturer\",\"url\":\"https:\/\/ledmirrormanufacturer.com\/\",\"logo\":{\"@type\":\"ImageObject\",\"inLanguage\":\"de\",\"@id\":\"https:\/\/ledmirrormanufacturer.com\/#\/schema\/logo\/image\/\",\"url\":\"https:\/\/ledmirrormanufacturer.com\/wp-content\/uploads\/2025\/09\/logo222-2.png\",\"contentUrl\":\"https:\/\/ledmirrormanufacturer.com\/wp-content\/uploads\/2025\/09\/logo222-2.png\",\"width\":168,\"height\":60,\"caption\":\"LED Mirror Manufacturer\"},\"image\":{\"@id\":\"https:\/\/ledmirrormanufacturer.com\/#\/schema\/logo\/image\/\"},\"sameAs\":[\"https:\/\/www.facebook.com\/smartbathmirror\",\"https:\/\/x.com\/jwysly\",\"https:\/\/www.linkedin.com\/in\/led-mirror-frank-chan-a836a813a\"]}]}<\/script>\n<!-- \/ Yoast SEO Premium plugin. -->","yoast_head_json":{"title":"Side Lighted LED Mirror DBS-29 - Bathroom LED Mirror Manufacturer Wholesale Supplier","description":"Side Lighted LED Mirror Manufacturer and wholesale supplier from China - DIMO is a leading factory for LED bathroom mirrors, led mirror cabinets, wall makeup mirrors.","robots":{"index":"index","follow":"follow","max-snippet":"max-snippet:-1","max-image-preview":"max-image-preview:large","max-video-preview":"max-video-preview:-1"},"canonical":"https:\/\/ledmirrormanufacturer.com\/de\/produkt\/side-lighted-led-mirror-dbs-29\/","og_locale":"de_DE","og_type":"article","og_title":"Side Lighted LED Mirror DBS-29","og_description":"Side Lighted LED Mirror Manufacturer and wholesale supplier from China - DIMO is a leading factory for LED bathroom mirrors, led mirror cabinets, wall makeup mirrors.","og_url":"https:\/\/ledmirrormanufacturer.com\/de\/produkt\/side-lighted-led-mirror-dbs-29\/","og_site_name":"Bathroom LED Mirror Manufacturer Wholesale Supplier","article_publisher":"https:\/\/www.facebook.com\/smartbathmirror","article_modified_time":"2026-04-15T07:44:10+00:00","og_image":[{"width":800,"height":800,"url":"https:\/\/ledmirrormanufacturer.com\/wp-content\/uploads\/2025\/12\/DBS-39.jpg","type":"image\/jpeg"}],"twitter_card":"summary_large_image","twitter_site":"@jwysly","twitter_misc":{"Gesch\u00e4tzte Lesezeit":"4\u00a0Minuten"},"schema":{"@context":"https:\/\/schema.org","@graph":[{"@type":"WebPage","@id":"https:\/\/ledmirrormanufacturer.com\/product\/side-lighted-led-mirror-dbs-29\/","url":"https:\/\/ledmirrormanufacturer.com\/product\/side-lighted-led-mirror-dbs-29\/","name":"Side Lighted LED Mirror DBS-29 - Bathroom LED Mirror Manufacturer Wholesale Supplier","isPartOf":{"@id":"https:\/\/ledmirrormanufacturer.com\/#website"},"primaryImageOfPage":{"@id":"https:\/\/ledmirrormanufacturer.com\/product\/side-lighted-led-mirror-dbs-29\/#primaryimage"},"image":{"@id":"https:\/\/ledmirrormanufacturer.com\/product\/side-lighted-led-mirror-dbs-29\/#primaryimage"},"thumbnailUrl":"https:\/\/ledmirrormanufacturer.com\/wp-content\/uploads\/2025\/12\/DBS-39.jpg","datePublished":"2025-12-04T15:36:47+00:00","dateModified":"2026-04-15T07:44:10+00:00","description":"Side Lighted LED Mirror Manufacturer and wholesale supplier from China - DIMO is a leading factory for LED bathroom mirrors, led mirror cabinets, wall makeup mirrors.","breadcrumb":{"@id":"https:\/\/ledmirrormanufacturer.com\/product\/side-lighted-led-mirror-dbs-29\/#breadcrumb"},"inLanguage":"de","potentialAction":[{"@type":"ReadAction","target":["https:\/\/ledmirrormanufacturer.com\/product\/side-lighted-led-mirror-dbs-29\/"]}]},{"@type":"ImageObject","inLanguage":"de","@id":"https:\/\/ledmirrormanufacturer.com\/product\/side-lighted-led-mirror-dbs-29\/#primaryimage","url":"https:\/\/ledmirrormanufacturer.com\/wp-content\/uploads\/2025\/12\/DBS-39.jpg","contentUrl":"https:\/\/ledmirrormanufacturer.com\/wp-content\/uploads\/2025\/12\/DBS-39.jpg","width":800,"height":800,"caption":"side-lighted-led-mirror-dbs-29"},{"@type":"BreadcrumbList","@id":"https:\/\/ledmirrormanufacturer.com\/product\/side-lighted-led-mirror-dbs-29\/#breadcrumb","itemListElement":[{"@type":"ListItem","position":1,"name":"\u9996\u9875","item":"https:\/\/ledmirrormanufacturer.com\/"},{"@type":"ListItem","position":2,"name":"Product","item":"https:\/\/ledmirrormanufacturer.com\/product\/"},{"@type":"ListItem","position":3,"name":"Side Lighted LED Mirror DBS-29"}]},{"@type":"WebSite","@id":"https:\/\/ledmirrormanufacturer.com\/#website","url":"https:\/\/ledmirrormanufacturer.com\/","name":"LED Mirror Manufacturer Hotel Bathroom Mirror Wholesale Supplier","description":"China LED Mirror Manufacturer,Backlit Hotel Bathroom Mirrors Suppliers,Lighted Vanity Mirror Factory,Makeup Mirror Cabinet Company","publisher":{"@id":"https:\/\/ledmirrormanufacturer.com\/#organization"},"potentialAction":[{"@type":"SearchAction","target":{"@type":"EntryPoint","urlTemplate":"https:\/\/ledmirrormanufacturer.com\/?s={search_term_string}"},"query-input":{"@type":"PropertyValueSpecification","valueRequired":true,"valueName":"search_term_string"}}],"inLanguage":"de"},{"@type":"Organization","@id":"https:\/\/ledmirrormanufacturer.com\/#organization","name":"LED Mirror Manufacturer","url":"https:\/\/ledmirrormanufacturer.com\/","logo":{"@type":"ImageObject","inLanguage":"de","@id":"https:\/\/ledmirrormanufacturer.com\/#\/schema\/logo\/image\/","url":"https:\/\/ledmirrormanufacturer.com\/wp-content\/uploads\/2025\/09\/logo222-2.png","contentUrl":"https:\/\/ledmirrormanufacturer.com\/wp-content\/uploads\/2025\/09\/logo222-2.png","width":168,"height":60,"caption":"LED Mirror Manufacturer"},"image":{"@id":"https:\/\/ledmirrormanufacturer.com\/#\/schema\/logo\/image\/"},"sameAs":["https:\/\/www.facebook.com\/smartbathmirror","https:\/\/x.com\/jwysly","https:\/\/www.linkedin.com\/in\/led-mirror-frank-chan-a836a813a"]}]}},"_links":{"self":[{"href":"https:\/\/ledmirrormanufacturer.com\/de\/wp-json\/wp\/v2\/product\/21332","targetHints":{"allow":["GET"]}}],"collection":[{"href":"https:\/\/ledmirrormanufacturer.com\/de\/wp-json\/wp\/v2\/product"}],"about":[{"href":"https:\/\/ledmirrormanufacturer.com\/de\/wp-json\/wp\/v2\/types\/product"}],"replies":[{"embeddable":true,"href":"https:\/\/ledmirrormanufacturer.com\/de\/wp-json\/wp\/v2\/comments?post=21332"}],"wp:featuredmedia":[{"embeddable":true,"href":"https:\/\/ledmirrormanufacturer.com\/de\/wp-json\/wp\/v2\/media\/21333"}],"wp:attachment":[{"href":"https:\/\/ledmirrormanufacturer.com\/de\/wp-json\/wp\/v2\/media?parent=21332"}],"wp:term":[{"taxonomy":"product_cat","embeddable":true,"href":"https:\/\/ledmirrormanufacturer.com\/de\/wp-json\/wp\/v2\/product_cat?post=21332"},{"taxonomy":"product_tag","embeddable":true,"href":"https:\/\/ledmirrormanufacturer.com\/de\/wp-json\/wp\/v2\/product_tag?post=21332"}],"curies":[{"name":"wp","href":"https:\/\/api.w.org\/{rel}","templated":true}]}}