{"id":21089,"date":"2025-11-05T09:09:44","date_gmt":"2025-11-05T09:09:44","guid":{"rendered":"https:\/\/ledmirrormanufacturer.com\/?page_id=21089"},"modified":"2025-11-13T11:16:03","modified_gmt":"2025-11-13T11:16:03","slug":"retail-furniture","status":"publish","type":"page","link":"https:\/\/ledmirrormanufacturer.com\/es\/applications\/retail-furniture\/","title":{"rendered":"Mobiliario comercial"},"content":{"rendered":"<div data-elementor-type=\"wp-page\" data-elementor-id=\"21089\" class=\"elementor elementor-21089\" data-elementor-post-type=\"page\">\n\t\t\t\t<div class=\"elementor-element elementor-element-79e2386 e-flex e-con-boxed e-con e-parent\" data-id=\"79e2386\" data-element_type=\"container\">\n\t\t\t\t\t<div class=\"e-con-inner\">\n\t\t\t\t<div class=\"elementor-element elementor-element-7bfe56b elementor-widget elementor-widget-spacer\" data-id=\"7bfe56b\" data-element_type=\"widget\" data-widget_type=\"spacer.default\">\n\t\t\t\t\t\t\t<div class=\"elementor-spacer\">\n\t\t\t<div class=\"elementor-spacer-inner\"><\/div>\n\t\t<\/div>\n\t\t\t\t\t\t<\/div>\n\t\t\t\t\t<\/div>\n\t\t\t\t<\/div>\n\t\t<div class=\"elementor-element elementor-element-3bb4b1a e-flex e-con-boxed e-con e-parent\" data-id=\"3bb4b1a\" data-element_type=\"container\">\n\t\t\t\t\t<div class=\"e-con-inner\">\n\t\t<div class=\"elementor-element elementor-element-9b33f9d e-con-full e-flex e-con e-child\" data-id=\"9b33f9d\" data-element_type=\"container\">\n\t\t\t\t<div class=\"elementor-element elementor-element-351d384 elementor-widget elementor-widget-text-editor\" data-id=\"351d384\" data-element_type=\"widget\" data-widget_type=\"text-editor.default\">\n\t\t\t\t\t\t\t\t\t<h2>Espejos para minoristas<\/h2>\t\t\t\t\t\t\t\t<\/div>\n\t\t\t\t<\/div>\n\t\t<div class=\"elementor-element elementor-element-46afe1c e-con-full e-flex e-con e-child\" data-id=\"46afe1c\" data-element_type=\"container\">\n\t\t\t\t<div class=\"elementor-element elementor-element-b93f4c8 elementor-widget elementor-widget-image\" data-id=\"b93f4c8\" data-element_type=\"widget\" data-widget_type=\"image.default\">\n\t\t\t\t\t\t\t\t\t\t\t\t\t\t\t<img fetchpriority=\"high\" decoding=\"async\" width=\"666\" height=\"500\" src=\"https:\/\/ledmirrormanufacturer.com\/wp-content\/uploads\/2025\/11\/retail-stores-of-mirror.jpeg\" class=\"attachment-large size-large wp-image-21235\" alt=\"retail stores of mirror\" srcset=\"https:\/\/ledmirrormanufacturer.com\/wp-content\/uploads\/2025\/11\/retail-stores-of-mirror.jpeg 666w, https:\/\/ledmirrormanufacturer.com\/wp-content\/uploads\/2025\/11\/retail-stores-of-mirror-300x225.jpeg 300w, https:\/\/ledmirrormanufacturer.com\/wp-content\/uploads\/2025\/11\/retail-stores-of-mirror-16x12.jpeg 16w\" sizes=\"(max-width: 666px) 100vw, 666px\" \/>\t\t\t\t\t\t\t\t\t\t\t\t\t\t\t<\/div>\n\t\t\t\t<\/div>\n\t\t\t\t\t<\/div>\n\t\t\t\t<\/div>\n\t\t<div class=\"elementor-element elementor-element-aa732b4 e-flex e-con-boxed e-con e-parent\" data-id=\"aa732b4\" data-element_type=\"container\">\n\t\t\t\t\t<div class=\"e-con-inner\">\n\t\t\t\t<div class=\"elementor-element elementor-element-4ab3404 elementor-widget elementor-widget-spacer\" data-id=\"4ab3404\" data-element_type=\"widget\" data-widget_type=\"spacer.default\">\n\t\t\t\t\t\t\t<div class=\"elementor-spacer\">\n\t\t\t<div class=\"elementor-spacer-inner\"><\/div>\n\t\t<\/div>\n\t\t\t\t\t\t<\/div>\n\t\t\t\t\t<\/div>\n\t\t\t\t<\/div>\n\t\t<div class=\"elementor-element elementor-element-b3c6cce e-flex e-con-boxed e-con e-parent\" data-id=\"b3c6cce\" data-element_type=\"container\">\n\t\t\t\t\t<div class=\"e-con-inner\">\n\t\t\t\t<div class=\"elementor-element elementor-element-ac32621 elementor-widget elementor-widget-text-editor\" data-id=\"ac32621\" data-element_type=\"widget\" data-widget_type=\"text-editor.default\">\n\t\t\t\t\t\t\t\t\t<div data-page-id=\"HQtpfcSDtdoW1ZckAGEcrnzDnje\" data-lark-html-role=\"root\" data-docx-has-block-data=\"false\">\n<h3 class=\"ace-line ace-line old-record-id-HQtpfcSDtdoW1ZckAGEcrnzDnje\" style=\"text-align: center;\">Mercados minoristas de espejos<\/h3>\n<div class=\"ace-line ace-line old-record-id-ZEYmf76RtduKdEczGTBcTVxDndg\">El mercado mundial de venta al por menor de espejos satisface las diversas necesidades de las empresas a trav\u00e9s de una red multicanal, con v\u00edas de distribuci\u00f3n adaptadas a los distintos tipos de minoristas. Desde tiendas especializadas hasta establecimientos integrados de art\u00edculos para el hogar, estos canales garantizan a las empresas el acceso a espejos que se ajustan a sus requisitos funcionales y est\u00e9ticos. Comprender estos canales y las caracter\u00edsticas principales de los productos l\u00edderes del mercado es clave para realizar compras basadas en el valor.<\/div>\n<div class=\"ace-line ace-line old-record-id-F1ULfs15vdlWbmc4LM9c4emunkf\">Los minoristas especializados en espejos son la mejor fuente para las empresas que buscan personalizaci\u00f3n, ya que ofrecen tama\u00f1os a medida y opciones de acabado, como bordes biselados o grabados de marca. Las tiendas de muebles complementan esta oferta con espejos dise\u00f1ados para combinar con las colecciones de interior, ideales para boutiques o tiendas de decoraci\u00f3n del hogar que buscan una exposici\u00f3n coherente. Las tiendas de art\u00edculos de ba\u00f1o se centran en modelos resistentes a la humedad, como espejos antiempa\u00f1amiento con almacenamiento integrado, destinados a spas y hosteler\u00eda. Por su parte, las tiendas de iluminaci\u00f3n suelen ofrecer espejos con tiras de LED, que combinan iluminaci\u00f3n y reflexi\u00f3n para salones de belleza y mostradores de maquillaje.<\/div>\n<div class=\"ace-line ace-line old-record-id-RHpufprUpdfvCxc2n9qcLwyYnTg\">Las plataformas de comercio electr\u00f3nico B2B se han convertido en vitales para los peque\u00f1os y medianos minoristas, ya que les ponen en contacto con proveedores verificados con existencias listas para enviar, desde espejos de cuerpo entero para probadores hasta versiones compactas para mostradores. Las grandes cadenas de tiendas suelen asociarse directamente con los fabricantes para los pedidos al por mayor, lo que garantiza una calidad uniforme en m\u00faltiples ubicaciones. Los distribuidores mayoristas locales cubren las carencias urgentes, suministrando espejos de repuesto o existencias para renovaciones con un plazo de entrega r\u00e1pido, ayudando a las empresas a minimizar las interrupciones operativas.<\/div>\n<\/div>\t\t\t\t\t\t\t\t<\/div>\n\t\t\t\t\t<\/div>\n\t\t\t\t<\/div>\n\t\t<div class=\"elementor-element elementor-element-f4c4253 e-flex e-con-boxed e-con e-parent\" data-id=\"f4c4253\" data-element_type=\"container\">\n\t\t\t\t\t<div class=\"e-con-inner\">\n\t\t\t\t<div class=\"elementor-element elementor-element-e8b71fd elementor-widget elementor-widget-spacer\" data-id=\"e8b71fd\" data-element_type=\"widget\" data-widget_type=\"spacer.default\">\n\t\t\t\t\t\t\t<div class=\"elementor-spacer\">\n\t\t\t<div class=\"elementor-spacer-inner\"><\/div>\n\t\t<\/div>\n\t\t\t\t\t\t<\/div>\n\t\t\t\t\t<\/div>\n\t\t\t\t<\/div>\n\t\t<div class=\"elementor-element elementor-element-6a4c21d e-flex e-con-boxed e-con e-parent\" data-id=\"6a4c21d\" data-element_type=\"container\">\n\t\t\t\t\t<div class=\"e-con-inner\">\n\t\t\t\t<div class=\"elementor-element elementor-element-6975d84 elementor-widget elementor-widget-text-editor\" data-id=\"6975d84\" data-element_type=\"widget\" data-widget_type=\"text-editor.default\">\n\t\t\t\t\t\t\t\t\t<h3 style=\"text-align: center;\">Minoristas que necesitan espejos:<\/h3>\t\t\t\t\t\t\t\t<\/div>\n\t\t\t\t\t<\/div>\n\t\t\t\t<\/div>\n\t\t<div class=\"elementor-element elementor-element-46aa565 e-flex e-con-boxed e-con e-parent\" data-id=\"46aa565\" data-element_type=\"container\">\n\t\t\t\t\t<div class=\"e-con-inner\">\n\t\t<div class=\"elementor-element elementor-element-d857b42 e-con-full e-flex e-con e-child\" data-id=\"d857b42\" data-element_type=\"container\">\n\t\t\t\t<div class=\"elementor-element elementor-element-c14ccf7 elementor-widget elementor-widget-image\" data-id=\"c14ccf7\" data-element_type=\"widget\" data-widget_type=\"image.default\">\n\t\t\t\t\t\t\t\t\t\t\t\t\t\t\t<img decoding=\"async\" width=\"600\" height=\"600\" src=\"https:\/\/ledmirrormanufacturer.com\/wp-content\/uploads\/2025\/11\/bathroom-store-mirror-supplier.jpg\" class=\"attachment-large size-large wp-image-21236\" alt=\"bathroom-store-mirror-supplier\" srcset=\"https:\/\/ledmirrormanufacturer.com\/wp-content\/uploads\/2025\/11\/bathroom-store-mirror-supplier.jpg 600w, https:\/\/ledmirrormanufacturer.com\/wp-content\/uploads\/2025\/11\/bathroom-store-mirror-supplier-300x300.jpg 300w, https:\/\/ledmirrormanufacturer.com\/wp-content\/uploads\/2025\/11\/bathroom-store-mirror-supplier-150x150.jpg 150w, https:\/\/ledmirrormanufacturer.com\/wp-content\/uploads\/2025\/11\/bathroom-store-mirror-supplier-12x12.jpg 12w, https:\/\/ledmirrormanufacturer.com\/wp-content\/uploads\/2025\/11\/bathroom-store-mirror-supplier-460x460.jpg 460w\" sizes=\"(max-width: 600px) 100vw, 600px\" \/>\t\t\t\t\t\t\t\t\t\t\t\t\t\t\t<\/div>\n\t\t\t\t<div class=\"elementor-element elementor-element-0356d3e elementor-widget elementor-widget-text-editor\" data-id=\"0356d3e\" data-element_type=\"widget\" data-widget_type=\"text-editor.default\">\n\t\t\t\t\t\t\t\t\t<p style=\"text-align: center;\">Tienda de art\u00edculos de ba\u00f1o<\/p>\t\t\t\t\t\t\t\t<\/div>\n\t\t\t\t<\/div>\n\t\t<div class=\"elementor-element elementor-element-0573df3 e-con-full e-flex e-con e-child\" data-id=\"0573df3\" data-element_type=\"container\">\n\t\t\t\t<div class=\"elementor-element elementor-element-848bef3 elementor-widget elementor-widget-image\" data-id=\"848bef3\" data-element_type=\"widget\" data-widget_type=\"image.default\">\n\t\t\t\t\t\t\t\t\t\t\t\t\t\t\t<img decoding=\"async\" width=\"600\" height=\"600\" src=\"https:\/\/ledmirrormanufacturer.com\/wp-content\/uploads\/2025\/11\/furniture-store-mirror-supplier.jpg\" class=\"attachment-large size-large wp-image-21237\" alt=\"\" srcset=\"https:\/\/ledmirrormanufacturer.com\/wp-content\/uploads\/2025\/11\/furniture-store-mirror-supplier.jpg 600w, https:\/\/ledmirrormanufacturer.com\/wp-content\/uploads\/2025\/11\/furniture-store-mirror-supplier-300x300.jpg 300w, https:\/\/ledmirrormanufacturer.com\/wp-content\/uploads\/2025\/11\/furniture-store-mirror-supplier-150x150.jpg 150w, https:\/\/ledmirrormanufacturer.com\/wp-content\/uploads\/2025\/11\/furniture-store-mirror-supplier-12x12.jpg 12w, https:\/\/ledmirrormanufacturer.com\/wp-content\/uploads\/2025\/11\/furniture-store-mirror-supplier-460x460.jpg 460w\" sizes=\"(max-width: 600px) 100vw, 600px\" \/>\t\t\t\t\t\t\t\t\t\t\t\t\t\t\t<\/div>\n\t\t\t\t<div class=\"elementor-element elementor-element-831816d elementor-widget elementor-widget-text-editor\" data-id=\"831816d\" data-element_type=\"widget\" data-widget_type=\"text-editor.default\">\n\t\t\t\t\t\t\t\t\t<p style=\"text-align: center;\">Tienda de muebles<\/p>\t\t\t\t\t\t\t\t<\/div>\n\t\t\t\t<\/div>\n\t\t<div class=\"elementor-element elementor-element-7c1cb54 e-con-full e-flex e-con e-child\" data-id=\"7c1cb54\" data-element_type=\"container\">\n\t\t\t\t<div class=\"elementor-element elementor-element-174aa05 elementor-widget elementor-widget-image\" data-id=\"174aa05\" data-element_type=\"widget\" data-widget_type=\"image.default\">\n\t\t\t\t\t\t\t\t\t\t\t\t\t\t\t<img loading=\"lazy\" decoding=\"async\" width=\"600\" height=\"600\" src=\"https:\/\/ledmirrormanufacturer.com\/wp-content\/uploads\/2025\/11\/lighting-store-mirror.jpg\" class=\"attachment-large size-large wp-image-21238\" alt=\"lighting-store-mirror\" srcset=\"https:\/\/ledmirrormanufacturer.com\/wp-content\/uploads\/2025\/11\/lighting-store-mirror.jpg 600w, https:\/\/ledmirrormanufacturer.com\/wp-content\/uploads\/2025\/11\/lighting-store-mirror-300x300.jpg 300w, https:\/\/ledmirrormanufacturer.com\/wp-content\/uploads\/2025\/11\/lighting-store-mirror-150x150.jpg 150w, https:\/\/ledmirrormanufacturer.com\/wp-content\/uploads\/2025\/11\/lighting-store-mirror-12x12.jpg 12w, https:\/\/ledmirrormanufacturer.com\/wp-content\/uploads\/2025\/11\/lighting-store-mirror-460x460.jpg 460w\" sizes=\"(max-width: 600px) 100vw, 600px\" \/>\t\t\t\t\t\t\t\t\t\t\t\t\t\t\t<\/div>\n\t\t\t\t<div class=\"elementor-element elementor-element-6febcd7 elementor-widget elementor-widget-text-editor\" data-id=\"6febcd7\" data-element_type=\"widget\" data-widget_type=\"text-editor.default\">\n\t\t\t\t\t\t\t\t\t<p style=\"text-align: center;\">Tienda de iluminaci\u00f3n<\/p>\t\t\t\t\t\t\t\t<\/div>\n\t\t\t\t<\/div>\n\t\t<div class=\"elementor-element elementor-element-9e3ff5c e-con-full e-flex e-con e-child\" data-id=\"9e3ff5c\" data-element_type=\"container\">\n\t\t\t\t<div class=\"elementor-element elementor-element-d33ad04 elementor-widget elementor-widget-image\" data-id=\"d33ad04\" data-element_type=\"widget\" data-widget_type=\"image.default\">\n\t\t\t\t\t\t\t\t\t\t\t\t\t\t\t<img loading=\"lazy\" decoding=\"async\" width=\"765\" height=\"765\" src=\"https:\/\/ledmirrormanufacturer.com\/wp-content\/uploads\/2025\/11\/supermarket-mirror-vendor.jpg\" class=\"attachment-large size-large wp-image-21239\" alt=\"\" srcset=\"https:\/\/ledmirrormanufacturer.com\/wp-content\/uploads\/2025\/11\/supermarket-mirror-vendor.jpg 765w, https:\/\/ledmirrormanufacturer.com\/wp-content\/uploads\/2025\/11\/supermarket-mirror-vendor-300x300.jpg 300w, https:\/\/ledmirrormanufacturer.com\/wp-content\/uploads\/2025\/11\/supermarket-mirror-vendor-150x150.jpg 150w, https:\/\/ledmirrormanufacturer.com\/wp-content\/uploads\/2025\/11\/supermarket-mirror-vendor-12x12.jpg 12w, https:\/\/ledmirrormanufacturer.com\/wp-content\/uploads\/2025\/11\/supermarket-mirror-vendor-460x460.jpg 460w\" sizes=\"(max-width: 765px) 100vw, 765px\" \/>\t\t\t\t\t\t\t\t\t\t\t\t\t\t\t<\/div>\n\t\t\t\t<div class=\"elementor-element elementor-element-d9afd20 elementor-widget elementor-widget-text-editor\" data-id=\"d9afd20\" data-element_type=\"widget\" data-widget_type=\"text-editor.default\">\n\t\t\t\t\t\t\t\t\t<p style=\"text-align: center;\">Supermercado<\/p>\t\t\t\t\t\t\t\t<\/div>\n\t\t\t\t<\/div>\n\t\t\t\t\t<\/div>\n\t\t\t\t<\/div>\n\t\t\t\t<\/div>","protected":false},"excerpt":{"rendered":"<p>Espejos para minoristas Mercados de espejos para minoristas El mercado mundial de espejos para minoristas atiende diversas necesidades empresariales a trav\u00e9s de una red multicanal, con v\u00edas de distribuci\u00f3n adaptadas a los distintos tipos de minoristas. Desde tiendas especializadas hasta establecimientos integrados de art\u00edculos para el hogar, estos canales garantizan a las empresas el acceso a espejos que se ajustan a sus requisitos funcionales y est\u00e9ticos. Comprender estos canales y las caracter\u00edsticas [...]<\/p>","protected":false},"author":2,"featured_media":0,"parent":2690,"menu_order":0,"comment_status":"closed","ping_status":"closed","template":"","meta":{"inline_featured_image":false,"footnotes":""},"class_list":["post-21089","page","type-page","status-publish","hentry"],"yoast_head":"<!-- This site is optimized with the Yoast SEO Premium plugin v25.8 (Yoast SEO v25.8) - https:\/\/yoast.com\/wordpress\/plugins\/seo\/ -->\n<title>Retail Furniture - Bathroom LED Mirror Manufacturer Wholesale Supplier<\/title>\n<meta name=\"robots\" content=\"index, follow, max-snippet:-1, max-image-preview:large, max-video-preview:-1\" \/>\n<link rel=\"canonical\" href=\"https:\/\/ledmirrormanufacturer.com\/es\/applications\/retail-furniture\/\" \/>\n<meta property=\"og:locale\" content=\"es_ES\" \/>\n<meta property=\"og:type\" content=\"article\" \/>\n<meta property=\"og:title\" content=\"Retail Furniture\" \/>\n<meta property=\"og:description\" content=\"Retail Mirrors Retail Mirror Markets The global retail mirror market serves diverse business needs through a multi-channel network, with distribution paths tailored to different retailer types. From specialized stores to integrated home goods outlets, these channels ensure businesses access mirrors that align with their functional and aesthetic requirements. Understanding these channels and the core features [&hellip;]\" \/>\n<meta property=\"og:url\" content=\"https:\/\/ledmirrormanufacturer.com\/es\/applications\/retail-furniture\/\" \/>\n<meta property=\"og:site_name\" content=\"Bathroom LED Mirror Manufacturer Wholesale Supplier\" \/>\n<meta property=\"article:publisher\" content=\"https:\/\/www.facebook.com\/smartbathmirror\" \/>\n<meta property=\"article:modified_time\" content=\"2025-11-13T11:16:03+00:00\" \/>\n<meta property=\"og:image\" content=\"https:\/\/ledmirrormanufacturer.com\/wp-content\/uploads\/2025\/11\/retail-stores-of-mirror.jpeg\" \/>\n\t<meta property=\"og:image:width\" content=\"666\" \/>\n\t<meta property=\"og:image:height\" content=\"500\" \/>\n\t<meta property=\"og:image:type\" content=\"image\/jpeg\" \/>\n<meta name=\"twitter:card\" content=\"summary_large_image\" \/>\n<meta name=\"twitter:site\" content=\"@jwysly\" \/>\n<meta name=\"twitter:label1\" content=\"Tiempo de lectura\" \/>\n\t<meta name=\"twitter:data1\" content=\"2 minutos\" \/>\n<script type=\"application\/ld+json\" class=\"yoast-schema-graph\">{\"@context\":\"https:\/\/schema.org\",\"@graph\":[{\"@type\":\"WebPage\",\"@id\":\"https:\/\/ledmirrormanufacturer.com\/applications\/retail-furniture\/\",\"url\":\"https:\/\/ledmirrormanufacturer.com\/applications\/retail-furniture\/\",\"name\":\"Retail Furniture - Bathroom LED Mirror Manufacturer Wholesale Supplier\",\"isPartOf\":{\"@id\":\"https:\/\/ledmirrormanufacturer.com\/#website\"},\"primaryImageOfPage\":{\"@id\":\"https:\/\/ledmirrormanufacturer.com\/applications\/retail-furniture\/#primaryimage\"},\"image\":{\"@id\":\"https:\/\/ledmirrormanufacturer.com\/applications\/retail-furniture\/#primaryimage\"},\"thumbnailUrl\":\"https:\/\/ledmirrormanufacturer.com\/wp-content\/uploads\/2025\/11\/retail-stores-of-mirror.jpeg\",\"datePublished\":\"2025-11-05T09:09:44+00:00\",\"dateModified\":\"2025-11-13T11:16:03+00:00\",\"breadcrumb\":{\"@id\":\"https:\/\/ledmirrormanufacturer.com\/applications\/retail-furniture\/#breadcrumb\"},\"inLanguage\":\"es\",\"potentialAction\":[{\"@type\":\"ReadAction\",\"target\":[\"https:\/\/ledmirrormanufacturer.com\/applications\/retail-furniture\/\"]}]},{\"@type\":\"ImageObject\",\"inLanguage\":\"es\",\"@id\":\"https:\/\/ledmirrormanufacturer.com\/applications\/retail-furniture\/#primaryimage\",\"url\":\"https:\/\/ledmirrormanufacturer.com\/wp-content\/uploads\/2025\/11\/retail-stores-of-mirror.jpeg\",\"contentUrl\":\"https:\/\/ledmirrormanufacturer.com\/wp-content\/uploads\/2025\/11\/retail-stores-of-mirror.jpeg\"},{\"@type\":\"BreadcrumbList\",\"@id\":\"https:\/\/ledmirrormanufacturer.com\/applications\/retail-furniture\/#breadcrumb\",\"itemListElement\":[{\"@type\":\"ListItem\",\"position\":1,\"name\":\"\u9996\u9875\",\"item\":\"https:\/\/ledmirrormanufacturer.com\/\"},{\"@type\":\"ListItem\",\"position\":2,\"name\":\"Applications\",\"item\":\"https:\/\/ledmirrormanufacturer.com\/applications\/\"},{\"@type\":\"ListItem\",\"position\":3,\"name\":\"Retail Furniture\"}]},{\"@type\":\"WebSite\",\"@id\":\"https:\/\/ledmirrormanufacturer.com\/#website\",\"url\":\"https:\/\/ledmirrormanufacturer.com\/\",\"name\":\"LED Mirror Manufacturer Hotel Bathroom Mirror Wholesale Supplier\",\"description\":\"China LED Mirror Manufacturer,Backlit Hotel Bathroom Mirrors Suppliers,Lighted Vanity Mirror Factory,Makeup Mirror Cabinet Company\",\"publisher\":{\"@id\":\"https:\/\/ledmirrormanufacturer.com\/#organization\"},\"potentialAction\":[{\"@type\":\"SearchAction\",\"target\":{\"@type\":\"EntryPoint\",\"urlTemplate\":\"https:\/\/ledmirrormanufacturer.com\/?s={search_term_string}\"},\"query-input\":{\"@type\":\"PropertyValueSpecification\",\"valueRequired\":true,\"valueName\":\"search_term_string\"}}],\"inLanguage\":\"es\"},{\"@type\":\"Organization\",\"@id\":\"https:\/\/ledmirrormanufacturer.com\/#organization\",\"name\":\"LED Mirror Manufacturer\",\"url\":\"https:\/\/ledmirrormanufacturer.com\/\",\"logo\":{\"@type\":\"ImageObject\",\"inLanguage\":\"es\",\"@id\":\"https:\/\/ledmirrormanufacturer.com\/#\/schema\/logo\/image\/\",\"url\":\"https:\/\/ledmirrormanufacturer.com\/wp-content\/uploads\/2025\/09\/logo222-2.png\",\"contentUrl\":\"https:\/\/ledmirrormanufacturer.com\/wp-content\/uploads\/2025\/09\/logo222-2.png\",\"width\":168,\"height\":60,\"caption\":\"LED Mirror Manufacturer\"},\"image\":{\"@id\":\"https:\/\/ledmirrormanufacturer.com\/#\/schema\/logo\/image\/\"},\"sameAs\":[\"https:\/\/www.facebook.com\/smartbathmirror\",\"https:\/\/x.com\/jwysly\",\"https:\/\/www.linkedin.com\/in\/led-mirror-frank-chan-a836a813a\"]}]}<\/script>\n<!-- \/ Yoast SEO Premium plugin. -->","yoast_head_json":{"title":"Retail Furniture - Bathroom LED Mirror Manufacturer Wholesale Supplier","robots":{"index":"index","follow":"follow","max-snippet":"max-snippet:-1","max-image-preview":"max-image-preview:large","max-video-preview":"max-video-preview:-1"},"canonical":"https:\/\/ledmirrormanufacturer.com\/es\/applications\/retail-furniture\/","og_locale":"es_ES","og_type":"article","og_title":"Retail Furniture","og_description":"Retail Mirrors Retail Mirror Markets The global retail mirror market serves diverse business needs through a multi-channel network, with distribution paths tailored to different retailer types. From specialized stores to integrated home goods outlets, these channels ensure businesses access mirrors that align with their functional and aesthetic requirements. Understanding these channels and the core features [&hellip;]","og_url":"https:\/\/ledmirrormanufacturer.com\/es\/applications\/retail-furniture\/","og_site_name":"Bathroom LED Mirror Manufacturer Wholesale Supplier","article_publisher":"https:\/\/www.facebook.com\/smartbathmirror","article_modified_time":"2025-11-13T11:16:03+00:00","og_image":[{"width":666,"height":500,"url":"https:\/\/ledmirrormanufacturer.com\/wp-content\/uploads\/2025\/11\/retail-stores-of-mirror.jpeg","type":"image\/jpeg"}],"twitter_card":"summary_large_image","twitter_site":"@jwysly","twitter_misc":{"Tiempo de lectura":"2 minutos"},"schema":{"@context":"https:\/\/schema.org","@graph":[{"@type":"WebPage","@id":"https:\/\/ledmirrormanufacturer.com\/applications\/retail-furniture\/","url":"https:\/\/ledmirrormanufacturer.com\/applications\/retail-furniture\/","name":"Retail Furniture - Bathroom LED Mirror Manufacturer Wholesale Supplier","isPartOf":{"@id":"https:\/\/ledmirrormanufacturer.com\/#website"},"primaryImageOfPage":{"@id":"https:\/\/ledmirrormanufacturer.com\/applications\/retail-furniture\/#primaryimage"},"image":{"@id":"https:\/\/ledmirrormanufacturer.com\/applications\/retail-furniture\/#primaryimage"},"thumbnailUrl":"https:\/\/ledmirrormanufacturer.com\/wp-content\/uploads\/2025\/11\/retail-stores-of-mirror.jpeg","datePublished":"2025-11-05T09:09:44+00:00","dateModified":"2025-11-13T11:16:03+00:00","breadcrumb":{"@id":"https:\/\/ledmirrormanufacturer.com\/applications\/retail-furniture\/#breadcrumb"},"inLanguage":"es","potentialAction":[{"@type":"ReadAction","target":["https:\/\/ledmirrormanufacturer.com\/applications\/retail-furniture\/"]}]},{"@type":"ImageObject","inLanguage":"es","@id":"https:\/\/ledmirrormanufacturer.com\/applications\/retail-furniture\/#primaryimage","url":"https:\/\/ledmirrormanufacturer.com\/wp-content\/uploads\/2025\/11\/retail-stores-of-mirror.jpeg","contentUrl":"https:\/\/ledmirrormanufacturer.com\/wp-content\/uploads\/2025\/11\/retail-stores-of-mirror.jpeg"},{"@type":"BreadcrumbList","@id":"https:\/\/ledmirrormanufacturer.com\/applications\/retail-furniture\/#breadcrumb","itemListElement":[{"@type":"ListItem","position":1,"name":"\u9996\u9875","item":"https:\/\/ledmirrormanufacturer.com\/"},{"@type":"ListItem","position":2,"name":"Applications","item":"https:\/\/ledmirrormanufacturer.com\/applications\/"},{"@type":"ListItem","position":3,"name":"Retail Furniture"}]},{"@type":"WebSite","@id":"https:\/\/ledmirrormanufacturer.com\/#website","url":"https:\/\/ledmirrormanufacturer.com\/","name":"LED Mirror Manufacturer Hotel Bathroom Mirror Wholesale Supplier","description":"China LED Mirror Manufacturer,Backlit Hotel Bathroom Mirrors Suppliers,Lighted Vanity Mirror Factory,Makeup Mirror Cabinet Company","publisher":{"@id":"https:\/\/ledmirrormanufacturer.com\/#organization"},"potentialAction":[{"@type":"SearchAction","target":{"@type":"EntryPoint","urlTemplate":"https:\/\/ledmirrormanufacturer.com\/?s={search_term_string}"},"query-input":{"@type":"PropertyValueSpecification","valueRequired":true,"valueName":"search_term_string"}}],"inLanguage":"es"},{"@type":"Organization","@id":"https:\/\/ledmirrormanufacturer.com\/#organization","name":"LED Mirror Manufacturer","url":"https:\/\/ledmirrormanufacturer.com\/","logo":{"@type":"ImageObject","inLanguage":"es","@id":"https:\/\/ledmirrormanufacturer.com\/#\/schema\/logo\/image\/","url":"https:\/\/ledmirrormanufacturer.com\/wp-content\/uploads\/2025\/09\/logo222-2.png","contentUrl":"https:\/\/ledmirrormanufacturer.com\/wp-content\/uploads\/2025\/09\/logo222-2.png","width":168,"height":60,"caption":"LED Mirror Manufacturer"},"image":{"@id":"https:\/\/ledmirrormanufacturer.com\/#\/schema\/logo\/image\/"},"sameAs":["https:\/\/www.facebook.com\/smartbathmirror","https:\/\/x.com\/jwysly","https:\/\/www.linkedin.com\/in\/led-mirror-frank-chan-a836a813a"]}]}},"_links":{"self":[{"href":"https:\/\/ledmirrormanufacturer.com\/es\/wp-json\/wp\/v2\/pages\/21089","targetHints":{"allow":["GET"]}}],"collection":[{"href":"https:\/\/ledmirrormanufacturer.com\/es\/wp-json\/wp\/v2\/pages"}],"about":[{"href":"https:\/\/ledmirrormanufacturer.com\/es\/wp-json\/wp\/v2\/types\/page"}],"author":[{"embeddable":true,"href":"https:\/\/ledmirrormanufacturer.com\/es\/wp-json\/wp\/v2\/users\/2"}],"replies":[{"embeddable":true,"href":"https:\/\/ledmirrormanufacturer.com\/es\/wp-json\/wp\/v2\/comments?post=21089"}],"version-history":[{"count":7,"href":"https:\/\/ledmirrormanufacturer.com\/es\/wp-json\/wp\/v2\/pages\/21089\/revisions"}],"predecessor-version":[{"id":21245,"href":"https:\/\/ledmirrormanufacturer.com\/es\/wp-json\/wp\/v2\/pages\/21089\/revisions\/21245"}],"up":[{"embeddable":true,"href":"https:\/\/ledmirrormanufacturer.com\/es\/wp-json\/wp\/v2\/pages\/2690"}],"wp:attachment":[{"href":"https:\/\/ledmirrormanufacturer.com\/es\/wp-json\/wp\/v2\/media?parent=21089"}],"curies":[{"name":"wp","href":"https:\/\/api.w.org\/{rel}","templated":true}]}}