{"id":21092,"date":"2025-11-05T09:11:00","date_gmt":"2025-11-05T09:11:00","guid":{"rendered":"https:\/\/ledmirrormanufacturer.com\/?page_id=21092"},"modified":"2026-04-08T15:32:11","modified_gmt":"2026-04-08T15:32:11","slug":"salon","status":"publish","type":"page","link":"https:\/\/ledmirrormanufacturer.com\/es\/applications\/salon\/","title":{"rendered":"Sal\u00f3n"},"content":{"rendered":"<div data-elementor-type=\"wp-page\" data-elementor-id=\"21092\" class=\"elementor elementor-21092\" data-elementor-post-type=\"page\">\n\t\t\t\t<div class=\"elementor-element elementor-element-c0edd63 e-flex e-con-boxed e-con e-parent\" data-id=\"c0edd63\" data-element_type=\"container\">\n\t\t\t\t\t<div class=\"e-con-inner\">\n\t\t\t\t<div class=\"elementor-element elementor-element-f816c88 elementor-widget elementor-widget-spacer\" data-id=\"f816c88\" data-element_type=\"widget\" data-widget_type=\"spacer.default\">\n\t\t\t\t\t\t\t<div class=\"elementor-spacer\">\n\t\t\t<div class=\"elementor-spacer-inner\"><\/div>\n\t\t<\/div>\n\t\t\t\t\t\t<\/div>\n\t\t\t\t\t<\/div>\n\t\t\t\t<\/div>\n\t\t<div class=\"elementor-element elementor-element-9a8171b e-flex e-con-boxed e-con e-parent\" data-id=\"9a8171b\" data-element_type=\"container\">\n\t\t\t\t\t<div class=\"e-con-inner\">\n\t\t<div class=\"elementor-element elementor-element-0640548 e-con-full e-flex e-con e-child\" data-id=\"0640548\" data-element_type=\"container\">\n\t\t\t\t<div class=\"elementor-element elementor-element-2eccc08 elementor-widget elementor-widget-text-editor\" data-id=\"2eccc08\" data-element_type=\"widget\" data-widget_type=\"text-editor.default\">\n\t\t\t\t\t\t\t\t\t<h2 style=\"text-align: center;\">Espejo de sal\u00f3n<\/h2>\t\t\t\t\t\t\t\t<\/div>\n\t\t\t\t<\/div>\n\t\t<div class=\"elementor-element elementor-element-42bdf1b e-con-full e-flex e-con e-child\" data-id=\"42bdf1b\" data-element_type=\"container\">\n\t\t\t\t<div class=\"elementor-element elementor-element-7701136 elementor-widget elementor-widget-image\" data-id=\"7701136\" data-element_type=\"widget\" data-widget_type=\"image.default\">\n\t\t\t\t\t\t\t\t\t\t\t\t\t\t\t<img fetchpriority=\"high\" decoding=\"async\" width=\"750\" height=\"750\" src=\"https:\/\/ledmirrormanufacturer.com\/wp-content\/uploads\/2025\/11\/salon-mirror-supplier.jpeg\" class=\"attachment-large size-large wp-image-21247\" alt=\"salon mirror supplier\" srcset=\"https:\/\/ledmirrormanufacturer.com\/wp-content\/uploads\/2025\/11\/salon-mirror-supplier.jpeg 750w, https:\/\/ledmirrormanufacturer.com\/wp-content\/uploads\/2025\/11\/salon-mirror-supplier-300x300.jpeg 300w, https:\/\/ledmirrormanufacturer.com\/wp-content\/uploads\/2025\/11\/salon-mirror-supplier-150x150.jpeg 150w, https:\/\/ledmirrormanufacturer.com\/wp-content\/uploads\/2025\/11\/salon-mirror-supplier-12x12.jpeg 12w, https:\/\/ledmirrormanufacturer.com\/wp-content\/uploads\/2025\/11\/salon-mirror-supplier-460x460.jpeg 460w\" sizes=\"(max-width: 750px) 100vw, 750px\" \/>\t\t\t\t\t\t\t\t\t\t\t\t\t\t\t<\/div>\n\t\t\t\t<\/div>\n\t\t\t\t\t<\/div>\n\t\t\t\t<\/div>\n\t\t<div class=\"elementor-element elementor-element-e26d7dd e-flex e-con-boxed e-con e-parent\" data-id=\"e26d7dd\" data-element_type=\"container\">\n\t\t\t\t\t<div class=\"e-con-inner\">\n\t\t\t\t<div class=\"elementor-element elementor-element-ad78eb1 elementor-widget elementor-widget-spacer\" data-id=\"ad78eb1\" data-element_type=\"widget\" data-widget_type=\"spacer.default\">\n\t\t\t\t\t\t\t<div class=\"elementor-spacer\">\n\t\t\t<div class=\"elementor-spacer-inner\"><\/div>\n\t\t<\/div>\n\t\t\t\t\t\t<\/div>\n\t\t\t\t\t<\/div>\n\t\t\t\t<\/div>\n\t\t<div class=\"elementor-element elementor-element-03a0b12 e-flex e-con-boxed e-con e-parent\" data-id=\"03a0b12\" data-element_type=\"container\">\n\t\t\t\t\t<div class=\"e-con-inner\">\n\t\t\t\t<div class=\"elementor-element elementor-element-909de1d elementor-widget elementor-widget-text-editor\" data-id=\"909de1d\" data-element_type=\"widget\" data-widget_type=\"text-editor.default\">\n\t\t\t\t\t\t\t\t\t<div data-page-id=\"R3EMf2WJAdcD54cMPylcYyXVnug\" data-lark-html-role=\"root\" data-docx-has-block-data=\"false\">\n<h3 class=\"ace-line ace-line old-record-id-R3EMf2WJAdcD54cMPylcYyXVnug\" style=\"text-align: center;\">Espejos de sal\u00f3n: Eleve la experiencia de peinado con un dise\u00f1o funcional<\/h3>\n<div class=\"ace-line ace-line old-record-id-DxhufLErMd3hzRczoZ3cKsefn8b\">Los espejos de sal\u00f3n son m\u00e1s que herramientas reflectantes: son fundamentales para la precisi\u00f3n de los estilistas y la satisfacci\u00f3n de los clientes. A diferencia de los espejos residenciales est\u00e1ndar, estos productos especializados est\u00e1n dise\u00f1ados para satisfacer las demandas \u00fanicas de los salones de peluquer\u00eda, belleza y barber\u00eda, combinando durabilidad, iluminaci\u00f3n \u00f3ptima y atractivo est\u00e9tico para mejorar cada sesi\u00f3n de estilismo.<\/div>\n<div class=\"ace-line ace-line old-record-id-DNxIfTpMzdFes6cDnZGcp4lCn4e\">Las caracter\u00edsticas clave de los espejos de sal\u00f3n dan prioridad tanto a los profesionales como a los clientes. La iluminaci\u00f3n LED integrada es una caracter\u00edstica innegociable, con un brillo suave y ajustable que elimina las sombras, algo fundamental para la coloraci\u00f3n, el corte y la aplicaci\u00f3n de maquillaje. Muchos modelos ofrecen control de la temperatura del color, que cambia entre tonos c\u00e1lidos y fr\u00edos para imitar distintos entornos (por ejemplo, la iluminaci\u00f3n de una oficina o la luz natural del sol) para que los clientes vean c\u00f3mo se trasladan los estilos a la vida diaria. Las robustas estructuras anticorrosivas (a menudo de metal o madera sellada) resisten los da\u00f1os causados por los productos capilares, el agua y la limpieza frecuente, lo que garantiza su longevidad en espacios de uso intensivo.<\/div>\n<div class=\"ace-line ace-line old-record-id-BEDVfQ3uXda1BUcxmKfctECyncb\">La ajustabilidad es otro rasgo definitorio. Los mecanismos de giro e inclinaci\u00f3n permiten a los estilistas colocar los espejos en los \u00e1ngulos perfectos, mientras que los dise\u00f1os de cuerpo entero de las estaciones de estilismo permiten a los clientes ver el cabello de la ra\u00edz a las puntas. Las opciones retroiluminadas a\u00f1aden un toque moderno, iluminando el interior del sal\u00f3n y resaltando los looks acabados. En las barber\u00edas, los espejos compactos montados en la pared con lupa son muy populares para trabajos minuciosos como el arreglo de la barba.<\/div>\n<div class=\"ace-line ace-line old-record-id-GERqfSckidBGRicCmUBcYmU3ndg\">Los escenarios de aplicaci\u00f3n abarcan todo el sal\u00f3n. Las estaciones de peluquer\u00eda se basan en una combinaci\u00f3n de espejo y mesa, donde los clientes pueden relajarse mientras los estilistas trabajan. Las cabinas de maquillaje utilizan espejos de aumento con luces regulables para perfeccionar los looks de precisi\u00f3n. Incluso las zonas de espera se benefician de los espejos decorativos: ampl\u00edan el espacio visual y muestran la est\u00e9tica del sal\u00f3n, dando un tono profesional. Las variantes duraderas y resistentes al empa\u00f1amiento tambi\u00e9n se utilizan en las estaciones de lavado, con bordes sellados para evitar da\u00f1os por humedad.<\/div>\n<div class=\"ace-line ace-line old-record-id-UuLQfPHM8dUMfOcwFRIcpFHFndf\">Al combinar funciones pr\u00e1cticas con un dise\u00f1o elegante, los espejos de sal\u00f3n aumentan la eficacia de los estilistas y la confianza de los clientes, lo que los convierte en una inversi\u00f3n indispensable para cualquier negocio de belleza.<\/div>\n<\/div>\t\t\t\t\t\t\t\t<\/div>\n\t\t\t\t\t<\/div>\n\t\t\t\t<\/div>\n\t\t<div class=\"elementor-element elementor-element-41d98b9 e-flex e-con-boxed e-con e-parent\" data-id=\"41d98b9\" data-element_type=\"container\">\n\t\t\t\t\t<div class=\"e-con-inner\">\n\t\t\t\t<div class=\"elementor-element elementor-element-df4fa41 elementor-widget elementor-widget-spacer\" data-id=\"df4fa41\" data-element_type=\"widget\" data-widget_type=\"spacer.default\">\n\t\t\t\t\t\t\t<div class=\"elementor-spacer\">\n\t\t\t<div class=\"elementor-spacer-inner\"><\/div>\n\t\t<\/div>\n\t\t\t\t\t\t<\/div>\n\t\t\t\t\t<\/div>\n\t\t\t\t<\/div>\n\t\t<div class=\"elementor-element elementor-element-7b62a01 e-flex e-con-boxed e-con e-parent\" data-id=\"7b62a01\" data-element_type=\"container\">\n\t\t\t\t\t<div class=\"e-con-inner\">\n\t\t\t\t<div class=\"elementor-element elementor-element-4bbb96d elementor-widget elementor-widget-text-editor\" data-id=\"4bbb96d\" data-element_type=\"widget\" data-widget_type=\"text-editor.default\">\n\t\t\t\t\t\t\t\t\t<h3 style=\"text-align: center;\">Zonas que requieren espejos<\/h3>\t\t\t\t\t\t\t\t<\/div>\n\t\t\t\t\t<\/div>\n\t\t\t\t<\/div>\n\t\t<div class=\"elementor-element elementor-element-61d3eba e-flex e-con-boxed e-con e-parent\" data-id=\"61d3eba\" data-element_type=\"container\">\n\t\t\t\t\t<div class=\"e-con-inner\">\n\t\t<div class=\"elementor-element elementor-element-3a088a4 e-con-full e-flex e-con e-child\" data-id=\"3a088a4\" data-element_type=\"container\">\n\t\t\t\t<div class=\"elementor-element elementor-element-158752c elementor-widget elementor-widget-image\" data-id=\"158752c\" data-element_type=\"widget\" data-widget_type=\"image.default\">\n\t\t\t\t\t\t\t\t\t\t\t\t\t\t\t<img decoding=\"async\" width=\"800\" height=\"800\" src=\"https:\/\/ledmirrormanufacturer.com\/wp-content\/uploads\/2025\/11\/salon-mirror.jpg\" class=\"attachment-large size-large wp-image-21248\" alt=\"salon mirror\" srcset=\"https:\/\/ledmirrormanufacturer.com\/wp-content\/uploads\/2025\/11\/salon-mirror.jpg 800w, https:\/\/ledmirrormanufacturer.com\/wp-content\/uploads\/2025\/11\/salon-mirror-300x300.jpg 300w, https:\/\/ledmirrormanufacturer.com\/wp-content\/uploads\/2025\/11\/salon-mirror-150x150.jpg 150w, https:\/\/ledmirrormanufacturer.com\/wp-content\/uploads\/2025\/11\/salon-mirror-768x768.jpg 768w, https:\/\/ledmirrormanufacturer.com\/wp-content\/uploads\/2025\/11\/salon-mirror-12x12.jpg 12w, https:\/\/ledmirrormanufacturer.com\/wp-content\/uploads\/2025\/11\/salon-mirror-460x460.jpg 460w\" sizes=\"(max-width: 800px) 100vw, 800px\" \/>\t\t\t\t\t\t\t\t\t\t\t\t\t\t\t<\/div>\n\t\t\t\t<div class=\"elementor-element elementor-element-65e7621 elementor-widget elementor-widget-text-editor\" data-id=\"65e7621\" data-element_type=\"widget\" data-widget_type=\"text-editor.default\">\n\t\t\t\t\t\t\t\t\t<h5 style=\"text-align: center;\">Peluquer\u00eda<\/h5>\t\t\t\t\t\t\t\t<\/div>\n\t\t\t\t<\/div>\n\t\t<div class=\"elementor-element elementor-element-bc70bbc e-con-full e-flex e-con e-child\" data-id=\"bc70bbc\" data-element_type=\"container\">\n\t\t\t\t<div class=\"elementor-element elementor-element-0545b2e elementor-widget elementor-widget-image\" data-id=\"0545b2e\" data-element_type=\"widget\" data-widget_type=\"image.default\">\n\t\t\t\t\t\t\t\t\t\t\t\t\t\t\t<img decoding=\"async\" width=\"980\" height=\"980\" src=\"https:\/\/ledmirrormanufacturer.com\/wp-content\/uploads\/2025\/11\/beauty-salon-1024x1024.jpg\" class=\"attachment-large size-large wp-image-21249\" alt=\"beauty salon mirror supplier\" srcset=\"https:\/\/ledmirrormanufacturer.com\/wp-content\/uploads\/2025\/11\/beauty-salon-1024x1024.jpg 1024w, https:\/\/ledmirrormanufacturer.com\/wp-content\/uploads\/2025\/11\/beauty-salon-300x300.jpg 300w, https:\/\/ledmirrormanufacturer.com\/wp-content\/uploads\/2025\/11\/beauty-salon-150x150.jpg 150w, https:\/\/ledmirrormanufacturer.com\/wp-content\/uploads\/2025\/11\/beauty-salon-768x767.jpg 768w, https:\/\/ledmirrormanufacturer.com\/wp-content\/uploads\/2025\/11\/beauty-salon-12x12.jpg 12w, https:\/\/ledmirrormanufacturer.com\/wp-content\/uploads\/2025\/11\/beauty-salon-460x460.jpg 460w, https:\/\/ledmirrormanufacturer.com\/wp-content\/uploads\/2025\/11\/beauty-salon-800x799.jpg 800w, https:\/\/ledmirrormanufacturer.com\/wp-content\/uploads\/2025\/11\/beauty-salon.jpg 1128w\" sizes=\"(max-width: 980px) 100vw, 980px\" \/>\t\t\t\t\t\t\t\t\t\t\t\t\t\t\t<\/div>\n\t\t\t\t<div class=\"elementor-element elementor-element-3a7c65f elementor-widget elementor-widget-text-editor\" data-id=\"3a7c65f\" data-element_type=\"widget\" data-widget_type=\"text-editor.default\">\n\t\t\t\t\t\t\t\t\t<h5 style=\"text-align: center;\">Sal\u00f3n de belleza<\/h5>\t\t\t\t\t\t\t\t<\/div>\n\t\t\t\t<\/div>\n\t\t<div class=\"elementor-element elementor-element-eaa182d e-con-full e-flex e-con e-child\" data-id=\"eaa182d\" data-element_type=\"container\">\n\t\t\t\t<div class=\"elementor-element elementor-element-5a0f693 elementor-widget elementor-widget-image\" data-id=\"5a0f693\" data-element_type=\"widget\" data-widget_type=\"image.default\">\n\t\t\t\t\t\t\t\t\t\t\t\t\t\t\t<img loading=\"lazy\" decoding=\"async\" width=\"980\" height=\"979\" src=\"https:\/\/ledmirrormanufacturer.com\/wp-content\/uploads\/2025\/11\/nail-salon.jpg\" class=\"attachment-large size-large wp-image-21250\" alt=\"\" srcset=\"https:\/\/ledmirrormanufacturer.com\/wp-content\/uploads\/2025\/11\/nail-salon.jpg 1015w, https:\/\/ledmirrormanufacturer.com\/wp-content\/uploads\/2025\/11\/nail-salon-300x300.jpg 300w, https:\/\/ledmirrormanufacturer.com\/wp-content\/uploads\/2025\/11\/nail-salon-150x150.jpg 150w, https:\/\/ledmirrormanufacturer.com\/wp-content\/uploads\/2025\/11\/nail-salon-768x767.jpg 768w, https:\/\/ledmirrormanufacturer.com\/wp-content\/uploads\/2025\/11\/nail-salon-12x12.jpg 12w, https:\/\/ledmirrormanufacturer.com\/wp-content\/uploads\/2025\/11\/nail-salon-460x460.jpg 460w, https:\/\/ledmirrormanufacturer.com\/wp-content\/uploads\/2025\/11\/nail-salon-800x799.jpg 800w\" sizes=\"(max-width: 980px) 100vw, 980px\" \/>\t\t\t\t\t\t\t\t\t\t\t\t\t\t\t<\/div>\n\t\t\t\t<div class=\"elementor-element elementor-element-67403a6 elementor-widget elementor-widget-text-editor\" data-id=\"67403a6\" data-element_type=\"widget\" data-widget_type=\"text-editor.default\">\n\t\t\t\t\t\t\t\t\t<h5 style=\"text-align: center;\">Sal\u00f3n de manicura<\/h5>\t\t\t\t\t\t\t\t<\/div>\n\t\t\t\t<\/div>\n\t\t\t\t\t<\/div>\n\t\t\t\t<\/div>\n\t\t\t\t<\/div>","protected":false},"excerpt":{"rendered":"<p>Espejo de sal\u00f3n Espejos de sal\u00f3n: Elevate Styling Experiences with Functional Design Los espejos de sal\u00f3n son m\u00e1s que herramientas reflectantes: son fundamentales para la precisi\u00f3n de los estilistas y la satisfacci\u00f3n de los clientes. A diferencia de los espejos residenciales est\u00e1ndar, estos productos especializados est\u00e1n dise\u00f1ados para satisfacer las demandas \u00fanicas de los salones de peluquer\u00eda, belleza y barber\u00eda, combinando durabilidad, iluminaci\u00f3n \u00f3ptima y atractivo est\u00e9tico para mejorar cada [...].<\/p>","protected":false},"author":2,"featured_media":21247,"parent":2690,"menu_order":0,"comment_status":"closed","ping_status":"closed","template":"","meta":{"inline_featured_image":false,"footnotes":""},"class_list":["post-21092","page","type-page","status-publish","has-post-thumbnail","hentry"],"yoast_head":"<!-- This site is optimized with the Yoast SEO Premium plugin v25.8 (Yoast SEO v25.8) - https:\/\/yoast.com\/wordpress\/plugins\/seo\/ -->\n<title>Salon Mirror Manufacturer &amp; Wholesale Supplier in China<\/title>\n<meta name=\"description\" content=\"DIMO is a experienced salon mirror factory in China,specialized in high-quality LED mirrors,makeup mirrors and full length mirrors with custom support and Competitive pricing.\" \/>\n<meta name=\"robots\" content=\"index, follow, max-snippet:-1, max-image-preview:large, max-video-preview:-1\" \/>\n<link rel=\"canonical\" href=\"https:\/\/ledmirrormanufacturer.com\/es\/applications\/salon\/\" \/>\n<meta property=\"og:locale\" content=\"es_ES\" \/>\n<meta property=\"og:type\" content=\"article\" \/>\n<meta property=\"og:title\" content=\"Salon\" \/>\n<meta property=\"og:description\" content=\"DIMO is a experienced salon mirror factory in China,specialized in high-quality LED mirrors,makeup mirrors and full length mirrors with custom support and Competitive pricing.\" \/>\n<meta property=\"og:url\" content=\"https:\/\/ledmirrormanufacturer.com\/es\/applications\/salon\/\" \/>\n<meta property=\"og:site_name\" content=\"Bathroom LED Mirror Manufacturer Wholesale Supplier\" \/>\n<meta property=\"article:publisher\" content=\"https:\/\/www.facebook.com\/smartbathmirror\" \/>\n<meta property=\"article:modified_time\" content=\"2026-04-08T15:32:11+00:00\" \/>\n<meta property=\"og:image\" content=\"https:\/\/ledmirrormanufacturer.com\/wp-content\/uploads\/2025\/11\/salon-mirror-supplier.jpeg\" \/>\n\t<meta property=\"og:image:width\" content=\"750\" \/>\n\t<meta property=\"og:image:height\" content=\"750\" \/>\n\t<meta property=\"og:image:type\" content=\"image\/jpeg\" \/>\n<meta name=\"twitter:card\" content=\"summary_large_image\" \/>\n<meta name=\"twitter:site\" content=\"@jwysly\" \/>\n<meta name=\"twitter:label1\" content=\"Tiempo de lectura\" \/>\n\t<meta name=\"twitter:data1\" content=\"3 minutos\" \/>\n<script type=\"application\/ld+json\" class=\"yoast-schema-graph\">{\"@context\":\"https:\/\/schema.org\",\"@graph\":[{\"@type\":\"WebPage\",\"@id\":\"https:\/\/ledmirrormanufacturer.com\/applications\/salon\/\",\"url\":\"https:\/\/ledmirrormanufacturer.com\/applications\/salon\/\",\"name\":\"Salon Mirror Manufacturer & Wholesale Supplier in China\",\"isPartOf\":{\"@id\":\"https:\/\/ledmirrormanufacturer.com\/#website\"},\"primaryImageOfPage\":{\"@id\":\"https:\/\/ledmirrormanufacturer.com\/applications\/salon\/#primaryimage\"},\"image\":{\"@id\":\"https:\/\/ledmirrormanufacturer.com\/applications\/salon\/#primaryimage\"},\"thumbnailUrl\":\"https:\/\/ledmirrormanufacturer.com\/wp-content\/uploads\/2025\/11\/salon-mirror-supplier.jpeg\",\"datePublished\":\"2025-11-05T09:11:00+00:00\",\"dateModified\":\"2026-04-08T15:32:11+00:00\",\"description\":\"DIMO is a experienced salon mirror factory in China,specialized in high-quality LED mirrors,makeup mirrors and full length mirrors with custom support and Competitive pricing.\",\"breadcrumb\":{\"@id\":\"https:\/\/ledmirrormanufacturer.com\/applications\/salon\/#breadcrumb\"},\"inLanguage\":\"es\",\"potentialAction\":[{\"@type\":\"ReadAction\",\"target\":[\"https:\/\/ledmirrormanufacturer.com\/applications\/salon\/\"]}]},{\"@type\":\"ImageObject\",\"inLanguage\":\"es\",\"@id\":\"https:\/\/ledmirrormanufacturer.com\/applications\/salon\/#primaryimage\",\"url\":\"https:\/\/ledmirrormanufacturer.com\/wp-content\/uploads\/2025\/11\/salon-mirror-supplier.jpeg\",\"contentUrl\":\"https:\/\/ledmirrormanufacturer.com\/wp-content\/uploads\/2025\/11\/salon-mirror-supplier.jpeg\",\"width\":750,\"height\":750,\"caption\":\"salon mirror supplier\"},{\"@type\":\"BreadcrumbList\",\"@id\":\"https:\/\/ledmirrormanufacturer.com\/applications\/salon\/#breadcrumb\",\"itemListElement\":[{\"@type\":\"ListItem\",\"position\":1,\"name\":\"\u9996\u9875\",\"item\":\"https:\/\/ledmirrormanufacturer.com\/\"},{\"@type\":\"ListItem\",\"position\":2,\"name\":\"Applications\",\"item\":\"https:\/\/ledmirrormanufacturer.com\/applications\/\"},{\"@type\":\"ListItem\",\"position\":3,\"name\":\"Salon\"}]},{\"@type\":\"WebSite\",\"@id\":\"https:\/\/ledmirrormanufacturer.com\/#website\",\"url\":\"https:\/\/ledmirrormanufacturer.com\/\",\"name\":\"LED Mirror Manufacturer Hotel Bathroom Mirror Wholesale Supplier\",\"description\":\"China LED Mirror Manufacturer,Backlit Hotel Bathroom Mirrors Suppliers,Lighted Vanity Mirror Factory,Makeup Mirror Cabinet Company\",\"publisher\":{\"@id\":\"https:\/\/ledmirrormanufacturer.com\/#organization\"},\"potentialAction\":[{\"@type\":\"SearchAction\",\"target\":{\"@type\":\"EntryPoint\",\"urlTemplate\":\"https:\/\/ledmirrormanufacturer.com\/?s={search_term_string}\"},\"query-input\":{\"@type\":\"PropertyValueSpecification\",\"valueRequired\":true,\"valueName\":\"search_term_string\"}}],\"inLanguage\":\"es\"},{\"@type\":\"Organization\",\"@id\":\"https:\/\/ledmirrormanufacturer.com\/#organization\",\"name\":\"LED Mirror Manufacturer\",\"url\":\"https:\/\/ledmirrormanufacturer.com\/\",\"logo\":{\"@type\":\"ImageObject\",\"inLanguage\":\"es\",\"@id\":\"https:\/\/ledmirrormanufacturer.com\/#\/schema\/logo\/image\/\",\"url\":\"https:\/\/ledmirrormanufacturer.com\/wp-content\/uploads\/2025\/09\/logo222-2.png\",\"contentUrl\":\"https:\/\/ledmirrormanufacturer.com\/wp-content\/uploads\/2025\/09\/logo222-2.png\",\"width\":168,\"height\":60,\"caption\":\"LED Mirror Manufacturer\"},\"image\":{\"@id\":\"https:\/\/ledmirrormanufacturer.com\/#\/schema\/logo\/image\/\"},\"sameAs\":[\"https:\/\/www.facebook.com\/smartbathmirror\",\"https:\/\/x.com\/jwysly\",\"https:\/\/www.linkedin.com\/in\/led-mirror-frank-chan-a836a813a\"]}]}<\/script>\n<!-- \/ Yoast SEO Premium plugin. -->","yoast_head_json":{"title":"Salon Mirror Manufacturer & Wholesale Supplier in China","description":"DIMO is a experienced salon mirror factory in China,specialized in high-quality LED mirrors,makeup mirrors and full length mirrors with custom support and Competitive pricing.","robots":{"index":"index","follow":"follow","max-snippet":"max-snippet:-1","max-image-preview":"max-image-preview:large","max-video-preview":"max-video-preview:-1"},"canonical":"https:\/\/ledmirrormanufacturer.com\/es\/applications\/salon\/","og_locale":"es_ES","og_type":"article","og_title":"Salon","og_description":"DIMO is a experienced salon mirror factory in China,specialized in high-quality LED mirrors,makeup mirrors and full length mirrors with custom support and Competitive pricing.","og_url":"https:\/\/ledmirrormanufacturer.com\/es\/applications\/salon\/","og_site_name":"Bathroom LED Mirror Manufacturer Wholesale Supplier","article_publisher":"https:\/\/www.facebook.com\/smartbathmirror","article_modified_time":"2026-04-08T15:32:11+00:00","og_image":[{"width":750,"height":750,"url":"https:\/\/ledmirrormanufacturer.com\/wp-content\/uploads\/2025\/11\/salon-mirror-supplier.jpeg","type":"image\/jpeg"}],"twitter_card":"summary_large_image","twitter_site":"@jwysly","twitter_misc":{"Tiempo de lectura":"3 minutos"},"schema":{"@context":"https:\/\/schema.org","@graph":[{"@type":"WebPage","@id":"https:\/\/ledmirrormanufacturer.com\/applications\/salon\/","url":"https:\/\/ledmirrormanufacturer.com\/applications\/salon\/","name":"Salon Mirror Manufacturer & Wholesale Supplier in China","isPartOf":{"@id":"https:\/\/ledmirrormanufacturer.com\/#website"},"primaryImageOfPage":{"@id":"https:\/\/ledmirrormanufacturer.com\/applications\/salon\/#primaryimage"},"image":{"@id":"https:\/\/ledmirrormanufacturer.com\/applications\/salon\/#primaryimage"},"thumbnailUrl":"https:\/\/ledmirrormanufacturer.com\/wp-content\/uploads\/2025\/11\/salon-mirror-supplier.jpeg","datePublished":"2025-11-05T09:11:00+00:00","dateModified":"2026-04-08T15:32:11+00:00","description":"DIMO is a experienced salon mirror factory in China,specialized in high-quality LED mirrors,makeup mirrors and full length mirrors with custom support and Competitive pricing.","breadcrumb":{"@id":"https:\/\/ledmirrormanufacturer.com\/applications\/salon\/#breadcrumb"},"inLanguage":"es","potentialAction":[{"@type":"ReadAction","target":["https:\/\/ledmirrormanufacturer.com\/applications\/salon\/"]}]},{"@type":"ImageObject","inLanguage":"es","@id":"https:\/\/ledmirrormanufacturer.com\/applications\/salon\/#primaryimage","url":"https:\/\/ledmirrormanufacturer.com\/wp-content\/uploads\/2025\/11\/salon-mirror-supplier.jpeg","contentUrl":"https:\/\/ledmirrormanufacturer.com\/wp-content\/uploads\/2025\/11\/salon-mirror-supplier.jpeg","width":750,"height":750,"caption":"salon mirror supplier"},{"@type":"BreadcrumbList","@id":"https:\/\/ledmirrormanufacturer.com\/applications\/salon\/#breadcrumb","itemListElement":[{"@type":"ListItem","position":1,"name":"\u9996\u9875","item":"https:\/\/ledmirrormanufacturer.com\/"},{"@type":"ListItem","position":2,"name":"Applications","item":"https:\/\/ledmirrormanufacturer.com\/applications\/"},{"@type":"ListItem","position":3,"name":"Salon"}]},{"@type":"WebSite","@id":"https:\/\/ledmirrormanufacturer.com\/#website","url":"https:\/\/ledmirrormanufacturer.com\/","name":"LED Mirror Manufacturer Hotel Bathroom Mirror Wholesale Supplier","description":"China LED Mirror Manufacturer,Backlit Hotel Bathroom Mirrors Suppliers,Lighted Vanity Mirror Factory,Makeup Mirror Cabinet Company","publisher":{"@id":"https:\/\/ledmirrormanufacturer.com\/#organization"},"potentialAction":[{"@type":"SearchAction","target":{"@type":"EntryPoint","urlTemplate":"https:\/\/ledmirrormanufacturer.com\/?s={search_term_string}"},"query-input":{"@type":"PropertyValueSpecification","valueRequired":true,"valueName":"search_term_string"}}],"inLanguage":"es"},{"@type":"Organization","@id":"https:\/\/ledmirrormanufacturer.com\/#organization","name":"LED Mirror Manufacturer","url":"https:\/\/ledmirrormanufacturer.com\/","logo":{"@type":"ImageObject","inLanguage":"es","@id":"https:\/\/ledmirrormanufacturer.com\/#\/schema\/logo\/image\/","url":"https:\/\/ledmirrormanufacturer.com\/wp-content\/uploads\/2025\/09\/logo222-2.png","contentUrl":"https:\/\/ledmirrormanufacturer.com\/wp-content\/uploads\/2025\/09\/logo222-2.png","width":168,"height":60,"caption":"LED Mirror Manufacturer"},"image":{"@id":"https:\/\/ledmirrormanufacturer.com\/#\/schema\/logo\/image\/"},"sameAs":["https:\/\/www.facebook.com\/smartbathmirror","https:\/\/x.com\/jwysly","https:\/\/www.linkedin.com\/in\/led-mirror-frank-chan-a836a813a"]}]}},"_links":{"self":[{"href":"https:\/\/ledmirrormanufacturer.com\/es\/wp-json\/wp\/v2\/pages\/21092","targetHints":{"allow":["GET"]}}],"collection":[{"href":"https:\/\/ledmirrormanufacturer.com\/es\/wp-json\/wp\/v2\/pages"}],"about":[{"href":"https:\/\/ledmirrormanufacturer.com\/es\/wp-json\/wp\/v2\/types\/page"}],"author":[{"embeddable":true,"href":"https:\/\/ledmirrormanufacturer.com\/es\/wp-json\/wp\/v2\/users\/2"}],"replies":[{"embeddable":true,"href":"https:\/\/ledmirrormanufacturer.com\/es\/wp-json\/wp\/v2\/comments?post=21092"}],"version-history":[{"count":4,"href":"https:\/\/ledmirrormanufacturer.com\/es\/wp-json\/wp\/v2\/pages\/21092\/revisions"}],"predecessor-version":[{"id":21253,"href":"https:\/\/ledmirrormanufacturer.com\/es\/wp-json\/wp\/v2\/pages\/21092\/revisions\/21253"}],"up":[{"embeddable":true,"href":"https:\/\/ledmirrormanufacturer.com\/es\/wp-json\/wp\/v2\/pages\/2690"}],"wp:featuredmedia":[{"embeddable":true,"href":"https:\/\/ledmirrormanufacturer.com\/es\/wp-json\/wp\/v2\/media\/21247"}],"wp:attachment":[{"href":"https:\/\/ledmirrormanufacturer.com\/es\/wp-json\/wp\/v2\/media?parent=21092"}],"curies":[{"name":"wp","href":"https:\/\/api.w.org\/{rel}","templated":true}]}}