{"id":20555,"date":"2025-09-29T11:47:25","date_gmt":"2025-09-29T11:47:25","guid":{"rendered":"https:\/\/ledmirrormanufacturer.com\/?post_type=product&#038;p=20555"},"modified":"2026-04-15T07:52:39","modified_gmt":"2026-04-15T07:52:39","slug":"led-wall-mirror-manufacturer","status":"publish","type":"product","link":"https:\/\/ledmirrormanufacturer.com\/es\/producto\/led-wall-mirror-manufacturer\/","title":{"rendered":"Espejo de pared LED - DMO-1001"},"content":{"rendered":"<h2>Specifications for LED Wall Mirror DMO-1001<\/h2>\n<table style=\"border-collapse: collapse; width: 782.52pt;\" border=\"0\" width=\"1565\" cellspacing=\"0\" cellpadding=\"0\">\n<tbody>\n<tr style=\"height: 16.00pt;\">\n<td class=\"et2\" style=\"height: 16.00pt; width: 111.50pt;\" width=\"223\" height=\"32\">Modelo NO.<\/td>\n<td class=\"et3\" style=\"width: 268.00pt;\" width=\"536\">DMO-1001<\/td>\n<td style=\"width: 49.50pt;\" width=\"99\"><\/td>\n<td class=\"et2\" style=\"width: 152.50pt;\" width=\"305\">Acabado<\/td>\n<td class=\"et3\" style=\"width: 201.00pt;\" width=\"402\">Chrome, etc.<\/td>\n<\/tr>\n<tr style=\"height: 16.00pt;\">\n<td class=\"et2\" style=\"height: 16.00pt; width: 111.50pt;\" width=\"223\" height=\"32\">Producto<\/td>\n<td class=\"et3\" style=\"width: 268.00pt;\" width=\"536\">Espejo de pared LED<\/td>\n<td><\/td>\n<td class=\"et2\" style=\"width: 152.50pt;\" width=\"305\">Personalizado<\/td>\n<td class=\"et3\" style=\"width: 201.00pt;\" width=\"402\">Personalizado<\/td>\n<\/tr>\n<tr style=\"height: 16.00pt;\">\n<td class=\"et2\" style=\"height: 16.00pt; width: 111.50pt;\" width=\"223\" height=\"32\">Forma<\/td>\n<td class=\"et3\" style=\"width: 268.00pt;\" width=\"536\">Redondo<\/td>\n<td><\/td>\n<td class=\"et2\" style=\"width: 152.50pt;\" width=\"305\">Tipo<\/td>\n<td class=\"et3\" style=\"width: 201.00pt;\" width=\"402\">Espejo de pared<\/td>\n<\/tr>\n<tr style=\"height: 16.00pt;\">\n<td class=\"et2\" style=\"height: 16.00pt; width: 111.50pt;\" width=\"223\" height=\"32\">Material<\/td>\n<td class=\"et3\" style=\"width: 268.00pt;\" width=\"536\">Vidrio, acero inoxidable<\/td>\n<td><\/td>\n<td class=\"et2\" style=\"width: 152.50pt;\" width=\"305\">Utilizaci\u00f3n<\/td>\n<td class=\"et3\" style=\"width: 201.00pt;\" width=\"402\">Ba\u00f1o, maquillaje<\/td>\n<\/tr>\n<tr style=\"height: 16.00pt;\">\n<td class=\"et2\" style=\"height: 16.00pt; width: 111.50pt;\" width=\"223\" height=\"32\">Estilo<\/td>\n<td class=\"et3\" style=\"width: 268.00pt;\" width=\"536\">Moderno<\/td>\n<td><\/td>\n<td class=\"et2\" style=\"width: 152.50pt;\" width=\"305\">Aplicaci\u00f3n<\/td>\n<td class=\"et3\" style=\"width: 201.00pt;\" width=\"402\">Hotel, Hogar<\/td>\n<\/tr>\n<tr style=\"height: 16.00pt;\">\n<td class=\"et2\" style=\"height: 16.00pt; width: 111.50pt;\" width=\"223\" height=\"32\">Maginificaci\u00f3n<\/td>\n<td class=\"et3\" style=\"width: 268.00pt;\" width=\"536\">1x,3x,5x,7x,10x<\/td>\n<td><\/td>\n<td class=\"et2\" style=\"width: 152.50pt;\" width=\"305\">Origen<\/td>\n<td class=\"et3\" style=\"width: 201.00pt;\" width=\"402\">Zhejiang,China<\/td>\n<\/tr>\n<tr style=\"height: 16.00pt;\">\n<td class=\"et2\" style=\"height: 16.00pt; width: 111.50pt;\" width=\"223\" height=\"32\">Lados<\/td>\n<td class=\"et3\" style=\"width: 268.00pt;\" width=\"536\">Doble cara<\/td>\n<td><\/td>\n<td class=\"et2\" style=\"width: 152.50pt;\" width=\"305\">Plazo de entrega<\/td>\n<td class=\"et3\" style=\"width: 201.00pt;\" width=\"402\">25 d\u00edas<\/td>\n<\/tr>\n<tr style=\"height: 16.00pt;\">\n<td class=\"et2\" style=\"height: 16.00pt; width: 111.50pt;\" width=\"223\" height=\"32\">Fuente de luz<\/td>\n<td class=\"et3\" style=\"width: 268.00pt;\" width=\"536\">LED<\/td>\n<td><\/td>\n<td class=\"et2\" style=\"width: 152.50pt;\" width=\"305\">Pago<\/td>\n<td class=\"et3\" style=\"width: 201.00pt;\" width=\"402\">30% Dep\u00f3sito, 70% Saldo<\/td>\n<\/tr>\n<tr style=\"height: 16.00pt;\">\n<td class=\"et2\" style=\"height: 16.00pt; width: 111.50pt;\" width=\"223\" height=\"32\">Interruptor<\/td>\n<td class=\"et3\" style=\"width: 268.00pt;\" width=\"536\">T\u00e1ctil o sensor<\/td>\n<td><\/td>\n<td class=\"et2\" style=\"width: 152.50pt;\" width=\"305\">MOQ<\/td>\n<td class=\"et4\" style=\"width: 201.00pt;\" width=\"402\">50<\/td>\n<\/tr>\n<tr style=\"height: 16.00pt;\">\n<td class=\"et2\" style=\"height: 16.00pt; width: 111.50pt;\" width=\"223\" height=\"32\">Instalaci\u00f3n<\/td>\n<td class=\"et3\" style=\"width: 268.00pt;\" width=\"536\">Con cable o enchufe<\/td>\n<td><\/td>\n<td class=\"et2\" style=\"width: 152.50pt;\" width=\"305\">Paquete de transporte<\/td>\n<td class=\"et3\" style=\"width: 201.00pt;\" width=\"402\">Espuma interior, Caja de cart\u00f3n exterior<\/td>\n<\/tr>\n<\/tbody>\n<\/table>\n<h3><a href=\"https:\/\/ledmirrormanufacturer.com\/es\/led-makeup-mirror\/\"><strong>VER DETALLES<\/strong><\/a><\/h3>","protected":false},"excerpt":{"rendered":"<p>*<strong> DOBLE CARA<\/strong>: 1x,3x,5x,7x,10x Aumento para ver todos los detalles para maquillarse, arreglarse y afeitarse. Ideal para el uso diario.<br \/>\n* <strong>ILUMINACI\u00d3N UNIFORME Y CLARA<\/strong>:Incorpora iluminaci\u00f3n Led para que sea m\u00e1s f\u00e1cil ver lo que est\u00e1s haciendo. Eficiencia energ\u00e9tica<br \/>\n* <strong>GIRO DE 360<\/strong>: Un dise\u00f1o giratorio suave que puede fijarse en el \u00e1ngulo que desee. Los espejos de pared ajustables se fijan a un<br \/>\nbrazo mural que puede ser articulado, telesc\u00f3pico o basculante. Puede ajustar el \u00e1ngulo del espejo y acercarlo a<br \/>\nla cara cuando sea necesario.<br \/>\n*<strong> MATERIAL<\/strong>Hecho de lat\u00f3n y acero inoxidable 304, acabado cromado, que es inoxidable, anticorrosivo y duradero.<\/p>","protected":false},"featured_media":20556,"comment_status":"open","ping_status":"closed","template":"","meta":{"inline_featured_image":false},"product_cat":[78],"product_tag":[],"class_list":{"0":"post-20555","1":"product","2":"type-product","3":"status-publish","4":"has-post-thumbnail","6":"product_brand-oem","7":"product_cat-makeup-mirror","9":"first","10":"instock","11":"shipping-taxable","12":"product-type-simple"},"yoast_head":"<!-- This site is optimized with the Yoast SEO Premium plugin v25.8 (Yoast SEO v25.8) - https:\/\/yoast.com\/wordpress\/plugins\/seo\/ -->\n<title>LED Wall Mirror - DMO-1001 - Bathroom LED Mirror Manufacturer Wholesale Supplier<\/title>\n<meta name=\"description\" content=\"LED Wall Mirror Manufacturer and wholesale supplier from China - DIMO Mirror is a leading factory for LED bathroom mirrors, led mirror cabinets, wall makeup mirrors.\" \/>\n<meta name=\"robots\" content=\"index, follow, max-snippet:-1, max-image-preview:large, max-video-preview:-1\" \/>\n<link rel=\"canonical\" href=\"https:\/\/ledmirrormanufacturer.com\/es\/producto\/led-wall-mirror-manufacturer\/\" \/>\n<meta property=\"og:locale\" content=\"es_ES\" \/>\n<meta property=\"og:type\" content=\"article\" \/>\n<meta property=\"og:title\" content=\"LED Wall Mirror - DMO-1001\" \/>\n<meta property=\"og:description\" content=\"LED Wall Mirror Manufacturer and wholesale supplier from China - DIMO Mirror is a leading factory for LED bathroom mirrors, led mirror cabinets, wall makeup mirrors.\" \/>\n<meta property=\"og:url\" content=\"https:\/\/ledmirrormanufacturer.com\/es\/producto\/led-wall-mirror-manufacturer\/\" \/>\n<meta property=\"og:site_name\" content=\"Bathroom LED Mirror Manufacturer Wholesale Supplier\" \/>\n<meta property=\"article:publisher\" content=\"https:\/\/www.facebook.com\/smartbathmirror\" \/>\n<meta property=\"article:modified_time\" content=\"2026-04-15T07:52:39+00:00\" \/>\n<meta property=\"og:image\" content=\"https:\/\/ledmirrormanufacturer.com\/wp-content\/uploads\/2025\/09\/Hotel-Bathroom-Magnifying-Makeup-Mirrors-1.jpg\" \/>\n\t<meta property=\"og:image:width\" content=\"750\" \/>\n\t<meta property=\"og:image:height\" content=\"750\" \/>\n\t<meta property=\"og:image:type\" content=\"image\/jpeg\" \/>\n<meta name=\"twitter:card\" content=\"summary_large_image\" \/>\n<meta name=\"twitter:site\" content=\"@jwysly\" \/>\n<meta name=\"twitter:label1\" content=\"Tiempo de lectura\" \/>\n\t<meta name=\"twitter:data1\" content=\"1 minuto\" \/>\n<script type=\"application\/ld+json\" class=\"yoast-schema-graph\">{\"@context\":\"https:\/\/schema.org\",\"@graph\":[{\"@type\":\"WebPage\",\"@id\":\"https:\/\/ledmirrormanufacturer.com\/product\/led-wall-mirror-manufacturer\/\",\"url\":\"https:\/\/ledmirrormanufacturer.com\/product\/led-wall-mirror-manufacturer\/\",\"name\":\"LED Wall Mirror - DMO-1001 - Bathroom LED Mirror Manufacturer Wholesale Supplier\",\"isPartOf\":{\"@id\":\"https:\/\/ledmirrormanufacturer.com\/#website\"},\"primaryImageOfPage\":{\"@id\":\"https:\/\/ledmirrormanufacturer.com\/product\/led-wall-mirror-manufacturer\/#primaryimage\"},\"image\":{\"@id\":\"https:\/\/ledmirrormanufacturer.com\/product\/led-wall-mirror-manufacturer\/#primaryimage\"},\"thumbnailUrl\":\"https:\/\/ledmirrormanufacturer.com\/wp-content\/uploads\/2025\/09\/Hotel-Bathroom-Magnifying-Makeup-Mirrors-1.jpg\",\"datePublished\":\"2025-09-29T11:47:25+00:00\",\"dateModified\":\"2026-04-15T07:52:39+00:00\",\"description\":\"LED Wall Mirror Manufacturer and wholesale supplier from China - DIMO Mirror is a leading factory for LED bathroom mirrors, led mirror cabinets, wall makeup mirrors.\",\"breadcrumb\":{\"@id\":\"https:\/\/ledmirrormanufacturer.com\/product\/led-wall-mirror-manufacturer\/#breadcrumb\"},\"inLanguage\":\"es\",\"potentialAction\":[{\"@type\":\"ReadAction\",\"target\":[\"https:\/\/ledmirrormanufacturer.com\/product\/led-wall-mirror-manufacturer\/\"]}]},{\"@type\":\"ImageObject\",\"inLanguage\":\"es\",\"@id\":\"https:\/\/ledmirrormanufacturer.com\/product\/led-wall-mirror-manufacturer\/#primaryimage\",\"url\":\"https:\/\/ledmirrormanufacturer.com\/wp-content\/uploads\/2025\/09\/Hotel-Bathroom-Magnifying-Makeup-Mirrors-1.jpg\",\"contentUrl\":\"https:\/\/ledmirrormanufacturer.com\/wp-content\/uploads\/2025\/09\/Hotel-Bathroom-Magnifying-Makeup-Mirrors-1.jpg\",\"width\":750,\"height\":750,\"caption\":\"Hotel Bathroom Magnifying Makeup Mirrors\u00a0 (1)\"},{\"@type\":\"BreadcrumbList\",\"@id\":\"https:\/\/ledmirrormanufacturer.com\/product\/led-wall-mirror-manufacturer\/#breadcrumb\",\"itemListElement\":[{\"@type\":\"ListItem\",\"position\":1,\"name\":\"\u9996\u9875\",\"item\":\"https:\/\/ledmirrormanufacturer.com\/\"},{\"@type\":\"ListItem\",\"position\":2,\"name\":\"Product\",\"item\":\"https:\/\/ledmirrormanufacturer.com\/product\/\"},{\"@type\":\"ListItem\",\"position\":3,\"name\":\"LED Wall Mirror &#8211; DMO-1001\"}]},{\"@type\":\"WebSite\",\"@id\":\"https:\/\/ledmirrormanufacturer.com\/#website\",\"url\":\"https:\/\/ledmirrormanufacturer.com\/\",\"name\":\"LED Mirror Manufacturer Hotel Bathroom Mirror Wholesale Supplier\",\"description\":\"China LED Mirror Manufacturer,Backlit Hotel Bathroom Mirrors Suppliers,Lighted Vanity Mirror Factory,Makeup Mirror Cabinet Company\",\"publisher\":{\"@id\":\"https:\/\/ledmirrormanufacturer.com\/#organization\"},\"potentialAction\":[{\"@type\":\"SearchAction\",\"target\":{\"@type\":\"EntryPoint\",\"urlTemplate\":\"https:\/\/ledmirrormanufacturer.com\/?s={search_term_string}\"},\"query-input\":{\"@type\":\"PropertyValueSpecification\",\"valueRequired\":true,\"valueName\":\"search_term_string\"}}],\"inLanguage\":\"es\"},{\"@type\":\"Organization\",\"@id\":\"https:\/\/ledmirrormanufacturer.com\/#organization\",\"name\":\"LED Mirror Manufacturer\",\"url\":\"https:\/\/ledmirrormanufacturer.com\/\",\"logo\":{\"@type\":\"ImageObject\",\"inLanguage\":\"es\",\"@id\":\"https:\/\/ledmirrormanufacturer.com\/#\/schema\/logo\/image\/\",\"url\":\"https:\/\/ledmirrormanufacturer.com\/wp-content\/uploads\/2025\/09\/logo222-2.png\",\"contentUrl\":\"https:\/\/ledmirrormanufacturer.com\/wp-content\/uploads\/2025\/09\/logo222-2.png\",\"width\":168,\"height\":60,\"caption\":\"LED Mirror Manufacturer\"},\"image\":{\"@id\":\"https:\/\/ledmirrormanufacturer.com\/#\/schema\/logo\/image\/\"},\"sameAs\":[\"https:\/\/www.facebook.com\/smartbathmirror\",\"https:\/\/x.com\/jwysly\",\"https:\/\/www.linkedin.com\/in\/led-mirror-frank-chan-a836a813a\"]}]}<\/script>\n<!-- \/ Yoast SEO Premium plugin. -->","yoast_head_json":{"title":"LED Wall Mirror - DMO-1001 - Bathroom LED Mirror Manufacturer Wholesale Supplier","description":"LED Wall Mirror Manufacturer and wholesale supplier from China - DIMO Mirror is a leading factory for LED bathroom mirrors, led mirror cabinets, wall makeup mirrors.","robots":{"index":"index","follow":"follow","max-snippet":"max-snippet:-1","max-image-preview":"max-image-preview:large","max-video-preview":"max-video-preview:-1"},"canonical":"https:\/\/ledmirrormanufacturer.com\/es\/producto\/led-wall-mirror-manufacturer\/","og_locale":"es_ES","og_type":"article","og_title":"LED Wall Mirror - DMO-1001","og_description":"LED Wall Mirror Manufacturer and wholesale supplier from China - DIMO Mirror is a leading factory for LED bathroom mirrors, led mirror cabinets, wall makeup mirrors.","og_url":"https:\/\/ledmirrormanufacturer.com\/es\/producto\/led-wall-mirror-manufacturer\/","og_site_name":"Bathroom LED Mirror Manufacturer Wholesale Supplier","article_publisher":"https:\/\/www.facebook.com\/smartbathmirror","article_modified_time":"2026-04-15T07:52:39+00:00","og_image":[{"width":750,"height":750,"url":"https:\/\/ledmirrormanufacturer.com\/wp-content\/uploads\/2025\/09\/Hotel-Bathroom-Magnifying-Makeup-Mirrors-1.jpg","type":"image\/jpeg"}],"twitter_card":"summary_large_image","twitter_site":"@jwysly","twitter_misc":{"Tiempo de lectura":"1 minuto"},"schema":{"@context":"https:\/\/schema.org","@graph":[{"@type":"WebPage","@id":"https:\/\/ledmirrormanufacturer.com\/product\/led-wall-mirror-manufacturer\/","url":"https:\/\/ledmirrormanufacturer.com\/product\/led-wall-mirror-manufacturer\/","name":"LED Wall Mirror - DMO-1001 - Bathroom LED Mirror Manufacturer Wholesale Supplier","isPartOf":{"@id":"https:\/\/ledmirrormanufacturer.com\/#website"},"primaryImageOfPage":{"@id":"https:\/\/ledmirrormanufacturer.com\/product\/led-wall-mirror-manufacturer\/#primaryimage"},"image":{"@id":"https:\/\/ledmirrormanufacturer.com\/product\/led-wall-mirror-manufacturer\/#primaryimage"},"thumbnailUrl":"https:\/\/ledmirrormanufacturer.com\/wp-content\/uploads\/2025\/09\/Hotel-Bathroom-Magnifying-Makeup-Mirrors-1.jpg","datePublished":"2025-09-29T11:47:25+00:00","dateModified":"2026-04-15T07:52:39+00:00","description":"LED Wall Mirror Manufacturer and wholesale supplier from China - DIMO Mirror is a leading factory for LED bathroom mirrors, led mirror cabinets, wall makeup mirrors.","breadcrumb":{"@id":"https:\/\/ledmirrormanufacturer.com\/product\/led-wall-mirror-manufacturer\/#breadcrumb"},"inLanguage":"es","potentialAction":[{"@type":"ReadAction","target":["https:\/\/ledmirrormanufacturer.com\/product\/led-wall-mirror-manufacturer\/"]}]},{"@type":"ImageObject","inLanguage":"es","@id":"https:\/\/ledmirrormanufacturer.com\/product\/led-wall-mirror-manufacturer\/#primaryimage","url":"https:\/\/ledmirrormanufacturer.com\/wp-content\/uploads\/2025\/09\/Hotel-Bathroom-Magnifying-Makeup-Mirrors-1.jpg","contentUrl":"https:\/\/ledmirrormanufacturer.com\/wp-content\/uploads\/2025\/09\/Hotel-Bathroom-Magnifying-Makeup-Mirrors-1.jpg","width":750,"height":750,"caption":"Hotel Bathroom Magnifying Makeup Mirrors\u00a0 (1)"},{"@type":"BreadcrumbList","@id":"https:\/\/ledmirrormanufacturer.com\/product\/led-wall-mirror-manufacturer\/#breadcrumb","itemListElement":[{"@type":"ListItem","position":1,"name":"\u9996\u9875","item":"https:\/\/ledmirrormanufacturer.com\/"},{"@type":"ListItem","position":2,"name":"Product","item":"https:\/\/ledmirrormanufacturer.com\/product\/"},{"@type":"ListItem","position":3,"name":"LED Wall Mirror &#8211; DMO-1001"}]},{"@type":"WebSite","@id":"https:\/\/ledmirrormanufacturer.com\/#website","url":"https:\/\/ledmirrormanufacturer.com\/","name":"LED Mirror Manufacturer Hotel Bathroom Mirror Wholesale Supplier","description":"China LED Mirror Manufacturer,Backlit Hotel Bathroom Mirrors Suppliers,Lighted Vanity Mirror Factory,Makeup Mirror Cabinet Company","publisher":{"@id":"https:\/\/ledmirrormanufacturer.com\/#organization"},"potentialAction":[{"@type":"SearchAction","target":{"@type":"EntryPoint","urlTemplate":"https:\/\/ledmirrormanufacturer.com\/?s={search_term_string}"},"query-input":{"@type":"PropertyValueSpecification","valueRequired":true,"valueName":"search_term_string"}}],"inLanguage":"es"},{"@type":"Organization","@id":"https:\/\/ledmirrormanufacturer.com\/#organization","name":"LED Mirror Manufacturer","url":"https:\/\/ledmirrormanufacturer.com\/","logo":{"@type":"ImageObject","inLanguage":"es","@id":"https:\/\/ledmirrormanufacturer.com\/#\/schema\/logo\/image\/","url":"https:\/\/ledmirrormanufacturer.com\/wp-content\/uploads\/2025\/09\/logo222-2.png","contentUrl":"https:\/\/ledmirrormanufacturer.com\/wp-content\/uploads\/2025\/09\/logo222-2.png","width":168,"height":60,"caption":"LED Mirror Manufacturer"},"image":{"@id":"https:\/\/ledmirrormanufacturer.com\/#\/schema\/logo\/image\/"},"sameAs":["https:\/\/www.facebook.com\/smartbathmirror","https:\/\/x.com\/jwysly","https:\/\/www.linkedin.com\/in\/led-mirror-frank-chan-a836a813a"]}]}},"_links":{"self":[{"href":"https:\/\/ledmirrormanufacturer.com\/es\/wp-json\/wp\/v2\/product\/20555","targetHints":{"allow":["GET"]}}],"collection":[{"href":"https:\/\/ledmirrormanufacturer.com\/es\/wp-json\/wp\/v2\/product"}],"about":[{"href":"https:\/\/ledmirrormanufacturer.com\/es\/wp-json\/wp\/v2\/types\/product"}],"replies":[{"embeddable":true,"href":"https:\/\/ledmirrormanufacturer.com\/es\/wp-json\/wp\/v2\/comments?post=20555"}],"wp:featuredmedia":[{"embeddable":true,"href":"https:\/\/ledmirrormanufacturer.com\/es\/wp-json\/wp\/v2\/media\/20556"}],"wp:attachment":[{"href":"https:\/\/ledmirrormanufacturer.com\/es\/wp-json\/wp\/v2\/media?parent=20555"}],"wp:term":[{"taxonomy":"product_cat","embeddable":true,"href":"https:\/\/ledmirrormanufacturer.com\/es\/wp-json\/wp\/v2\/product_cat?post=20555"},{"taxonomy":"product_tag","embeddable":true,"href":"https:\/\/ledmirrormanufacturer.com\/es\/wp-json\/wp\/v2\/product_tag?post=20555"}],"curies":[{"name":"wp","href":"https:\/\/api.w.org\/{rel}","templated":true}]}}