{"id":21124,"date":"2025-11-11T14:33:35","date_gmt":"2025-11-11T14:33:35","guid":{"rendered":"https:\/\/ledmirrormanufacturer.com\/?post_type=product&#038;p=21124"},"modified":"2026-04-15T07:47:58","modified_gmt":"2026-04-15T07:47:58","slug":"full-length-mirror-fl-02","status":"publish","type":"product","link":"https:\/\/ledmirrormanufacturer.com\/es\/producto\/full-length-mirror-fl-02\/","title":{"rendered":"Espejo de cuerpo entero FL-02"},"content":{"rendered":"<h2 style=\"text-align: left;\">Espejo de cuerpo entero <span style=\"color: #000000;\">Modelo:FL-02<\/span><\/h2>\n<p style=\"text-align: left;\"><span style=\"color: #000000;\">Este espejo de cuerpo entero es un espejo enmarcado, la mayor\u00eda de los modelos de venta caliente, con marco de aluminio \/ metal y soporte de pie para ser instalado en el suelo o en la pared, el gran tama\u00f1o de la superficie del espejo puede reflejar f\u00e1cilmente su belleza, y a\u00f1adir a la decoraci\u00f3n del dormitorio o vestidor. Las formas m\u00e1s comunes son rect\u00e1ngulo, redondo, y tambi\u00e9n pueden ser formas irregulares.<\/span><\/p>\n<h2 style=\"text-align: left;\"><span style=\"color: #000000;\">Short description of the Full Length Mirror:<\/span><\/h2>\n<table style=\"border-collapse: collapse; width: 567.02pt;\" border=\"0\" width=\"1134\" cellspacing=\"0\" cellpadding=\"0\">\n<tbody>\n<tr style=\"height: 16.00pt;\">\n<td class=\"et2\" style=\"height: 16.00pt; width: 125.50pt;\" width=\"251\" height=\"32\">Utilizaci\u00f3n<\/td>\n<td class=\"et3\" style=\"width: 159.00pt;\" width=\"318\"><\/td>\n<td class=\"et3\" style=\"width: 228.50pt;\" width=\"457\">Decorativo<\/td>\n<td class=\"et4\" style=\"width: 54.00pt;\" width=\"108\"><\/td>\n<\/tr>\n<tr style=\"height: 16.00pt;\">\n<td class=\"et5\" style=\"height: 16.00pt; width: 125.50pt;\" width=\"251\" height=\"32\">Forma<\/td>\n<td class=\"et6\" style=\"width: 159.00pt;\" width=\"318\"><\/td>\n<td class=\"et6\" style=\"width: 228.50pt;\" width=\"457\">Rect\u00e1ngulo<\/td>\n<td class=\"et7\"><\/td>\n<\/tr>\n<tr style=\"height: 16.00pt;\">\n<td class=\"et5\" style=\"height: 16.00pt; width: 125.50pt;\" width=\"251\" height=\"32\">Material<\/td>\n<td class=\"et6\" style=\"width: 159.00pt;\" width=\"318\"><\/td>\n<td class=\"et6\" style=\"width: 228.50pt;\" width=\"457\">Vidrio, aluminio, hierro<\/td>\n<td class=\"et7\"><\/td>\n<\/tr>\n<tr style=\"height: 16.00pt;\">\n<td class=\"et5\" style=\"height: 16.00pt; width: 125.50pt;\" width=\"251\" height=\"32\">Estilo de dise\u00f1o<\/td>\n<td class=\"et6\" style=\"width: 159.00pt;\" width=\"318\"><\/td>\n<td class=\"et6\" style=\"width: 228.50pt;\" width=\"457\">Moderno<\/td>\n<td class=\"et7\"><\/td>\n<\/tr>\n<tr style=\"height: 16.00pt;\">\n<td class=\"et5\" style=\"height: 16.00pt; width: 125.50pt;\" width=\"251\" height=\"32\">Ocasi\u00f3n<\/td>\n<td class=\"et6\" style=\"width: 159.00pt;\" width=\"318\"><\/td>\n<td class=\"et6\" style=\"width: 228.50pt;\" width=\"457\">Dormitorio,hotel,vestidor<\/td>\n<td class=\"et7\"><\/td>\n<\/tr>\n<tr style=\"height: 16.00pt;\">\n<td class=\"et5\" style=\"height: 16.00pt; width: 125.50pt;\" width=\"251\" height=\"32\">Lugar de origen<\/td>\n<td class=\"et6\" style=\"width: 159.00pt;\" width=\"318\"><\/td>\n<td class=\"et6\" style=\"width: 228.50pt;\" width=\"457\">Zhejiang, China<\/td>\n<td class=\"et7\"><\/td>\n<\/tr>\n<tr style=\"height: 16.00pt;\">\n<td class=\"et5\" style=\"height: 16.00pt; width: 125.50pt;\" width=\"251\" height=\"32\">Marca<\/td>\n<td class=\"et6\" style=\"width: 159.00pt;\" width=\"318\"><\/td>\n<td class=\"et6\" style=\"width: 228.50pt;\" width=\"457\">OEM<\/td>\n<td class=\"et7\"><\/td>\n<\/tr>\n<tr style=\"height: 16.00pt;\">\n<td class=\"et5\" style=\"height: 16.00pt; width: 125.50pt;\" width=\"251\" height=\"32\">Nombre del producto<\/td>\n<td class=\"et6\" style=\"width: 159.00pt;\" width=\"318\"><\/td>\n<td class=\"et6\" style=\"width: 228.50pt;\" width=\"457\">Espejo de decoraci\u00f3n<\/td>\n<td class=\"et7\"><\/td>\n<\/tr>\n<tr style=\"height: 16.00pt;\">\n<td class=\"et5\" style=\"height: 16.00pt; width: 125.50pt;\" width=\"251\" height=\"32\">Material<\/td>\n<td class=\"et6\" style=\"width: 159.00pt;\" width=\"318\"><\/td>\n<td class=\"et6\" style=\"width: 228.50pt;\" width=\"457\">Vidrio flotado<\/td>\n<td class=\"et7\"><\/td>\n<\/tr>\n<tr style=\"height: 16.00pt;\">\n<td class=\"et5\" style=\"height: 16.00pt; width: 125.50pt;\" width=\"251\" height=\"32\">Utilizaci\u00f3n<\/td>\n<td class=\"et6\" style=\"width: 159.00pt;\" width=\"318\"><\/td>\n<td class=\"et6\" style=\"width: 228.50pt;\" width=\"457\">Decoraci\u00f3n del hogar<\/td>\n<td class=\"et7\"><\/td>\n<\/tr>\n<tr style=\"height: 16.00pt;\">\n<td class=\"et5\" style=\"height: 16.00pt; width: 125.50pt;\" width=\"251\" height=\"32\">MOQ<\/td>\n<td class=\"et6\" style=\"width: 159.00pt;\" width=\"318\"><\/td>\n<td class=\"et6\" style=\"width: 228.50pt;\" width=\"457\">20 piezas<\/td>\n<td class=\"et7\"><\/td>\n<\/tr>\n<tr style=\"height: 16.00pt;\">\n<td class=\"et5\" style=\"height: 16.00pt; width: 125.50pt;\" width=\"251\" height=\"32\">Estilo<\/td>\n<td class=\"et6\" style=\"width: 159.00pt;\" width=\"318\"><\/td>\n<td class=\"et6\" style=\"width: 228.50pt;\" width=\"457\">Espejo de cristal Morden<\/td>\n<td class=\"et7\"><\/td>\n<\/tr>\n<tr style=\"height: 16.00pt;\">\n<td class=\"et5\" style=\"height: 16.00pt; width: 125.50pt;\" width=\"251\" height=\"32\">Aplicaci\u00f3n<\/td>\n<td class=\"et6\" style=\"width: 159.00pt;\" width=\"318\"><\/td>\n<td class=\"et6\" style=\"width: 228.50pt;\" width=\"457\">Ba\u00f1o en casa<\/td>\n<td class=\"et7\"><\/td>\n<\/tr>\n<tr style=\"height: 16.00pt;\">\n<td class=\"et5\" style=\"height: 16.00pt; width: 125.50pt;\" width=\"251\" height=\"32\">Embalaje<\/td>\n<td class=\"et6\" style=\"width: 159.00pt;\" width=\"318\"><\/td>\n<td class=\"et6\" style=\"width: 228.50pt;\" width=\"457\">1PC PE Bag+polyfoam\/CTN<\/td>\n<td class=\"et7\"><\/td>\n<\/tr>\n<tr style=\"height: 16.00pt;\">\n<td class=\"et5\" style=\"height: 16.00pt; width: 125.50pt;\" width=\"251\" height=\"32\">Calidad<\/td>\n<td class=\"et6\" style=\"width: 159.00pt;\" width=\"318\"><\/td>\n<td class=\"et6\" style=\"width: 228.50pt;\" width=\"457\">Alto grado<\/td>\n<td class=\"et7\"><\/td>\n<\/tr>\n<tr style=\"height: 16.00pt;\">\n<td class=\"et5\" style=\"height: 16.00pt; width: 125.50pt;\" width=\"251\" height=\"32\">Color<\/td>\n<td class=\"et6\" style=\"width: 159.00pt;\" width=\"318\"><\/td>\n<td class=\"et6\" style=\"width: 228.50pt;\" width=\"457\">Negro Plata Blanco Gris dorado<\/td>\n<td class=\"et7\"><\/td>\n<\/tr>\n<tr style=\"height: 16.00pt;\">\n<td class=\"et8\" style=\"height: 16.00pt; width: 125.50pt;\" width=\"251\" height=\"32\">Talla<\/td>\n<td class=\"et9\" style=\"width: 159.00pt;\" width=\"318\"><\/td>\n<td class=\"et9\" style=\"width: 228.50pt;\" width=\"457\">Tama\u00f1os personalizados<\/td>\n<td class=\"et10\"><\/td>\n<\/tr>\n<\/tbody>\n<\/table>\n<p>Espejo de cuerpo entero de la mejor calidad<\/p>\n<p><span style=\"color: #000000;\"><br \/>\n<img fetchpriority=\"high\" decoding=\"async\" class=\"wp-image-20214\" src=\"https:\/\/ledmirrormanufacturer.com\/wp-content\/uploads\/2025\/09\/copper-free-silver-mirror-layers.jpg\" alt=\"glass-layers of led mirror manufacturer wholesale supplier\" width=\"641\" height=\"467\" \/><\/span><\/p>\n<p>&nbsp;<\/p>\n<p><img decoding=\"async\" class=\"alignnone wp-image-21126\" src=\"https:\/\/ledmirrormanufacturer.com\/wp-content\/uploads\/2025\/11\/full-length-mirror-frame-color-glass-detail.jpg\" alt=\"full-length-mirror-with-frame manufacturer\" width=\"671\" height=\"494\" \/><\/p>\n<p><img decoding=\"async\" class=\"alignnone wp-image-21127\" src=\"https:\/\/ledmirrormanufacturer.com\/wp-content\/uploads\/2025\/11\/back.jpg\" alt=\"\" width=\"620\" height=\"621\" srcset=\"https:\/\/ledmirrormanufacturer.com\/wp-content\/uploads\/2025\/11\/back-300x300.jpg 300w, https:\/\/ledmirrormanufacturer.com\/wp-content\/uploads\/2025\/11\/back-150x150.jpg 150w, https:\/\/ledmirrormanufacturer.com\/wp-content\/uploads\/2025\/11\/back-12x12.jpg 12w, https:\/\/ledmirrormanufacturer.com\/wp-content\/uploads\/2025\/11\/back-460x460.jpg 460w\" sizes=\"(max-width: 620px) 100vw, 620px\" \/><\/p>\n<h3>Opciones de tama\u00f1o para espejos de cuerpo entero<\/h3>\n<p><img loading=\"lazy\" decoding=\"async\" class=\"alignnone wp-image-21128\" src=\"https:\/\/ledmirrormanufacturer.com\/wp-content\/uploads\/2025\/11\/size.jpg\" alt=\"size of full length mirror \" width=\"613\" height=\"494\" srcset=\"https:\/\/ledmirrormanufacturer.com\/wp-content\/uploads\/2025\/11\/size-300x243.jpg 300w, https:\/\/ledmirrormanufacturer.com\/wp-content\/uploads\/2025\/11\/size-15x12.jpg 15w\" sizes=\"(max-width: 613px) 100vw, 613px\" \/><\/p>\n<p>&nbsp;<\/p>\n<h2><span style=\"color: #000000;\">Proceso de producci\u00f3n de espejos de longitud completa<\/span><span style=\"color: #000000;\">:<\/span><\/h2>\n<p><img loading=\"lazy\" decoding=\"async\" class=\"alignnone wp-image-20545\" src=\"https:\/\/ledmirrormanufacturer.com\/wp-content\/uploads\/2025\/09\/LED-MIRROR-MANUFACTURING-PROCESS-1.jpg\" alt=\"LED-MIRROR-MANUFACTURING-PROCESS\" width=\"676\" height=\"391\" \/><\/p>\n<p>&nbsp;<\/p>\n<h2><span style=\"color: #000000;\">Embalaje para espejo de cuerpo entero<\/span><span style=\"color: #000000;\">:<\/span><\/h2>\n<p><img loading=\"lazy\" decoding=\"async\" class=\"alignnone wp-image-21129\" src=\"https:\/\/ledmirrormanufacturer.com\/wp-content\/uploads\/2025\/11\/packing-of-full-length-mirror.jpg\" alt=\"packing-of-full-length-mirror\" width=\"677\" height=\"255\" \/><\/p>\n<ul>\n<li><span style=\"color: #000000;\"><strong>Proveeremos a nuestros clientes:<\/strong><\/span><\/li>\n<\/ul>\n<p><span style=\"color: #000000;\">1. Certificado CE, ETL, IP44, RoHS, ERP<\/span><\/p>\n<p><span style=\"color: #000000;\">2. M\u00e1s de 15 a\u00f1os de experiencia, satisfacci\u00f3n del cliente 98%<\/span><\/p>\n<p><span style=\"color: #000000;\">3. 100% examinado antes de la carga<\/span><\/p>\n<p><span style=\"color: #000000;\">4. Dibujo t\u00e9cnico profesional para la licitaci\u00f3n del proyecto<\/span><\/p>\n<p><span style=\"color: #000000;\">5. Capacidad de producci\u00f3n mensual de 40 contenedores, entrega a tiempo<\/span><\/p>\n<p><span style=\"color: #000000;\">6. 3 a\u00f1os de garant\u00eda, mantenimiento de por vida<\/span><\/p>\n<p><span style=\"color: #000000;\">7. Env\u00edo puerta a puerta disponible<\/span><\/p>\n<p><span style=\"color: #000000;\">8. Alibaba comercio garant\u00eda de pago con tarjeta de cr\u00e9dito o cheque electr\u00f3nico<\/span><\/p>\n<p>&nbsp;<\/p>\n<p>Para m\u00e1s modelos :<span style=\"color: #ffcc00;\"> <a style=\"color: #ffcc00;\" href=\"https:\/\/ledmirrormanufacturer.com\/es\/producto\/\">Haga clic aqu\u00ed para ver todos los modelos<\/a><\/span><\/p>\n<ul>\n<li><strong>No dude en enviarnos su consulta.<\/strong><\/li>\n<\/ul>\n<p>Por favor, incluya los siguientes datos:<\/p>\n<ol>\n<li>Tallas *<\/li>\n<li>Cantidades *<\/li>\n<li>Caracter\u00edsticas adicionales<\/li>\n<li>Finalidad: Para proyectos o productos de marca o etc.<\/li>\n<\/ol>","protected":false},"excerpt":{"rendered":"<h5><strong>Material:<\/strong><\/h5>\n<h5>Espejo : 4mm\/5mm espejo plateado<\/h5>\n<h5>Estructura : Marco de aluminio\/Acero inoxidable\/Pl\u00e1stico\/PS\/Madera<\/h5>\n<h5>Instalaci\u00f3n : Pared o suelo<\/h5>\n<h5>Seguridad: Tablero trasero o pel\u00edcula, a prueba de explosiones.  O vidrio templado.<\/h5>\n<p>&nbsp;<\/p>\n<p>&nbsp;<\/p>","protected":false},"featured_media":21130,"comment_status":"open","ping_status":"closed","template":"","meta":{"inline_featured_image":false},"product_cat":[79],"product_tag":[100,102,95,103],"class_list":{"0":"post-21124","1":"product","2":"type-product","3":"status-publish","4":"has-post-thumbnail","6":"product_brand-oem","7":"product_cat-full-length-mirror","8":"product_tag-dressing-mirror","9":"product_tag-mirror-with-frame","10":"product_tag-rectangle-mirror","11":"product_tag-standing-mirror","13":"first","14":"instock","15":"shipping-taxable","16":"product-type-simple"},"yoast_head":"<!-- This site is optimized with the Yoast SEO Premium plugin v25.8 (Yoast SEO v25.8) - https:\/\/yoast.com\/wordpress\/plugins\/seo\/ -->\n<title>Full Length Mirror FL-02 - Bathroom LED Mirror Manufacturer Wholesale Supplier<\/title>\n<meta name=\"description\" content=\"Full Lentgh mirror Manufacturer and wholesale supplier from China - DIMO is a leading factory for LED bathroom mirrors, led mirror cabinets, wall makeup mirrors.\" \/>\n<meta name=\"robots\" content=\"index, follow, max-snippet:-1, max-image-preview:large, max-video-preview:-1\" \/>\n<link rel=\"canonical\" href=\"https:\/\/ledmirrormanufacturer.com\/es\/producto\/full-length-mirror-fl-02\/\" \/>\n<meta property=\"og:locale\" content=\"es_ES\" \/>\n<meta property=\"og:type\" content=\"article\" \/>\n<meta property=\"og:title\" content=\"Full Length Mirror FL-02\" \/>\n<meta property=\"og:description\" content=\"Full Lentgh mirror Manufacturer and wholesale supplier from China - DIMO is a leading factory for LED bathroom mirrors, led mirror cabinets, wall makeup mirrors.\" \/>\n<meta property=\"og:url\" content=\"https:\/\/ledmirrormanufacturer.com\/es\/producto\/full-length-mirror-fl-02\/\" \/>\n<meta property=\"og:site_name\" content=\"Bathroom LED Mirror Manufacturer Wholesale Supplier\" \/>\n<meta property=\"article:publisher\" content=\"https:\/\/www.facebook.com\/smartbathmirror\" \/>\n<meta property=\"article:modified_time\" content=\"2026-04-15T07:47:58+00:00\" \/>\n<meta property=\"og:image\" content=\"https:\/\/ledmirrormanufacturer.com\/wp-content\/uploads\/2025\/11\/fl-02-full-length-mirror-supplier.jpg\" \/>\n\t<meta property=\"og:image:width\" content=\"1100\" \/>\n\t<meta property=\"og:image:height\" content=\"1100\" \/>\n\t<meta property=\"og:image:type\" content=\"image\/jpeg\" \/>\n<meta name=\"twitter:card\" content=\"summary_large_image\" \/>\n<meta name=\"twitter:site\" content=\"@jwysly\" \/>\n<meta name=\"twitter:label1\" content=\"Tiempo de lectura\" \/>\n\t<meta name=\"twitter:data1\" content=\"3 minutos\" \/>\n<script type=\"application\/ld+json\" class=\"yoast-schema-graph\">{\"@context\":\"https:\/\/schema.org\",\"@graph\":[{\"@type\":\"WebPage\",\"@id\":\"https:\/\/ledmirrormanufacturer.com\/product\/full-length-mirror-fl-02\/\",\"url\":\"https:\/\/ledmirrormanufacturer.com\/product\/full-length-mirror-fl-02\/\",\"name\":\"Full Length Mirror FL-02 - Bathroom LED Mirror Manufacturer Wholesale Supplier\",\"isPartOf\":{\"@id\":\"https:\/\/ledmirrormanufacturer.com\/#website\"},\"primaryImageOfPage\":{\"@id\":\"https:\/\/ledmirrormanufacturer.com\/product\/full-length-mirror-fl-02\/#primaryimage\"},\"image\":{\"@id\":\"https:\/\/ledmirrormanufacturer.com\/product\/full-length-mirror-fl-02\/#primaryimage\"},\"thumbnailUrl\":\"https:\/\/ledmirrormanufacturer.com\/wp-content\/uploads\/2025\/11\/fl-02-full-length-mirror-supplier.jpg\",\"datePublished\":\"2025-11-11T14:33:35+00:00\",\"dateModified\":\"2026-04-15T07:47:58+00:00\",\"description\":\"Full Lentgh mirror Manufacturer and wholesale supplier from China - DIMO is a leading factory for LED bathroom mirrors, led mirror cabinets, wall makeup mirrors.\",\"breadcrumb\":{\"@id\":\"https:\/\/ledmirrormanufacturer.com\/product\/full-length-mirror-fl-02\/#breadcrumb\"},\"inLanguage\":\"es\",\"potentialAction\":[{\"@type\":\"ReadAction\",\"target\":[\"https:\/\/ledmirrormanufacturer.com\/product\/full-length-mirror-fl-02\/\"]}]},{\"@type\":\"ImageObject\",\"inLanguage\":\"es\",\"@id\":\"https:\/\/ledmirrormanufacturer.com\/product\/full-length-mirror-fl-02\/#primaryimage\",\"url\":\"https:\/\/ledmirrormanufacturer.com\/wp-content\/uploads\/2025\/11\/fl-02-full-length-mirror-supplier.jpg\",\"contentUrl\":\"https:\/\/ledmirrormanufacturer.com\/wp-content\/uploads\/2025\/11\/fl-02-full-length-mirror-supplier.jpg\",\"width\":1100,\"height\":1100,\"caption\":\"fl-02-full-length-mirror-supplier\"},{\"@type\":\"BreadcrumbList\",\"@id\":\"https:\/\/ledmirrormanufacturer.com\/product\/full-length-mirror-fl-02\/#breadcrumb\",\"itemListElement\":[{\"@type\":\"ListItem\",\"position\":1,\"name\":\"\u9996\u9875\",\"item\":\"https:\/\/ledmirrormanufacturer.com\/\"},{\"@type\":\"ListItem\",\"position\":2,\"name\":\"Product\",\"item\":\"https:\/\/ledmirrormanufacturer.com\/product\/\"},{\"@type\":\"ListItem\",\"position\":3,\"name\":\"Full Length Mirror FL-02\"}]},{\"@type\":\"WebSite\",\"@id\":\"https:\/\/ledmirrormanufacturer.com\/#website\",\"url\":\"https:\/\/ledmirrormanufacturer.com\/\",\"name\":\"LED Mirror Manufacturer Hotel Bathroom Mirror Wholesale Supplier\",\"description\":\"China LED Mirror Manufacturer,Backlit Hotel Bathroom Mirrors Suppliers,Lighted Vanity Mirror Factory,Makeup Mirror Cabinet Company\",\"publisher\":{\"@id\":\"https:\/\/ledmirrormanufacturer.com\/#organization\"},\"potentialAction\":[{\"@type\":\"SearchAction\",\"target\":{\"@type\":\"EntryPoint\",\"urlTemplate\":\"https:\/\/ledmirrormanufacturer.com\/?s={search_term_string}\"},\"query-input\":{\"@type\":\"PropertyValueSpecification\",\"valueRequired\":true,\"valueName\":\"search_term_string\"}}],\"inLanguage\":\"es\"},{\"@type\":\"Organization\",\"@id\":\"https:\/\/ledmirrormanufacturer.com\/#organization\",\"name\":\"LED Mirror Manufacturer\",\"url\":\"https:\/\/ledmirrormanufacturer.com\/\",\"logo\":{\"@type\":\"ImageObject\",\"inLanguage\":\"es\",\"@id\":\"https:\/\/ledmirrormanufacturer.com\/#\/schema\/logo\/image\/\",\"url\":\"https:\/\/ledmirrormanufacturer.com\/wp-content\/uploads\/2025\/09\/logo222-2.png\",\"contentUrl\":\"https:\/\/ledmirrormanufacturer.com\/wp-content\/uploads\/2025\/09\/logo222-2.png\",\"width\":168,\"height\":60,\"caption\":\"LED Mirror Manufacturer\"},\"image\":{\"@id\":\"https:\/\/ledmirrormanufacturer.com\/#\/schema\/logo\/image\/\"},\"sameAs\":[\"https:\/\/www.facebook.com\/smartbathmirror\",\"https:\/\/x.com\/jwysly\",\"https:\/\/www.linkedin.com\/in\/led-mirror-frank-chan-a836a813a\"]}]}<\/script>\n<!-- \/ Yoast SEO Premium plugin. -->","yoast_head_json":{"title":"Full Length Mirror FL-02 - Bathroom LED Mirror Manufacturer Wholesale Supplier","description":"Full Lentgh mirror Manufacturer and wholesale supplier from China - DIMO is a leading factory for LED bathroom mirrors, led mirror cabinets, wall makeup mirrors.","robots":{"index":"index","follow":"follow","max-snippet":"max-snippet:-1","max-image-preview":"max-image-preview:large","max-video-preview":"max-video-preview:-1"},"canonical":"https:\/\/ledmirrormanufacturer.com\/es\/producto\/full-length-mirror-fl-02\/","og_locale":"es_ES","og_type":"article","og_title":"Full Length Mirror FL-02","og_description":"Full Lentgh mirror Manufacturer and wholesale supplier from China - DIMO is a leading factory for LED bathroom mirrors, led mirror cabinets, wall makeup mirrors.","og_url":"https:\/\/ledmirrormanufacturer.com\/es\/producto\/full-length-mirror-fl-02\/","og_site_name":"Bathroom LED Mirror Manufacturer Wholesale Supplier","article_publisher":"https:\/\/www.facebook.com\/smartbathmirror","article_modified_time":"2026-04-15T07:47:58+00:00","og_image":[{"width":1100,"height":1100,"url":"https:\/\/ledmirrormanufacturer.com\/wp-content\/uploads\/2025\/11\/fl-02-full-length-mirror-supplier.jpg","type":"image\/jpeg"}],"twitter_card":"summary_large_image","twitter_site":"@jwysly","twitter_misc":{"Tiempo de lectura":"3 minutos"},"schema":{"@context":"https:\/\/schema.org","@graph":[{"@type":"WebPage","@id":"https:\/\/ledmirrormanufacturer.com\/product\/full-length-mirror-fl-02\/","url":"https:\/\/ledmirrormanufacturer.com\/product\/full-length-mirror-fl-02\/","name":"Full Length Mirror FL-02 - Bathroom LED Mirror Manufacturer Wholesale Supplier","isPartOf":{"@id":"https:\/\/ledmirrormanufacturer.com\/#website"},"primaryImageOfPage":{"@id":"https:\/\/ledmirrormanufacturer.com\/product\/full-length-mirror-fl-02\/#primaryimage"},"image":{"@id":"https:\/\/ledmirrormanufacturer.com\/product\/full-length-mirror-fl-02\/#primaryimage"},"thumbnailUrl":"https:\/\/ledmirrormanufacturer.com\/wp-content\/uploads\/2025\/11\/fl-02-full-length-mirror-supplier.jpg","datePublished":"2025-11-11T14:33:35+00:00","dateModified":"2026-04-15T07:47:58+00:00","description":"Full Lentgh mirror Manufacturer and wholesale supplier from China - DIMO is a leading factory for LED bathroom mirrors, led mirror cabinets, wall makeup mirrors.","breadcrumb":{"@id":"https:\/\/ledmirrormanufacturer.com\/product\/full-length-mirror-fl-02\/#breadcrumb"},"inLanguage":"es","potentialAction":[{"@type":"ReadAction","target":["https:\/\/ledmirrormanufacturer.com\/product\/full-length-mirror-fl-02\/"]}]},{"@type":"ImageObject","inLanguage":"es","@id":"https:\/\/ledmirrormanufacturer.com\/product\/full-length-mirror-fl-02\/#primaryimage","url":"https:\/\/ledmirrormanufacturer.com\/wp-content\/uploads\/2025\/11\/fl-02-full-length-mirror-supplier.jpg","contentUrl":"https:\/\/ledmirrormanufacturer.com\/wp-content\/uploads\/2025\/11\/fl-02-full-length-mirror-supplier.jpg","width":1100,"height":1100,"caption":"fl-02-full-length-mirror-supplier"},{"@type":"BreadcrumbList","@id":"https:\/\/ledmirrormanufacturer.com\/product\/full-length-mirror-fl-02\/#breadcrumb","itemListElement":[{"@type":"ListItem","position":1,"name":"\u9996\u9875","item":"https:\/\/ledmirrormanufacturer.com\/"},{"@type":"ListItem","position":2,"name":"Product","item":"https:\/\/ledmirrormanufacturer.com\/product\/"},{"@type":"ListItem","position":3,"name":"Full Length Mirror FL-02"}]},{"@type":"WebSite","@id":"https:\/\/ledmirrormanufacturer.com\/#website","url":"https:\/\/ledmirrormanufacturer.com\/","name":"LED Mirror Manufacturer Hotel Bathroom Mirror Wholesale Supplier","description":"China LED Mirror Manufacturer,Backlit Hotel Bathroom Mirrors Suppliers,Lighted Vanity Mirror Factory,Makeup Mirror Cabinet Company","publisher":{"@id":"https:\/\/ledmirrormanufacturer.com\/#organization"},"potentialAction":[{"@type":"SearchAction","target":{"@type":"EntryPoint","urlTemplate":"https:\/\/ledmirrormanufacturer.com\/?s={search_term_string}"},"query-input":{"@type":"PropertyValueSpecification","valueRequired":true,"valueName":"search_term_string"}}],"inLanguage":"es"},{"@type":"Organization","@id":"https:\/\/ledmirrormanufacturer.com\/#organization","name":"LED Mirror Manufacturer","url":"https:\/\/ledmirrormanufacturer.com\/","logo":{"@type":"ImageObject","inLanguage":"es","@id":"https:\/\/ledmirrormanufacturer.com\/#\/schema\/logo\/image\/","url":"https:\/\/ledmirrormanufacturer.com\/wp-content\/uploads\/2025\/09\/logo222-2.png","contentUrl":"https:\/\/ledmirrormanufacturer.com\/wp-content\/uploads\/2025\/09\/logo222-2.png","width":168,"height":60,"caption":"LED Mirror Manufacturer"},"image":{"@id":"https:\/\/ledmirrormanufacturer.com\/#\/schema\/logo\/image\/"},"sameAs":["https:\/\/www.facebook.com\/smartbathmirror","https:\/\/x.com\/jwysly","https:\/\/www.linkedin.com\/in\/led-mirror-frank-chan-a836a813a"]}]}},"_links":{"self":[{"href":"https:\/\/ledmirrormanufacturer.com\/es\/wp-json\/wp\/v2\/product\/21124","targetHints":{"allow":["GET"]}}],"collection":[{"href":"https:\/\/ledmirrormanufacturer.com\/es\/wp-json\/wp\/v2\/product"}],"about":[{"href":"https:\/\/ledmirrormanufacturer.com\/es\/wp-json\/wp\/v2\/types\/product"}],"replies":[{"embeddable":true,"href":"https:\/\/ledmirrormanufacturer.com\/es\/wp-json\/wp\/v2\/comments?post=21124"}],"wp:featuredmedia":[{"embeddable":true,"href":"https:\/\/ledmirrormanufacturer.com\/es\/wp-json\/wp\/v2\/media\/21130"}],"wp:attachment":[{"href":"https:\/\/ledmirrormanufacturer.com\/es\/wp-json\/wp\/v2\/media?parent=21124"}],"wp:term":[{"taxonomy":"product_cat","embeddable":true,"href":"https:\/\/ledmirrormanufacturer.com\/es\/wp-json\/wp\/v2\/product_cat?post=21124"},{"taxonomy":"product_tag","embeddable":true,"href":"https:\/\/ledmirrormanufacturer.com\/es\/wp-json\/wp\/v2\/product_tag?post=21124"}],"curies":[{"name":"wp","href":"https:\/\/api.w.org\/{rel}","templated":true}]}}