{"id":21558,"date":"2026-01-22T07:24:30","date_gmt":"2026-01-22T07:24:30","guid":{"rendered":"https:\/\/ledmirrormanufacturer.com\/?post_type=product&#038;p=21558"},"modified":"2026-03-17T16:20:46","modified_gmt":"2026-03-17T16:20:46","slug":"led-dimmable-lighted-mirror-dbs-66","status":"publish","type":"product","link":"https:\/\/ledmirrormanufacturer.com\/es\/producto\/led-dimmable-lighted-mirror-dbs-66\/","title":{"rendered":"Espejo con luz LED regulable DBS-66"},"content":{"rendered":"<h1 style=\"text-align: left;\">Espejo con luz LED regulable DBS-66<\/h1>\n<h2 style=\"text-align: left;\"><span style=\"color: #000000;\">Modelo:DBS-66<\/span><\/h2>\n<p style=\"text-align: left;\"><span style=\"color: #000000;\">Este LED Dimmable Lighted Mirror es un espejo con marco, el modelo m\u00e1s vendido, con retroiluminaci\u00f3n LED para reflejar la luz como la luz, y a\u00f1adir a la atm\u00f3sfera del cuarto de ba\u00f1o. Las formas m\u00e1s hechas son rect\u00e1ngulo, redondo, y tambi\u00e9n pueden ser formas irregulares.<\/span><\/p>\n<h2 style=\"text-align: left;\"><span style=\"color: #000000;\">A continuaci\u00f3n encontrar\u00e1 una breve descripci\u00f3n del espejo con luz LED regulable:<\/span><\/h2>\n<table class=\"alignleft\" style=\"height: 469px;\" border=\"1\" width=\"1148\" cellpadding=\"10px\">\n<tbody>\n<tr>\n<td><span style=\"color: #000000;\"><strong>Tensi\u00f3n<\/strong><\/span><\/td>\n<td><span style=\"color: #000000;\">Entrada AC100-240V, Salida DC 12\/24V<\/span><\/td>\n<td><span style=\"color: #000000;\"><strong>Iluminaci\u00f3n<\/strong><\/span><\/td>\n<td><span style=\"color: #000000;\">60\/120LEDs\/metro, Tiras simples\/dobles<\/span><\/td>\n<\/tr>\n<tr>\n<td><span style=\"color: #000000;\"><strong>CRI<\/strong><\/span><\/td>\n<td><span style=\"color: #000000;\">80+\/90+<\/span><\/td>\n<td><span style=\"color: #000000;\"><strong>CCT<\/strong><\/span><\/td>\n<td><span style=\"color: #000000;\">2700K\/3000K\/4000K\/5000K\/6000K u otros<\/span><\/td>\n<\/tr>\n<tr>\n<td><span style=\"color: #000000;\"><strong>Tama\u00f1o en CM<\/strong><\/span><\/td>\n<td><span style=\"color: #000000;\">45x60cm,50x70cm,60x80cm , 60x90cm, 75x90cm,<\/span><\/p>\n<p><span style=\"color: #000000;\">100x80cm, 120x75cm, 120x90cm, 150x90cm o tama\u00f1o personalizado<\/span><\/td>\n<td><span style=\"color: #000000;\"><strong>Tama\u00f1o en PULGADAS<\/strong><\/span><\/td>\n<td><span style=\"color: #000000;\">24\u2033x32\u2033,24\u2033x36\u2033,30\u2033x36\u2033,36\u2033x36\u2033,40\u2033x32\u2033,<\/span><\/p>\n<p><span style=\"color: #000000;\">48\u2033x30\u2033,48\u2033x36\u2033,60\u2033x36\u2033 o tama\u00f1o personalizado<\/span><\/td>\n<\/tr>\n<tr>\n<td><span style=\"color: #000000;\"><strong>Espejo<\/strong><\/span><\/td>\n<td><span style=\"color: #000000;\">Espejo de plata sin cobre de 4 mm\/5 mm<\/span><\/td>\n<td><span style=\"color: #000000;\"><strong>Instalaci\u00f3n<\/strong><\/span><\/td>\n<td><span style=\"color: #000000;\">Montaje en pared, cableado o enchufe<\/span><\/td>\n<\/tr>\n<tr>\n<td><span style=\"color: #000000;\"><strong>Estructura<\/strong><\/span><\/td>\n<td><span style=\"color: #000000;\">Aluminio\/Acero inoxidable\/Pl\u00e1stico\/Madera<\/span><\/td>\n<td><span style=\"color: #000000;\"><strong>Grado de impermeabilidad<\/strong><\/span><\/td>\n<td><span style=\"color: #000000;\">IP44+<\/span><\/td>\n<\/tr>\n<tr>\n<td><span style=\"color: #000000;\"><strong>Funci\u00f3n opcional<\/strong><\/span><\/td>\n<td><span style=\"color: #000000;\">Interruptor sensor de movimiento\/sensor t\u00e1ctil, Desempa\u00f1ador,<\/span><\/p>\n<p><span style=\"color: #000000;\">Atenuaci\u00f3n, lupa, altavoz Bluetooth, ajuste del CCT, reloj digital LED<\/span><\/td>\n<td><span style=\"color: #000000;\"><strong>Vida \u00fatil del LED<\/strong><\/span><\/td>\n<td><span style=\"color: #000000;\">50000 horas<\/span><\/td>\n<\/tr>\n<\/tbody>\n<\/table>\n<p>&nbsp;<\/p>\n<p>&nbsp;<\/p>\n<p>&nbsp;<\/p>\n<p>&nbsp;<\/p>\n<p>&nbsp;<\/p>\n<p>&nbsp;<\/p>\n<p>&nbsp;<\/p>\n<p><span style=\"color: #000000;\"><br \/>\n<img fetchpriority=\"high\" decoding=\"async\" class=\"wp-image-20214\" src=\"https:\/\/ledmirrormanufacturer.com\/wp-content\/uploads\/2025\/09\/glass-layers-of-led-mirror-manufacturer-wholesale-supplier.jpg\" alt=\"glass-layers of led mirror manufacturer wholesale supplier\" width=\"605\" height=\"419\" srcset=\"https:\/\/ledmirrormanufacturer.com\/wp-content\/uploads\/2025\/09\/glass-layers-of-led-mirror-manufacturer-wholesale-supplier.jpg 800w, https:\/\/ledmirrormanufacturer.com\/wp-content\/uploads\/2025\/09\/glass-layers-of-led-mirror-manufacturer-wholesale-supplier-300x208.jpg 300w, https:\/\/ledmirrormanufacturer.com\/wp-content\/uploads\/2025\/09\/glass-layers-of-led-mirror-manufacturer-wholesale-supplier-768x532.jpg 768w\" sizes=\"(max-width: 605px) 100vw, 605px\" \/><\/span><span style=\"color: #000000;\"><img decoding=\"async\" class=\"wp-image-20215\" src=\"https:\/\/ledmirrormanufacturer.com\/wp-content\/uploads\/2025\/09\/Cct-of-led-mirror-manufacturer-wholesale-supplier.jpg\" alt=\"Cct-of-led-mirror-manufacturer-wholesale-supplier\" width=\"652\" height=\"425\" srcset=\"https:\/\/ledmirrormanufacturer.com\/wp-content\/uploads\/2025\/09\/Cct-of-led-mirror-manufacturer-wholesale-supplier.jpg 1200w, https:\/\/ledmirrormanufacturer.com\/wp-content\/uploads\/2025\/09\/Cct-of-led-mirror-manufacturer-wholesale-supplier-300x196.jpg 300w, https:\/\/ledmirrormanufacturer.com\/wp-content\/uploads\/2025\/09\/Cct-of-led-mirror-manufacturer-wholesale-supplier-1024x667.jpg 1024w, https:\/\/ledmirrormanufacturer.com\/wp-content\/uploads\/2025\/09\/Cct-of-led-mirror-manufacturer-wholesale-supplier-768x500.jpg 768w, https:\/\/ledmirrormanufacturer.com\/wp-content\/uploads\/2025\/09\/Cct-of-led-mirror-manufacturer-wholesale-supplier-800x521.jpg 800w\" sizes=\"(max-width: 652px) 100vw, 652px\" \/><\/span><\/p>\n<h3><span style=\"color: #000000;\"><strong>\u00a0Ajuste de la temperatura de color de los LED\uff1a<\/strong><\/span><\/h3>\n<p><span style=\"color: #000000;\">Este espejo iluminado con LED regulable cuenta con temperatura de color ajustable, lo que le permite cambiar entre iluminaci\u00f3n c\u00e1lida (3000K), natural (4000K) y blanca fr\u00eda (6000K) para adaptarse perfectamente a sus necesidades y entorno.<\/span><\/p>\n<p><span style=\"color: #000000;\"><img decoding=\"async\" class=\"alignnone wp-image-20220\" src=\"https:\/\/ledmirrormanufacturer.com\/wp-content\/uploads\/2025\/09\/bright-of-led-mirror-manufacturer-wholesale-supplier-1.jpg\" alt=\"bright-of-led-mirror-manufacturer-wholesale-supplier\" width=\"668\" height=\"452\" \/><\/span><\/p>\n<h3><span style=\"color: #000000;\"><strong>Ajuste del brillo de los LED<\/strong>\u00a0:<\/span><\/h3>\n<p><span style=\"color: #000000;\">El brillo de este espejo iluminado con LED regulable se puede ajustar mediante el interruptor t\u00e1ctil, lo que le permite personalizar la intensidad de la luz desde un suave resplandor ambiental hasta una brillante iluminaci\u00f3n de trabajo.  \u2605 Brillo: 10% -100%.<\/span><\/p>\n<h3><span style=\"color: #000000;\">Caracter\u00edsticas opcionales del espejo de ba\u00f1o con iluminaci\u00f3n LED:<\/span><\/h3>\n<p><span style=\"color: #000000;\"><img loading=\"lazy\" decoding=\"async\" class=\"wp-image-20217 alignleft\" src=\"https:\/\/ledmirrormanufacturer.com\/wp-content\/uploads\/2025\/09\/features-functions-of-led-mirror-manufacturer-wholesale-supplier.jpg\" alt=\"features functions of led mirror manufacturer wholesale supplier\" width=\"578\" height=\"503\" srcset=\"https:\/\/ledmirrormanufacturer.com\/wp-content\/uploads\/2025\/09\/features-functions-of-led-mirror-manufacturer-wholesale-supplier.jpg 750w, https:\/\/ledmirrormanufacturer.com\/wp-content\/uploads\/2025\/09\/features-functions-of-led-mirror-manufacturer-wholesale-supplier-300x261.jpg 300w\" sizes=\"(max-width: 578px) 100vw, 578px\" \/><\/span><\/p>\n<ul>\n<li><span style=\"color: #000000;\"><strong>Funciones opcionales:<\/strong><\/span><\/li>\n<\/ul>\n<p><span style=\"color: #000000;\">1. Interruptor con sensor de movimiento o t\u00e1ctil;<\/span><\/p>\n<p><span style=\"color: #000000;\">2. Almohadilla t\u00e9rmica antivaho<\/span><\/p>\n<p><span style=\"color: #000000;\">3. Lupa de maquillaje<\/span><\/p>\n<p><span style=\"color: #000000;\">4. Enchufe para afeitadora<\/span><\/p>\n<p><span style=\"color: #000000;\">5. Reloj LED y visualizaci\u00f3n de la temperatura<\/span><\/p>\n<p><span style=\"color: #000000;\">6. Bluetooth y altavoces<\/span><\/p>\n<p><span style=\"color: #000000;\">7. Espejos TV<\/span><\/p>\n<p><span style=\"color: #000000;\">8. Brillo: Brillo eficiente, Brillo alto, Brillo s\u00faper alto<\/span><\/p>\n<p>&nbsp;<\/p>\n<p>&nbsp;<\/p>\n<h2><span style=\"color: #000000;\">Proceso de producci\u00f3n del espejo con luz LED regulable<\/span><span style=\"color: #000000;\">:<\/span><\/h2>\n<p><img loading=\"lazy\" decoding=\"async\" class=\"alignnone wp-image-20545\" src=\"https:\/\/ledmirrormanufacturer.com\/wp-content\/uploads\/2025\/09\/LED-MIRROR-MANUFACTURING-PROCESS-1.jpg\" alt=\"LED-MIRROR-MANUFACTURING-PROCESS\" width=\"676\" height=\"391\" \/><\/p>\n<p>&nbsp;<\/p>\n<h2><span style=\"color: #000000;\">Embalaje del espejo con luz LED regulable<\/span><span style=\"color: #000000;\">:<\/span><\/h2>\n<ul>\n<li><span style=\"color: #000000;\"><strong>Proveeremos a nuestros clientes:<\/strong><\/span><\/li>\n<\/ul>\n<p><span style=\"color: #000000;\">1. Certificado CE, ETL, IP44, RoHS, ERP<\/span><\/p>\n<p><span style=\"color: #000000;\">2. M\u00e1s de 15 a\u00f1os de experiencia, satisfacci\u00f3n del cliente 98%<\/span><\/p>\n<p><span style=\"color: #000000;\">3. 100% examinado antes de la carga<\/span><\/p>\n<p><span style=\"color: #000000;\">4. Dibujo t\u00e9cnico profesional para la licitaci\u00f3n del proyecto<\/span><\/p>\n<p><span style=\"color: #000000;\">5. Capacidad de producci\u00f3n mensual de 40 contenedores, entrega a tiempo<\/span><\/p>\n<p><span style=\"color: #000000;\">6. 3 a\u00f1os de garant\u00eda, mantenimiento de por vida<\/span><\/p>\n<p><span style=\"color: #000000;\">7. Env\u00edo puerta a puerta disponible<\/span><\/p>\n<p><span style=\"color: #000000;\">8. Alibaba comercio garant\u00eda de pago con tarjeta de cr\u00e9dito o cheque electr\u00f3nico<\/span><\/p>\n<p>&nbsp;<\/p>\n<p>M\u00e1s informaci\u00f3n <span style=\"color: #ffcc00;\"><a style=\"color: #ffcc00;\" href=\"https:\/\/ledmirrormanufacturer.com\/es\/bathroom-mirror-manufacturer\/\">Espejos de ba\u00f1o LED<\/a><\/span><\/p>\n<p>Ver m\u00e1s modelos :<span style=\"color: #ffcc00;\"> <a style=\"color: #ffcc00;\" href=\"https:\/\/ledmirrormanufacturer.com\/es\/producto\/\">Haga clic aqu\u00ed para ver todos los modelos<\/a><\/span><\/p>\n<p>&nbsp;<\/p>\n<ul>\n<li><strong>No dude en enviarnos su consulta.<\/strong><\/li>\n<\/ul>\n<p>Por favor, incluya los siguientes datos:<\/p>\n<ol>\n<li>Tallas *<\/li>\n<li>Cantidades *<\/li>\n<li>Caracter\u00edsticas adicionales<\/li>\n<li>Finalidad: Para proyectos o productos de marca o etc.<\/li>\n<\/ol>","protected":false},"excerpt":{"rendered":"<h5><strong>Material:<\/strong><\/h5>\n<h5>Espejo : 4mm\/5mm Espejo plateado sin cobre, anticorrosi\u00f3n<\/h5>\n<h5>Estructura : Marco de aluminio\/Acero inoxidable\/Pl\u00e1stico<\/h5>\n<h5>Instalaci\u00f3n : Montaje en pared vertical u horizontal, conexi\u00f3n por cable o enchufe<\/h5>\n<h5>Fuente de iluminaci\u00f3n: CCT 2700-7000K,CRI&gt;80\/90,Vida \u00fatil:50.000+ horas<\/h5>\n<h5>Conductor: Certificado : CE\/UL\/SAA\/RoHS\/IP67\/TUV\/GS etc.<\/h5>\n<h5>Interruptor : Bot\u00f3n ON-OFF, sensor t\u00e1ctil, sensor de movimiento, interruptor de pared<\/h5>\n<h5><strong>MOQ : 20pcs\/modelo&amp;tama\u00f1o<\/strong><\/h5>","protected":false},"featured_media":21559,"comment_status":"open","ping_status":"closed","template":"","meta":{"inline_featured_image":false},"product_cat":[96,77],"product_tag":[84,85,102,95],"class_list":{"0":"post-21558","1":"product","2":"type-product","3":"status-publish","4":"has-post-thumbnail","6":"product_brand-oem","7":"product_cat-framed-mirror","8":"product_cat-led-bathroom-mirror","9":"product_tag-backlit-mirror","10":"product_tag-manufacturer-wholesale-supplier","11":"product_tag-mirror-with-frame","12":"product_tag-rectangle-mirror","14":"first","15":"instock","16":"shipping-taxable","17":"product-type-simple"},"yoast_head":"<!-- This site is optimized with the Yoast SEO Premium plugin v25.8 (Yoast SEO v25.8) - https:\/\/yoast.com\/wordpress\/plugins\/seo\/ -->\n<title>LED Dimmable Lighted Mirror DBS-66 - Bathroom LED Mirror Manufacturer Wholesale Supplier<\/title>\n<meta name=\"description\" content=\"LED Dimmable Lighted Mirror Manufacturer and wholesale supplier from China - DIMO is a leading factory for LED bathroom mirrors, led mirror cabinets\" \/>\n<meta name=\"robots\" content=\"index, follow, max-snippet:-1, max-image-preview:large, max-video-preview:-1\" \/>\n<link rel=\"canonical\" href=\"https:\/\/ledmirrormanufacturer.com\/es\/producto\/led-dimmable-lighted-mirror-dbs-66\/\" \/>\n<meta property=\"og:locale\" content=\"es_ES\" \/>\n<meta property=\"og:type\" content=\"article\" \/>\n<meta property=\"og:title\" content=\"LED Dimmable Lighted Mirror DBS-66\" \/>\n<meta property=\"og:description\" content=\"LED Dimmable Lighted Mirror Manufacturer and wholesale supplier from China - DIMO is a leading factory for LED bathroom mirrors, led mirror cabinets\" \/>\n<meta property=\"og:url\" content=\"https:\/\/ledmirrormanufacturer.com\/es\/producto\/led-dimmable-lighted-mirror-dbs-66\/\" \/>\n<meta property=\"og:site_name\" content=\"Bathroom LED Mirror Manufacturer Wholesale Supplier\" \/>\n<meta property=\"article:publisher\" content=\"https:\/\/www.facebook.com\/smartbathmirror\" \/>\n<meta property=\"article:modified_time\" content=\"2026-03-17T16:20:46+00:00\" \/>\n<meta property=\"og:image\" content=\"https:\/\/ledmirrormanufacturer.com\/wp-content\/uploads\/2026\/01\/DBS-66.jpg\" \/>\n\t<meta property=\"og:image:width\" content=\"800\" \/>\n\t<meta property=\"og:image:height\" content=\"800\" \/>\n\t<meta property=\"og:image:type\" content=\"image\/jpeg\" \/>\n<meta name=\"twitter:card\" content=\"summary_large_image\" \/>\n<meta name=\"twitter:site\" content=\"@jwysly\" \/>\n<meta name=\"twitter:label1\" content=\"Tiempo de lectura\" \/>\n\t<meta name=\"twitter:data1\" content=\"4 minutos\" \/>\n<script type=\"application\/ld+json\" class=\"yoast-schema-graph\">{\"@context\":\"https:\/\/schema.org\",\"@graph\":[{\"@type\":\"WebPage\",\"@id\":\"https:\/\/ledmirrormanufacturer.com\/product\/led-dimmable-lighted-mirror-dbs-66\/\",\"url\":\"https:\/\/ledmirrormanufacturer.com\/product\/led-dimmable-lighted-mirror-dbs-66\/\",\"name\":\"LED Dimmable Lighted Mirror DBS-66 - Bathroom LED Mirror Manufacturer Wholesale Supplier\",\"isPartOf\":{\"@id\":\"https:\/\/ledmirrormanufacturer.com\/#website\"},\"primaryImageOfPage\":{\"@id\":\"https:\/\/ledmirrormanufacturer.com\/product\/led-dimmable-lighted-mirror-dbs-66\/#primaryimage\"},\"image\":{\"@id\":\"https:\/\/ledmirrormanufacturer.com\/product\/led-dimmable-lighted-mirror-dbs-66\/#primaryimage\"},\"thumbnailUrl\":\"https:\/\/ledmirrormanufacturer.com\/wp-content\/uploads\/2026\/01\/DBS-66.jpg\",\"datePublished\":\"2026-01-22T07:24:30+00:00\",\"dateModified\":\"2026-03-17T16:20:46+00:00\",\"description\":\"LED Dimmable Lighted Mirror Manufacturer and wholesale supplier from China - DIMO is a leading factory for LED bathroom mirrors, led mirror cabinets\",\"breadcrumb\":{\"@id\":\"https:\/\/ledmirrormanufacturer.com\/product\/led-dimmable-lighted-mirror-dbs-66\/#breadcrumb\"},\"inLanguage\":\"es\",\"potentialAction\":[{\"@type\":\"ReadAction\",\"target\":[\"https:\/\/ledmirrormanufacturer.com\/product\/led-dimmable-lighted-mirror-dbs-66\/\"]}]},{\"@type\":\"ImageObject\",\"inLanguage\":\"es\",\"@id\":\"https:\/\/ledmirrormanufacturer.com\/product\/led-dimmable-lighted-mirror-dbs-66\/#primaryimage\",\"url\":\"https:\/\/ledmirrormanufacturer.com\/wp-content\/uploads\/2026\/01\/DBS-66.jpg\",\"contentUrl\":\"https:\/\/ledmirrormanufacturer.com\/wp-content\/uploads\/2026\/01\/DBS-66.jpg\",\"width\":800,\"height\":800,\"caption\":\"led-dimmable-lighted-mirror-dbs-66\"},{\"@type\":\"BreadcrumbList\",\"@id\":\"https:\/\/ledmirrormanufacturer.com\/product\/led-dimmable-lighted-mirror-dbs-66\/#breadcrumb\",\"itemListElement\":[{\"@type\":\"ListItem\",\"position\":1,\"name\":\"\u9996\u9875\",\"item\":\"https:\/\/ledmirrormanufacturer.com\/\"},{\"@type\":\"ListItem\",\"position\":2,\"name\":\"Product\",\"item\":\"https:\/\/ledmirrormanufacturer.com\/product\/\"},{\"@type\":\"ListItem\",\"position\":3,\"name\":\"LED Dimmable Lighted Mirror DBS-66\"}]},{\"@type\":\"WebSite\",\"@id\":\"https:\/\/ledmirrormanufacturer.com\/#website\",\"url\":\"https:\/\/ledmirrormanufacturer.com\/\",\"name\":\"LED Mirror Manufacturer Hotel Bathroom Mirror Wholesale Supplier\",\"description\":\"China LED Mirror Manufacturer,Backlit Hotel Bathroom Mirrors Suppliers,Lighted Vanity Mirror Factory,Makeup Mirror Cabinet Company\",\"publisher\":{\"@id\":\"https:\/\/ledmirrormanufacturer.com\/#organization\"},\"potentialAction\":[{\"@type\":\"SearchAction\",\"target\":{\"@type\":\"EntryPoint\",\"urlTemplate\":\"https:\/\/ledmirrormanufacturer.com\/?s={search_term_string}\"},\"query-input\":{\"@type\":\"PropertyValueSpecification\",\"valueRequired\":true,\"valueName\":\"search_term_string\"}}],\"inLanguage\":\"es\"},{\"@type\":\"Organization\",\"@id\":\"https:\/\/ledmirrormanufacturer.com\/#organization\",\"name\":\"LED Mirror Manufacturer\",\"url\":\"https:\/\/ledmirrormanufacturer.com\/\",\"logo\":{\"@type\":\"ImageObject\",\"inLanguage\":\"es\",\"@id\":\"https:\/\/ledmirrormanufacturer.com\/#\/schema\/logo\/image\/\",\"url\":\"https:\/\/ledmirrormanufacturer.com\/wp-content\/uploads\/2025\/09\/logo222-2.png\",\"contentUrl\":\"https:\/\/ledmirrormanufacturer.com\/wp-content\/uploads\/2025\/09\/logo222-2.png\",\"width\":168,\"height\":60,\"caption\":\"LED Mirror Manufacturer\"},\"image\":{\"@id\":\"https:\/\/ledmirrormanufacturer.com\/#\/schema\/logo\/image\/\"},\"sameAs\":[\"https:\/\/www.facebook.com\/smartbathmirror\",\"https:\/\/x.com\/jwysly\"]}]}<\/script>\n<!-- \/ Yoast SEO Premium plugin. -->","yoast_head_json":{"title":"LED Dimmable Lighted Mirror DBS-66 - Bathroom LED Mirror Manufacturer Wholesale Supplier","description":"LED Dimmable Lighted Mirror Manufacturer and wholesale supplier from China - DIMO is a leading factory for LED bathroom mirrors, led mirror cabinets","robots":{"index":"index","follow":"follow","max-snippet":"max-snippet:-1","max-image-preview":"max-image-preview:large","max-video-preview":"max-video-preview:-1"},"canonical":"https:\/\/ledmirrormanufacturer.com\/es\/producto\/led-dimmable-lighted-mirror-dbs-66\/","og_locale":"es_ES","og_type":"article","og_title":"LED Dimmable Lighted Mirror DBS-66","og_description":"LED Dimmable Lighted Mirror Manufacturer and wholesale supplier from China - DIMO is a leading factory for LED bathroom mirrors, led mirror cabinets","og_url":"https:\/\/ledmirrormanufacturer.com\/es\/producto\/led-dimmable-lighted-mirror-dbs-66\/","og_site_name":"Bathroom LED Mirror Manufacturer Wholesale Supplier","article_publisher":"https:\/\/www.facebook.com\/smartbathmirror","article_modified_time":"2026-03-17T16:20:46+00:00","og_image":[{"width":800,"height":800,"url":"https:\/\/ledmirrormanufacturer.com\/wp-content\/uploads\/2026\/01\/DBS-66.jpg","type":"image\/jpeg"}],"twitter_card":"summary_large_image","twitter_site":"@jwysly","twitter_misc":{"Tiempo de lectura":"4 minutos"},"schema":{"@context":"https:\/\/schema.org","@graph":[{"@type":"WebPage","@id":"https:\/\/ledmirrormanufacturer.com\/product\/led-dimmable-lighted-mirror-dbs-66\/","url":"https:\/\/ledmirrormanufacturer.com\/product\/led-dimmable-lighted-mirror-dbs-66\/","name":"LED Dimmable Lighted Mirror DBS-66 - Bathroom LED Mirror Manufacturer Wholesale Supplier","isPartOf":{"@id":"https:\/\/ledmirrormanufacturer.com\/#website"},"primaryImageOfPage":{"@id":"https:\/\/ledmirrormanufacturer.com\/product\/led-dimmable-lighted-mirror-dbs-66\/#primaryimage"},"image":{"@id":"https:\/\/ledmirrormanufacturer.com\/product\/led-dimmable-lighted-mirror-dbs-66\/#primaryimage"},"thumbnailUrl":"https:\/\/ledmirrormanufacturer.com\/wp-content\/uploads\/2026\/01\/DBS-66.jpg","datePublished":"2026-01-22T07:24:30+00:00","dateModified":"2026-03-17T16:20:46+00:00","description":"LED Dimmable Lighted Mirror Manufacturer and wholesale supplier from China - DIMO is a leading factory for LED bathroom mirrors, led mirror cabinets","breadcrumb":{"@id":"https:\/\/ledmirrormanufacturer.com\/product\/led-dimmable-lighted-mirror-dbs-66\/#breadcrumb"},"inLanguage":"es","potentialAction":[{"@type":"ReadAction","target":["https:\/\/ledmirrormanufacturer.com\/product\/led-dimmable-lighted-mirror-dbs-66\/"]}]},{"@type":"ImageObject","inLanguage":"es","@id":"https:\/\/ledmirrormanufacturer.com\/product\/led-dimmable-lighted-mirror-dbs-66\/#primaryimage","url":"https:\/\/ledmirrormanufacturer.com\/wp-content\/uploads\/2026\/01\/DBS-66.jpg","contentUrl":"https:\/\/ledmirrormanufacturer.com\/wp-content\/uploads\/2026\/01\/DBS-66.jpg","width":800,"height":800,"caption":"led-dimmable-lighted-mirror-dbs-66"},{"@type":"BreadcrumbList","@id":"https:\/\/ledmirrormanufacturer.com\/product\/led-dimmable-lighted-mirror-dbs-66\/#breadcrumb","itemListElement":[{"@type":"ListItem","position":1,"name":"\u9996\u9875","item":"https:\/\/ledmirrormanufacturer.com\/"},{"@type":"ListItem","position":2,"name":"Product","item":"https:\/\/ledmirrormanufacturer.com\/product\/"},{"@type":"ListItem","position":3,"name":"LED Dimmable Lighted Mirror DBS-66"}]},{"@type":"WebSite","@id":"https:\/\/ledmirrormanufacturer.com\/#website","url":"https:\/\/ledmirrormanufacturer.com\/","name":"LED Mirror Manufacturer Hotel Bathroom Mirror Wholesale Supplier","description":"China LED Mirror Manufacturer,Backlit Hotel Bathroom Mirrors Suppliers,Lighted Vanity Mirror Factory,Makeup Mirror Cabinet Company","publisher":{"@id":"https:\/\/ledmirrormanufacturer.com\/#organization"},"potentialAction":[{"@type":"SearchAction","target":{"@type":"EntryPoint","urlTemplate":"https:\/\/ledmirrormanufacturer.com\/?s={search_term_string}"},"query-input":{"@type":"PropertyValueSpecification","valueRequired":true,"valueName":"search_term_string"}}],"inLanguage":"es"},{"@type":"Organization","@id":"https:\/\/ledmirrormanufacturer.com\/#organization","name":"LED Mirror Manufacturer","url":"https:\/\/ledmirrormanufacturer.com\/","logo":{"@type":"ImageObject","inLanguage":"es","@id":"https:\/\/ledmirrormanufacturer.com\/#\/schema\/logo\/image\/","url":"https:\/\/ledmirrormanufacturer.com\/wp-content\/uploads\/2025\/09\/logo222-2.png","contentUrl":"https:\/\/ledmirrormanufacturer.com\/wp-content\/uploads\/2025\/09\/logo222-2.png","width":168,"height":60,"caption":"LED Mirror Manufacturer"},"image":{"@id":"https:\/\/ledmirrormanufacturer.com\/#\/schema\/logo\/image\/"},"sameAs":["https:\/\/www.facebook.com\/smartbathmirror","https:\/\/x.com\/jwysly"]}]}},"_links":{"self":[{"href":"https:\/\/ledmirrormanufacturer.com\/es\/wp-json\/wp\/v2\/product\/21558","targetHints":{"allow":["GET"]}}],"collection":[{"href":"https:\/\/ledmirrormanufacturer.com\/es\/wp-json\/wp\/v2\/product"}],"about":[{"href":"https:\/\/ledmirrormanufacturer.com\/es\/wp-json\/wp\/v2\/types\/product"}],"replies":[{"embeddable":true,"href":"https:\/\/ledmirrormanufacturer.com\/es\/wp-json\/wp\/v2\/comments?post=21558"}],"wp:featuredmedia":[{"embeddable":true,"href":"https:\/\/ledmirrormanufacturer.com\/es\/wp-json\/wp\/v2\/media\/21559"}],"wp:attachment":[{"href":"https:\/\/ledmirrormanufacturer.com\/es\/wp-json\/wp\/v2\/media?parent=21558"}],"wp:term":[{"taxonomy":"product_cat","embeddable":true,"href":"https:\/\/ledmirrormanufacturer.com\/es\/wp-json\/wp\/v2\/product_cat?post=21558"},{"taxonomy":"product_tag","embeddable":true,"href":"https:\/\/ledmirrormanufacturer.com\/es\/wp-json\/wp\/v2\/product_tag?post=21558"}],"curies":[{"name":"wp","href":"https:\/\/api.w.org\/{rel}","templated":true}]}}