{"id":21889,"date":"2026-02-26T14:51:37","date_gmt":"2026-02-26T14:51:37","guid":{"rendered":"https:\/\/ledmirrormanufacturer.com\/?post_type=product&#038;p=21889"},"modified":"2026-02-26T14:51:37","modified_gmt":"2026-02-26T14:51:37","slug":"square-pivot-shower-enclosure-5222","status":"publish","type":"product","link":"https:\/\/ledmirrormanufacturer.com\/es\/producto\/square-pivot-shower-enclosure-5222\/","title":{"rendered":"Cabina de ducha pivotante cuadrada 5222"},"content":{"rendered":"<p><strong>Cabina de ducha pivotante cuadrada 5222<\/strong><\/p>\n<p><strong>Descripci\u00f3n<\/strong><\/p>\n<p>Modelo:522-2<\/p>\n<p>80*80*190(cm)<br \/>\n90*90*190(cm)<\/p>\n<p>Material del perfil: aleaci\u00f3n de aluminio<\/p>\n<p>Grosor del cristal: 5\/6 mm<\/p>\n<p>Marco ajustable: 15 mm<\/p>\n<p>Pivote: aleaci\u00f3n de zinc<\/p>\n<p>Asa: ABS<\/p>\n<p>Barra de soporte: acero inoxidable<\/p>\n<p>Certificaci\u00f3n: CE<\/p>\n<p>Marca: OEM y ODM est\u00e1n disponibles<\/p>\n<p>M\u00e1s opciones para ti:<\/p>\n<table>\n<tbody>\n<tr>\n<td>color del perfil<\/td>\n<td>cromo, plata arena, negro, blanco<\/td>\n<\/tr>\n<tr>\n<td>color del vidrio<\/td>\n<td>transparente, gris, azul, verde, brwon, textil, pera, mirro, otros<\/td>\n<\/tr>\n<tr>\n<td>acabado de cristal<\/td>\n<td>rayado, impreso, esmerilado, con pel\u00edcula antiexplosi\u00f3n, de f\u00e1cil limpieza, otros<\/td>\n<\/tr>\n<tr>\n<td colspan=\"2\">Tambi\u00e9n se pueden sustituir los equipos y las piezas:<\/p>\n<p>como rodillo\/manilla\/pivote\/bisagra\/barra de soporte, etc.<\/td>\n<\/tr>\n<\/tbody>\n<\/table>\n<p>&nbsp;<\/p>\n<p>MOQ: 30<\/p>\n<p>Plazo de entrega: 20-45 d\u00edas<\/p>\n<p>Condiciones comerciales: FOB,CIF<\/p>\n<p>Puerto de carga: Ningbo o Shanghai<\/p>\n<p>Condiciones de pago: TT. Pls en contacto con nosotros para otros pagos<\/p>","protected":false},"excerpt":{"rendered":"<p>Modelo:5222<\/p>\n<p>80*80*190(cm)<br \/>\n90*90*190(cm)<\/p>\n<p>Material del perfil: aleaci\u00f3n de aluminio<\/p>\n<p>Grosor del cristal: 5\/6 mm<\/p>\n<p>Marco ajustable: 15 mm<\/p>\n<p>Pivote: aleaci\u00f3n de zinc<\/p>\n<p>Asa: ABS<\/p>\n<p>Barra de soporte: acero inoxidable<\/p>\n<p>Certificaci\u00f3n: CE<\/p>\n<p>Marca: OEM y ODM est\u00e1n disponibles<\/p>","protected":false},"featured_media":21890,"comment_status":"open","ping_status":"closed","template":"","meta":{"inline_featured_image":false},"product_cat":[105],"product_tag":[108,107],"class_list":{"0":"post-21889","1":"product","2":"type-product","3":"status-publish","4":"has-post-thumbnail","6":"product_brand-oem","7":"product_cat-shower-glass","8":"product_tag-shower-enclosure","9":"product_tag-shower-room","11":"first","12":"instock","13":"shipping-taxable","14":"product-type-simple"},"yoast_head":"<!-- This site is optimized with the Yoast SEO Premium plugin v25.8 (Yoast SEO v25.8) - https:\/\/yoast.com\/wordpress\/plugins\/seo\/ -->\n<title>Square Pivot Shower Enclosure 5222 - Manufactuer Supplier China<\/title>\n<meta name=\"description\" content=\"Square Pivot Shower Enclosure 5222 Manufacturer Shower Room Supplier Shower Glass door Factory China. High Quality Best Price Custom Order.\" \/>\n<meta name=\"robots\" content=\"index, follow, max-snippet:-1, max-image-preview:large, max-video-preview:-1\" \/>\n<link rel=\"canonical\" href=\"https:\/\/ledmirrormanufacturer.com\/es\/producto\/square-pivot-shower-enclosure-5222\/\" \/>\n<meta property=\"og:locale\" content=\"es_ES\" \/>\n<meta property=\"og:type\" content=\"article\" \/>\n<meta property=\"og:title\" content=\"Square Pivot Shower Enclosure 5222\" \/>\n<meta property=\"og:description\" content=\"Square Pivot Shower Enclosure 5222 Manufacturer Shower Room Supplier Shower Glass door Factory China. High Quality Best Price Custom Order.\" \/>\n<meta property=\"og:url\" content=\"https:\/\/ledmirrormanufacturer.com\/es\/producto\/square-pivot-shower-enclosure-5222\/\" \/>\n<meta property=\"og:site_name\" content=\"Bathroom LED Mirror Manufacturer Wholesale Supplier\" \/>\n<meta property=\"article:publisher\" content=\"https:\/\/www.facebook.com\/smartbathmirror\" \/>\n<meta property=\"og:image\" content=\"https:\/\/ledmirrormanufacturer.com\/wp-content\/uploads\/2026\/02\/522-25_6mmsquarepivotshowerenclosure.webp\" \/>\n\t<meta property=\"og:image:width\" content=\"800\" \/>\n\t<meta property=\"og:image:height\" content=\"548\" \/>\n\t<meta property=\"og:image:type\" content=\"image\/webp\" \/>\n<meta name=\"twitter:card\" content=\"summary_large_image\" \/>\n<meta name=\"twitter:site\" content=\"@jwysly\" \/>\n<meta name=\"twitter:label1\" content=\"Tiempo de lectura\" \/>\n\t<meta name=\"twitter:data1\" content=\"1 minuto\" \/>\n<script type=\"application\/ld+json\" class=\"yoast-schema-graph\">{\"@context\":\"https:\/\/schema.org\",\"@graph\":[{\"@type\":\"WebPage\",\"@id\":\"https:\/\/ledmirrormanufacturer.com\/product\/square-pivot-shower-enclosure-5222\/\",\"url\":\"https:\/\/ledmirrormanufacturer.com\/product\/square-pivot-shower-enclosure-5222\/\",\"name\":\"Square Pivot Shower Enclosure 5222 - Manufactuer Supplier China\",\"isPartOf\":{\"@id\":\"https:\/\/ledmirrormanufacturer.com\/#website\"},\"primaryImageOfPage\":{\"@id\":\"https:\/\/ledmirrormanufacturer.com\/product\/square-pivot-shower-enclosure-5222\/#primaryimage\"},\"image\":{\"@id\":\"https:\/\/ledmirrormanufacturer.com\/product\/square-pivot-shower-enclosure-5222\/#primaryimage\"},\"thumbnailUrl\":\"https:\/\/ledmirrormanufacturer.com\/wp-content\/uploads\/2026\/02\/522-25_6mmsquarepivotshowerenclosure.webp\",\"datePublished\":\"2026-02-26T14:51:37+00:00\",\"description\":\"Square Pivot Shower Enclosure 5222 Manufacturer Shower Room Supplier Shower Glass door Factory China. High Quality Best Price Custom Order.\",\"breadcrumb\":{\"@id\":\"https:\/\/ledmirrormanufacturer.com\/product\/square-pivot-shower-enclosure-5222\/#breadcrumb\"},\"inLanguage\":\"es\",\"potentialAction\":[{\"@type\":\"ReadAction\",\"target\":[\"https:\/\/ledmirrormanufacturer.com\/product\/square-pivot-shower-enclosure-5222\/\"]}]},{\"@type\":\"ImageObject\",\"inLanguage\":\"es\",\"@id\":\"https:\/\/ledmirrormanufacturer.com\/product\/square-pivot-shower-enclosure-5222\/#primaryimage\",\"url\":\"https:\/\/ledmirrormanufacturer.com\/wp-content\/uploads\/2026\/02\/522-25_6mmsquarepivotshowerenclosure.webp\",\"contentUrl\":\"https:\/\/ledmirrormanufacturer.com\/wp-content\/uploads\/2026\/02\/522-25_6mmsquarepivotshowerenclosure.webp\",\"width\":800,\"height\":548},{\"@type\":\"BreadcrumbList\",\"@id\":\"https:\/\/ledmirrormanufacturer.com\/product\/square-pivot-shower-enclosure-5222\/#breadcrumb\",\"itemListElement\":[{\"@type\":\"ListItem\",\"position\":1,\"name\":\"\u9996\u9875\",\"item\":\"https:\/\/ledmirrormanufacturer.com\/\"},{\"@type\":\"ListItem\",\"position\":2,\"name\":\"Product\",\"item\":\"https:\/\/ledmirrormanufacturer.com\/product\/\"},{\"@type\":\"ListItem\",\"position\":3,\"name\":\"Square Pivot Shower Enclosure 5222\"}]},{\"@type\":\"WebSite\",\"@id\":\"https:\/\/ledmirrormanufacturer.com\/#website\",\"url\":\"https:\/\/ledmirrormanufacturer.com\/\",\"name\":\"LED Mirror Manufacturer Hotel Bathroom Mirror Wholesale Supplier\",\"description\":\"China LED Mirror Manufacturer,Backlit Hotel Bathroom Mirrors Suppliers,Lighted Vanity Mirror Factory,Makeup Mirror Cabinet Company\",\"publisher\":{\"@id\":\"https:\/\/ledmirrormanufacturer.com\/#organization\"},\"potentialAction\":[{\"@type\":\"SearchAction\",\"target\":{\"@type\":\"EntryPoint\",\"urlTemplate\":\"https:\/\/ledmirrormanufacturer.com\/?s={search_term_string}\"},\"query-input\":{\"@type\":\"PropertyValueSpecification\",\"valueRequired\":true,\"valueName\":\"search_term_string\"}}],\"inLanguage\":\"es\"},{\"@type\":\"Organization\",\"@id\":\"https:\/\/ledmirrormanufacturer.com\/#organization\",\"name\":\"LED Mirror Manufacturer\",\"url\":\"https:\/\/ledmirrormanufacturer.com\/\",\"logo\":{\"@type\":\"ImageObject\",\"inLanguage\":\"es\",\"@id\":\"https:\/\/ledmirrormanufacturer.com\/#\/schema\/logo\/image\/\",\"url\":\"https:\/\/ledmirrormanufacturer.com\/wp-content\/uploads\/2025\/09\/logo222-2.png\",\"contentUrl\":\"https:\/\/ledmirrormanufacturer.com\/wp-content\/uploads\/2025\/09\/logo222-2.png\",\"width\":168,\"height\":60,\"caption\":\"LED Mirror Manufacturer\"},\"image\":{\"@id\":\"https:\/\/ledmirrormanufacturer.com\/#\/schema\/logo\/image\/\"},\"sameAs\":[\"https:\/\/www.facebook.com\/smartbathmirror\",\"https:\/\/x.com\/jwysly\",\"https:\/\/www.linkedin.com\/in\/led-mirror-frank-chan-a836a813a\"]}]}<\/script>\n<!-- \/ Yoast SEO Premium plugin. -->","yoast_head_json":{"title":"Square Pivot Shower Enclosure 5222 - Manufactuer Supplier China","description":"Square Pivot Shower Enclosure 5222 Manufacturer Shower Room Supplier Shower Glass door Factory China. High Quality Best Price Custom Order.","robots":{"index":"index","follow":"follow","max-snippet":"max-snippet:-1","max-image-preview":"max-image-preview:large","max-video-preview":"max-video-preview:-1"},"canonical":"https:\/\/ledmirrormanufacturer.com\/es\/producto\/square-pivot-shower-enclosure-5222\/","og_locale":"es_ES","og_type":"article","og_title":"Square Pivot Shower Enclosure 5222","og_description":"Square Pivot Shower Enclosure 5222 Manufacturer Shower Room Supplier Shower Glass door Factory China. High Quality Best Price Custom Order.","og_url":"https:\/\/ledmirrormanufacturer.com\/es\/producto\/square-pivot-shower-enclosure-5222\/","og_site_name":"Bathroom LED Mirror Manufacturer Wholesale Supplier","article_publisher":"https:\/\/www.facebook.com\/smartbathmirror","og_image":[{"width":800,"height":548,"url":"https:\/\/ledmirrormanufacturer.com\/wp-content\/uploads\/2026\/02\/522-25_6mmsquarepivotshowerenclosure.webp","type":"image\/webp"}],"twitter_card":"summary_large_image","twitter_site":"@jwysly","twitter_misc":{"Tiempo de lectura":"1 minuto"},"schema":{"@context":"https:\/\/schema.org","@graph":[{"@type":"WebPage","@id":"https:\/\/ledmirrormanufacturer.com\/product\/square-pivot-shower-enclosure-5222\/","url":"https:\/\/ledmirrormanufacturer.com\/product\/square-pivot-shower-enclosure-5222\/","name":"Square Pivot Shower Enclosure 5222 - Manufactuer Supplier China","isPartOf":{"@id":"https:\/\/ledmirrormanufacturer.com\/#website"},"primaryImageOfPage":{"@id":"https:\/\/ledmirrormanufacturer.com\/product\/square-pivot-shower-enclosure-5222\/#primaryimage"},"image":{"@id":"https:\/\/ledmirrormanufacturer.com\/product\/square-pivot-shower-enclosure-5222\/#primaryimage"},"thumbnailUrl":"https:\/\/ledmirrormanufacturer.com\/wp-content\/uploads\/2026\/02\/522-25_6mmsquarepivotshowerenclosure.webp","datePublished":"2026-02-26T14:51:37+00:00","description":"Square Pivot Shower Enclosure 5222 Manufacturer Shower Room Supplier Shower Glass door Factory China. High Quality Best Price Custom Order.","breadcrumb":{"@id":"https:\/\/ledmirrormanufacturer.com\/product\/square-pivot-shower-enclosure-5222\/#breadcrumb"},"inLanguage":"es","potentialAction":[{"@type":"ReadAction","target":["https:\/\/ledmirrormanufacturer.com\/product\/square-pivot-shower-enclosure-5222\/"]}]},{"@type":"ImageObject","inLanguage":"es","@id":"https:\/\/ledmirrormanufacturer.com\/product\/square-pivot-shower-enclosure-5222\/#primaryimage","url":"https:\/\/ledmirrormanufacturer.com\/wp-content\/uploads\/2026\/02\/522-25_6mmsquarepivotshowerenclosure.webp","contentUrl":"https:\/\/ledmirrormanufacturer.com\/wp-content\/uploads\/2026\/02\/522-25_6mmsquarepivotshowerenclosure.webp","width":800,"height":548},{"@type":"BreadcrumbList","@id":"https:\/\/ledmirrormanufacturer.com\/product\/square-pivot-shower-enclosure-5222\/#breadcrumb","itemListElement":[{"@type":"ListItem","position":1,"name":"\u9996\u9875","item":"https:\/\/ledmirrormanufacturer.com\/"},{"@type":"ListItem","position":2,"name":"Product","item":"https:\/\/ledmirrormanufacturer.com\/product\/"},{"@type":"ListItem","position":3,"name":"Square Pivot Shower Enclosure 5222"}]},{"@type":"WebSite","@id":"https:\/\/ledmirrormanufacturer.com\/#website","url":"https:\/\/ledmirrormanufacturer.com\/","name":"LED Mirror Manufacturer Hotel Bathroom Mirror Wholesale Supplier","description":"China LED Mirror Manufacturer,Backlit Hotel Bathroom Mirrors Suppliers,Lighted Vanity Mirror Factory,Makeup Mirror Cabinet Company","publisher":{"@id":"https:\/\/ledmirrormanufacturer.com\/#organization"},"potentialAction":[{"@type":"SearchAction","target":{"@type":"EntryPoint","urlTemplate":"https:\/\/ledmirrormanufacturer.com\/?s={search_term_string}"},"query-input":{"@type":"PropertyValueSpecification","valueRequired":true,"valueName":"search_term_string"}}],"inLanguage":"es"},{"@type":"Organization","@id":"https:\/\/ledmirrormanufacturer.com\/#organization","name":"LED Mirror Manufacturer","url":"https:\/\/ledmirrormanufacturer.com\/","logo":{"@type":"ImageObject","inLanguage":"es","@id":"https:\/\/ledmirrormanufacturer.com\/#\/schema\/logo\/image\/","url":"https:\/\/ledmirrormanufacturer.com\/wp-content\/uploads\/2025\/09\/logo222-2.png","contentUrl":"https:\/\/ledmirrormanufacturer.com\/wp-content\/uploads\/2025\/09\/logo222-2.png","width":168,"height":60,"caption":"LED Mirror Manufacturer"},"image":{"@id":"https:\/\/ledmirrormanufacturer.com\/#\/schema\/logo\/image\/"},"sameAs":["https:\/\/www.facebook.com\/smartbathmirror","https:\/\/x.com\/jwysly","https:\/\/www.linkedin.com\/in\/led-mirror-frank-chan-a836a813a"]}]}},"_links":{"self":[{"href":"https:\/\/ledmirrormanufacturer.com\/es\/wp-json\/wp\/v2\/product\/21889","targetHints":{"allow":["GET"]}}],"collection":[{"href":"https:\/\/ledmirrormanufacturer.com\/es\/wp-json\/wp\/v2\/product"}],"about":[{"href":"https:\/\/ledmirrormanufacturer.com\/es\/wp-json\/wp\/v2\/types\/product"}],"replies":[{"embeddable":true,"href":"https:\/\/ledmirrormanufacturer.com\/es\/wp-json\/wp\/v2\/comments?post=21889"}],"wp:featuredmedia":[{"embeddable":true,"href":"https:\/\/ledmirrormanufacturer.com\/es\/wp-json\/wp\/v2\/media\/21890"}],"wp:attachment":[{"href":"https:\/\/ledmirrormanufacturer.com\/es\/wp-json\/wp\/v2\/media?parent=21889"}],"wp:term":[{"taxonomy":"product_cat","embeddable":true,"href":"https:\/\/ledmirrormanufacturer.com\/es\/wp-json\/wp\/v2\/product_cat?post=21889"},{"taxonomy":"product_tag","embeddable":true,"href":"https:\/\/ledmirrormanufacturer.com\/es\/wp-json\/wp\/v2\/product_tag?post=21889"}],"curies":[{"name":"wp","href":"https:\/\/api.w.org\/{rel}","templated":true}]}}