{"id":21092,"date":"2025-11-05T09:11:00","date_gmt":"2025-11-05T09:11:00","guid":{"rendered":"https:\/\/ledmirrormanufacturer.com\/?page_id=21092"},"modified":"2026-04-08T15:32:11","modified_gmt":"2026-04-08T15:32:11","slug":"salon","status":"publish","type":"page","link":"https:\/\/ledmirrormanufacturer.com\/fr\/applications\/salon\/","title":{"rendered":"Salon"},"content":{"rendered":"<div data-elementor-type=\"wp-page\" data-elementor-id=\"21092\" class=\"elementor elementor-21092\" data-elementor-post-type=\"page\">\n\t\t\t\t<div class=\"elementor-element elementor-element-c0edd63 e-flex e-con-boxed e-con e-parent\" data-id=\"c0edd63\" data-element_type=\"container\">\n\t\t\t\t\t<div class=\"e-con-inner\">\n\t\t\t\t<div class=\"elementor-element elementor-element-f816c88 elementor-widget elementor-widget-spacer\" data-id=\"f816c88\" data-element_type=\"widget\" data-widget_type=\"spacer.default\">\n\t\t\t\t\t\t\t<div class=\"elementor-spacer\">\n\t\t\t<div class=\"elementor-spacer-inner\"><\/div>\n\t\t<\/div>\n\t\t\t\t\t\t<\/div>\n\t\t\t\t\t<\/div>\n\t\t\t\t<\/div>\n\t\t<div class=\"elementor-element elementor-element-9a8171b e-flex e-con-boxed e-con e-parent\" data-id=\"9a8171b\" data-element_type=\"container\">\n\t\t\t\t\t<div class=\"e-con-inner\">\n\t\t<div class=\"elementor-element elementor-element-0640548 e-con-full e-flex e-con e-child\" data-id=\"0640548\" data-element_type=\"container\">\n\t\t\t\t<div class=\"elementor-element elementor-element-2eccc08 elementor-widget elementor-widget-text-editor\" data-id=\"2eccc08\" data-element_type=\"widget\" data-widget_type=\"text-editor.default\">\n\t\t\t\t\t\t\t\t\t<h2 style=\"text-align: center;\">Miroir de salon<\/h2>\t\t\t\t\t\t\t\t<\/div>\n\t\t\t\t<\/div>\n\t\t<div class=\"elementor-element elementor-element-42bdf1b e-con-full e-flex e-con e-child\" data-id=\"42bdf1b\" data-element_type=\"container\">\n\t\t\t\t<div class=\"elementor-element elementor-element-7701136 elementor-widget elementor-widget-image\" data-id=\"7701136\" data-element_type=\"widget\" data-widget_type=\"image.default\">\n\t\t\t\t\t\t\t\t\t\t\t\t\t\t\t<img fetchpriority=\"high\" decoding=\"async\" width=\"750\" height=\"750\" src=\"https:\/\/ledmirrormanufacturer.com\/wp-content\/uploads\/2025\/11\/salon-mirror-supplier.jpeg\" class=\"attachment-large size-large wp-image-21247\" alt=\"salon mirror supplier\" srcset=\"https:\/\/ledmirrormanufacturer.com\/wp-content\/uploads\/2025\/11\/salon-mirror-supplier.jpeg 750w, https:\/\/ledmirrormanufacturer.com\/wp-content\/uploads\/2025\/11\/salon-mirror-supplier-300x300.jpeg 300w, https:\/\/ledmirrormanufacturer.com\/wp-content\/uploads\/2025\/11\/salon-mirror-supplier-150x150.jpeg 150w, https:\/\/ledmirrormanufacturer.com\/wp-content\/uploads\/2025\/11\/salon-mirror-supplier-12x12.jpeg 12w, https:\/\/ledmirrormanufacturer.com\/wp-content\/uploads\/2025\/11\/salon-mirror-supplier-460x460.jpeg 460w\" sizes=\"(max-width: 750px) 100vw, 750px\" \/>\t\t\t\t\t\t\t\t\t\t\t\t\t\t\t<\/div>\n\t\t\t\t<\/div>\n\t\t\t\t\t<\/div>\n\t\t\t\t<\/div>\n\t\t<div class=\"elementor-element elementor-element-e26d7dd e-flex e-con-boxed e-con e-parent\" data-id=\"e26d7dd\" data-element_type=\"container\">\n\t\t\t\t\t<div class=\"e-con-inner\">\n\t\t\t\t<div class=\"elementor-element elementor-element-ad78eb1 elementor-widget elementor-widget-spacer\" data-id=\"ad78eb1\" data-element_type=\"widget\" data-widget_type=\"spacer.default\">\n\t\t\t\t\t\t\t<div class=\"elementor-spacer\">\n\t\t\t<div class=\"elementor-spacer-inner\"><\/div>\n\t\t<\/div>\n\t\t\t\t\t\t<\/div>\n\t\t\t\t\t<\/div>\n\t\t\t\t<\/div>\n\t\t<div class=\"elementor-element elementor-element-03a0b12 e-flex e-con-boxed e-con e-parent\" data-id=\"03a0b12\" data-element_type=\"container\">\n\t\t\t\t\t<div class=\"e-con-inner\">\n\t\t\t\t<div class=\"elementor-element elementor-element-909de1d elementor-widget elementor-widget-text-editor\" data-id=\"909de1d\" data-element_type=\"widget\" data-widget_type=\"text-editor.default\">\n\t\t\t\t\t\t\t\t\t<div data-page-id=\"R3EMf2WJAdcD54cMPylcYyXVnug\" data-lark-html-role=\"root\" data-docx-has-block-data=\"false\">\n<h3 class=\"ace-line ace-line old-record-id-R3EMf2WJAdcD54cMPylcYyXVnug\" style=\"text-align: center;\">Miroirs de salon : Am\u00e9liorer l'exp\u00e9rience de la coiffure gr\u00e2ce \u00e0 un design fonctionnel<\/h3>\n<div class=\"ace-line ace-line old-record-id-DxhufLErMd3hzRczoZ3cKsefn8b\">Les miroirs de salon sont plus que des outils de r\u00e9flexion : ils sont essentiels \u00e0 la pr\u00e9cision des coiffeurs et \u00e0 la satisfaction des clients. Contrairement aux miroirs r\u00e9sidentiels standard, ces produits sp\u00e9cialis\u00e9s sont con\u00e7us pour r\u00e9pondre aux exigences uniques des salons de coiffure, de beaut\u00e9 et de barbier, alliant durabilit\u00e9, \u00e9clairage optimal et attrait esth\u00e9tique pour am\u00e9liorer chaque s\u00e9ance de coiffure.<\/div>\n<div class=\"ace-line ace-line old-record-id-DNxIfTpMzdFes6cDnZGcp4lCn4e\">Les caract\u00e9ristiques principales des miroirs de salon donnent la priorit\u00e9 aux professionnels et aux clients. L'\u00e9clairage LED int\u00e9gr\u00e9 est une caract\u00e9ristique non n\u00e9gociable, avec une luminosit\u00e9 douce et r\u00e9glable qui \u00e9limine les ombres, ce qui est essentiel pour la coloration, la coupe et l'application du maquillage. De nombreux mod\u00e8les offrent un contr\u00f4le de la temp\u00e9rature des couleurs, qui permet de passer de tons chauds \u00e0 des tons froids pour imiter diff\u00e9rents environnements (par exemple, l'\u00e9clairage d'un bureau ou la lumi\u00e8re naturelle du soleil) afin que les clients puissent voir comment les styles s'adaptent \u00e0 la vie quotidienne. Les cadres robustes et anticorrosion (souvent en m\u00e9tal ou en bois scell\u00e9) r\u00e9sistent aux dommages caus\u00e9s par les produits capillaires, l'eau et les nettoyages fr\u00e9quents, ce qui garantit leur long\u00e9vit\u00e9 dans les espaces tr\u00e8s fr\u00e9quent\u00e9s.<\/div>\n<div class=\"ace-line ace-line old-record-id-BEDVfQ3uXda1BUcxmKfctECyncb\">L'ajustabilit\u00e9 est une autre caract\u00e9ristique d\u00e9terminante. Les m\u00e9canismes de pivotement et d'inclinaison permettent aux stylistes de positionner les miroirs \u00e0 des angles parfaits, tandis que les mod\u00e8les pleine longueur des stations de coiffure permettent aux clients de voir les cheveux de la racine \u00e0 la pointe. Les options r\u00e9tro\u00e9clair\u00e9es ajoutent une touche de modernit\u00e9, illuminant l'int\u00e9rieur du salon tout en mettant en valeur les coiffures termin\u00e9es. Pour les salons de coiffure, les miroirs muraux compacts avec des inserts grossissants sont tr\u00e8s appr\u00e9ci\u00e9s pour les travaux minutieux tels que la taille de la barbe.<\/div>\n<div class=\"ace-line ace-line old-record-id-GERqfSckidBGRicCmUBcYmU3ndg\">Les sc\u00e9narios d'application couvrent l'ensemble du salon. Les stations de coiffure s'appuient sur des miroirs et des bureaux jumel\u00e9s, o\u00f9 les clients peuvent se d\u00e9tendre pendant que les stylistes travaillent. Les cabines de maquillage utilisent des miroirs grossissants avec des lumi\u00e8res \u00e0 intensit\u00e9 variable pour affiner les looks de pr\u00e9cision. M\u00eame les salles d'attente b\u00e9n\u00e9ficient de miroirs de salon d\u00e9coratifs : ils agrandissent l'espace visuel et mettent en valeur l'esth\u00e9tique du salon, donnant un ton professionnel. Des variantes durables et r\u00e9sistantes \u00e0 la bu\u00e9e sont \u00e9galement utilis\u00e9es dans les stations de lavage, avec des bords scell\u00e9s pour \u00e9viter les dommages dus \u00e0 l'humidit\u00e9.<\/div>\n<div class=\"ace-line ace-line old-record-id-UuLQfPHM8dUMfOcwFRIcpFHFndf\">En associant des caract\u00e9ristiques pratiques \u00e0 un design \u00e9l\u00e9gant, les miroirs de salon am\u00e9liorent l'efficacit\u00e9 des stylistes et la confiance des clients, ce qui en fait un investissement indispensable pour toute entreprise de soins de beaut\u00e9.<\/div>\n<\/div>\t\t\t\t\t\t\t\t<\/div>\n\t\t\t\t\t<\/div>\n\t\t\t\t<\/div>\n\t\t<div class=\"elementor-element elementor-element-41d98b9 e-flex e-con-boxed e-con e-parent\" data-id=\"41d98b9\" data-element_type=\"container\">\n\t\t\t\t\t<div class=\"e-con-inner\">\n\t\t\t\t<div class=\"elementor-element elementor-element-df4fa41 elementor-widget elementor-widget-spacer\" data-id=\"df4fa41\" data-element_type=\"widget\" data-widget_type=\"spacer.default\">\n\t\t\t\t\t\t\t<div class=\"elementor-spacer\">\n\t\t\t<div class=\"elementor-spacer-inner\"><\/div>\n\t\t<\/div>\n\t\t\t\t\t\t<\/div>\n\t\t\t\t\t<\/div>\n\t\t\t\t<\/div>\n\t\t<div class=\"elementor-element elementor-element-7b62a01 e-flex e-con-boxed e-con e-parent\" data-id=\"7b62a01\" data-element_type=\"container\">\n\t\t\t\t\t<div class=\"e-con-inner\">\n\t\t\t\t<div class=\"elementor-element elementor-element-4bbb96d elementor-widget elementor-widget-text-editor\" data-id=\"4bbb96d\" data-element_type=\"widget\" data-widget_type=\"text-editor.default\">\n\t\t\t\t\t\t\t\t\t<h3 style=\"text-align: center;\">Zones n\u00e9cessitant des miroirs<\/h3>\t\t\t\t\t\t\t\t<\/div>\n\t\t\t\t\t<\/div>\n\t\t\t\t<\/div>\n\t\t<div class=\"elementor-element elementor-element-61d3eba e-flex e-con-boxed e-con e-parent\" data-id=\"61d3eba\" data-element_type=\"container\">\n\t\t\t\t\t<div class=\"e-con-inner\">\n\t\t<div class=\"elementor-element elementor-element-3a088a4 e-con-full e-flex e-con e-child\" data-id=\"3a088a4\" data-element_type=\"container\">\n\t\t\t\t<div class=\"elementor-element elementor-element-158752c elementor-widget elementor-widget-image\" data-id=\"158752c\" data-element_type=\"widget\" data-widget_type=\"image.default\">\n\t\t\t\t\t\t\t\t\t\t\t\t\t\t\t<img decoding=\"async\" width=\"800\" height=\"800\" src=\"https:\/\/ledmirrormanufacturer.com\/wp-content\/uploads\/2025\/11\/salon-mirror.jpg\" class=\"attachment-large size-large wp-image-21248\" alt=\"salon mirror\" srcset=\"https:\/\/ledmirrormanufacturer.com\/wp-content\/uploads\/2025\/11\/salon-mirror.jpg 800w, https:\/\/ledmirrormanufacturer.com\/wp-content\/uploads\/2025\/11\/salon-mirror-300x300.jpg 300w, https:\/\/ledmirrormanufacturer.com\/wp-content\/uploads\/2025\/11\/salon-mirror-150x150.jpg 150w, https:\/\/ledmirrormanufacturer.com\/wp-content\/uploads\/2025\/11\/salon-mirror-768x768.jpg 768w, https:\/\/ledmirrormanufacturer.com\/wp-content\/uploads\/2025\/11\/salon-mirror-12x12.jpg 12w, https:\/\/ledmirrormanufacturer.com\/wp-content\/uploads\/2025\/11\/salon-mirror-460x460.jpg 460w\" sizes=\"(max-width: 800px) 100vw, 800px\" \/>\t\t\t\t\t\t\t\t\t\t\t\t\t\t\t<\/div>\n\t\t\t\t<div class=\"elementor-element elementor-element-65e7621 elementor-widget elementor-widget-text-editor\" data-id=\"65e7621\" data-element_type=\"widget\" data-widget_type=\"text-editor.default\">\n\t\t\t\t\t\t\t\t\t<h5 style=\"text-align: center;\">Salon de coiffure<\/h5>\t\t\t\t\t\t\t\t<\/div>\n\t\t\t\t<\/div>\n\t\t<div class=\"elementor-element elementor-element-bc70bbc e-con-full e-flex e-con e-child\" data-id=\"bc70bbc\" data-element_type=\"container\">\n\t\t\t\t<div class=\"elementor-element elementor-element-0545b2e elementor-widget elementor-widget-image\" data-id=\"0545b2e\" data-element_type=\"widget\" data-widget_type=\"image.default\">\n\t\t\t\t\t\t\t\t\t\t\t\t\t\t\t<img decoding=\"async\" width=\"980\" height=\"980\" src=\"https:\/\/ledmirrormanufacturer.com\/wp-content\/uploads\/2025\/11\/beauty-salon-1024x1024.jpg\" class=\"attachment-large size-large wp-image-21249\" alt=\"beauty salon mirror supplier\" srcset=\"https:\/\/ledmirrormanufacturer.com\/wp-content\/uploads\/2025\/11\/beauty-salon-1024x1024.jpg 1024w, https:\/\/ledmirrormanufacturer.com\/wp-content\/uploads\/2025\/11\/beauty-salon-300x300.jpg 300w, https:\/\/ledmirrormanufacturer.com\/wp-content\/uploads\/2025\/11\/beauty-salon-150x150.jpg 150w, https:\/\/ledmirrormanufacturer.com\/wp-content\/uploads\/2025\/11\/beauty-salon-768x767.jpg 768w, https:\/\/ledmirrormanufacturer.com\/wp-content\/uploads\/2025\/11\/beauty-salon-12x12.jpg 12w, https:\/\/ledmirrormanufacturer.com\/wp-content\/uploads\/2025\/11\/beauty-salon-460x460.jpg 460w, https:\/\/ledmirrormanufacturer.com\/wp-content\/uploads\/2025\/11\/beauty-salon-800x799.jpg 800w, https:\/\/ledmirrormanufacturer.com\/wp-content\/uploads\/2025\/11\/beauty-salon.jpg 1128w\" sizes=\"(max-width: 980px) 100vw, 980px\" \/>\t\t\t\t\t\t\t\t\t\t\t\t\t\t\t<\/div>\n\t\t\t\t<div class=\"elementor-element elementor-element-3a7c65f elementor-widget elementor-widget-text-editor\" data-id=\"3a7c65f\" data-element_type=\"widget\" data-widget_type=\"text-editor.default\">\n\t\t\t\t\t\t\t\t\t<h5 style=\"text-align: center;\">Salon de beaut\u00e9<\/h5>\t\t\t\t\t\t\t\t<\/div>\n\t\t\t\t<\/div>\n\t\t<div class=\"elementor-element elementor-element-eaa182d e-con-full e-flex e-con e-child\" data-id=\"eaa182d\" data-element_type=\"container\">\n\t\t\t\t<div class=\"elementor-element elementor-element-5a0f693 elementor-widget elementor-widget-image\" data-id=\"5a0f693\" data-element_type=\"widget\" data-widget_type=\"image.default\">\n\t\t\t\t\t\t\t\t\t\t\t\t\t\t\t<img loading=\"lazy\" decoding=\"async\" width=\"980\" height=\"979\" src=\"https:\/\/ledmirrormanufacturer.com\/wp-content\/uploads\/2025\/11\/nail-salon.jpg\" class=\"attachment-large size-large wp-image-21250\" alt=\"\" srcset=\"https:\/\/ledmirrormanufacturer.com\/wp-content\/uploads\/2025\/11\/nail-salon.jpg 1015w, https:\/\/ledmirrormanufacturer.com\/wp-content\/uploads\/2025\/11\/nail-salon-300x300.jpg 300w, https:\/\/ledmirrormanufacturer.com\/wp-content\/uploads\/2025\/11\/nail-salon-150x150.jpg 150w, https:\/\/ledmirrormanufacturer.com\/wp-content\/uploads\/2025\/11\/nail-salon-768x767.jpg 768w, https:\/\/ledmirrormanufacturer.com\/wp-content\/uploads\/2025\/11\/nail-salon-12x12.jpg 12w, https:\/\/ledmirrormanufacturer.com\/wp-content\/uploads\/2025\/11\/nail-salon-460x460.jpg 460w, https:\/\/ledmirrormanufacturer.com\/wp-content\/uploads\/2025\/11\/nail-salon-800x799.jpg 800w\" sizes=\"(max-width: 980px) 100vw, 980px\" \/>\t\t\t\t\t\t\t\t\t\t\t\t\t\t\t<\/div>\n\t\t\t\t<div class=\"elementor-element elementor-element-67403a6 elementor-widget elementor-widget-text-editor\" data-id=\"67403a6\" data-element_type=\"widget\" data-widget_type=\"text-editor.default\">\n\t\t\t\t\t\t\t\t\t<h5 style=\"text-align: center;\">Salon de manucure<\/h5>\t\t\t\t\t\t\t\t<\/div>\n\t\t\t\t<\/div>\n\t\t\t\t\t<\/div>\n\t\t\t\t<\/div>\n\t\t\t\t<\/div>","protected":false},"excerpt":{"rendered":"<p>Miroir de salon Miroirs de salon : Les miroirs de salon sont plus que des outils de r\u00e9flexion : ils sont essentiels \u00e0 la pr\u00e9cision des coiffeurs et \u00e0 la satisfaction des clients. Contrairement aux miroirs r\u00e9sidentiels standard, ces produits sp\u00e9cialis\u00e9s sont con\u00e7us pour r\u00e9pondre aux exigences uniques des salons de coiffure, de beaut\u00e9 et de barbier, alliant durabilit\u00e9, \u00e9clairage optimal et attrait esth\u00e9tique pour am\u00e9liorer chaque [...]<\/p>","protected":false},"author":2,"featured_media":21247,"parent":2690,"menu_order":0,"comment_status":"closed","ping_status":"closed","template":"","meta":{"inline_featured_image":false,"footnotes":""},"class_list":["post-21092","page","type-page","status-publish","has-post-thumbnail","hentry"],"yoast_head":"<!-- This site is optimized with the Yoast SEO Premium plugin v25.8 (Yoast SEO v25.8) - https:\/\/yoast.com\/wordpress\/plugins\/seo\/ -->\n<title>Salon Mirror Manufacturer &amp; Wholesale Supplier in China<\/title>\n<meta name=\"description\" content=\"DIMO is a experienced salon mirror factory in China,specialized in high-quality LED mirrors,makeup mirrors and full length mirrors with custom support and Competitive pricing.\" \/>\n<meta name=\"robots\" content=\"index, follow, max-snippet:-1, max-image-preview:large, max-video-preview:-1\" \/>\n<link rel=\"canonical\" href=\"https:\/\/ledmirrormanufacturer.com\/fr\/applications\/salon\/\" \/>\n<meta property=\"og:locale\" content=\"fr_FR\" \/>\n<meta property=\"og:type\" content=\"article\" \/>\n<meta property=\"og:title\" content=\"Salon\" \/>\n<meta property=\"og:description\" content=\"DIMO is a experienced salon mirror factory in China,specialized in high-quality LED mirrors,makeup mirrors and full length mirrors with custom support and Competitive pricing.\" \/>\n<meta property=\"og:url\" content=\"https:\/\/ledmirrormanufacturer.com\/fr\/applications\/salon\/\" \/>\n<meta property=\"og:site_name\" content=\"Bathroom LED Mirror Manufacturer Wholesale Supplier\" \/>\n<meta property=\"article:publisher\" content=\"https:\/\/www.facebook.com\/smartbathmirror\" \/>\n<meta property=\"article:modified_time\" content=\"2026-04-08T15:32:11+00:00\" \/>\n<meta property=\"og:image\" content=\"https:\/\/ledmirrormanufacturer.com\/wp-content\/uploads\/2025\/11\/salon-mirror-supplier.jpeg\" \/>\n\t<meta property=\"og:image:width\" content=\"750\" \/>\n\t<meta property=\"og:image:height\" content=\"750\" \/>\n\t<meta property=\"og:image:type\" content=\"image\/jpeg\" \/>\n<meta name=\"twitter:card\" content=\"summary_large_image\" \/>\n<meta name=\"twitter:site\" content=\"@jwysly\" \/>\n<meta name=\"twitter:label1\" content=\"Dur\u00e9e de lecture estim\u00e9e\" \/>\n\t<meta name=\"twitter:data1\" content=\"3 minutes\" \/>\n<script type=\"application\/ld+json\" class=\"yoast-schema-graph\">{\"@context\":\"https:\/\/schema.org\",\"@graph\":[{\"@type\":\"WebPage\",\"@id\":\"https:\/\/ledmirrormanufacturer.com\/applications\/salon\/\",\"url\":\"https:\/\/ledmirrormanufacturer.com\/applications\/salon\/\",\"name\":\"Salon Mirror Manufacturer & Wholesale Supplier in China\",\"isPartOf\":{\"@id\":\"https:\/\/ledmirrormanufacturer.com\/#website\"},\"primaryImageOfPage\":{\"@id\":\"https:\/\/ledmirrormanufacturer.com\/applications\/salon\/#primaryimage\"},\"image\":{\"@id\":\"https:\/\/ledmirrormanufacturer.com\/applications\/salon\/#primaryimage\"},\"thumbnailUrl\":\"https:\/\/ledmirrormanufacturer.com\/wp-content\/uploads\/2025\/11\/salon-mirror-supplier.jpeg\",\"datePublished\":\"2025-11-05T09:11:00+00:00\",\"dateModified\":\"2026-04-08T15:32:11+00:00\",\"description\":\"DIMO is a experienced salon mirror factory in China,specialized in high-quality LED mirrors,makeup mirrors and full length mirrors with custom support and Competitive pricing.\",\"breadcrumb\":{\"@id\":\"https:\/\/ledmirrormanufacturer.com\/applications\/salon\/#breadcrumb\"},\"inLanguage\":\"fr-FR\",\"potentialAction\":[{\"@type\":\"ReadAction\",\"target\":[\"https:\/\/ledmirrormanufacturer.com\/applications\/salon\/\"]}]},{\"@type\":\"ImageObject\",\"inLanguage\":\"fr-FR\",\"@id\":\"https:\/\/ledmirrormanufacturer.com\/applications\/salon\/#primaryimage\",\"url\":\"https:\/\/ledmirrormanufacturer.com\/wp-content\/uploads\/2025\/11\/salon-mirror-supplier.jpeg\",\"contentUrl\":\"https:\/\/ledmirrormanufacturer.com\/wp-content\/uploads\/2025\/11\/salon-mirror-supplier.jpeg\",\"width\":750,\"height\":750,\"caption\":\"salon mirror supplier\"},{\"@type\":\"BreadcrumbList\",\"@id\":\"https:\/\/ledmirrormanufacturer.com\/applications\/salon\/#breadcrumb\",\"itemListElement\":[{\"@type\":\"ListItem\",\"position\":1,\"name\":\"\u9996\u9875\",\"item\":\"https:\/\/ledmirrormanufacturer.com\/\"},{\"@type\":\"ListItem\",\"position\":2,\"name\":\"Applications\",\"item\":\"https:\/\/ledmirrormanufacturer.com\/applications\/\"},{\"@type\":\"ListItem\",\"position\":3,\"name\":\"Salon\"}]},{\"@type\":\"WebSite\",\"@id\":\"https:\/\/ledmirrormanufacturer.com\/#website\",\"url\":\"https:\/\/ledmirrormanufacturer.com\/\",\"name\":\"LED Mirror Manufacturer Hotel Bathroom Mirror Wholesale Supplier\",\"description\":\"China LED Mirror Manufacturer,Backlit Hotel Bathroom Mirrors Suppliers,Lighted Vanity Mirror Factory,Makeup Mirror Cabinet Company\",\"publisher\":{\"@id\":\"https:\/\/ledmirrormanufacturer.com\/#organization\"},\"potentialAction\":[{\"@type\":\"SearchAction\",\"target\":{\"@type\":\"EntryPoint\",\"urlTemplate\":\"https:\/\/ledmirrormanufacturer.com\/?s={search_term_string}\"},\"query-input\":{\"@type\":\"PropertyValueSpecification\",\"valueRequired\":true,\"valueName\":\"search_term_string\"}}],\"inLanguage\":\"fr-FR\"},{\"@type\":\"Organization\",\"@id\":\"https:\/\/ledmirrormanufacturer.com\/#organization\",\"name\":\"LED Mirror Manufacturer\",\"url\":\"https:\/\/ledmirrormanufacturer.com\/\",\"logo\":{\"@type\":\"ImageObject\",\"inLanguage\":\"fr-FR\",\"@id\":\"https:\/\/ledmirrormanufacturer.com\/#\/schema\/logo\/image\/\",\"url\":\"https:\/\/ledmirrormanufacturer.com\/wp-content\/uploads\/2025\/09\/logo222-2.png\",\"contentUrl\":\"https:\/\/ledmirrormanufacturer.com\/wp-content\/uploads\/2025\/09\/logo222-2.png\",\"width\":168,\"height\":60,\"caption\":\"LED Mirror Manufacturer\"},\"image\":{\"@id\":\"https:\/\/ledmirrormanufacturer.com\/#\/schema\/logo\/image\/\"},\"sameAs\":[\"https:\/\/www.facebook.com\/smartbathmirror\",\"https:\/\/x.com\/jwysly\",\"https:\/\/www.linkedin.com\/in\/led-mirror-frank-chan-a836a813a\"]}]}<\/script>\n<!-- \/ Yoast SEO Premium plugin. -->","yoast_head_json":{"title":"Salon Mirror Manufacturer & Wholesale Supplier in China","description":"DIMO is a experienced salon mirror factory in China,specialized in high-quality LED mirrors,makeup mirrors and full length mirrors with custom support and Competitive pricing.","robots":{"index":"index","follow":"follow","max-snippet":"max-snippet:-1","max-image-preview":"max-image-preview:large","max-video-preview":"max-video-preview:-1"},"canonical":"https:\/\/ledmirrormanufacturer.com\/fr\/applications\/salon\/","og_locale":"fr_FR","og_type":"article","og_title":"Salon","og_description":"DIMO is a experienced salon mirror factory in China,specialized in high-quality LED mirrors,makeup mirrors and full length mirrors with custom support and Competitive pricing.","og_url":"https:\/\/ledmirrormanufacturer.com\/fr\/applications\/salon\/","og_site_name":"Bathroom LED Mirror Manufacturer Wholesale Supplier","article_publisher":"https:\/\/www.facebook.com\/smartbathmirror","article_modified_time":"2026-04-08T15:32:11+00:00","og_image":[{"width":750,"height":750,"url":"https:\/\/ledmirrormanufacturer.com\/wp-content\/uploads\/2025\/11\/salon-mirror-supplier.jpeg","type":"image\/jpeg"}],"twitter_card":"summary_large_image","twitter_site":"@jwysly","twitter_misc":{"Dur\u00e9e de lecture estim\u00e9e":"3 minutes"},"schema":{"@context":"https:\/\/schema.org","@graph":[{"@type":"WebPage","@id":"https:\/\/ledmirrormanufacturer.com\/applications\/salon\/","url":"https:\/\/ledmirrormanufacturer.com\/applications\/salon\/","name":"Salon Mirror Manufacturer & Wholesale Supplier in China","isPartOf":{"@id":"https:\/\/ledmirrormanufacturer.com\/#website"},"primaryImageOfPage":{"@id":"https:\/\/ledmirrormanufacturer.com\/applications\/salon\/#primaryimage"},"image":{"@id":"https:\/\/ledmirrormanufacturer.com\/applications\/salon\/#primaryimage"},"thumbnailUrl":"https:\/\/ledmirrormanufacturer.com\/wp-content\/uploads\/2025\/11\/salon-mirror-supplier.jpeg","datePublished":"2025-11-05T09:11:00+00:00","dateModified":"2026-04-08T15:32:11+00:00","description":"DIMO is a experienced salon mirror factory in China,specialized in high-quality LED mirrors,makeup mirrors and full length mirrors with custom support and Competitive pricing.","breadcrumb":{"@id":"https:\/\/ledmirrormanufacturer.com\/applications\/salon\/#breadcrumb"},"inLanguage":"fr-FR","potentialAction":[{"@type":"ReadAction","target":["https:\/\/ledmirrormanufacturer.com\/applications\/salon\/"]}]},{"@type":"ImageObject","inLanguage":"fr-FR","@id":"https:\/\/ledmirrormanufacturer.com\/applications\/salon\/#primaryimage","url":"https:\/\/ledmirrormanufacturer.com\/wp-content\/uploads\/2025\/11\/salon-mirror-supplier.jpeg","contentUrl":"https:\/\/ledmirrormanufacturer.com\/wp-content\/uploads\/2025\/11\/salon-mirror-supplier.jpeg","width":750,"height":750,"caption":"salon mirror supplier"},{"@type":"BreadcrumbList","@id":"https:\/\/ledmirrormanufacturer.com\/applications\/salon\/#breadcrumb","itemListElement":[{"@type":"ListItem","position":1,"name":"\u9996\u9875","item":"https:\/\/ledmirrormanufacturer.com\/"},{"@type":"ListItem","position":2,"name":"Applications","item":"https:\/\/ledmirrormanufacturer.com\/applications\/"},{"@type":"ListItem","position":3,"name":"Salon"}]},{"@type":"WebSite","@id":"https:\/\/ledmirrormanufacturer.com\/#website","url":"https:\/\/ledmirrormanufacturer.com\/","name":"LED Mirror Manufacturer Hotel Bathroom Mirror Wholesale Supplier","description":"China LED Mirror Manufacturer,Backlit Hotel Bathroom Mirrors Suppliers,Lighted Vanity Mirror Factory,Makeup Mirror Cabinet Company","publisher":{"@id":"https:\/\/ledmirrormanufacturer.com\/#organization"},"potentialAction":[{"@type":"SearchAction","target":{"@type":"EntryPoint","urlTemplate":"https:\/\/ledmirrormanufacturer.com\/?s={search_term_string}"},"query-input":{"@type":"PropertyValueSpecification","valueRequired":true,"valueName":"search_term_string"}}],"inLanguage":"fr-FR"},{"@type":"Organization","@id":"https:\/\/ledmirrormanufacturer.com\/#organization","name":"LED Mirror Manufacturer","url":"https:\/\/ledmirrormanufacturer.com\/","logo":{"@type":"ImageObject","inLanguage":"fr-FR","@id":"https:\/\/ledmirrormanufacturer.com\/#\/schema\/logo\/image\/","url":"https:\/\/ledmirrormanufacturer.com\/wp-content\/uploads\/2025\/09\/logo222-2.png","contentUrl":"https:\/\/ledmirrormanufacturer.com\/wp-content\/uploads\/2025\/09\/logo222-2.png","width":168,"height":60,"caption":"LED Mirror Manufacturer"},"image":{"@id":"https:\/\/ledmirrormanufacturer.com\/#\/schema\/logo\/image\/"},"sameAs":["https:\/\/www.facebook.com\/smartbathmirror","https:\/\/x.com\/jwysly","https:\/\/www.linkedin.com\/in\/led-mirror-frank-chan-a836a813a"]}]}},"_links":{"self":[{"href":"https:\/\/ledmirrormanufacturer.com\/fr\/wp-json\/wp\/v2\/pages\/21092","targetHints":{"allow":["GET"]}}],"collection":[{"href":"https:\/\/ledmirrormanufacturer.com\/fr\/wp-json\/wp\/v2\/pages"}],"about":[{"href":"https:\/\/ledmirrormanufacturer.com\/fr\/wp-json\/wp\/v2\/types\/page"}],"author":[{"embeddable":true,"href":"https:\/\/ledmirrormanufacturer.com\/fr\/wp-json\/wp\/v2\/users\/2"}],"replies":[{"embeddable":true,"href":"https:\/\/ledmirrormanufacturer.com\/fr\/wp-json\/wp\/v2\/comments?post=21092"}],"version-history":[{"count":4,"href":"https:\/\/ledmirrormanufacturer.com\/fr\/wp-json\/wp\/v2\/pages\/21092\/revisions"}],"predecessor-version":[{"id":21253,"href":"https:\/\/ledmirrormanufacturer.com\/fr\/wp-json\/wp\/v2\/pages\/21092\/revisions\/21253"}],"up":[{"embeddable":true,"href":"https:\/\/ledmirrormanufacturer.com\/fr\/wp-json\/wp\/v2\/pages\/2690"}],"wp:featuredmedia":[{"embeddable":true,"href":"https:\/\/ledmirrormanufacturer.com\/fr\/wp-json\/wp\/v2\/media\/21247"}],"wp:attachment":[{"href":"https:\/\/ledmirrormanufacturer.com\/fr\/wp-json\/wp\/v2\/media?parent=21092"}],"curies":[{"name":"wp","href":"https:\/\/api.w.org\/{rel}","templated":true}]}}