{"id":2690,"date":"2023-03-09T08:16:55","date_gmt":"2023-03-09T08:16:55","guid":{"rendered":"http:\/\/source.wpopal.com\/hnice\/?page_id=2690"},"modified":"2026-04-08T15:22:02","modified_gmt":"2026-04-08T15:22:02","slug":"applications","status":"publish","type":"page","link":"https:\/\/ledmirrormanufacturer.com\/fr\/applications\/","title":{"rendered":"Applications"},"content":{"rendered":"<div data-elementor-type=\"wp-page\" data-elementor-id=\"2690\" class=\"elementor elementor-2690\" data-elementor-post-type=\"page\">\n\t\t\t\t<div class=\"elementor-element elementor-element-ac00eef e-flex e-con-boxed e-con e-parent\" data-id=\"ac00eef\" data-element_type=\"container\">\n\t\t\t\t\t<div class=\"e-con-inner\">\n\t\t\t\t<div class=\"elementor-element elementor-element-b3fa39c elementor-widget elementor-widget-spacer\" data-id=\"b3fa39c\" data-element_type=\"widget\" data-widget_type=\"spacer.default\">\n\t\t\t\t\t\t\t<div class=\"elementor-spacer\">\n\t\t\t<div class=\"elementor-spacer-inner\"><\/div>\n\t\t<\/div>\n\t\t\t\t\t\t<\/div>\n\t\t\t\t\t<\/div>\n\t\t\t\t<\/div>\n\t\t<div class=\"elementor-element elementor-element-57e5e03 e-flex e-con-boxed e-con e-parent\" data-id=\"57e5e03\" data-element_type=\"container\">\n\t\t\t\t\t<div class=\"e-con-inner\">\n\t\t\t\t<div class=\"elementor-element elementor-element-0c66719 elementor-widget elementor-widget-text-editor\" data-id=\"0c66719\" data-element_type=\"widget\" data-widget_type=\"text-editor.default\">\n\t\t\t\t\t\t\t\t\t<h2 style=\"text-align: center;\">Applications<\/h2><p style=\"text-align: center;\">Dimo propose des miroirs de salle de bain, des miroirs de maquillage, des armoires de toilette, des radiateurs s\u00e8che-serviettes et des miroirs encadr\u00e9s \u00e0 LED de haute qualit\u00e9 et innovants, sp\u00e9cialement con\u00e7us pour les secteurs de l'h\u00f4tellerie, du commerce, du r\u00e9sidentiel, du public, des salons et de la vente au d\u00e9tail.<\/p><h2 style=\"text-align: center;\">\u00a0<\/h2>\t\t\t\t\t\t\t\t<\/div>\n\t\t\t\t\t<\/div>\n\t\t\t\t<\/div>\n\t\t<div class=\"elementor-element elementor-element-e8008c7 e-flex e-con-boxed e-con e-parent\" data-id=\"e8008c7\" data-element_type=\"container\">\n\t\t\t\t\t<div class=\"e-con-inner\">\n\t\t<div class=\"make-column-clickable-elementor elementor-element elementor-element-6220efd e-con-full e-flex e-con e-child\" style=\"cursor: pointer;\" data-column-clickable=\"https:\/\/ledmirrormanufacturer.com\/applications\/hospitality\/\" data-column-clickable-blank=\"_self\" data-id=\"6220efd\" data-element_type=\"container\">\n\t\t\t\t<div class=\"elementor-element elementor-element-310ee26 elementor-widget elementor-widget-image\" data-id=\"310ee26\" data-element_type=\"widget\" data-widget_type=\"image.default\">\n\t\t\t\t\t\t\t\t\t\t\t\t\t\t\t<img fetchpriority=\"high\" decoding=\"async\" width=\"460\" height=\"460\" src=\"https:\/\/ledmirrormanufacturer.com\/wp-content\/uploads\/2025\/11\/hospitality-mirror-460x460.jpg\" class=\"attachment-woocommerce_thumbnail size-woocommerce_thumbnail wp-image-21141\" alt=\"hospitality-mirror-manufacturer-supplier-wholesale\" srcset=\"https:\/\/ledmirrormanufacturer.com\/wp-content\/uploads\/2025\/11\/hospitality-mirror-460x460.jpg 460w, https:\/\/ledmirrormanufacturer.com\/wp-content\/uploads\/2025\/11\/hospitality-mirror-150x150.jpg 150w\" sizes=\"(max-width: 460px) 100vw, 460px\" \/>\t\t\t\t\t\t\t\t\t\t\t\t\t\t\t<\/div>\n\t\t\t\t<div class=\"elementor-element elementor-element-f0a1fac elementor-widget elementor-widget-text-editor\" data-id=\"f0a1fac\" data-element_type=\"widget\" data-widget_type=\"text-editor.default\">\n\t\t\t\t\t\t\t\t\t<h5 style=\"text-align: center;\">L'hospitalit\u00e9<\/h5>\t\t\t\t\t\t\t\t<\/div>\n\t\t\t\t<\/div>\n\t\t<div class=\"make-column-clickable-elementor elementor-element elementor-element-9af0222 e-con-full e-flex e-con e-child\" style=\"cursor: pointer;\" data-column-clickable=\"https:\/\/ledmirrormanufacturer.com\/applications\/commercial\/\" data-column-clickable-blank=\"_self\" data-id=\"9af0222\" data-element_type=\"container\">\n\t\t\t\t<div class=\"elementor-element elementor-element-93a1dcd elementor-widget elementor-widget-image\" data-id=\"93a1dcd\" data-element_type=\"widget\" data-widget_type=\"image.default\">\n\t\t\t\t\t\t\t\t\t\t\t\t\t\t\t<img decoding=\"async\" width=\"460\" height=\"460\" src=\"https:\/\/ledmirrormanufacturer.com\/wp-content\/uploads\/2025\/11\/commercial-mirror-supplier-460x460.jpg\" class=\"attachment-woocommerce_thumbnail size-woocommerce_thumbnail wp-image-21216\" alt=\"commercial-mirror-supplier-manufacturer-wholesale\" srcset=\"https:\/\/ledmirrormanufacturer.com\/wp-content\/uploads\/2025\/11\/commercial-mirror-supplier-460x460.jpg 460w, https:\/\/ledmirrormanufacturer.com\/wp-content\/uploads\/2025\/11\/commercial-mirror-supplier-150x150.jpg 150w\" sizes=\"(max-width: 460px) 100vw, 460px\" \/>\t\t\t\t\t\t\t\t\t\t\t\t\t\t\t<\/div>\n\t\t\t\t<div class=\"elementor-element elementor-element-2f4b38c elementor-widget elementor-widget-text-editor\" data-id=\"2f4b38c\" data-element_type=\"widget\" data-widget_type=\"text-editor.default\">\n\t\t\t\t\t\t\t\t\t<h5 style=\"text-align: center;\">Commercial<\/h5>\t\t\t\t\t\t\t\t<\/div>\n\t\t\t\t<\/div>\n\t\t<div class=\"make-column-clickable-elementor elementor-element elementor-element-3a07038 e-con-full e-flex e-con e-child\" style=\"cursor: pointer;\" data-column-clickable=\"https:\/\/ledmirrormanufacturer.com\/applications\/residential\/\" data-column-clickable-blank=\"_self\" data-id=\"3a07038\" data-element_type=\"container\">\n\t\t\t\t<div class=\"elementor-element elementor-element-fede5ff elementor-widget elementor-widget-image\" data-id=\"fede5ff\" data-element_type=\"widget\" data-widget_type=\"image.default\">\n\t\t\t\t\t\t\t\t\t\t\t\t\t\t\t<img decoding=\"async\" width=\"460\" height=\"460\" src=\"https:\/\/ledmirrormanufacturer.com\/wp-content\/uploads\/2025\/11\/bathroom-mirror-460x460.jpg\" class=\"attachment-woocommerce_thumbnail size-woocommerce_thumbnail wp-image-21227\" alt=\"bathroom-mirror-supplier-wholesale\" srcset=\"https:\/\/ledmirrormanufacturer.com\/wp-content\/uploads\/2025\/11\/bathroom-mirror-460x460.jpg 460w, https:\/\/ledmirrormanufacturer.com\/wp-content\/uploads\/2025\/11\/bathroom-mirror-150x150.jpg 150w\" sizes=\"(max-width: 460px) 100vw, 460px\" \/>\t\t\t\t\t\t\t\t\t\t\t\t\t\t\t<\/div>\n\t\t\t\t<div class=\"elementor-element elementor-element-3c3c375 elementor-widget elementor-widget-text-editor\" data-id=\"3c3c375\" data-element_type=\"widget\" data-widget_type=\"text-editor.default\">\n\t\t\t\t\t\t\t\t\t<h5 style=\"text-align: center;\">R\u00e9sidentiel<\/h5>\t\t\t\t\t\t\t\t<\/div>\n\t\t\t\t<\/div>\n\t\t<div class=\"make-column-clickable-elementor elementor-element elementor-element-0d45135 e-con-full e-flex e-con e-child\" style=\"cursor: pointer;\" data-column-clickable=\"https:\/\/ledmirrormanufacturer.com\/applications\/retail-furniture\/\" data-column-clickable-blank=\"_self\" data-id=\"0d45135\" data-element_type=\"container\">\n\t\t\t\t<div class=\"elementor-element elementor-element-9530408 elementor-widget elementor-widget-image\" data-id=\"9530408\" data-element_type=\"widget\" data-widget_type=\"image.default\">\n\t\t\t\t\t\t\t\t\t\t\t\t\t\t\t<img loading=\"lazy\" decoding=\"async\" width=\"460\" height=\"460\" src=\"https:\/\/ledmirrormanufacturer.com\/wp-content\/uploads\/2025\/11\/retail-stores-of-mirror-460x460.jpeg\" class=\"attachment-woocommerce_thumbnail size-woocommerce_thumbnail wp-image-21235\" alt=\"retail stores of mirror\" srcset=\"https:\/\/ledmirrormanufacturer.com\/wp-content\/uploads\/2025\/11\/retail-stores-of-mirror-460x460.jpeg 460w, https:\/\/ledmirrormanufacturer.com\/wp-content\/uploads\/2025\/11\/retail-stores-of-mirror-150x150.jpeg 150w\" sizes=\"(max-width: 460px) 100vw, 460px\" \/>\t\t\t\t\t\t\t\t\t\t\t\t\t\t\t<\/div>\n\t\t\t\t<div class=\"elementor-element elementor-element-2355f72 elementor-widget elementor-widget-text-editor\" data-id=\"2355f72\" data-element_type=\"widget\" data-widget_type=\"text-editor.default\">\n\t\t\t\t\t\t\t\t\t<h5 style=\"text-align: center;\">Vente au d\u00e9tail<\/h5>\t\t\t\t\t\t\t\t<\/div>\n\t\t\t\t<\/div>\n\t\t<div class=\"make-column-clickable-elementor elementor-element elementor-element-70fd268 e-con-full e-flex e-con e-child\" style=\"cursor: pointer;\" data-column-clickable=\"https:\/\/ledmirrormanufacturer.com\/applications\/salon\/\" data-column-clickable-blank=\"_self\" data-id=\"70fd268\" data-element_type=\"container\">\n\t\t\t\t<div class=\"elementor-element elementor-element-d081627 elementor-widget elementor-widget-image\" data-id=\"d081627\" data-element_type=\"widget\" data-widget_type=\"image.default\">\n\t\t\t\t\t\t\t\t\t\t\t\t\t\t\t<img loading=\"lazy\" decoding=\"async\" width=\"460\" height=\"460\" src=\"https:\/\/ledmirrormanufacturer.com\/wp-content\/uploads\/2025\/11\/beauty-salon-460x460.jpg\" class=\"attachment-woocommerce_thumbnail size-woocommerce_thumbnail wp-image-21249\" alt=\"beauty salon mirror supplier\" srcset=\"https:\/\/ledmirrormanufacturer.com\/wp-content\/uploads\/2025\/11\/beauty-salon-460x460.jpg 460w, https:\/\/ledmirrormanufacturer.com\/wp-content\/uploads\/2025\/11\/beauty-salon-300x300.jpg 300w, https:\/\/ledmirrormanufacturer.com\/wp-content\/uploads\/2025\/11\/beauty-salon-1024x1024.jpg 1024w, https:\/\/ledmirrormanufacturer.com\/wp-content\/uploads\/2025\/11\/beauty-salon-150x150.jpg 150w, https:\/\/ledmirrormanufacturer.com\/wp-content\/uploads\/2025\/11\/beauty-salon-768x767.jpg 768w, https:\/\/ledmirrormanufacturer.com\/wp-content\/uploads\/2025\/11\/beauty-salon-12x12.jpg 12w, https:\/\/ledmirrormanufacturer.com\/wp-content\/uploads\/2025\/11\/beauty-salon-800x799.jpg 800w, https:\/\/ledmirrormanufacturer.com\/wp-content\/uploads\/2025\/11\/beauty-salon.jpg 1128w\" sizes=\"(max-width: 460px) 100vw, 460px\" \/>\t\t\t\t\t\t\t\t\t\t\t\t\t\t\t<\/div>\n\t\t\t\t<div class=\"elementor-element elementor-element-e2f17c2 elementor-widget elementor-widget-text-editor\" data-id=\"e2f17c2\" data-element_type=\"widget\" data-widget_type=\"text-editor.default\">\n\t\t\t\t\t\t\t\t\t<h5 style=\"text-align: center;\">Salon<\/h5>\t\t\t\t\t\t\t\t<\/div>\n\t\t\t\t<\/div>\n\t\t<div class=\"make-column-clickable-elementor elementor-element elementor-element-a78da5b e-con-full e-flex e-con e-child\" style=\"cursor: pointer;\" data-column-clickable=\"https:\/\/ledmirrormanufacturer.com\/applications\/public\/\" data-column-clickable-blank=\"_self\" data-id=\"a78da5b\" data-element_type=\"container\">\n\t\t\t\t<div class=\"elementor-element elementor-element-3d26371 elementor-widget elementor-widget-image\" data-id=\"3d26371\" data-element_type=\"widget\" data-widget_type=\"image.default\">\n\t\t\t\t\t\t\t\t\t\t\t\t\t\t\t<img loading=\"lazy\" decoding=\"async\" width=\"460\" height=\"460\" src=\"https:\/\/ledmirrormanufacturer.com\/wp-content\/uploads\/2025\/11\/public-mirror-2-460x460.jpg\" class=\"attachment-woocommerce_thumbnail size-woocommerce_thumbnail wp-image-21256\" alt=\"public mirror 2\" srcset=\"https:\/\/ledmirrormanufacturer.com\/wp-content\/uploads\/2025\/11\/public-mirror-2-460x460.jpg 460w, https:\/\/ledmirrormanufacturer.com\/wp-content\/uploads\/2025\/11\/public-mirror-2-300x300.jpg 300w, https:\/\/ledmirrormanufacturer.com\/wp-content\/uploads\/2025\/11\/public-mirror-2-150x150.jpg 150w, https:\/\/ledmirrormanufacturer.com\/wp-content\/uploads\/2025\/11\/public-mirror-2-768x768.jpg 768w, https:\/\/ledmirrormanufacturer.com\/wp-content\/uploads\/2025\/11\/public-mirror-2-12x12.jpg 12w, https:\/\/ledmirrormanufacturer.com\/wp-content\/uploads\/2025\/11\/public-mirror-2.jpg 800w\" sizes=\"(max-width: 460px) 100vw, 460px\" \/>\t\t\t\t\t\t\t\t\t\t\t\t\t\t\t<\/div>\n\t\t\t\t<div class=\"elementor-element elementor-element-5638dab elementor-widget elementor-widget-text-editor\" data-id=\"5638dab\" data-element_type=\"widget\" data-widget_type=\"text-editor.default\">\n\t\t\t\t\t\t\t\t\t<h5 style=\"text-align: center;\">Public<\/h5>\t\t\t\t\t\t\t\t<\/div>\n\t\t\t\t<\/div>\n\t\t\t\t\t<\/div>\n\t\t\t\t<\/div>\n\t\t\t\t<\/div>","protected":false},"excerpt":{"rendered":"<p>Applications Dimo propose des miroirs de salle de bain, des miroirs de maquillage, des armoires de toilette, des radiateurs s\u00e8che-serviettes et des miroirs encadr\u00e9s \u00e0 LED de haute qualit\u00e9 et innovants, sp\u00e9cialement con\u00e7us pour les secteurs de l'h\u00f4tellerie, du commerce, du r\u00e9sidentiel, du public, des salons et de la vente au d\u00e9tail.   H\u00f4tellerie Commerciale R\u00e9sidentielle Commerciale Salon Public<\/p>","protected":false},"author":2,"featured_media":21141,"parent":0,"menu_order":0,"comment_status":"closed","ping_status":"closed","template":"","meta":{"inline_featured_image":false,"footnotes":""},"class_list":["post-2690","page","type-page","status-publish","has-post-thumbnail","hentry"],"yoast_head":"<!-- This site is optimized with the Yoast SEO Premium plugin v25.8 (Yoast SEO v25.8) - https:\/\/yoast.com\/wordpress\/plugins\/seo\/ -->\n<title>Applications - Bathroom LED Mirror Manufacturer Wholesale Supplier<\/title>\n<meta name=\"description\" content=\"Applications for LED Bathroom Mirrors includes hospitality,commercial,residential,public,salon and retail industries.\" \/>\n<meta name=\"robots\" content=\"index, follow, max-snippet:-1, max-image-preview:large, max-video-preview:-1\" \/>\n<link rel=\"canonical\" href=\"https:\/\/ledmirrormanufacturer.com\/fr\/applications\/\" \/>\n<meta property=\"og:locale\" content=\"fr_FR\" \/>\n<meta property=\"og:type\" content=\"article\" \/>\n<meta property=\"og:title\" content=\"Applications\" \/>\n<meta property=\"og:description\" content=\"Applications for LED Bathroom Mirrors includes hospitality,commercial,residential,public,salon and retail industries.\" \/>\n<meta property=\"og:url\" content=\"https:\/\/ledmirrormanufacturer.com\/fr\/applications\/\" \/>\n<meta property=\"og:site_name\" content=\"Bathroom LED Mirror Manufacturer Wholesale Supplier\" \/>\n<meta property=\"article:publisher\" content=\"https:\/\/www.facebook.com\/smartbathmirror\" \/>\n<meta property=\"article:modified_time\" content=\"2026-04-08T15:22:02+00:00\" \/>\n<meta property=\"og:image\" content=\"https:\/\/ledmirrormanufacturer.com\/wp-content\/uploads\/2025\/11\/hospitality-mirror.jpg\" \/>\n\t<meta property=\"og:image:width\" content=\"1320\" \/>\n\t<meta property=\"og:image:height\" content=\"1067\" \/>\n\t<meta property=\"og:image:type\" content=\"image\/jpeg\" \/>\n<meta name=\"twitter:card\" content=\"summary_large_image\" \/>\n<meta name=\"twitter:site\" content=\"@jwysly\" \/>\n<meta name=\"twitter:label1\" content=\"Dur\u00e9e de lecture estim\u00e9e\" \/>\n\t<meta name=\"twitter:data1\" content=\"2 minutes\" \/>\n<script type=\"application\/ld+json\" class=\"yoast-schema-graph\">{\"@context\":\"https:\/\/schema.org\",\"@graph\":[{\"@type\":\"WebPage\",\"@id\":\"https:\/\/ledmirrormanufacturer.com\/applications\/\",\"url\":\"https:\/\/ledmirrormanufacturer.com\/applications\/\",\"name\":\"Applications - Bathroom LED Mirror Manufacturer Wholesale Supplier\",\"isPartOf\":{\"@id\":\"https:\/\/ledmirrormanufacturer.com\/#website\"},\"primaryImageOfPage\":{\"@id\":\"https:\/\/ledmirrormanufacturer.com\/applications\/#primaryimage\"},\"image\":{\"@id\":\"https:\/\/ledmirrormanufacturer.com\/applications\/#primaryimage\"},\"thumbnailUrl\":\"https:\/\/ledmirrormanufacturer.com\/wp-content\/uploads\/2025\/11\/hospitality-mirror.jpg\",\"datePublished\":\"2023-03-09T08:16:55+00:00\",\"dateModified\":\"2026-04-08T15:22:02+00:00\",\"description\":\"Applications for LED Bathroom Mirrors includes hospitality,commercial,residential,public,salon and retail industries.\",\"breadcrumb\":{\"@id\":\"https:\/\/ledmirrormanufacturer.com\/applications\/#breadcrumb\"},\"inLanguage\":\"fr-FR\",\"potentialAction\":[{\"@type\":\"ReadAction\",\"target\":[\"https:\/\/ledmirrormanufacturer.com\/applications\/\"]}]},{\"@type\":\"ImageObject\",\"inLanguage\":\"fr-FR\",\"@id\":\"https:\/\/ledmirrormanufacturer.com\/applications\/#primaryimage\",\"url\":\"https:\/\/ledmirrormanufacturer.com\/wp-content\/uploads\/2025\/11\/hospitality-mirror.jpg\",\"contentUrl\":\"https:\/\/ledmirrormanufacturer.com\/wp-content\/uploads\/2025\/11\/hospitality-mirror.jpg\",\"width\":1320,\"height\":1067,\"caption\":\"hospitality-mirror-manufacturer-supplier-wholesale\"},{\"@type\":\"BreadcrumbList\",\"@id\":\"https:\/\/ledmirrormanufacturer.com\/applications\/#breadcrumb\",\"itemListElement\":[{\"@type\":\"ListItem\",\"position\":1,\"name\":\"\u9996\u9875\",\"item\":\"https:\/\/ledmirrormanufacturer.com\/\"},{\"@type\":\"ListItem\",\"position\":2,\"name\":\"Applications\"}]},{\"@type\":\"WebSite\",\"@id\":\"https:\/\/ledmirrormanufacturer.com\/#website\",\"url\":\"https:\/\/ledmirrormanufacturer.com\/\",\"name\":\"LED Mirror Manufacturer Hotel Bathroom Mirror Wholesale Supplier\",\"description\":\"China LED Mirror Manufacturer,Backlit Hotel Bathroom Mirrors Suppliers,Lighted Vanity Mirror Factory,Makeup Mirror Cabinet Company\",\"publisher\":{\"@id\":\"https:\/\/ledmirrormanufacturer.com\/#organization\"},\"potentialAction\":[{\"@type\":\"SearchAction\",\"target\":{\"@type\":\"EntryPoint\",\"urlTemplate\":\"https:\/\/ledmirrormanufacturer.com\/?s={search_term_string}\"},\"query-input\":{\"@type\":\"PropertyValueSpecification\",\"valueRequired\":true,\"valueName\":\"search_term_string\"}}],\"inLanguage\":\"fr-FR\"},{\"@type\":\"Organization\",\"@id\":\"https:\/\/ledmirrormanufacturer.com\/#organization\",\"name\":\"LED Mirror Manufacturer\",\"url\":\"https:\/\/ledmirrormanufacturer.com\/\",\"logo\":{\"@type\":\"ImageObject\",\"inLanguage\":\"fr-FR\",\"@id\":\"https:\/\/ledmirrormanufacturer.com\/#\/schema\/logo\/image\/\",\"url\":\"https:\/\/ledmirrormanufacturer.com\/wp-content\/uploads\/2025\/09\/logo222-2.png\",\"contentUrl\":\"https:\/\/ledmirrormanufacturer.com\/wp-content\/uploads\/2025\/09\/logo222-2.png\",\"width\":168,\"height\":60,\"caption\":\"LED Mirror Manufacturer\"},\"image\":{\"@id\":\"https:\/\/ledmirrormanufacturer.com\/#\/schema\/logo\/image\/\"},\"sameAs\":[\"https:\/\/www.facebook.com\/smartbathmirror\",\"https:\/\/x.com\/jwysly\",\"https:\/\/www.linkedin.com\/in\/led-mirror-frank-chan-a836a813a\"]}]}<\/script>\n<!-- \/ Yoast SEO Premium plugin. -->","yoast_head_json":{"title":"Applications - Bathroom LED Mirror Manufacturer Wholesale Supplier","description":"Applications for LED Bathroom Mirrors includes hospitality,commercial,residential,public,salon and retail industries.","robots":{"index":"index","follow":"follow","max-snippet":"max-snippet:-1","max-image-preview":"max-image-preview:large","max-video-preview":"max-video-preview:-1"},"canonical":"https:\/\/ledmirrormanufacturer.com\/fr\/applications\/","og_locale":"fr_FR","og_type":"article","og_title":"Applications","og_description":"Applications for LED Bathroom Mirrors includes hospitality,commercial,residential,public,salon and retail industries.","og_url":"https:\/\/ledmirrormanufacturer.com\/fr\/applications\/","og_site_name":"Bathroom LED Mirror Manufacturer Wholesale Supplier","article_publisher":"https:\/\/www.facebook.com\/smartbathmirror","article_modified_time":"2026-04-08T15:22:02+00:00","og_image":[{"width":1320,"height":1067,"url":"https:\/\/ledmirrormanufacturer.com\/wp-content\/uploads\/2025\/11\/hospitality-mirror.jpg","type":"image\/jpeg"}],"twitter_card":"summary_large_image","twitter_site":"@jwysly","twitter_misc":{"Dur\u00e9e de lecture estim\u00e9e":"2 minutes"},"schema":{"@context":"https:\/\/schema.org","@graph":[{"@type":"WebPage","@id":"https:\/\/ledmirrormanufacturer.com\/applications\/","url":"https:\/\/ledmirrormanufacturer.com\/applications\/","name":"Applications - Bathroom LED Mirror Manufacturer Wholesale Supplier","isPartOf":{"@id":"https:\/\/ledmirrormanufacturer.com\/#website"},"primaryImageOfPage":{"@id":"https:\/\/ledmirrormanufacturer.com\/applications\/#primaryimage"},"image":{"@id":"https:\/\/ledmirrormanufacturer.com\/applications\/#primaryimage"},"thumbnailUrl":"https:\/\/ledmirrormanufacturer.com\/wp-content\/uploads\/2025\/11\/hospitality-mirror.jpg","datePublished":"2023-03-09T08:16:55+00:00","dateModified":"2026-04-08T15:22:02+00:00","description":"Applications for LED Bathroom Mirrors includes hospitality,commercial,residential,public,salon and retail industries.","breadcrumb":{"@id":"https:\/\/ledmirrormanufacturer.com\/applications\/#breadcrumb"},"inLanguage":"fr-FR","potentialAction":[{"@type":"ReadAction","target":["https:\/\/ledmirrormanufacturer.com\/applications\/"]}]},{"@type":"ImageObject","inLanguage":"fr-FR","@id":"https:\/\/ledmirrormanufacturer.com\/applications\/#primaryimage","url":"https:\/\/ledmirrormanufacturer.com\/wp-content\/uploads\/2025\/11\/hospitality-mirror.jpg","contentUrl":"https:\/\/ledmirrormanufacturer.com\/wp-content\/uploads\/2025\/11\/hospitality-mirror.jpg","width":1320,"height":1067,"caption":"hospitality-mirror-manufacturer-supplier-wholesale"},{"@type":"BreadcrumbList","@id":"https:\/\/ledmirrormanufacturer.com\/applications\/#breadcrumb","itemListElement":[{"@type":"ListItem","position":1,"name":"\u9996\u9875","item":"https:\/\/ledmirrormanufacturer.com\/"},{"@type":"ListItem","position":2,"name":"Applications"}]},{"@type":"WebSite","@id":"https:\/\/ledmirrormanufacturer.com\/#website","url":"https:\/\/ledmirrormanufacturer.com\/","name":"LED Mirror Manufacturer Hotel Bathroom Mirror Wholesale Supplier","description":"China LED Mirror Manufacturer,Backlit Hotel Bathroom Mirrors Suppliers,Lighted Vanity Mirror Factory,Makeup Mirror Cabinet Company","publisher":{"@id":"https:\/\/ledmirrormanufacturer.com\/#organization"},"potentialAction":[{"@type":"SearchAction","target":{"@type":"EntryPoint","urlTemplate":"https:\/\/ledmirrormanufacturer.com\/?s={search_term_string}"},"query-input":{"@type":"PropertyValueSpecification","valueRequired":true,"valueName":"search_term_string"}}],"inLanguage":"fr-FR"},{"@type":"Organization","@id":"https:\/\/ledmirrormanufacturer.com\/#organization","name":"LED Mirror Manufacturer","url":"https:\/\/ledmirrormanufacturer.com\/","logo":{"@type":"ImageObject","inLanguage":"fr-FR","@id":"https:\/\/ledmirrormanufacturer.com\/#\/schema\/logo\/image\/","url":"https:\/\/ledmirrormanufacturer.com\/wp-content\/uploads\/2025\/09\/logo222-2.png","contentUrl":"https:\/\/ledmirrormanufacturer.com\/wp-content\/uploads\/2025\/09\/logo222-2.png","width":168,"height":60,"caption":"LED Mirror Manufacturer"},"image":{"@id":"https:\/\/ledmirrormanufacturer.com\/#\/schema\/logo\/image\/"},"sameAs":["https:\/\/www.facebook.com\/smartbathmirror","https:\/\/x.com\/jwysly","https:\/\/www.linkedin.com\/in\/led-mirror-frank-chan-a836a813a"]}]}},"_links":{"self":[{"href":"https:\/\/ledmirrormanufacturer.com\/fr\/wp-json\/wp\/v2\/pages\/2690","targetHints":{"allow":["GET"]}}],"collection":[{"href":"https:\/\/ledmirrormanufacturer.com\/fr\/wp-json\/wp\/v2\/pages"}],"about":[{"href":"https:\/\/ledmirrormanufacturer.com\/fr\/wp-json\/wp\/v2\/types\/page"}],"author":[{"embeddable":true,"href":"https:\/\/ledmirrormanufacturer.com\/fr\/wp-json\/wp\/v2\/users\/2"}],"replies":[{"embeddable":true,"href":"https:\/\/ledmirrormanufacturer.com\/fr\/wp-json\/wp\/v2\/comments?post=2690"}],"version-history":[{"count":7,"href":"https:\/\/ledmirrormanufacturer.com\/fr\/wp-json\/wp\/v2\/pages\/2690\/revisions"}],"predecessor-version":[{"id":21275,"href":"https:\/\/ledmirrormanufacturer.com\/fr\/wp-json\/wp\/v2\/pages\/2690\/revisions\/21275"}],"wp:featuredmedia":[{"embeddable":true,"href":"https:\/\/ledmirrormanufacturer.com\/fr\/wp-json\/wp\/v2\/media\/21141"}],"wp:attachment":[{"href":"https:\/\/ledmirrormanufacturer.com\/fr\/wp-json\/wp\/v2\/media?parent=2690"}],"curies":[{"name":"wp","href":"https:\/\/api.w.org\/{rel}","templated":true}]}}