{"id":21124,"date":"2025-11-11T14:33:35","date_gmt":"2025-11-11T14:33:35","guid":{"rendered":"https:\/\/ledmirrormanufacturer.com\/?post_type=product&#038;p=21124"},"modified":"2026-04-15T07:47:58","modified_gmt":"2026-04-15T07:47:58","slug":"full-length-mirror-fl-02","status":"publish","type":"product","link":"https:\/\/ledmirrormanufacturer.com\/fr\/produit\/full-length-mirror-fl-02\/","title":{"rendered":"Miroir complet FL-02"},"content":{"rendered":"<h2 style=\"text-align: left;\">Miroir pleine longueur <span style=\"color: #000000;\">Mod\u00e8le:FL-02<\/span><\/h2>\n<p style=\"text-align: left;\"><span style=\"color: #000000;\">Ce miroir pleine longueur est un miroir encadr\u00e9, le mod\u00e8le le plus vendu, avec un cadre en aluminium\/m\u00e9tal et un support pour \u00eatre install\u00e9 sur le sol ou sur le mur, la grande taille de la surface du miroir peut facilement refl\u00e9ter votre beaut\u00e9, et ajouter \u00e0 la d\u00e9coration de la chambre \u00e0 coucher ou de la salle d'habillage. Les formes les plus courantes sont le rectangle et le rond, mais elles peuvent aussi \u00eatre irr\u00e9guli\u00e8res.<\/span><\/p>\n<h2 style=\"text-align: left;\"><span style=\"color: #000000;\">Short description of the Full Length Mirror:<\/span><\/h2>\n<table style=\"border-collapse: collapse; width: 567.02pt;\" border=\"0\" width=\"1134\" cellspacing=\"0\" cellpadding=\"0\">\n<tbody>\n<tr style=\"height: 16.00pt;\">\n<td class=\"et2\" style=\"height: 16.00pt; width: 125.50pt;\" width=\"251\" height=\"32\">Utilisation<\/td>\n<td class=\"et3\" style=\"width: 159.00pt;\" width=\"318\"><\/td>\n<td class=\"et3\" style=\"width: 228.50pt;\" width=\"457\">D\u00e9coratif<\/td>\n<td class=\"et4\" style=\"width: 54.00pt;\" width=\"108\"><\/td>\n<\/tr>\n<tr style=\"height: 16.00pt;\">\n<td class=\"et5\" style=\"height: 16.00pt; width: 125.50pt;\" width=\"251\" height=\"32\">Forme<\/td>\n<td class=\"et6\" style=\"width: 159.00pt;\" width=\"318\"><\/td>\n<td class=\"et6\" style=\"width: 228.50pt;\" width=\"457\">Rectangle<\/td>\n<td class=\"et7\"><\/td>\n<\/tr>\n<tr style=\"height: 16.00pt;\">\n<td class=\"et5\" style=\"height: 16.00pt; width: 125.50pt;\" width=\"251\" height=\"32\">Mat\u00e9riau<\/td>\n<td class=\"et6\" style=\"width: 159.00pt;\" width=\"318\"><\/td>\n<td class=\"et6\" style=\"width: 228.50pt;\" width=\"457\">Verre, aluminium, fer<\/td>\n<td class=\"et7\"><\/td>\n<\/tr>\n<tr style=\"height: 16.00pt;\">\n<td class=\"et5\" style=\"height: 16.00pt; width: 125.50pt;\" width=\"251\" height=\"32\">Style de conception<\/td>\n<td class=\"et6\" style=\"width: 159.00pt;\" width=\"318\"><\/td>\n<td class=\"et6\" style=\"width: 228.50pt;\" width=\"457\">Moderne<\/td>\n<td class=\"et7\"><\/td>\n<\/tr>\n<tr style=\"height: 16.00pt;\">\n<td class=\"et5\" style=\"height: 16.00pt; width: 125.50pt;\" width=\"251\" height=\"32\">Occasion<\/td>\n<td class=\"et6\" style=\"width: 159.00pt;\" width=\"318\"><\/td>\n<td class=\"et6\" style=\"width: 228.50pt;\" width=\"457\">Chambre \u00e0 coucher, h\u00f4tel, dressing<\/td>\n<td class=\"et7\"><\/td>\n<\/tr>\n<tr style=\"height: 16.00pt;\">\n<td class=\"et5\" style=\"height: 16.00pt; width: 125.50pt;\" width=\"251\" height=\"32\">Lieu d'origine<\/td>\n<td class=\"et6\" style=\"width: 159.00pt;\" width=\"318\"><\/td>\n<td class=\"et6\" style=\"width: 228.50pt;\" width=\"457\">Zhejiang, Chine<\/td>\n<td class=\"et7\"><\/td>\n<\/tr>\n<tr style=\"height: 16.00pt;\">\n<td class=\"et5\" style=\"height: 16.00pt; width: 125.50pt;\" width=\"251\" height=\"32\">Nom de marque<\/td>\n<td class=\"et6\" style=\"width: 159.00pt;\" width=\"318\"><\/td>\n<td class=\"et6\" style=\"width: 228.50pt;\" width=\"457\">OEM<\/td>\n<td class=\"et7\"><\/td>\n<\/tr>\n<tr style=\"height: 16.00pt;\">\n<td class=\"et5\" style=\"height: 16.00pt; width: 125.50pt;\" width=\"251\" height=\"32\">Nom du produit<\/td>\n<td class=\"et6\" style=\"width: 159.00pt;\" width=\"318\"><\/td>\n<td class=\"et6\" style=\"width: 228.50pt;\" width=\"457\">Miroir d\u00e9coratif<\/td>\n<td class=\"et7\"><\/td>\n<\/tr>\n<tr style=\"height: 16.00pt;\">\n<td class=\"et5\" style=\"height: 16.00pt; width: 125.50pt;\" width=\"251\" height=\"32\">Mat\u00e9riau<\/td>\n<td class=\"et6\" style=\"width: 159.00pt;\" width=\"318\"><\/td>\n<td class=\"et6\" style=\"width: 228.50pt;\" width=\"457\">Verre flott\u00e9<\/td>\n<td class=\"et7\"><\/td>\n<\/tr>\n<tr style=\"height: 16.00pt;\">\n<td class=\"et5\" style=\"height: 16.00pt; width: 125.50pt;\" width=\"251\" height=\"32\">Utilisation<\/td>\n<td class=\"et6\" style=\"width: 159.00pt;\" width=\"318\"><\/td>\n<td class=\"et6\" style=\"width: 228.50pt;\" width=\"457\">D\u00e9coration int\u00e9rieure<\/td>\n<td class=\"et7\"><\/td>\n<\/tr>\n<tr style=\"height: 16.00pt;\">\n<td class=\"et5\" style=\"height: 16.00pt; width: 125.50pt;\" width=\"251\" height=\"32\">MOQ<\/td>\n<td class=\"et6\" style=\"width: 159.00pt;\" width=\"318\"><\/td>\n<td class=\"et6\" style=\"width: 228.50pt;\" width=\"457\">20pcs<\/td>\n<td class=\"et7\"><\/td>\n<\/tr>\n<tr style=\"height: 16.00pt;\">\n<td class=\"et5\" style=\"height: 16.00pt; width: 125.50pt;\" width=\"251\" height=\"32\">Style<\/td>\n<td class=\"et6\" style=\"width: 159.00pt;\" width=\"318\"><\/td>\n<td class=\"et6\" style=\"width: 228.50pt;\" width=\"457\">Miroir en verre Morden<\/td>\n<td class=\"et7\"><\/td>\n<\/tr>\n<tr style=\"height: 16.00pt;\">\n<td class=\"et5\" style=\"height: 16.00pt; width: 125.50pt;\" width=\"251\" height=\"32\">Application<\/td>\n<td class=\"et6\" style=\"width: 159.00pt;\" width=\"318\"><\/td>\n<td class=\"et6\" style=\"width: 228.50pt;\" width=\"457\">Salle de bain \u00e0 domicile<\/td>\n<td class=\"et7\"><\/td>\n<\/tr>\n<tr style=\"height: 16.00pt;\">\n<td class=\"et5\" style=\"height: 16.00pt; width: 125.50pt;\" width=\"251\" height=\"32\">Emballage<\/td>\n<td class=\"et6\" style=\"width: 159.00pt;\" width=\"318\"><\/td>\n<td class=\"et6\" style=\"width: 228.50pt;\" width=\"457\">1PC PE Bag+polyfoam\/CTN<\/td>\n<td class=\"et7\"><\/td>\n<\/tr>\n<tr style=\"height: 16.00pt;\">\n<td class=\"et5\" style=\"height: 16.00pt; width: 125.50pt;\" width=\"251\" height=\"32\">Qualit\u00e9<\/td>\n<td class=\"et6\" style=\"width: 159.00pt;\" width=\"318\"><\/td>\n<td class=\"et6\" style=\"width: 228.50pt;\" width=\"457\">Haute qualit\u00e9<\/td>\n<td class=\"et7\"><\/td>\n<\/tr>\n<tr style=\"height: 16.00pt;\">\n<td class=\"et5\" style=\"height: 16.00pt; width: 125.50pt;\" width=\"251\" height=\"32\">Couleur<\/td>\n<td class=\"et6\" style=\"width: 159.00pt;\" width=\"318\"><\/td>\n<td class=\"et6\" style=\"width: 228.50pt;\" width=\"457\">Noir Argent Blanc Gris Dor\u00e9<\/td>\n<td class=\"et7\"><\/td>\n<\/tr>\n<tr style=\"height: 16.00pt;\">\n<td class=\"et8\" style=\"height: 16.00pt; width: 125.50pt;\" width=\"251\" height=\"32\">Taille<\/td>\n<td class=\"et9\" style=\"width: 159.00pt;\" width=\"318\"><\/td>\n<td class=\"et9\" style=\"width: 228.50pt;\" width=\"457\">Dimensions personnalis\u00e9es<\/td>\n<td class=\"et10\"><\/td>\n<\/tr>\n<\/tbody>\n<\/table>\n<p>Miroir pleine longueur de haute qualit\u00e9<\/p>\n<p><span style=\"color: #000000;\"><br \/>\n<img fetchpriority=\"high\" decoding=\"async\" class=\"wp-image-20214\" src=\"https:\/\/ledmirrormanufacturer.com\/wp-content\/uploads\/2025\/09\/copper-free-silver-mirror-layers.jpg\" alt=\"glass-layers of led mirror manufacturer wholesale supplier\" width=\"641\" height=\"467\" \/><\/span><\/p>\n<p>&nbsp;<\/p>\n<p><img decoding=\"async\" class=\"alignnone wp-image-21126\" src=\"https:\/\/ledmirrormanufacturer.com\/wp-content\/uploads\/2025\/11\/full-length-mirror-frame-color-glass-detail.jpg\" alt=\"full-length-mirror-with-frame manufacturer\" width=\"671\" height=\"494\" \/><\/p>\n<p><img decoding=\"async\" class=\"alignnone wp-image-21127\" src=\"https:\/\/ledmirrormanufacturer.com\/wp-content\/uploads\/2025\/11\/back.jpg\" alt=\"\" width=\"620\" height=\"621\" srcset=\"https:\/\/ledmirrormanufacturer.com\/wp-content\/uploads\/2025\/11\/back-300x300.jpg 300w, https:\/\/ledmirrormanufacturer.com\/wp-content\/uploads\/2025\/11\/back-150x150.jpg 150w, https:\/\/ledmirrormanufacturer.com\/wp-content\/uploads\/2025\/11\/back-12x12.jpg 12w, https:\/\/ledmirrormanufacturer.com\/wp-content\/uploads\/2025\/11\/back-460x460.jpg 460w\" sizes=\"(max-width: 620px) 100vw, 620px\" \/><\/p>\n<h3>Options de taille pour les miroirs pleine longueur<\/h3>\n<p><img loading=\"lazy\" decoding=\"async\" class=\"alignnone wp-image-21128\" src=\"https:\/\/ledmirrormanufacturer.com\/wp-content\/uploads\/2025\/11\/size.jpg\" alt=\"size of full length mirror \" width=\"613\" height=\"494\" srcset=\"https:\/\/ledmirrormanufacturer.com\/wp-content\/uploads\/2025\/11\/size-300x243.jpg 300w, https:\/\/ledmirrormanufacturer.com\/wp-content\/uploads\/2025\/11\/size-15x12.jpg 15w\" sizes=\"(max-width: 613px) 100vw, 613px\" \/><\/p>\n<p>&nbsp;<\/p>\n<h2><span style=\"color: #000000;\">Processus de production des miroirs pleine longueur<\/span><span style=\"color: #000000;\">:<\/span><\/h2>\n<p><img loading=\"lazy\" decoding=\"async\" class=\"alignnone wp-image-20545\" src=\"https:\/\/ledmirrormanufacturer.com\/wp-content\/uploads\/2025\/09\/LED-MIRROR-MANUFACTURING-PROCESS-1.jpg\" alt=\"LED-MIRROR-MANUFACTURING-PROCESS\" width=\"676\" height=\"391\" \/><\/p>\n<p>&nbsp;<\/p>\n<h2><span style=\"color: #000000;\">Emballage pour miroir pleine longueur<\/span><span style=\"color: #000000;\">:<\/span><\/h2>\n<p><img loading=\"lazy\" decoding=\"async\" class=\"alignnone wp-image-21129\" src=\"https:\/\/ledmirrormanufacturer.com\/wp-content\/uploads\/2025\/11\/packing-of-full-length-mirror.jpg\" alt=\"packing-of-full-length-mirror\" width=\"677\" height=\"255\" \/><\/p>\n<ul>\n<li><span style=\"color: #000000;\"><strong>Nous nous occupons de nos clients :<\/strong><\/span><\/li>\n<\/ul>\n<p><span style=\"color: #000000;\">1. Certifi\u00e9 CE, ETL, IP44, RoHS, ERP<\/span><\/p>\n<p><span style=\"color: #000000;\">2. Plus de 15 ans d'exp\u00e9rience, satisfaction des clients 98%<\/span><\/p>\n<p><span style=\"color: #000000;\">3. 100% examin\u00e9 avant chargement<\/span><\/p>\n<p><span style=\"color: #000000;\">4. Dessin technique professionnel pour l'offre de projet<\/span><\/p>\n<p><span style=\"color: #000000;\">5. Capacit\u00e9 de production mensuelle de 40 conteneurs, livraison \u00e0 temps<\/span><\/p>\n<p><span style=\"color: #000000;\">6. Garantie de 3 ans, entretien \u00e0 vie<\/span><\/p>\n<p><span style=\"color: #000000;\">7. Possibilit\u00e9 d'exp\u00e9dition porte \u00e0 porte<\/span><\/p>\n<p><span style=\"color: #000000;\">8. Paiement de l'assurance commerciale Alibaba par carte de cr\u00e9dit ou ch\u00e8que \u00e9lectronique<\/span><\/p>\n<p>&nbsp;<\/p>\n<p>Pour plus de mod\u00e8les :<span style=\"color: #ffcc00;\"> <a style=\"color: #ffcc00;\" href=\"https:\/\/ledmirrormanufacturer.com\/fr\/produit\/\">Cliquez ici pour tous les mod\u00e8les<\/a><\/span><\/p>\n<ul>\n<li><strong>N'h\u00e9sitez pas \u00e0 nous envoyer une demande de renseignements ci-dessous !<\/strong><\/li>\n<\/ul>\n<p>Veuillez indiquer les d\u00e9tails suivants :<\/p>\n<ol>\n<li>Tailles *<\/li>\n<li>Quantit\u00e9s *<\/li>\n<li>Caract\u00e9ristiques suppl\u00e9mentaires<\/li>\n<li>Objectif : Pour des projets ou des produits de marque, etc.<\/li>\n<\/ol>","protected":false},"excerpt":{"rendered":"<h5><strong>Mat\u00e9riau :<\/strong><\/h5>\n<h5>Miroir : miroir argent\u00e9 4mm\/5mm<\/h5>\n<h5>Structure : Cadre en aluminium\/acier inoxydable\/plastique\/PS\/bois<\/h5>\n<h5>Installation : montage mural ou au sol<\/h5>\n<h5>S\u00e9curit\u00e9 : Panneau arri\u00e8re ou film, antid\u00e9flagrant.  Ou verre tremp\u00e9.<\/h5>\n<p>&nbsp;<\/p>\n<p>&nbsp;<\/p>","protected":false},"featured_media":21130,"comment_status":"open","ping_status":"closed","template":"","meta":{"inline_featured_image":false},"product_cat":[79],"product_tag":[100,102,95,103],"class_list":{"0":"post-21124","1":"product","2":"type-product","3":"status-publish","4":"has-post-thumbnail","6":"product_brand-oem","7":"product_cat-full-length-mirror","8":"product_tag-dressing-mirror","9":"product_tag-mirror-with-frame","10":"product_tag-rectangle-mirror","11":"product_tag-standing-mirror","13":"first","14":"instock","15":"shipping-taxable","16":"product-type-simple"},"yoast_head":"<!-- This site is optimized with the Yoast SEO Premium plugin v25.8 (Yoast SEO v25.8) - https:\/\/yoast.com\/wordpress\/plugins\/seo\/ -->\n<title>Full Length Mirror FL-02 - Bathroom LED Mirror Manufacturer Wholesale Supplier<\/title>\n<meta name=\"description\" content=\"Full Lentgh mirror Manufacturer and wholesale supplier from China - DIMO is a leading factory for LED bathroom mirrors, led mirror cabinets, wall makeup mirrors.\" \/>\n<meta name=\"robots\" content=\"index, follow, max-snippet:-1, max-image-preview:large, max-video-preview:-1\" \/>\n<link rel=\"canonical\" href=\"https:\/\/ledmirrormanufacturer.com\/fr\/produit\/full-length-mirror-fl-02\/\" \/>\n<meta property=\"og:locale\" content=\"fr_FR\" \/>\n<meta property=\"og:type\" content=\"article\" \/>\n<meta property=\"og:title\" content=\"Full Length Mirror FL-02\" \/>\n<meta property=\"og:description\" content=\"Full Lentgh mirror Manufacturer and wholesale supplier from China - DIMO is a leading factory for LED bathroom mirrors, led mirror cabinets, wall makeup mirrors.\" \/>\n<meta property=\"og:url\" content=\"https:\/\/ledmirrormanufacturer.com\/fr\/produit\/full-length-mirror-fl-02\/\" \/>\n<meta property=\"og:site_name\" content=\"Bathroom LED Mirror Manufacturer Wholesale Supplier\" \/>\n<meta property=\"article:publisher\" content=\"https:\/\/www.facebook.com\/smartbathmirror\" \/>\n<meta property=\"article:modified_time\" content=\"2026-04-15T07:47:58+00:00\" \/>\n<meta property=\"og:image\" content=\"https:\/\/ledmirrormanufacturer.com\/wp-content\/uploads\/2025\/11\/fl-02-full-length-mirror-supplier.jpg\" \/>\n\t<meta property=\"og:image:width\" content=\"1100\" \/>\n\t<meta property=\"og:image:height\" content=\"1100\" \/>\n\t<meta property=\"og:image:type\" content=\"image\/jpeg\" \/>\n<meta name=\"twitter:card\" content=\"summary_large_image\" \/>\n<meta name=\"twitter:site\" content=\"@jwysly\" \/>\n<meta name=\"twitter:label1\" content=\"Dur\u00e9e de lecture estim\u00e9e\" \/>\n\t<meta name=\"twitter:data1\" content=\"3 minutes\" \/>\n<script type=\"application\/ld+json\" class=\"yoast-schema-graph\">{\"@context\":\"https:\/\/schema.org\",\"@graph\":[{\"@type\":\"WebPage\",\"@id\":\"https:\/\/ledmirrormanufacturer.com\/product\/full-length-mirror-fl-02\/\",\"url\":\"https:\/\/ledmirrormanufacturer.com\/product\/full-length-mirror-fl-02\/\",\"name\":\"Full Length Mirror FL-02 - Bathroom LED Mirror Manufacturer Wholesale Supplier\",\"isPartOf\":{\"@id\":\"https:\/\/ledmirrormanufacturer.com\/#website\"},\"primaryImageOfPage\":{\"@id\":\"https:\/\/ledmirrormanufacturer.com\/product\/full-length-mirror-fl-02\/#primaryimage\"},\"image\":{\"@id\":\"https:\/\/ledmirrormanufacturer.com\/product\/full-length-mirror-fl-02\/#primaryimage\"},\"thumbnailUrl\":\"https:\/\/ledmirrormanufacturer.com\/wp-content\/uploads\/2025\/11\/fl-02-full-length-mirror-supplier.jpg\",\"datePublished\":\"2025-11-11T14:33:35+00:00\",\"dateModified\":\"2026-04-15T07:47:58+00:00\",\"description\":\"Full Lentgh mirror Manufacturer and wholesale supplier from China - DIMO is a leading factory for LED bathroom mirrors, led mirror cabinets, wall makeup mirrors.\",\"breadcrumb\":{\"@id\":\"https:\/\/ledmirrormanufacturer.com\/product\/full-length-mirror-fl-02\/#breadcrumb\"},\"inLanguage\":\"fr-FR\",\"potentialAction\":[{\"@type\":\"ReadAction\",\"target\":[\"https:\/\/ledmirrormanufacturer.com\/product\/full-length-mirror-fl-02\/\"]}]},{\"@type\":\"ImageObject\",\"inLanguage\":\"fr-FR\",\"@id\":\"https:\/\/ledmirrormanufacturer.com\/product\/full-length-mirror-fl-02\/#primaryimage\",\"url\":\"https:\/\/ledmirrormanufacturer.com\/wp-content\/uploads\/2025\/11\/fl-02-full-length-mirror-supplier.jpg\",\"contentUrl\":\"https:\/\/ledmirrormanufacturer.com\/wp-content\/uploads\/2025\/11\/fl-02-full-length-mirror-supplier.jpg\",\"width\":1100,\"height\":1100,\"caption\":\"fl-02-full-length-mirror-supplier\"},{\"@type\":\"BreadcrumbList\",\"@id\":\"https:\/\/ledmirrormanufacturer.com\/product\/full-length-mirror-fl-02\/#breadcrumb\",\"itemListElement\":[{\"@type\":\"ListItem\",\"position\":1,\"name\":\"\u9996\u9875\",\"item\":\"https:\/\/ledmirrormanufacturer.com\/\"},{\"@type\":\"ListItem\",\"position\":2,\"name\":\"Product\",\"item\":\"https:\/\/ledmirrormanufacturer.com\/product\/\"},{\"@type\":\"ListItem\",\"position\":3,\"name\":\"Full Length Mirror FL-02\"}]},{\"@type\":\"WebSite\",\"@id\":\"https:\/\/ledmirrormanufacturer.com\/#website\",\"url\":\"https:\/\/ledmirrormanufacturer.com\/\",\"name\":\"LED Mirror Manufacturer Hotel Bathroom Mirror Wholesale Supplier\",\"description\":\"China LED Mirror Manufacturer,Backlit Hotel Bathroom Mirrors Suppliers,Lighted Vanity Mirror Factory,Makeup Mirror Cabinet Company\",\"publisher\":{\"@id\":\"https:\/\/ledmirrormanufacturer.com\/#organization\"},\"potentialAction\":[{\"@type\":\"SearchAction\",\"target\":{\"@type\":\"EntryPoint\",\"urlTemplate\":\"https:\/\/ledmirrormanufacturer.com\/?s={search_term_string}\"},\"query-input\":{\"@type\":\"PropertyValueSpecification\",\"valueRequired\":true,\"valueName\":\"search_term_string\"}}],\"inLanguage\":\"fr-FR\"},{\"@type\":\"Organization\",\"@id\":\"https:\/\/ledmirrormanufacturer.com\/#organization\",\"name\":\"LED Mirror Manufacturer\",\"url\":\"https:\/\/ledmirrormanufacturer.com\/\",\"logo\":{\"@type\":\"ImageObject\",\"inLanguage\":\"fr-FR\",\"@id\":\"https:\/\/ledmirrormanufacturer.com\/#\/schema\/logo\/image\/\",\"url\":\"https:\/\/ledmirrormanufacturer.com\/wp-content\/uploads\/2025\/09\/logo222-2.png\",\"contentUrl\":\"https:\/\/ledmirrormanufacturer.com\/wp-content\/uploads\/2025\/09\/logo222-2.png\",\"width\":168,\"height\":60,\"caption\":\"LED Mirror Manufacturer\"},\"image\":{\"@id\":\"https:\/\/ledmirrormanufacturer.com\/#\/schema\/logo\/image\/\"},\"sameAs\":[\"https:\/\/www.facebook.com\/smartbathmirror\",\"https:\/\/x.com\/jwysly\",\"https:\/\/www.linkedin.com\/in\/led-mirror-frank-chan-a836a813a\"]}]}<\/script>\n<!-- \/ Yoast SEO Premium plugin. -->","yoast_head_json":{"title":"Full Length Mirror FL-02 - Bathroom LED Mirror Manufacturer Wholesale Supplier","description":"Full Lentgh mirror Manufacturer and wholesale supplier from China - DIMO is a leading factory for LED bathroom mirrors, led mirror cabinets, wall makeup mirrors.","robots":{"index":"index","follow":"follow","max-snippet":"max-snippet:-1","max-image-preview":"max-image-preview:large","max-video-preview":"max-video-preview:-1"},"canonical":"https:\/\/ledmirrormanufacturer.com\/fr\/produit\/full-length-mirror-fl-02\/","og_locale":"fr_FR","og_type":"article","og_title":"Full Length Mirror FL-02","og_description":"Full Lentgh mirror Manufacturer and wholesale supplier from China - DIMO is a leading factory for LED bathroom mirrors, led mirror cabinets, wall makeup mirrors.","og_url":"https:\/\/ledmirrormanufacturer.com\/fr\/produit\/full-length-mirror-fl-02\/","og_site_name":"Bathroom LED Mirror Manufacturer Wholesale Supplier","article_publisher":"https:\/\/www.facebook.com\/smartbathmirror","article_modified_time":"2026-04-15T07:47:58+00:00","og_image":[{"width":1100,"height":1100,"url":"https:\/\/ledmirrormanufacturer.com\/wp-content\/uploads\/2025\/11\/fl-02-full-length-mirror-supplier.jpg","type":"image\/jpeg"}],"twitter_card":"summary_large_image","twitter_site":"@jwysly","twitter_misc":{"Dur\u00e9e de lecture estim\u00e9e":"3 minutes"},"schema":{"@context":"https:\/\/schema.org","@graph":[{"@type":"WebPage","@id":"https:\/\/ledmirrormanufacturer.com\/product\/full-length-mirror-fl-02\/","url":"https:\/\/ledmirrormanufacturer.com\/product\/full-length-mirror-fl-02\/","name":"Full Length Mirror FL-02 - Bathroom LED Mirror Manufacturer Wholesale Supplier","isPartOf":{"@id":"https:\/\/ledmirrormanufacturer.com\/#website"},"primaryImageOfPage":{"@id":"https:\/\/ledmirrormanufacturer.com\/product\/full-length-mirror-fl-02\/#primaryimage"},"image":{"@id":"https:\/\/ledmirrormanufacturer.com\/product\/full-length-mirror-fl-02\/#primaryimage"},"thumbnailUrl":"https:\/\/ledmirrormanufacturer.com\/wp-content\/uploads\/2025\/11\/fl-02-full-length-mirror-supplier.jpg","datePublished":"2025-11-11T14:33:35+00:00","dateModified":"2026-04-15T07:47:58+00:00","description":"Full Lentgh mirror Manufacturer and wholesale supplier from China - DIMO is a leading factory for LED bathroom mirrors, led mirror cabinets, wall makeup mirrors.","breadcrumb":{"@id":"https:\/\/ledmirrormanufacturer.com\/product\/full-length-mirror-fl-02\/#breadcrumb"},"inLanguage":"fr-FR","potentialAction":[{"@type":"ReadAction","target":["https:\/\/ledmirrormanufacturer.com\/product\/full-length-mirror-fl-02\/"]}]},{"@type":"ImageObject","inLanguage":"fr-FR","@id":"https:\/\/ledmirrormanufacturer.com\/product\/full-length-mirror-fl-02\/#primaryimage","url":"https:\/\/ledmirrormanufacturer.com\/wp-content\/uploads\/2025\/11\/fl-02-full-length-mirror-supplier.jpg","contentUrl":"https:\/\/ledmirrormanufacturer.com\/wp-content\/uploads\/2025\/11\/fl-02-full-length-mirror-supplier.jpg","width":1100,"height":1100,"caption":"fl-02-full-length-mirror-supplier"},{"@type":"BreadcrumbList","@id":"https:\/\/ledmirrormanufacturer.com\/product\/full-length-mirror-fl-02\/#breadcrumb","itemListElement":[{"@type":"ListItem","position":1,"name":"\u9996\u9875","item":"https:\/\/ledmirrormanufacturer.com\/"},{"@type":"ListItem","position":2,"name":"Product","item":"https:\/\/ledmirrormanufacturer.com\/product\/"},{"@type":"ListItem","position":3,"name":"Full Length Mirror FL-02"}]},{"@type":"WebSite","@id":"https:\/\/ledmirrormanufacturer.com\/#website","url":"https:\/\/ledmirrormanufacturer.com\/","name":"LED Mirror Manufacturer Hotel Bathroom Mirror Wholesale Supplier","description":"China LED Mirror Manufacturer,Backlit Hotel Bathroom Mirrors Suppliers,Lighted Vanity Mirror Factory,Makeup Mirror Cabinet Company","publisher":{"@id":"https:\/\/ledmirrormanufacturer.com\/#organization"},"potentialAction":[{"@type":"SearchAction","target":{"@type":"EntryPoint","urlTemplate":"https:\/\/ledmirrormanufacturer.com\/?s={search_term_string}"},"query-input":{"@type":"PropertyValueSpecification","valueRequired":true,"valueName":"search_term_string"}}],"inLanguage":"fr-FR"},{"@type":"Organization","@id":"https:\/\/ledmirrormanufacturer.com\/#organization","name":"LED Mirror Manufacturer","url":"https:\/\/ledmirrormanufacturer.com\/","logo":{"@type":"ImageObject","inLanguage":"fr-FR","@id":"https:\/\/ledmirrormanufacturer.com\/#\/schema\/logo\/image\/","url":"https:\/\/ledmirrormanufacturer.com\/wp-content\/uploads\/2025\/09\/logo222-2.png","contentUrl":"https:\/\/ledmirrormanufacturer.com\/wp-content\/uploads\/2025\/09\/logo222-2.png","width":168,"height":60,"caption":"LED Mirror Manufacturer"},"image":{"@id":"https:\/\/ledmirrormanufacturer.com\/#\/schema\/logo\/image\/"},"sameAs":["https:\/\/www.facebook.com\/smartbathmirror","https:\/\/x.com\/jwysly","https:\/\/www.linkedin.com\/in\/led-mirror-frank-chan-a836a813a"]}]}},"_links":{"self":[{"href":"https:\/\/ledmirrormanufacturer.com\/fr\/wp-json\/wp\/v2\/product\/21124","targetHints":{"allow":["GET"]}}],"collection":[{"href":"https:\/\/ledmirrormanufacturer.com\/fr\/wp-json\/wp\/v2\/product"}],"about":[{"href":"https:\/\/ledmirrormanufacturer.com\/fr\/wp-json\/wp\/v2\/types\/product"}],"replies":[{"embeddable":true,"href":"https:\/\/ledmirrormanufacturer.com\/fr\/wp-json\/wp\/v2\/comments?post=21124"}],"wp:featuredmedia":[{"embeddable":true,"href":"https:\/\/ledmirrormanufacturer.com\/fr\/wp-json\/wp\/v2\/media\/21130"}],"wp:attachment":[{"href":"https:\/\/ledmirrormanufacturer.com\/fr\/wp-json\/wp\/v2\/media?parent=21124"}],"wp:term":[{"taxonomy":"product_cat","embeddable":true,"href":"https:\/\/ledmirrormanufacturer.com\/fr\/wp-json\/wp\/v2\/product_cat?post=21124"},{"taxonomy":"product_tag","embeddable":true,"href":"https:\/\/ledmirrormanufacturer.com\/fr\/wp-json\/wp\/v2\/product_tag?post=21124"}],"curies":[{"name":"wp","href":"https:\/\/api.w.org\/{rel}","templated":true}]}}