{"id":21326,"date":"2025-12-04T15:10:06","date_gmt":"2025-12-04T15:10:06","guid":{"rendered":"https:\/\/ledmirrormanufacturer.com\/?post_type=product&#038;p=21326"},"modified":"2026-04-15T07:46:32","modified_gmt":"2026-04-15T07:46:32","slug":"magnifying-led-bathroom-mirror-dbs-26","status":"publish","type":"product","link":"https:\/\/ledmirrormanufacturer.com\/fr\/product\/magnifying-led-bathroom-mirror-dbs-26\/","title":{"rendered":"Miroir de salle de bain LED grossissant DBS-26"},"content":{"rendered":"<h2 style=\"text-align: left;\">Magnifying LED Bathroom Mirror <span style=\"color: #000000;\">Mod\u00e8le:DBS-26<\/span><\/h2>\n<p style=\"text-align: left;\"><span style=\"color: #000000;\">Ce miroir de salle de bain grossissant \u00e0 LED est un miroir \u00e0 cadre, le mod\u00e8le le plus vendu, avec un r\u00e9tro-\u00e9clairage \u00e0 LED pour laver le mur, et la lumi\u00e8re refl\u00e9tant le mur comme la lumi\u00e8re, et ajouter \u00e0 l'atmosph\u00e8re de la salle de bain. Les formes les plus courantes sont le rectangle, le rond et les formes irr\u00e9guli\u00e8res.<\/span><\/p>\n<h2 style=\"text-align: left;\"><span style=\"color: #000000;\">Short description of the Magnifying LED Bathroom Mirror:<\/span><\/h2>\n<table class=\"alignleft\" style=\"height: 469px;\" border=\"1\" width=\"1148\" cellpadding=\"10px\">\n<tbody>\n<tr>\n<td><span style=\"color: #000000;\"><strong>Tension<\/strong><\/span><\/td>\n<td><span style=\"color: #000000;\">Entr\u00e9e AC100-240V, Sortie DC 12\/24V<\/span><\/td>\n<td><span style=\"color: #000000;\"><strong>Eclairage<\/strong><\/span><\/td>\n<td><span style=\"color: #000000;\">60\/120 LEDs\/m\u00e8tre, bandes simples\/doubles<\/span><\/td>\n<\/tr>\n<tr>\n<td><span style=\"color: #000000;\"><strong>CRI<\/strong><\/span><\/td>\n<td><span style=\"color: #000000;\">80+\/90+<\/span><\/td>\n<td><span style=\"color: #000000;\"><strong>TDC<\/strong><\/span><\/td>\n<td><span style=\"color: #000000;\">2700K\/3000K\/4000K\/5000K\/6000K ou autre<\/span><\/td>\n<\/tr>\n<tr>\n<td><span style=\"color: #000000;\"><strong>Taille en CM<\/strong><\/span><\/td>\n<td><span style=\"color: #000000;\">45x60cm, 50x70cm, 60x80cm, 60x90cm, 75x90cm,<\/span><\/p>\n<p><span style=\"color: #000000;\">100x80cm, 120x75cm, 120x90cm, 150x90cm ou taille personnalis\u00e9e<\/span><\/td>\n<td><span style=\"color: #000000;\"><strong>Taille en POUCE<\/strong><\/span><\/td>\n<td><span style=\"color: #000000;\">24\u2033x32\u2033,24\u2033x36\u2033,30\u2033x36\u2033,36\u2033x36\u2033,40\u2033x32\u2033,<\/span><\/p>\n<p><span style=\"color: #000000;\">48\u2033x30\u2033,48\u2033x36\u2033,60\u2033x36\u2033 ou taille personnalis\u00e9e<\/span><\/td>\n<\/tr>\n<tr>\n<td><span style=\"color: #000000;\"><strong>Miroir<\/strong><\/span><\/td>\n<td><span style=\"color: #000000;\">Miroir argent\u00e9 sans cuivre 4mm\/5mm<\/span><\/td>\n<td><span style=\"color: #000000;\"><strong>Installation<\/strong><\/span><\/td>\n<td><span style=\"color: #000000;\">Montage mural, c\u00e2blage ou prise<\/span><\/td>\n<\/tr>\n<tr>\n<td><span style=\"color: #000000;\"><strong>Structure<\/strong><\/span><\/td>\n<td><span style=\"color: #000000;\">Aluminium\/acier inoxydable\/plastique\/bois<\/span><\/td>\n<td><span style=\"color: #000000;\"><strong>Indice d'imperm\u00e9abilit\u00e9<\/strong><\/span><\/td>\n<td><span style=\"color: #000000;\">IP44<\/span><\/td>\n<\/tr>\n<tr>\n<td><span style=\"color: #000000;\"><strong>Fonction optionnelle<\/strong><\/span><\/td>\n<td><span style=\"color: #000000;\">Interrupteur \u00e0 d\u00e9tecteur de mouvement\/capteur tactile, D\u00e9sembuage,<\/span><\/p>\n<p><span style=\"color: #000000;\">Gradation, loupe, haut-parleur Bluetooth, r\u00e9glage CCT, horloge num\u00e9rique LED<\/span><\/td>\n<td><span style=\"color: #000000;\"><strong>Dur\u00e9e de vie des LED<\/strong><\/span><\/td>\n<td><span style=\"color: #000000;\">50000 heures<\/span><\/td>\n<\/tr>\n<\/tbody>\n<\/table>\n<p>&nbsp;<\/p>\n<p>&nbsp;<\/p>\n<p>&nbsp;<\/p>\n<p>&nbsp;<\/p>\n<p>&nbsp;<\/p>\n<p>&nbsp;<\/p>\n<p>&nbsp;<\/p>\n<p><span style=\"color: #000000;\"><br \/>\n<img fetchpriority=\"high\" decoding=\"async\" class=\"wp-image-20214\" src=\"https:\/\/ledmirrormanufacturer.com\/wp-content\/uploads\/2025\/09\/copper-free-silver-mirror-layers.jpg\" alt=\"couches de verre du miroir led fabricant fournisseur en gros\" width=\"605\" height=\"419\" srcset=\"https:\/\/ledmirrormanufacturer.com\/wp-content\/uploads\/2025\/09\/copper-free-silver-mirror-layers.jpg 800w, https:\/\/ledmirrormanufacturer.com\/wp-content\/uploads\/2025\/09\/copper-free-silver-mirror-layers-300x208.jpg 300w, https:\/\/ledmirrormanufacturer.com\/wp-content\/uploads\/2025\/09\/copper-free-silver-mirror-layers-768x532.jpg 768w, https:\/\/ledmirrormanufacturer.com\/wp-content\/uploads\/2025\/09\/copper-free-silver-mirror-layers-18x12.jpg 18w\" sizes=\"(max-width: 605px) 100vw, 605px\" \/><\/span><span style=\"color: #000000;\"><img decoding=\"async\" class=\"wp-image-20215\" src=\"https:\/\/ledmirrormanufacturer.com\/wp-content\/uploads\/2025\/09\/cct-color-of-led-bathroom-mirror.jpg\" alt=\"Cct-of-led-mirror-manufacturer-wholesale-supplier\" width=\"652\" height=\"425\" srcset=\"https:\/\/ledmirrormanufacturer.com\/wp-content\/uploads\/2025\/09\/cct-color-of-led-bathroom-mirror.jpg 1200w, https:\/\/ledmirrormanufacturer.com\/wp-content\/uploads\/2025\/09\/cct-color-of-led-bathroom-mirror-300x196.jpg 300w, https:\/\/ledmirrormanufacturer.com\/wp-content\/uploads\/2025\/09\/cct-color-of-led-bathroom-mirror-1024x667.jpg 1024w, https:\/\/ledmirrormanufacturer.com\/wp-content\/uploads\/2025\/09\/cct-color-of-led-bathroom-mirror-768x500.jpg 768w, https:\/\/ledmirrormanufacturer.com\/wp-content\/uploads\/2025\/09\/cct-color-of-led-bathroom-mirror-18x12.jpg 18w, https:\/\/ledmirrormanufacturer.com\/wp-content\/uploads\/2025\/09\/cct-color-of-led-bathroom-mirror-800x521.jpg 800w\" sizes=\"(max-width: 652px) 100vw, 652px\" \/><\/span><\/p>\n<h3><span style=\"color: #000000;\"><strong>\u00a0R\u00e9glage de la temp\u00e9rature de couleur des LED\uff1a<\/strong><\/span><\/h3>\n<p><span style=\"color: #000000;\">Ce miroir de salle de bain LED grossissant est dot\u00e9 d'une temp\u00e9rature de couleur r\u00e9glable, vous permettant de passer d'un \u00e9clairage chaud (3000K) \u00e0 un \u00e9clairage naturel (4000K) ou \u00e0 un \u00e9clairage blanc froid (6000K) pour s'adapter parfaitement \u00e0 vos besoins et \u00e0 votre environnement.<\/span><\/p>\n<p><span style=\"color: #000000;\"><img decoding=\"async\" class=\"alignnone wp-image-20220\" src=\"https:\/\/ledmirrormanufacturer.com\/wp-content\/uploads\/2025\/09\/dimming-brightness-of-led-mirror.jpg\" alt=\"miroirs lumineux fabriqu\u00e9s par des leds - fournisseur en gros\" width=\"668\" height=\"452\" \/><\/span><\/p>\n<h3><span style=\"color: #000000;\"><strong>R\u00e9glage de la luminosit\u00e9 des LED<\/strong>\u00a0:<\/span><\/h3>\n<p><span style=\"color: #000000;\">La luminosit\u00e9 de ce miroir de salle de bain LED grossissant peut \u00eatre r\u00e9gl\u00e9e \u00e0 l'aide de l'interrupteur tactile, ce qui vous permet de personnaliser l'intensit\u00e9 lumineuse, de la douce lueur ambiante \u00e0 l'\u00e9clairage d'appoint lumineux.  Luminosit\u00e9 : 10% -100%.<\/span><\/p>\n<h3><span style=\"color: #000000;\">Caract\u00e9ristiques optionnelles du vendeur de miroirs LED :<\/span><\/h3>\n<p><span style=\"color: #000000;\"><img loading=\"lazy\" decoding=\"async\" class=\"wp-image-20217 alignleft\" src=\"https:\/\/ledmirrormanufacturer.com\/wp-content\/uploads\/2025\/09\/features-functions-of-led-mirror.jpg\" alt=\"caract\u00e9ristiques fonctions du miroir \u00e0 diodes \u00e9lectroluminescentes fabricant fournisseur en gros\" width=\"578\" height=\"503\" srcset=\"https:\/\/ledmirrormanufacturer.com\/wp-content\/uploads\/2025\/09\/features-functions-of-led-mirror.jpg 750w, https:\/\/ledmirrormanufacturer.com\/wp-content\/uploads\/2025\/09\/features-functions-of-led-mirror-300x261.jpg 300w, https:\/\/ledmirrormanufacturer.com\/wp-content\/uploads\/2025\/09\/features-functions-of-led-mirror-14x12.jpg 14w\" sizes=\"(max-width: 578px) 100vw, 578px\" \/><\/span><\/p>\n<ul>\n<li><span style=\"color: #000000;\"><strong>Fonctions optionnelles :<\/strong><\/span><\/li>\n<\/ul>\n<p><span style=\"color: #000000;\">1. Interrupteur \u00e0 d\u00e9tecteur de mouvement ou de toucher ;<\/span><\/p>\n<p><span style=\"color: #000000;\">2. Coussin chauffant pour \u00e9viter la bu\u00e9e ( Anti-brouillard )<\/span><\/p>\n<p><span style=\"color: #000000;\">3. Loupe de maquillage<\/span><\/p>\n<p><span style=\"color: #000000;\">4. Prise pour rasoir<\/span><\/p>\n<p><span style=\"color: #000000;\">5. Affichage LED de l'horloge et de la temp\u00e9rature<\/span><\/p>\n<p><span style=\"color: #000000;\">6. Bluetooth et haut-parleurs<\/span><\/p>\n<p><span style=\"color: #000000;\">7. Miroirs TV<\/span><\/p>\n<p><span style=\"color: #000000;\">8. Luminosit\u00e9 : Luminosit\u00e9 efficace, Luminosit\u00e9 \u00e9lev\u00e9e, Luminosit\u00e9 tr\u00e8s \u00e9lev\u00e9e<\/span><\/p>\n<p>&nbsp;<\/p>\n<p>&nbsp;<\/p>\n<h2><span style=\"color: #000000;\">Processus de production du miroir de salle de bain LED grossissant<\/span><span style=\"color: #000000;\">:<\/span><\/h2>\n<p><img loading=\"lazy\" decoding=\"async\" class=\"alignnone wp-image-20545\" src=\"https:\/\/ledmirrormanufacturer.com\/wp-content\/uploads\/2025\/09\/LED-MIRROR-MANUFACTURING-PROCESS-1.jpg\" alt=\"PROCESSUS DE FABRICATION DES MIROIRS \u00c0 DIODES \u00c9LECTROLUMINESCENTES\" width=\"676\" height=\"391\" \/><\/p>\n<p>&nbsp;<\/p>\n<h2><span style=\"color: #000000;\">Emballage pour miroir de salle de bain LED grossissant<\/span><span style=\"color: #000000;\">:<\/span><\/h2>\n<ul>\n<li><span style=\"color: #000000;\"><strong>Nous nous occupons de nos clients :<\/strong><\/span><\/li>\n<\/ul>\n<p><span style=\"color: #000000;\">1. Certifi\u00e9 CE, ETL, IP44, RoHS, ERP<\/span><\/p>\n<p><span style=\"color: #000000;\">2. Plus de 15 ans d'exp\u00e9rience, satisfaction des clients 98%<\/span><\/p>\n<p><span style=\"color: #000000;\">3. 100% examin\u00e9 avant chargement<\/span><\/p>\n<p><span style=\"color: #000000;\">4. Dessin technique professionnel pour l'offre de projet<\/span><\/p>\n<p><span style=\"color: #000000;\">5. Capacit\u00e9 de production mensuelle de 40 conteneurs, livraison \u00e0 temps<\/span><\/p>\n<p><span style=\"color: #000000;\">6. Garantie de 3 ans, entretien \u00e0 vie<\/span><\/p>\n<p><span style=\"color: #000000;\">7. Possibilit\u00e9 d'exp\u00e9dition porte \u00e0 porte<\/span><\/p>\n<p><span style=\"color: #000000;\">8. Paiement de l'assurance commerciale Alibaba par carte de cr\u00e9dit ou ch\u00e8que \u00e9lectronique<\/span><\/p>\n<p>&nbsp;<\/p>\n<p>Pour plus de mod\u00e8les :<span style=\"color: #ffcc00;\"> <a style=\"color: #ffcc00;\" href=\"https:\/\/ledmirrormanufacturer.com\/fr\/produit\/\">Cliquez ici pour tous les mod\u00e8les<\/a><\/span><\/p>\n<ul>\n<li><strong>N'h\u00e9sitez pas \u00e0 nous envoyer une demande de renseignements ci-dessous !<\/strong><\/li>\n<\/ul>\n<p>Veuillez indiquer les d\u00e9tails suivants :<\/p>\n<ol>\n<li>Tailles *<\/li>\n<li>Quantit\u00e9s *<\/li>\n<li>Caract\u00e9ristiques suppl\u00e9mentaires<\/li>\n<li>Objectif : Pour des projets ou des produits de marque, etc.<\/li>\n<\/ol>","protected":false},"excerpt":{"rendered":"<h5><strong>Mat\u00e9riau :<\/strong><\/h5>\n<h5>Miroir : miroir argent\u00e9 sans cuivre de 4mm\/5mm, anti-corrosion<\/h5>\n<h5>Structure : Cadre en aluminium\/acier inoxydable\/plastique<\/h5>\n<h5>Installation : montage mural vertical ou horizontal, connexion c\u00e2bl\u00e9e ou par fiche.<\/h5>\n<h5>Source d'\u00e9clairage : CCT 2700-7000K,CRI&gt;80\/90,Dur\u00e9e de vie:50,000+ heures<\/h5>\n<h5>Conducteur : Certificat : CE\/UL\/SAA\/RoHS\/IP67\/TUV\/GS etc.<\/h5>\n<h5>Interrupteur : bouton ON-OFF, capteur tactile, capteur de mouvement, interrupteur mural<\/h5>\n<h5><strong>MOQ : 20pcs\/mod\u00e8le&amp;taille<\/strong><\/h5>","protected":false},"featured_media":21327,"comment_status":"open","ping_status":"closed","template":"","meta":{"inline_featured_image":false},"product_cat":[77],"product_tag":[87,86,85,95],"class_list":{"0":"post-21326","1":"product","2":"type-product","3":"status-publish","4":"has-post-thumbnail","6":"product_brand-oem","7":"product_cat-led-bathroom-mirror","8":"product_tag-frontlit-mirror","9":"product_tag-hotel-mirror","10":"product_tag-manufacturer-wholesale-supplier","11":"product_tag-rectangle-mirror","13":"first","14":"instock","15":"shipping-taxable","16":"product-type-simple"},"yoast_head":"<!-- This site is optimized with the Yoast SEO Premium plugin v25.8 (Yoast SEO v25.8) - https:\/\/yoast.com\/wordpress\/plugins\/seo\/ -->\n<title>Magnifying LED Bathroom Mirror DBS-26 - Bathroom LED Mirror Manufacturer Wholesale Supplier<\/title>\n<meta name=\"description\" content=\"Magnifying LED Bathroom Mirror Manufacturer and wholesale supplier from China - DIMO is a leading factory for LED bathroom mirrors, led mirror cabinets, wall makeup mirrors.\" \/>\n<meta name=\"robots\" content=\"index, follow, max-snippet:-1, max-image-preview:large, max-video-preview:-1\" \/>\n<link rel=\"canonical\" href=\"https:\/\/ledmirrormanufacturer.com\/fr\/produit\/magnifying-led-bathroom-mirror-dbs-26\/\" \/>\n<meta property=\"og:locale\" content=\"fr_FR\" \/>\n<meta property=\"og:type\" content=\"article\" \/>\n<meta property=\"og:title\" content=\"Magnifying LED Bathroom Mirror DBS-26\" \/>\n<meta property=\"og:description\" content=\"Magnifying LED Bathroom Mirror Manufacturer and wholesale supplier from China - DIMO is a leading factory for LED bathroom mirrors, led mirror cabinets, wall makeup mirrors.\" \/>\n<meta property=\"og:url\" content=\"https:\/\/ledmirrormanufacturer.com\/fr\/produit\/magnifying-led-bathroom-mirror-dbs-26\/\" \/>\n<meta property=\"og:site_name\" content=\"Bathroom LED Mirror Manufacturer Wholesale Supplier\" \/>\n<meta property=\"article:publisher\" content=\"https:\/\/www.facebook.com\/smartbathmirror\" \/>\n<meta property=\"article:modified_time\" content=\"2026-04-15T07:46:32+00:00\" \/>\n<meta property=\"og:image\" content=\"https:\/\/ledmirrormanufacturer.com\/wp-content\/uploads\/2025\/12\/DBS-26.jpg\" \/>\n\t<meta property=\"og:image:width\" content=\"800\" \/>\n\t<meta property=\"og:image:height\" content=\"800\" \/>\n\t<meta property=\"og:image:type\" content=\"image\/jpeg\" \/>\n<meta name=\"twitter:card\" content=\"summary_large_image\" \/>\n<meta name=\"twitter:site\" content=\"@jwysly\" \/>\n<meta name=\"twitter:label1\" content=\"Dur\u00e9e de lecture estim\u00e9e\" \/>\n\t<meta name=\"twitter:data1\" content=\"4 minutes\" \/>\n<script type=\"application\/ld+json\" class=\"yoast-schema-graph\">{\"@context\":\"https:\/\/schema.org\",\"@graph\":[{\"@type\":\"WebPage\",\"@id\":\"https:\/\/ledmirrormanufacturer.com\/product\/magnifying-led-bathroom-mirror-dbs-26\/\",\"url\":\"https:\/\/ledmirrormanufacturer.com\/product\/magnifying-led-bathroom-mirror-dbs-26\/\",\"name\":\"Magnifying LED Bathroom Mirror DBS-26 - Bathroom LED Mirror Manufacturer Wholesale Supplier\",\"isPartOf\":{\"@id\":\"https:\/\/ledmirrormanufacturer.com\/#website\"},\"primaryImageOfPage\":{\"@id\":\"https:\/\/ledmirrormanufacturer.com\/product\/magnifying-led-bathroom-mirror-dbs-26\/#primaryimage\"},\"image\":{\"@id\":\"https:\/\/ledmirrormanufacturer.com\/product\/magnifying-led-bathroom-mirror-dbs-26\/#primaryimage\"},\"thumbnailUrl\":\"https:\/\/ledmirrormanufacturer.com\/wp-content\/uploads\/2025\/12\/DBS-26.jpg\",\"datePublished\":\"2025-12-04T15:10:06+00:00\",\"dateModified\":\"2026-04-15T07:46:32+00:00\",\"description\":\"Magnifying LED Bathroom Mirror Manufacturer and wholesale supplier from China - DIMO is a leading factory for LED bathroom mirrors, led mirror cabinets, wall makeup mirrors.\",\"breadcrumb\":{\"@id\":\"https:\/\/ledmirrormanufacturer.com\/product\/magnifying-led-bathroom-mirror-dbs-26\/#breadcrumb\"},\"inLanguage\":\"fr-FR\",\"potentialAction\":[{\"@type\":\"ReadAction\",\"target\":[\"https:\/\/ledmirrormanufacturer.com\/product\/magnifying-led-bathroom-mirror-dbs-26\/\"]}]},{\"@type\":\"ImageObject\",\"inLanguage\":\"fr-FR\",\"@id\":\"https:\/\/ledmirrormanufacturer.com\/product\/magnifying-led-bathroom-mirror-dbs-26\/#primaryimage\",\"url\":\"https:\/\/ledmirrormanufacturer.com\/wp-content\/uploads\/2025\/12\/DBS-26.jpg\",\"contentUrl\":\"https:\/\/ledmirrormanufacturer.com\/wp-content\/uploads\/2025\/12\/DBS-26.jpg\",\"width\":800,\"height\":800,\"caption\":\"magnifying-led-bathroom-mirror-dbs-26\"},{\"@type\":\"BreadcrumbList\",\"@id\":\"https:\/\/ledmirrormanufacturer.com\/product\/magnifying-led-bathroom-mirror-dbs-26\/#breadcrumb\",\"itemListElement\":[{\"@type\":\"ListItem\",\"position\":1,\"name\":\"\u9996\u9875\",\"item\":\"https:\/\/ledmirrormanufacturer.com\/\"},{\"@type\":\"ListItem\",\"position\":2,\"name\":\"Product\",\"item\":\"https:\/\/ledmirrormanufacturer.com\/product\/\"},{\"@type\":\"ListItem\",\"position\":3,\"name\":\"Magnifying LED Bathroom Mirror DBS-26\"}]},{\"@type\":\"WebSite\",\"@id\":\"https:\/\/ledmirrormanufacturer.com\/#website\",\"url\":\"https:\/\/ledmirrormanufacturer.com\/\",\"name\":\"LED Mirror Manufacturer Hotel Bathroom Mirror Wholesale Supplier\",\"description\":\"China LED Mirror Manufacturer,Backlit Hotel Bathroom Mirrors Suppliers,Lighted Vanity Mirror Factory,Makeup Mirror Cabinet Company\",\"publisher\":{\"@id\":\"https:\/\/ledmirrormanufacturer.com\/#organization\"},\"potentialAction\":[{\"@type\":\"SearchAction\",\"target\":{\"@type\":\"EntryPoint\",\"urlTemplate\":\"https:\/\/ledmirrormanufacturer.com\/?s={search_term_string}\"},\"query-input\":{\"@type\":\"PropertyValueSpecification\",\"valueRequired\":true,\"valueName\":\"search_term_string\"}}],\"inLanguage\":\"fr-FR\"},{\"@type\":\"Organization\",\"@id\":\"https:\/\/ledmirrormanufacturer.com\/#organization\",\"name\":\"DIMO HOME PRODUCTS CO LTD\",\"alternateName\":\"DIMO MIRROR MANUFACTURER\",\"url\":\"https:\/\/ledmirrormanufacturer.com\/\",\"logo\":{\"@type\":\"ImageObject\",\"inLanguage\":\"fr-FR\",\"@id\":\"https:\/\/ledmirrormanufacturer.com\/#\/schema\/logo\/image\/\",\"url\":\"https:\/\/ledmirrormanufacturer.com\/wp-content\/uploads\/2025\/09\/logo222-2.png\",\"contentUrl\":\"https:\/\/ledmirrormanufacturer.com\/wp-content\/uploads\/2025\/09\/logo222-2.png\",\"width\":168,\"height\":60,\"caption\":\"DIMO HOME PRODUCTS CO LTD\"},\"image\":{\"@id\":\"https:\/\/ledmirrormanufacturer.com\/#\/schema\/logo\/image\/\"},\"sameAs\":[\"https:\/\/www.facebook.com\/smartbathmirror\",\"https:\/\/x.com\/jwysly\",\"https:\/\/www.linkedin.com\/in\/led-mirror-frank-chan-a836a813a\"]}]}<\/script>\n<!-- \/ Yoast SEO Premium plugin. -->","yoast_head_json":{"title":"Magnifying LED Bathroom Mirror DBS-26 - Bathroom LED Mirror Manufacturer Wholesale Supplier","description":"Magnifying LED Bathroom Mirror Manufacturer and wholesale supplier from China - DIMO is a leading factory for LED bathroom mirrors, led mirror cabinets, wall makeup mirrors.","robots":{"index":"index","follow":"follow","max-snippet":"max-snippet:-1","max-image-preview":"max-image-preview:large","max-video-preview":"max-video-preview:-1"},"canonical":"https:\/\/ledmirrormanufacturer.com\/fr\/produit\/magnifying-led-bathroom-mirror-dbs-26\/","og_locale":"fr_FR","og_type":"article","og_title":"Magnifying LED Bathroom Mirror DBS-26","og_description":"Magnifying LED Bathroom Mirror Manufacturer and wholesale supplier from China - DIMO is a leading factory for LED bathroom mirrors, led mirror cabinets, wall makeup mirrors.","og_url":"https:\/\/ledmirrormanufacturer.com\/fr\/produit\/magnifying-led-bathroom-mirror-dbs-26\/","og_site_name":"Bathroom LED Mirror Manufacturer Wholesale Supplier","article_publisher":"https:\/\/www.facebook.com\/smartbathmirror","article_modified_time":"2026-04-15T07:46:32+00:00","og_image":[{"width":800,"height":800,"url":"https:\/\/ledmirrormanufacturer.com\/wp-content\/uploads\/2025\/12\/DBS-26.jpg","type":"image\/jpeg"}],"twitter_card":"summary_large_image","twitter_site":"@jwysly","twitter_misc":{"Dur\u00e9e de lecture estim\u00e9e":"4 minutes"},"schema":{"@context":"https:\/\/schema.org","@graph":[{"@type":"WebPage","@id":"https:\/\/ledmirrormanufacturer.com\/product\/magnifying-led-bathroom-mirror-dbs-26\/","url":"https:\/\/ledmirrormanufacturer.com\/product\/magnifying-led-bathroom-mirror-dbs-26\/","name":"Magnifying LED Bathroom Mirror DBS-26 - Bathroom LED Mirror Manufacturer Wholesale Supplier","isPartOf":{"@id":"https:\/\/ledmirrormanufacturer.com\/#website"},"primaryImageOfPage":{"@id":"https:\/\/ledmirrormanufacturer.com\/product\/magnifying-led-bathroom-mirror-dbs-26\/#primaryimage"},"image":{"@id":"https:\/\/ledmirrormanufacturer.com\/product\/magnifying-led-bathroom-mirror-dbs-26\/#primaryimage"},"thumbnailUrl":"https:\/\/ledmirrormanufacturer.com\/wp-content\/uploads\/2025\/12\/DBS-26.jpg","datePublished":"2025-12-04T15:10:06+00:00","dateModified":"2026-04-15T07:46:32+00:00","description":"Magnifying LED Bathroom Mirror Manufacturer and wholesale supplier from China - DIMO is a leading factory for LED bathroom mirrors, led mirror cabinets, wall makeup mirrors.","breadcrumb":{"@id":"https:\/\/ledmirrormanufacturer.com\/product\/magnifying-led-bathroom-mirror-dbs-26\/#breadcrumb"},"inLanguage":"fr-FR","potentialAction":[{"@type":"ReadAction","target":["https:\/\/ledmirrormanufacturer.com\/product\/magnifying-led-bathroom-mirror-dbs-26\/"]}]},{"@type":"ImageObject","inLanguage":"fr-FR","@id":"https:\/\/ledmirrormanufacturer.com\/product\/magnifying-led-bathroom-mirror-dbs-26\/#primaryimage","url":"https:\/\/ledmirrormanufacturer.com\/wp-content\/uploads\/2025\/12\/DBS-26.jpg","contentUrl":"https:\/\/ledmirrormanufacturer.com\/wp-content\/uploads\/2025\/12\/DBS-26.jpg","width":800,"height":800,"caption":"magnifying-led-bathroom-mirror-dbs-26"},{"@type":"BreadcrumbList","@id":"https:\/\/ledmirrormanufacturer.com\/product\/magnifying-led-bathroom-mirror-dbs-26\/#breadcrumb","itemListElement":[{"@type":"ListItem","position":1,"name":"\u9996\u9875","item":"https:\/\/ledmirrormanufacturer.com\/"},{"@type":"ListItem","position":2,"name":"Product","item":"https:\/\/ledmirrormanufacturer.com\/product\/"},{"@type":"ListItem","position":3,"name":"Magnifying LED Bathroom Mirror DBS-26"}]},{"@type":"WebSite","@id":"https:\/\/ledmirrormanufacturer.com\/#website","url":"https:\/\/ledmirrormanufacturer.com\/","name":"Miroir LED Fabricant Miroir de salle de bain H\u00f4tel Fournisseur en gros","description":"Fabricant de miroirs LED,Miroirs de salle de bain r\u00e9tro\u00e9clair\u00e9s,Miroir de courtoisie \u00e9clair\u00e9,Miroir de courtoisie \u00e9clair\u00e9,Miroir de courtoisie \u00e9clair\u00e9,Miroir de courtoisie \u00e9clair\u00e9,Miroir de courtoisie \u00e9clair\u00e9","publisher":{"@id":"https:\/\/ledmirrormanufacturer.com\/#organization"},"potentialAction":[{"@type":"SearchAction","target":{"@type":"EntryPoint","urlTemplate":"https:\/\/ledmirrormanufacturer.com\/?s={search_term_string}"},"query-input":{"@type":"PropertyValueSpecification","valueRequired":true,"valueName":"search_term_string"}}],"inLanguage":"fr-FR"},{"@type":"Organization","@id":"https:\/\/ledmirrormanufacturer.com\/#organization","name":"DIMO HOME PRODUCTS CO LTD","alternateName":"DIMO MIRROR MANUFACTURER","url":"https:\/\/ledmirrormanufacturer.com\/","logo":{"@type":"ImageObject","inLanguage":"fr-FR","@id":"https:\/\/ledmirrormanufacturer.com\/#\/schema\/logo\/image\/","url":"https:\/\/ledmirrormanufacturer.com\/wp-content\/uploads\/2025\/09\/logo222-2.png","contentUrl":"https:\/\/ledmirrormanufacturer.com\/wp-content\/uploads\/2025\/09\/logo222-2.png","width":168,"height":60,"caption":"DIMO HOME PRODUCTS CO LTD"},"image":{"@id":"https:\/\/ledmirrormanufacturer.com\/#\/schema\/logo\/image\/"},"sameAs":["https:\/\/www.facebook.com\/smartbathmirror","https:\/\/x.com\/jwysly","https:\/\/www.linkedin.com\/in\/led-mirror-frank-chan-a836a813a"]}]}},"_links":{"self":[{"href":"https:\/\/ledmirrormanufacturer.com\/fr\/wp-json\/wp\/v2\/product\/21326","targetHints":{"allow":["GET"]}}],"collection":[{"href":"https:\/\/ledmirrormanufacturer.com\/fr\/wp-json\/wp\/v2\/product"}],"about":[{"href":"https:\/\/ledmirrormanufacturer.com\/fr\/wp-json\/wp\/v2\/types\/product"}],"replies":[{"embeddable":true,"href":"https:\/\/ledmirrormanufacturer.com\/fr\/wp-json\/wp\/v2\/comments?post=21326"}],"wp:featuredmedia":[{"embeddable":true,"href":"https:\/\/ledmirrormanufacturer.com\/fr\/wp-json\/wp\/v2\/media\/21327"}],"wp:attachment":[{"href":"https:\/\/ledmirrormanufacturer.com\/fr\/wp-json\/wp\/v2\/media?parent=21326"}],"wp:term":[{"taxonomy":"product_cat","embeddable":true,"href":"https:\/\/ledmirrormanufacturer.com\/fr\/wp-json\/wp\/v2\/product_cat?post=21326"},{"taxonomy":"product_tag","embeddable":true,"href":"https:\/\/ledmirrormanufacturer.com\/fr\/wp-json\/wp\/v2\/product_tag?post=21326"}],"curies":[{"name":"wp","href":"https:\/\/api.w.org\/{rel}","templated":true}]}}