{"id":21911,"date":"2026-03-04T11:08:56","date_gmt":"2026-03-04T11:08:56","guid":{"rendered":"https:\/\/ledmirrormanufacturer.com\/?post_type=product&#038;p=21911"},"modified":"2026-04-15T07:40:10","modified_gmt":"2026-04-15T07:40:10","slug":"line-edge-lighting-bathroom-mirror-dbs-69","status":"publish","type":"product","link":"https:\/\/ledmirrormanufacturer.com\/fr\/produit\/line-edge-lighting-bathroom-mirror-dbs-69\/","title":{"rendered":"Line Edge Lighting Miroir de salle de bain DBS-69"},"content":{"rendered":"<h2 style=\"text-align: left;\">Line Edge Lighting Bathroom Mirror <span style=\"color: #000000;\">Model:DBS-69<\/span><\/h2>\n<p style=\"text-align: left;\"><span style=\"color: #000000;\">This Line Edge Lighting Bathroom Mirror is a framed mirror, most hot selling model, with LED backlighted to refect light as the light, and add to the atmosphere of the bathroom. The most made shapes are rectangle, round, and also can be irregular shapes.<\/span><\/p>\n<h2 style=\"text-align: left;\"><span style=\"color: #000000;\">Short description of Line Edge Lighting Bathroom Mirror:<\/span><\/h2>\n<table class=\"alignleft\" style=\"height: 469px;\" border=\"1\" width=\"1148\" cellpadding=\"10px\">\n<tbody>\n<tr>\n<td><span style=\"color: #000000;\"><strong>Tension<\/strong><\/span><\/td>\n<td><span style=\"color: #000000;\">Entr\u00e9e AC100-240V, Sortie DC 12\/24V<\/span><\/td>\n<td><span style=\"color: #000000;\"><strong>Eclairage<\/strong><\/span><\/td>\n<td><span style=\"color: #000000;\">60\/120 LEDs\/m\u00e8tre, bandes simples\/doubles<\/span><\/td>\n<\/tr>\n<tr>\n<td><span style=\"color: #000000;\"><strong>CRI<\/strong><\/span><\/td>\n<td><span style=\"color: #000000;\">80+\/90+<\/span><\/td>\n<td><span style=\"color: #000000;\"><strong>TDC<\/strong><\/span><\/td>\n<td><span style=\"color: #000000;\">2700K\/3000K\/4000K\/5000K\/6000K ou autre<\/span><\/td>\n<\/tr>\n<tr>\n<td><span style=\"color: #000000;\"><strong>Taille en CM<\/strong><\/span><\/td>\n<td><span style=\"color: #000000;\">45x60cm, 50x70cm, 60x80cm, 60x90cm, 75x90cm,<\/span><\/p>\n<p><span style=\"color: #000000;\">100x80cm, 120x75cm, 120x90cm, 150x90cm ou taille personnalis\u00e9e<\/span><\/td>\n<td><span style=\"color: #000000;\"><strong>Taille en POUCE<\/strong><\/span><\/td>\n<td><span style=\"color: #000000;\">24\u2033x32\u2033,24\u2033x36\u2033,30\u2033x36\u2033,36\u2033x36\u2033,40\u2033x32\u2033,<\/span><\/p>\n<p><span style=\"color: #000000;\">48\u2033x30\u2033,48\u2033x36\u2033,60\u2033x36\u2033 ou taille personnalis\u00e9e<\/span><\/td>\n<\/tr>\n<tr>\n<td><span style=\"color: #000000;\"><strong>Miroir<\/strong><\/span><\/td>\n<td><span style=\"color: #000000;\">Miroir argent\u00e9 sans cuivre 4mm\/5mm<\/span><\/td>\n<td><span style=\"color: #000000;\"><strong>Installation<\/strong><\/span><\/td>\n<td><span style=\"color: #000000;\">Montage mural, c\u00e2blage ou prise<\/span><\/td>\n<\/tr>\n<tr>\n<td><span style=\"color: #000000;\"><strong>Structure<\/strong><\/span><\/td>\n<td><span style=\"color: #000000;\">Aluminium\/acier inoxydable\/plastique\/bois<\/span><\/td>\n<td><span style=\"color: #000000;\"><strong>Indice d'imperm\u00e9abilit\u00e9<\/strong><\/span><\/td>\n<td><span style=\"color: #000000;\">IP44<\/span><\/td>\n<\/tr>\n<tr>\n<td><span style=\"color: #000000;\"><strong>Fonction optionnelle<\/strong><\/span><\/td>\n<td><span style=\"color: #000000;\">Interrupteur \u00e0 d\u00e9tecteur de mouvement\/capteur tactile, D\u00e9sembuage,<\/span><\/p>\n<p><span style=\"color: #000000;\">Gradation, loupe, haut-parleur Bluetooth, r\u00e9glage CCT, horloge num\u00e9rique LED<\/span><\/td>\n<td><span style=\"color: #000000;\"><strong>Dur\u00e9e de vie des LED<\/strong><\/span><\/td>\n<td><span style=\"color: #000000;\">50000 heures<\/span><\/td>\n<\/tr>\n<\/tbody>\n<\/table>\n<p>&nbsp;<\/p>\n<p>&nbsp;<\/p>\n<p>&nbsp;<\/p>\n<p>&nbsp;<\/p>\n<p>&nbsp;<\/p>\n<p>&nbsp;<\/p>\n<p>&nbsp;<\/p>\n<p><span style=\"color: #000000;\"><br \/>\n<img fetchpriority=\"high\" decoding=\"async\" class=\"wp-image-20214\" src=\"https:\/\/ledmirrormanufacturer.com\/wp-content\/uploads\/2025\/09\/copper-free-silver-mirror-layers.jpg\" alt=\"glass-layers of led mirror manufacturer wholesale supplier\" width=\"605\" height=\"419\" srcset=\"https:\/\/ledmirrormanufacturer.com\/wp-content\/uploads\/2025\/09\/copper-free-silver-mirror-layers.jpg 800w, https:\/\/ledmirrormanufacturer.com\/wp-content\/uploads\/2025\/09\/copper-free-silver-mirror-layers-300x208.jpg 300w, https:\/\/ledmirrormanufacturer.com\/wp-content\/uploads\/2025\/09\/copper-free-silver-mirror-layers-768x532.jpg 768w, https:\/\/ledmirrormanufacturer.com\/wp-content\/uploads\/2025\/09\/copper-free-silver-mirror-layers-18x12.jpg 18w\" sizes=\"(max-width: 605px) 100vw, 605px\" \/><\/span><span style=\"color: #000000;\"><img decoding=\"async\" class=\"wp-image-20215\" src=\"https:\/\/ledmirrormanufacturer.com\/wp-content\/uploads\/2025\/09\/cct-color-of-led-bathroom-mirror.jpg\" alt=\"Cct-of-led-mirror-manufacturer-wholesale-supplier\" width=\"652\" height=\"425\" srcset=\"https:\/\/ledmirrormanufacturer.com\/wp-content\/uploads\/2025\/09\/cct-color-of-led-bathroom-mirror.jpg 1200w, https:\/\/ledmirrormanufacturer.com\/wp-content\/uploads\/2025\/09\/cct-color-of-led-bathroom-mirror-300x196.jpg 300w, https:\/\/ledmirrormanufacturer.com\/wp-content\/uploads\/2025\/09\/cct-color-of-led-bathroom-mirror-1024x667.jpg 1024w, https:\/\/ledmirrormanufacturer.com\/wp-content\/uploads\/2025\/09\/cct-color-of-led-bathroom-mirror-768x500.jpg 768w, https:\/\/ledmirrormanufacturer.com\/wp-content\/uploads\/2025\/09\/cct-color-of-led-bathroom-mirror-18x12.jpg 18w, https:\/\/ledmirrormanufacturer.com\/wp-content\/uploads\/2025\/09\/cct-color-of-led-bathroom-mirror-800x521.jpg 800w\" sizes=\"(max-width: 652px) 100vw, 652px\" \/><\/span><\/p>\n<h3><span style=\"color: #000000;\"><strong>\u00a0R\u00e9glage de la temp\u00e9rature de couleur des LED\uff1a<\/strong><\/span><\/h3>\n<p><span style=\"color: #000000;\">This Line Edge Lighting Bathroom Mirror&#8217;s features adjustable color temperature, allowing you to switch between warm (3000K), natural (4000K), and cool white (6000K) lighting to perfectly match your needs and environment.<\/span><\/p>\n<p><span style=\"color: #000000;\"><img decoding=\"async\" class=\"alignnone wp-image-20220\" src=\"https:\/\/ledmirrormanufacturer.com\/wp-content\/uploads\/2025\/09\/dimming-brightness-of-led-mirror.jpg\" alt=\"bright-of-led-mirror-manufacturer-wholesale-supplier\" width=\"668\" height=\"452\" \/><\/span><\/p>\n<h3><span style=\"color: #000000;\"><strong>R\u00e9glage de la luminosit\u00e9 des LED<\/strong>\u00a0:<\/span><\/h3>\n<p><span style=\"color: #000000;\">This Line Edge Lighting Bathroom Mirror&#8217;s brightness can be adjusted by the touch switch, allowing you to customize the light intensity from soft ambient glow to bright task lighting.\u00a0 \u2605 Brightness: 10% -100%.<\/span><\/p>\n<h3><span style=\"color: #000000;\">Caract\u00e9ristiques optionnelles du miroir de salle de bain \u00e9clair\u00e9 par LED :<\/span><\/h3>\n<p><span style=\"color: #000000;\"><img loading=\"lazy\" decoding=\"async\" class=\"wp-image-20217 alignleft\" src=\"https:\/\/ledmirrormanufacturer.com\/wp-content\/uploads\/2025\/09\/features-functions-of-led-mirror.jpg\" alt=\"features functions of led mirror manufacturer wholesale supplier\" width=\"578\" height=\"503\" srcset=\"https:\/\/ledmirrormanufacturer.com\/wp-content\/uploads\/2025\/09\/features-functions-of-led-mirror.jpg 750w, https:\/\/ledmirrormanufacturer.com\/wp-content\/uploads\/2025\/09\/features-functions-of-led-mirror-300x261.jpg 300w, https:\/\/ledmirrormanufacturer.com\/wp-content\/uploads\/2025\/09\/features-functions-of-led-mirror-14x12.jpg 14w\" sizes=\"(max-width: 578px) 100vw, 578px\" \/><\/span><\/p>\n<ul>\n<li><span style=\"color: #000000;\"><strong>Fonctions optionnelles :<\/strong><\/span><\/li>\n<\/ul>\n<p><span style=\"color: #000000;\">1. Interrupteur \u00e0 d\u00e9tecteur de mouvement ou de toucher ;<\/span><\/p>\n<p><span style=\"color: #000000;\">2. Coussin chauffant pour \u00e9viter la bu\u00e9e ( Anti-brouillard )<\/span><\/p>\n<p><span style=\"color: #000000;\">3. Loupe de maquillage<\/span><\/p>\n<p><span style=\"color: #000000;\">4. Prise pour rasoir<\/span><\/p>\n<p><span style=\"color: #000000;\">5. Affichage LED de l'horloge et de la temp\u00e9rature<\/span><\/p>\n<p><span style=\"color: #000000;\">6. Bluetooth et haut-parleurs<\/span><\/p>\n<p><span style=\"color: #000000;\">7. Miroirs TV<\/span><\/p>\n<p><span style=\"color: #000000;\">8. Luminosit\u00e9 : Luminosit\u00e9 efficace, Luminosit\u00e9 \u00e9lev\u00e9e, Luminosit\u00e9 tr\u00e8s \u00e9lev\u00e9e<\/span><\/p>\n<p>&nbsp;<\/p>\n<p>&nbsp;<\/p>\n<h2><span style=\"color: #000000;\">Production Process of Line Edge Lighting Bathroom Mirror<\/span><span style=\"color: #000000;\">:<\/span><\/h2>\n<p><img loading=\"lazy\" decoding=\"async\" class=\"alignnone wp-image-20545\" src=\"https:\/\/ledmirrormanufacturer.com\/wp-content\/uploads\/2025\/09\/LED-MIRROR-MANUFACTURING-PROCESS-1.jpg\" alt=\"LED-MIRROR-MANUFACTURING-PROCESS\" width=\"676\" height=\"391\" \/><\/p>\n<p>&nbsp;<\/p>\n<h2><span style=\"color: #000000;\">Packing for Line Edge Lighting Bathroom Mirror<\/span><span style=\"color: #000000;\">:<\/span><\/h2>\n<ul>\n<li><span style=\"color: #000000;\"><strong>Nous nous occupons de nos clients :<\/strong><\/span><\/li>\n<\/ul>\n<p><span style=\"color: #000000;\">1. Certifi\u00e9 CE, ETL, IP44, RoHS, ERP<\/span><\/p>\n<p><span style=\"color: #000000;\">2. Plus de 15 ans d'exp\u00e9rience, satisfaction des clients 98%<\/span><\/p>\n<p><span style=\"color: #000000;\">3. 100% examin\u00e9 avant chargement<\/span><\/p>\n<p><span style=\"color: #000000;\">4. Dessin technique professionnel pour l'offre de projet<\/span><\/p>\n<p><span style=\"color: #000000;\">5. Capacit\u00e9 de production mensuelle de 40 conteneurs, livraison \u00e0 temps<\/span><\/p>\n<p><span style=\"color: #000000;\">6. Garantie de 3 ans, entretien \u00e0 vie<\/span><\/p>\n<p><span style=\"color: #000000;\">7. Possibilit\u00e9 d'exp\u00e9dition porte \u00e0 porte<\/span><\/p>\n<p><span style=\"color: #000000;\">8. Paiement de l'assurance commerciale Alibaba par carte de cr\u00e9dit ou ch\u00e8que \u00e9lectronique<\/span><\/p>\n<p>&nbsp;<\/p>\n<p>Plus de d\u00e9tails sur <span style=\"color: #ffcc00;\"><a style=\"color: #ffcc00;\" href=\"https:\/\/ledmirrormanufacturer.com\/fr\/bathroom-mirror-manufacturer\/\">Miroirs de salle de bains \u00e0 LED<\/a><\/span><\/p>\n<p>V\u00e9rifier plus de mod\u00e8les :<span style=\"color: #ffcc00;\"> <a style=\"color: #ffcc00;\" href=\"https:\/\/ledmirrormanufacturer.com\/fr\/produit\/\">Cliquez ici pour tous les mod\u00e8les<\/a><\/span><\/p>\n<p>&nbsp;<\/p>\n<ul>\n<li><strong>N'h\u00e9sitez pas \u00e0 nous envoyer une demande de renseignements ci-dessous !<\/strong><\/li>\n<\/ul>\n<p>Veuillez indiquer les d\u00e9tails suivants :<\/p>\n<ol>\n<li>Tailles *<\/li>\n<li>Quantit\u00e9s *<\/li>\n<li>Caract\u00e9ristiques suppl\u00e9mentaires<\/li>\n<li>Objectif : Pour des projets ou des produits de marque, etc.<\/li>\n<\/ol>","protected":false},"excerpt":{"rendered":"<h5><strong>Mat\u00e9riau :<\/strong><\/h5>\n<h5>Miroir : miroir argent\u00e9 sans cuivre de 4mm\/5mm, anti-corrosion<\/h5>\n<h5>Structure : Cadre en aluminium\/acier inoxydable\/plastique<\/h5>\n<h5>Installation : montage mural vertical ou horizontal, connexion c\u00e2bl\u00e9e ou par fiche.<\/h5>\n<h5>Source d'\u00e9clairage : CCT 2700-7000K,CRI&gt;80\/90,Dur\u00e9e de vie:50,000+ heures<\/h5>\n<h5>Conducteur : Certificat : CE\/UL\/SAA\/RoHS\/IP67\/TUV\/GS etc.<\/h5>\n<h5>Interrupteur : bouton ON-OFF, capteur tactile, capteur de mouvement, interrupteur mural<\/h5>\n<h5><strong>MOQ : 20pcs\/mod\u00e8le&amp;taille<\/strong><\/h5>","protected":false},"featured_media":21912,"comment_status":"open","ping_status":"closed","template":"","meta":{"inline_featured_image":false},"product_cat":[77],"product_tag":[84,85,102,95],"class_list":{"0":"post-21911","1":"product","2":"type-product","3":"status-publish","4":"has-post-thumbnail","6":"product_brand-oem","7":"product_cat-led-bathroom-mirror","8":"product_tag-backlit-mirror","9":"product_tag-manufacturer-wholesale-supplier","10":"product_tag-mirror-with-frame","11":"product_tag-rectangle-mirror","13":"first","14":"instock","15":"shipping-taxable","16":"product-type-simple"},"yoast_head":"<!-- This site is optimized with the Yoast SEO Premium plugin v25.8 (Yoast SEO v25.8) - https:\/\/yoast.com\/wordpress\/plugins\/seo\/ -->\n<title>Line Edge Lighting Bathroom Mirror DBS-69 - Bathroom LED Mirror Manufacturer Wholesale Supplier<\/title>\n<meta name=\"description\" content=\"Line Edge Lighting Bathroom Mirror Manufacturer and wholesale supplier from China - DIMO is a leading factory for LED bathroom mirrors, led mirror cabinets\" \/>\n<meta name=\"robots\" content=\"index, follow, max-snippet:-1, max-image-preview:large, max-video-preview:-1\" \/>\n<link rel=\"canonical\" href=\"https:\/\/ledmirrormanufacturer.com\/fr\/produit\/line-edge-lighting-bathroom-mirror-dbs-69\/\" \/>\n<meta property=\"og:locale\" content=\"fr_FR\" \/>\n<meta property=\"og:type\" content=\"article\" \/>\n<meta property=\"og:title\" content=\"Line Edge Lighting Bathroom Mirror DBS-69\" \/>\n<meta property=\"og:description\" content=\"Line Edge Lighting Bathroom Mirror Manufacturer and wholesale supplier from China - DIMO is a leading factory for LED bathroom mirrors, led mirror cabinets\" \/>\n<meta property=\"og:url\" content=\"https:\/\/ledmirrormanufacturer.com\/fr\/produit\/line-edge-lighting-bathroom-mirror-dbs-69\/\" \/>\n<meta property=\"og:site_name\" content=\"Bathroom LED Mirror Manufacturer Wholesale Supplier\" \/>\n<meta property=\"article:publisher\" content=\"https:\/\/www.facebook.com\/smartbathmirror\" \/>\n<meta property=\"article:modified_time\" content=\"2026-04-15T07:40:10+00:00\" \/>\n<meta property=\"og:image\" content=\"https:\/\/ledmirrormanufacturer.com\/wp-content\/uploads\/2026\/03\/DBS-69.jpg\" \/>\n\t<meta property=\"og:image:width\" content=\"800\" \/>\n\t<meta property=\"og:image:height\" content=\"800\" \/>\n\t<meta property=\"og:image:type\" content=\"image\/jpeg\" \/>\n<meta name=\"twitter:card\" content=\"summary_large_image\" \/>\n<meta name=\"twitter:site\" content=\"@jwysly\" \/>\n<meta name=\"twitter:label1\" content=\"Dur\u00e9e de lecture estim\u00e9e\" \/>\n\t<meta name=\"twitter:data1\" content=\"4 minutes\" \/>\n<script type=\"application\/ld+json\" class=\"yoast-schema-graph\">{\"@context\":\"https:\/\/schema.org\",\"@graph\":[{\"@type\":\"WebPage\",\"@id\":\"https:\/\/ledmirrormanufacturer.com\/product\/line-edge-lighting-bathroom-mirror-dbs-69\/\",\"url\":\"https:\/\/ledmirrormanufacturer.com\/product\/line-edge-lighting-bathroom-mirror-dbs-69\/\",\"name\":\"Line Edge Lighting Bathroom Mirror DBS-69 - Bathroom LED Mirror Manufacturer Wholesale Supplier\",\"isPartOf\":{\"@id\":\"https:\/\/ledmirrormanufacturer.com\/#website\"},\"primaryImageOfPage\":{\"@id\":\"https:\/\/ledmirrormanufacturer.com\/product\/line-edge-lighting-bathroom-mirror-dbs-69\/#primaryimage\"},\"image\":{\"@id\":\"https:\/\/ledmirrormanufacturer.com\/product\/line-edge-lighting-bathroom-mirror-dbs-69\/#primaryimage\"},\"thumbnailUrl\":\"https:\/\/ledmirrormanufacturer.com\/wp-content\/uploads\/2026\/03\/DBS-69.jpg\",\"datePublished\":\"2026-03-04T11:08:56+00:00\",\"dateModified\":\"2026-04-15T07:40:10+00:00\",\"description\":\"Line Edge Lighting Bathroom Mirror Manufacturer and wholesale supplier from China - DIMO is a leading factory for LED bathroom mirrors, led mirror cabinets\",\"breadcrumb\":{\"@id\":\"https:\/\/ledmirrormanufacturer.com\/product\/line-edge-lighting-bathroom-mirror-dbs-69\/#breadcrumb\"},\"inLanguage\":\"fr-FR\",\"potentialAction\":[{\"@type\":\"ReadAction\",\"target\":[\"https:\/\/ledmirrormanufacturer.com\/product\/line-edge-lighting-bathroom-mirror-dbs-69\/\"]}]},{\"@type\":\"ImageObject\",\"inLanguage\":\"fr-FR\",\"@id\":\"https:\/\/ledmirrormanufacturer.com\/product\/line-edge-lighting-bathroom-mirror-dbs-69\/#primaryimage\",\"url\":\"https:\/\/ledmirrormanufacturer.com\/wp-content\/uploads\/2026\/03\/DBS-69.jpg\",\"contentUrl\":\"https:\/\/ledmirrormanufacturer.com\/wp-content\/uploads\/2026\/03\/DBS-69.jpg\",\"width\":800,\"height\":800,\"caption\":\"line-edge-lighting-bathroom-mirror-dbs-69\"},{\"@type\":\"BreadcrumbList\",\"@id\":\"https:\/\/ledmirrormanufacturer.com\/product\/line-edge-lighting-bathroom-mirror-dbs-69\/#breadcrumb\",\"itemListElement\":[{\"@type\":\"ListItem\",\"position\":1,\"name\":\"\u9996\u9875\",\"item\":\"https:\/\/ledmirrormanufacturer.com\/\"},{\"@type\":\"ListItem\",\"position\":2,\"name\":\"Product\",\"item\":\"https:\/\/ledmirrormanufacturer.com\/product\/\"},{\"@type\":\"ListItem\",\"position\":3,\"name\":\"Line Edge Lighting Bathroom Mirror DBS-69\"}]},{\"@type\":\"WebSite\",\"@id\":\"https:\/\/ledmirrormanufacturer.com\/#website\",\"url\":\"https:\/\/ledmirrormanufacturer.com\/\",\"name\":\"LED Mirror Manufacturer Hotel Bathroom Mirror Wholesale Supplier\",\"description\":\"China LED Mirror Manufacturer,Backlit Hotel Bathroom Mirrors Suppliers,Lighted Vanity Mirror Factory,Makeup Mirror Cabinet Company\",\"publisher\":{\"@id\":\"https:\/\/ledmirrormanufacturer.com\/#organization\"},\"potentialAction\":[{\"@type\":\"SearchAction\",\"target\":{\"@type\":\"EntryPoint\",\"urlTemplate\":\"https:\/\/ledmirrormanufacturer.com\/?s={search_term_string}\"},\"query-input\":{\"@type\":\"PropertyValueSpecification\",\"valueRequired\":true,\"valueName\":\"search_term_string\"}}],\"inLanguage\":\"fr-FR\"},{\"@type\":\"Organization\",\"@id\":\"https:\/\/ledmirrormanufacturer.com\/#organization\",\"name\":\"LED Mirror Manufacturer\",\"url\":\"https:\/\/ledmirrormanufacturer.com\/\",\"logo\":{\"@type\":\"ImageObject\",\"inLanguage\":\"fr-FR\",\"@id\":\"https:\/\/ledmirrormanufacturer.com\/#\/schema\/logo\/image\/\",\"url\":\"https:\/\/ledmirrormanufacturer.com\/wp-content\/uploads\/2025\/09\/logo222-2.png\",\"contentUrl\":\"https:\/\/ledmirrormanufacturer.com\/wp-content\/uploads\/2025\/09\/logo222-2.png\",\"width\":168,\"height\":60,\"caption\":\"LED Mirror Manufacturer\"},\"image\":{\"@id\":\"https:\/\/ledmirrormanufacturer.com\/#\/schema\/logo\/image\/\"},\"sameAs\":[\"https:\/\/www.facebook.com\/smartbathmirror\",\"https:\/\/x.com\/jwysly\",\"https:\/\/www.linkedin.com\/in\/led-mirror-frank-chan-a836a813a\"]}]}<\/script>\n<!-- \/ Yoast SEO Premium plugin. -->","yoast_head_json":{"title":"Line Edge Lighting Bathroom Mirror DBS-69 - Bathroom LED Mirror Manufacturer Wholesale Supplier","description":"Line Edge Lighting Bathroom Mirror Manufacturer and wholesale supplier from China - DIMO is a leading factory for LED bathroom mirrors, led mirror cabinets","robots":{"index":"index","follow":"follow","max-snippet":"max-snippet:-1","max-image-preview":"max-image-preview:large","max-video-preview":"max-video-preview:-1"},"canonical":"https:\/\/ledmirrormanufacturer.com\/fr\/produit\/line-edge-lighting-bathroom-mirror-dbs-69\/","og_locale":"fr_FR","og_type":"article","og_title":"Line Edge Lighting Bathroom Mirror DBS-69","og_description":"Line Edge Lighting Bathroom Mirror Manufacturer and wholesale supplier from China - DIMO is a leading factory for LED bathroom mirrors, led mirror cabinets","og_url":"https:\/\/ledmirrormanufacturer.com\/fr\/produit\/line-edge-lighting-bathroom-mirror-dbs-69\/","og_site_name":"Bathroom LED Mirror Manufacturer Wholesale Supplier","article_publisher":"https:\/\/www.facebook.com\/smartbathmirror","article_modified_time":"2026-04-15T07:40:10+00:00","og_image":[{"width":800,"height":800,"url":"https:\/\/ledmirrormanufacturer.com\/wp-content\/uploads\/2026\/03\/DBS-69.jpg","type":"image\/jpeg"}],"twitter_card":"summary_large_image","twitter_site":"@jwysly","twitter_misc":{"Dur\u00e9e de lecture estim\u00e9e":"4 minutes"},"schema":{"@context":"https:\/\/schema.org","@graph":[{"@type":"WebPage","@id":"https:\/\/ledmirrormanufacturer.com\/product\/line-edge-lighting-bathroom-mirror-dbs-69\/","url":"https:\/\/ledmirrormanufacturer.com\/product\/line-edge-lighting-bathroom-mirror-dbs-69\/","name":"Line Edge Lighting Bathroom Mirror DBS-69 - Bathroom LED Mirror Manufacturer Wholesale Supplier","isPartOf":{"@id":"https:\/\/ledmirrormanufacturer.com\/#website"},"primaryImageOfPage":{"@id":"https:\/\/ledmirrormanufacturer.com\/product\/line-edge-lighting-bathroom-mirror-dbs-69\/#primaryimage"},"image":{"@id":"https:\/\/ledmirrormanufacturer.com\/product\/line-edge-lighting-bathroom-mirror-dbs-69\/#primaryimage"},"thumbnailUrl":"https:\/\/ledmirrormanufacturer.com\/wp-content\/uploads\/2026\/03\/DBS-69.jpg","datePublished":"2026-03-04T11:08:56+00:00","dateModified":"2026-04-15T07:40:10+00:00","description":"Line Edge Lighting Bathroom Mirror Manufacturer and wholesale supplier from China - DIMO is a leading factory for LED bathroom mirrors, led mirror cabinets","breadcrumb":{"@id":"https:\/\/ledmirrormanufacturer.com\/product\/line-edge-lighting-bathroom-mirror-dbs-69\/#breadcrumb"},"inLanguage":"fr-FR","potentialAction":[{"@type":"ReadAction","target":["https:\/\/ledmirrormanufacturer.com\/product\/line-edge-lighting-bathroom-mirror-dbs-69\/"]}]},{"@type":"ImageObject","inLanguage":"fr-FR","@id":"https:\/\/ledmirrormanufacturer.com\/product\/line-edge-lighting-bathroom-mirror-dbs-69\/#primaryimage","url":"https:\/\/ledmirrormanufacturer.com\/wp-content\/uploads\/2026\/03\/DBS-69.jpg","contentUrl":"https:\/\/ledmirrormanufacturer.com\/wp-content\/uploads\/2026\/03\/DBS-69.jpg","width":800,"height":800,"caption":"line-edge-lighting-bathroom-mirror-dbs-69"},{"@type":"BreadcrumbList","@id":"https:\/\/ledmirrormanufacturer.com\/product\/line-edge-lighting-bathroom-mirror-dbs-69\/#breadcrumb","itemListElement":[{"@type":"ListItem","position":1,"name":"\u9996\u9875","item":"https:\/\/ledmirrormanufacturer.com\/"},{"@type":"ListItem","position":2,"name":"Product","item":"https:\/\/ledmirrormanufacturer.com\/product\/"},{"@type":"ListItem","position":3,"name":"Line Edge Lighting Bathroom Mirror DBS-69"}]},{"@type":"WebSite","@id":"https:\/\/ledmirrormanufacturer.com\/#website","url":"https:\/\/ledmirrormanufacturer.com\/","name":"LED Mirror Manufacturer Hotel Bathroom Mirror Wholesale Supplier","description":"China LED Mirror Manufacturer,Backlit Hotel Bathroom Mirrors Suppliers,Lighted Vanity Mirror Factory,Makeup Mirror Cabinet Company","publisher":{"@id":"https:\/\/ledmirrormanufacturer.com\/#organization"},"potentialAction":[{"@type":"SearchAction","target":{"@type":"EntryPoint","urlTemplate":"https:\/\/ledmirrormanufacturer.com\/?s={search_term_string}"},"query-input":{"@type":"PropertyValueSpecification","valueRequired":true,"valueName":"search_term_string"}}],"inLanguage":"fr-FR"},{"@type":"Organization","@id":"https:\/\/ledmirrormanufacturer.com\/#organization","name":"LED Mirror Manufacturer","url":"https:\/\/ledmirrormanufacturer.com\/","logo":{"@type":"ImageObject","inLanguage":"fr-FR","@id":"https:\/\/ledmirrormanufacturer.com\/#\/schema\/logo\/image\/","url":"https:\/\/ledmirrormanufacturer.com\/wp-content\/uploads\/2025\/09\/logo222-2.png","contentUrl":"https:\/\/ledmirrormanufacturer.com\/wp-content\/uploads\/2025\/09\/logo222-2.png","width":168,"height":60,"caption":"LED Mirror Manufacturer"},"image":{"@id":"https:\/\/ledmirrormanufacturer.com\/#\/schema\/logo\/image\/"},"sameAs":["https:\/\/www.facebook.com\/smartbathmirror","https:\/\/x.com\/jwysly","https:\/\/www.linkedin.com\/in\/led-mirror-frank-chan-a836a813a"]}]}},"_links":{"self":[{"href":"https:\/\/ledmirrormanufacturer.com\/fr\/wp-json\/wp\/v2\/product\/21911","targetHints":{"allow":["GET"]}}],"collection":[{"href":"https:\/\/ledmirrormanufacturer.com\/fr\/wp-json\/wp\/v2\/product"}],"about":[{"href":"https:\/\/ledmirrormanufacturer.com\/fr\/wp-json\/wp\/v2\/types\/product"}],"replies":[{"embeddable":true,"href":"https:\/\/ledmirrormanufacturer.com\/fr\/wp-json\/wp\/v2\/comments?post=21911"}],"wp:featuredmedia":[{"embeddable":true,"href":"https:\/\/ledmirrormanufacturer.com\/fr\/wp-json\/wp\/v2\/media\/21912"}],"wp:attachment":[{"href":"https:\/\/ledmirrormanufacturer.com\/fr\/wp-json\/wp\/v2\/media?parent=21911"}],"wp:term":[{"taxonomy":"product_cat","embeddable":true,"href":"https:\/\/ledmirrormanufacturer.com\/fr\/wp-json\/wp\/v2\/product_cat?post=21911"},{"taxonomy":"product_tag","embeddable":true,"href":"https:\/\/ledmirrormanufacturer.com\/fr\/wp-json\/wp\/v2\/product_tag?post=21911"}],"curies":[{"name":"wp","href":"https:\/\/api.w.org\/{rel}","templated":true}]}}