{"id":21083,"date":"2025-11-05T09:02:34","date_gmt":"2025-11-05T09:02:34","guid":{"rendered":"https:\/\/ledmirrormanufacturer.com\/?page_id=21083"},"modified":"2026-04-08T15:26:04","modified_gmt":"2026-04-08T15:26:04","slug":"commercial","status":"publish","type":"page","link":"https:\/\/ledmirrormanufacturer.com\/it\/applications\/commercial\/","title":{"rendered":"Commerciale"},"content":{"rendered":"<div data-elementor-type=\"wp-page\" data-elementor-id=\"21083\" class=\"elementor elementor-21083\" data-elementor-post-type=\"page\">\n\t\t\t\t<div class=\"elementor-element elementor-element-4506476 e-flex e-con-boxed e-con e-parent\" data-id=\"4506476\" data-element_type=\"container\">\n\t\t\t\t\t<div class=\"e-con-inner\">\n\t\t\t\t<div class=\"elementor-element elementor-element-69def56 elementor-widget elementor-widget-spacer\" data-id=\"69def56\" data-element_type=\"widget\" data-widget_type=\"spacer.default\">\n\t\t\t\t\t\t\t<div class=\"elementor-spacer\">\n\t\t\t<div class=\"elementor-spacer-inner\"><\/div>\n\t\t<\/div>\n\t\t\t\t\t\t<\/div>\n\t\t\t\t\t<\/div>\n\t\t\t\t<\/div>\n\t\t<div class=\"elementor-element elementor-element-e94ae02 e-flex e-con-boxed e-con e-parent\" data-id=\"e94ae02\" data-element_type=\"container\">\n\t\t\t\t\t<div class=\"e-con-inner\">\n\t\t<div class=\"elementor-element elementor-element-885a499 e-con-full e-flex e-con e-child\" data-id=\"885a499\" data-element_type=\"container\">\n\t\t\t\t<div class=\"elementor-element elementor-element-637b485 elementor-widget elementor-widget-text-editor\" data-id=\"637b485\" data-element_type=\"widget\" data-widget_type=\"text-editor.default\">\n\t\t\t\t\t\t\t\t\t<h2>Specchi commerciali<\/h2>\t\t\t\t\t\t\t\t<\/div>\n\t\t\t\t<\/div>\n\t\t<div class=\"elementor-element elementor-element-f6c4d32 e-con-full e-flex e-con e-child\" data-id=\"f6c4d32\" data-element_type=\"container\">\n\t\t\t\t<div class=\"elementor-element elementor-element-7c03e51 elementor-widget elementor-widget-image\" data-id=\"7c03e51\" data-element_type=\"widget\" data-widget_type=\"image.default\">\n\t\t\t\t\t\t\t\t\t\t\t\t\t\t\t<img fetchpriority=\"high\" decoding=\"async\" width=\"980\" height=\"735\" src=\"https:\/\/ledmirrormanufacturer.com\/wp-content\/uploads\/2025\/11\/commercial-mirror-supplier.jpg\" class=\"attachment-large size-large wp-image-21216\" alt=\"commercial-mirror-supplier-manufacturer-wholesale\" srcset=\"https:\/\/ledmirrormanufacturer.com\/wp-content\/uploads\/2025\/11\/commercial-mirror-supplier.jpg 1000w, https:\/\/ledmirrormanufacturer.com\/wp-content\/uploads\/2025\/11\/commercial-mirror-supplier-300x225.jpg 300w, https:\/\/ledmirrormanufacturer.com\/wp-content\/uploads\/2025\/11\/commercial-mirror-supplier-768x576.jpg 768w, https:\/\/ledmirrormanufacturer.com\/wp-content\/uploads\/2025\/11\/commercial-mirror-supplier-16x12.jpg 16w, https:\/\/ledmirrormanufacturer.com\/wp-content\/uploads\/2025\/11\/commercial-mirror-supplier-800x600.jpg 800w\" sizes=\"(max-width: 980px) 100vw, 980px\" \/>\t\t\t\t\t\t\t\t\t\t\t\t\t\t\t<\/div>\n\t\t\t\t<\/div>\n\t\t\t\t\t<\/div>\n\t\t\t\t<\/div>\n\t\t<div class=\"elementor-element elementor-element-f4f604e e-flex e-con-boxed e-con e-parent\" data-id=\"f4f604e\" data-element_type=\"container\">\n\t\t\t\t\t<div class=\"e-con-inner\">\n\t\t\t\t<div class=\"elementor-element elementor-element-ac0f113 elementor-widget elementor-widget-spacer\" data-id=\"ac0f113\" data-element_type=\"widget\" data-widget_type=\"spacer.default\">\n\t\t\t\t\t\t\t<div class=\"elementor-spacer\">\n\t\t\t<div class=\"elementor-spacer-inner\"><\/div>\n\t\t<\/div>\n\t\t\t\t\t\t<\/div>\n\t\t\t\t\t<\/div>\n\t\t\t\t<\/div>\n\t\t<div class=\"elementor-element elementor-element-df187d1 e-flex e-con-boxed e-con e-parent\" data-id=\"df187d1\" data-element_type=\"container\">\n\t\t\t\t\t<div class=\"e-con-inner\">\n\t\t\t\t<div class=\"elementor-element elementor-element-17b8c1a elementor-widget elementor-widget-text-editor\" data-id=\"17b8c1a\" data-element_type=\"widget\" data-widget_type=\"text-editor.default\">\n\t\t\t\t\t\t\t\t\t<div data-page-id=\"RIrSf1ed6dN6MGcxMvbcTz49nKf\" data-lark-html-role=\"root\" data-docx-has-block-data=\"false\">\n<div class=\"ace-line ace-line old-record-id-O9RwfNbZHd1D5fcoKRHcT7gwnOd\">\n<div data-page-id=\"RIrSf1ed6dN6MGcxMvbcTz49nKf\" data-lark-html-role=\"root\" data-docx-has-block-data=\"false\">\n<h3 class=\"ace-line ace-line old-record-id-RIrSf1ed6dN6MGcxMvbcTz49nKf\">Specchio commerciale: Elevare lo spazio aziendale con funzionalit\u00e0 e stile<\/h3>\n<\/div>\nUno specchio commerciale di alta qualit\u00e0 \u00e8 molto pi\u00f9 di un semplice accessorio riflettente: \u00e8 una risorsa fondamentale per l'azienda, che unisce la funzionalit\u00e0 al fascino del marchio. La distinzione chiave tra gli specchi commerciali e quelli residenziali risiede nello scopo del design, nella durata e negli standard di prestazione. Gli specchi residenziali privilegiano l'estetica per uso personale, con vetri pi\u00f9 sottili, cornici pi\u00f9 leggere e un'attenzione minima alla resistenza all'usura. Gli specchi commerciali, invece, sono progettati per soddisfare requisiti di qualit\u00e0 rigorosi, pensati per ambienti professionali ad alto traffico. Questi includono un vetro spesso e infrangibile (spesso 5 mm o pi\u00f9) per resistere agli urti accidentali, un supporto resistente alla corrosione per evitare la delaminazione e cornici robuste (come l'alluminio o l'acciaio inossidabile) che resistono alla pulizia frequente e all'uso intenso. Inoltre, rispettano le certificazioni di sicurezza, garantendo che non comportino rischi per i clienti o il personale in caso di danneggiamento. Queste qualit\u00e0 rendono gli specchi commerciali indispensabili per diverse attivit\u00e0, dove l'affidabilit\u00e0 e la durata sono importanti quanto la loro funzione riflettente.<\/div>\n<div class=\"ace-line ace-line old-record-id-EtYBfpoA9dim3XcsSzbcsHAPndc\">I negozi al dettaglio possono trarre notevoli vantaggi da specchi commerciali ben posizionati. Le boutique di abbigliamento si affidano agli specchi a corpo intero nei camerini per aiutare i clienti a visualizzare gli abiti da ogni angolazione, influenzando direttamente le decisioni di acquisto. Gli specchi a tutta altezza nelle aree di vendita aperte creano inoltre l'illusione di un maggiore spazio e riflettono la luce naturale, riducendo la necessit\u00e0 di illuminazione supplementare e rendendo il negozio pi\u00f9 accogliente. Per gli showroom automobilistici come quello di Toyota, gli specchi commerciali di grandi dimensioni evidenziano i contorni dei veicoli e ampliano la profondit\u00e0 visiva dello spazio, mostrando i prodotti nella loro luce migliore.<\/div>\n<div class=\"ace-line ace-line old-record-id-ZWGof3ZvgdviCQcMciBc38cknId\">I saloni di parrucchieri e i centri estetici considerano gli specchi commerciali uno strumento di servizio fondamentale. Gli specchi integrati con l'illuminazione a LED forniscono un'illuminazione uniforme e priva di ombre, consentendo agli stilisti di perfezionare tagli e colori e aiutando i clienti a vedere chiaramente i dettagli. Gli specchi commerciali con cornice in alluminio sono particolarmente apprezzati: resistono all'umidit\u00e0 dei saloni e sono facili da pulire dopo l'uso dei prodotti. Molti centri benessere utilizzano anche specchi commerciali decorativi per aggiungere un tocco di lusso, trasformando le sale per i trattamenti in rifugi sereni e di alto livello.<\/div>\n<div class=\"ace-line ace-line old-record-id-WU5XfEn4Pdty3scZh5wcKcjPn7g\">I settori dell'ospitalit\u00e0 e della ristorazione utilizzano gli specchi commerciali sia per lo stile che per la sicurezza. Gli hotel utilizzano eleganti specchi incorniciati nelle hall e nelle camere degli ospiti per migliorare l'arredamento e far sembrare gli spazi pi\u00f9 ampi. Bar e ristoranti come Burger King installano specchi di sicurezza convessi per eliminare i punti ciechi, migliorando la visibilit\u00e0 del personale e la sicurezza degli ospiti. Anche gli uffici ne traggono vantaggio: gli specchi nelle aree di ricevimento creano una prima impressione professionale, mentre quelli negli spazi di lavoro aperti illuminano l'ambiente.<\/div>\n<div class=\"ace-line ace-line old-record-id-SidUfVpm1dm5u2ctulDcFZZBnec\">La personalizzazione \u00e8 fondamentale per massimizzare il valore di uno specchio commerciale. Dai bordi smussati al design del marchio, le aziende possono personalizzare gli specchi per adattarli alla loro identit\u00e0. I materiali durevoli garantiscono la resistenza di questi specchi all'uso intensivo, riducendo i costi di sostituzione. Investire nello specchio commerciale giusto trasforma gli spazi, aumenta la soddisfazione dei clienti e aggiunge valore tangibile alla vostra attivit\u00e0.<\/div>\n<\/div>\t\t\t\t\t\t\t\t<\/div>\n\t\t\t\t\t<\/div>\n\t\t\t\t<\/div>\n\t\t<div class=\"elementor-element elementor-element-4b7764d e-flex e-con-boxed e-con e-parent\" data-id=\"4b7764d\" data-element_type=\"container\">\n\t\t\t\t\t<div class=\"e-con-inner\">\n\t\t\t\t<div class=\"elementor-element elementor-element-2d8c8aa elementor-widget elementor-widget-spacer\" data-id=\"2d8c8aa\" data-element_type=\"widget\" data-widget_type=\"spacer.default\">\n\t\t\t\t\t\t\t<div class=\"elementor-spacer\">\n\t\t\t<div class=\"elementor-spacer-inner\"><\/div>\n\t\t<\/div>\n\t\t\t\t\t\t<\/div>\n\t\t\t\t\t<\/div>\n\t\t\t\t<\/div>\n\t\t<div class=\"elementor-element elementor-element-cb7efac e-flex e-con-boxed e-con e-parent\" data-id=\"cb7efac\" data-element_type=\"container\">\n\t\t\t\t\t<div class=\"e-con-inner\">\n\t\t\t\t<div class=\"elementor-element elementor-element-09e495c elementor-widget elementor-widget-text-editor\" data-id=\"09e495c\" data-element_type=\"widget\" data-widget_type=\"text-editor.default\">\n\t\t\t\t\t\t\t\t\t<h3 style=\"text-align: center;\">Aree che richiedono specchi<\/h3>\t\t\t\t\t\t\t\t<\/div>\n\t\t\t\t\t<\/div>\n\t\t\t\t<\/div>\n\t\t<div class=\"elementor-element elementor-element-9d42f98 e-flex e-con-boxed e-con e-parent\" data-id=\"9d42f98\" data-element_type=\"container\">\n\t\t\t\t\t<div class=\"e-con-inner\">\n\t\t<div class=\"elementor-element elementor-element-97fe529 e-con-full e-flex e-con e-child\" data-id=\"97fe529\" data-element_type=\"container\">\n\t\t\t\t<div class=\"elementor-element elementor-element-583029a elementor-widget elementor-widget-image\" data-id=\"583029a\" data-element_type=\"widget\" data-widget_type=\"image.default\">\n\t\t\t\t\t\t\t\t\t\t\t\t\t\t\t<img decoding=\"async\" width=\"500\" height=\"500\" src=\"https:\/\/ledmirrormanufacturer.com\/wp-content\/uploads\/2025\/11\/vanity-mirror.jpeg\" class=\"attachment-large size-large wp-image-21217\" alt=\"\" srcset=\"https:\/\/ledmirrormanufacturer.com\/wp-content\/uploads\/2025\/11\/vanity-mirror.jpeg 500w, https:\/\/ledmirrormanufacturer.com\/wp-content\/uploads\/2025\/11\/vanity-mirror-300x300.jpeg 300w, https:\/\/ledmirrormanufacturer.com\/wp-content\/uploads\/2025\/11\/vanity-mirror-150x150.jpeg 150w, https:\/\/ledmirrormanufacturer.com\/wp-content\/uploads\/2025\/11\/vanity-mirror-12x12.jpeg 12w, https:\/\/ledmirrormanufacturer.com\/wp-content\/uploads\/2025\/11\/vanity-mirror-460x460.jpeg 460w\" sizes=\"(max-width: 500px) 100vw, 500px\" \/>\t\t\t\t\t\t\t\t\t\t\t\t\t\t\t<\/div>\n\t\t\t\t<div class=\"elementor-element elementor-element-8e035f5 elementor-widget elementor-widget-text-editor\" data-id=\"8e035f5\" data-element_type=\"widget\" data-widget_type=\"text-editor.default\">\n\t\t\t\t\t\t\t\t\t<h4 style=\"text-align: center;\"><a href=\"https:\/\/ledmirrormanufacturer.com\/it\/hotel-bathroom-mirror\/\">Specchio da bagno per hotel<\/a><\/h4>\t\t\t\t\t\t\t\t<\/div>\n\t\t\t\t<\/div>\n\t\t<div class=\"elementor-element elementor-element-6539c8d e-con-full e-flex e-con e-child\" data-id=\"6539c8d\" data-element_type=\"container\">\n\t\t\t\t<div class=\"elementor-element elementor-element-1fe2c4a elementor-widget elementor-widget-image\" data-id=\"1fe2c4a\" data-element_type=\"widget\" data-widget_type=\"image.default\">\n\t\t\t\t\t\t\t\t\t\t\t\t\t\t\t<img decoding=\"async\" width=\"800\" height=\"800\" src=\"https:\/\/ledmirrormanufacturer.com\/wp-content\/uploads\/2025\/11\/commercial-mirror-supplier-2.jpg\" class=\"attachment-large size-large wp-image-21218\" alt=\"\" srcset=\"https:\/\/ledmirrormanufacturer.com\/wp-content\/uploads\/2025\/11\/commercial-mirror-supplier-2.jpg 800w, https:\/\/ledmirrormanufacturer.com\/wp-content\/uploads\/2025\/11\/commercial-mirror-supplier-2-300x300.jpg 300w, https:\/\/ledmirrormanufacturer.com\/wp-content\/uploads\/2025\/11\/commercial-mirror-supplier-2-150x150.jpg 150w, https:\/\/ledmirrormanufacturer.com\/wp-content\/uploads\/2025\/11\/commercial-mirror-supplier-2-768x768.jpg 768w, https:\/\/ledmirrormanufacturer.com\/wp-content\/uploads\/2025\/11\/commercial-mirror-supplier-2-12x12.jpg 12w, https:\/\/ledmirrormanufacturer.com\/wp-content\/uploads\/2025\/11\/commercial-mirror-supplier-2-460x460.jpg 460w\" sizes=\"(max-width: 800px) 100vw, 800px\" \/>\t\t\t\t\t\t\t\t\t\t\t\t\t\t\t<\/div>\n\t\t\t\t<div class=\"elementor-element elementor-element-3831d8f elementor-widget elementor-widget-text-editor\" data-id=\"3831d8f\" data-element_type=\"widget\" data-widget_type=\"text-editor.default\">\n\t\t\t\t\t\t\t\t\t<h4 style=\"text-align: center;\">Specchio da bagno<\/h4>\t\t\t\t\t\t\t\t<\/div>\n\t\t\t\t<\/div>\n\t\t<div class=\"elementor-element elementor-element-187473d e-con-full e-flex e-con e-child\" data-id=\"187473d\" data-element_type=\"container\">\n\t\t\t\t<div class=\"elementor-element elementor-element-1ef13a6 elementor-widget elementor-widget-image\" data-id=\"1ef13a6\" data-element_type=\"widget\" data-widget_type=\"image.default\">\n\t\t\t\t\t\t\t\t\t\t\t\t\t\t\t<img loading=\"lazy\" decoding=\"async\" width=\"500\" height=\"500\" src=\"https:\/\/ledmirrormanufacturer.com\/wp-content\/uploads\/2025\/11\/lobby-mirror.jpeg\" class=\"attachment-large size-large wp-image-21219\" alt=\"\" srcset=\"https:\/\/ledmirrormanufacturer.com\/wp-content\/uploads\/2025\/11\/lobby-mirror.jpeg 500w, https:\/\/ledmirrormanufacturer.com\/wp-content\/uploads\/2025\/11\/lobby-mirror-300x300.jpeg 300w, https:\/\/ledmirrormanufacturer.com\/wp-content\/uploads\/2025\/11\/lobby-mirror-150x150.jpeg 150w, https:\/\/ledmirrormanufacturer.com\/wp-content\/uploads\/2025\/11\/lobby-mirror-12x12.jpeg 12w, https:\/\/ledmirrormanufacturer.com\/wp-content\/uploads\/2025\/11\/lobby-mirror-460x460.jpeg 460w\" sizes=\"(max-width: 500px) 100vw, 500px\" \/>\t\t\t\t\t\t\t\t\t\t\t\t\t\t\t<\/div>\n\t\t\t\t<div class=\"elementor-element elementor-element-31b1d8e elementor-widget elementor-widget-text-editor\" data-id=\"31b1d8e\" data-element_type=\"widget\" data-widget_type=\"text-editor.default\">\n\t\t\t\t\t\t\t\t\t<h4 style=\"text-align: center;\">Specchio dell'atrio<\/h4>\t\t\t\t\t\t\t\t<\/div>\n\t\t\t\t<\/div>\n\t\t\t\t\t<\/div>\n\t\t\t\t<\/div>\n\t\t\t\t<\/div>","protected":false},"excerpt":{"rendered":"<p>Specchi commerciali Specchio commerciale: Uno specchio commerciale di alta qualit\u00e0 \u00e8 molto pi\u00f9 di un semplice accessorio riflettente: \u00e8 una risorsa fondamentale per l'azienda che unisce funzionalit\u00e0 e fascino del marchio. La distinzione chiave tra gli specchi commerciali e quelli residenziali sta nello scopo del design, nella durata e negli standard di prestazione. Gli specchi residenziali [...]<\/p>","protected":false},"author":2,"featured_media":21216,"parent":2690,"menu_order":0,"comment_status":"closed","ping_status":"closed","template":"","meta":{"inline_featured_image":false,"footnotes":""},"class_list":["post-21083","page","type-page","status-publish","has-post-thumbnail","hentry"],"yoast_head":"<!-- This site is optimized with the Yoast SEO Premium plugin v25.8 (Yoast SEO v25.8) - https:\/\/yoast.com\/wordpress\/plugins\/seo\/ -->\n<title>Commercial Mirror Manufacturer &amp; Wholesale Supplier in China<\/title>\n<meta name=\"description\" content=\"DIMO is a professional commercial mirror factory in China with 15+ years experience,specialized in high-quality LED bathroom mirrors,makeup mirrors and full length mirrors with custom support and Competitive pricing.\" \/>\n<meta name=\"robots\" content=\"index, follow, max-snippet:-1, max-image-preview:large, max-video-preview:-1\" \/>\n<link rel=\"canonical\" href=\"https:\/\/ledmirrormanufacturer.com\/it\/applications\/commercial\/\" \/>\n<meta property=\"og:locale\" content=\"it_IT\" \/>\n<meta property=\"og:type\" content=\"article\" \/>\n<meta property=\"og:title\" content=\"Commercial\" \/>\n<meta property=\"og:description\" content=\"DIMO is a professional commercial mirror factory in China with 15+ years experience,specialized in high-quality LED bathroom mirrors,makeup mirrors and full length mirrors with custom support and Competitive pricing.\" \/>\n<meta property=\"og:url\" content=\"https:\/\/ledmirrormanufacturer.com\/it\/applications\/commercial\/\" \/>\n<meta property=\"og:site_name\" content=\"Bathroom LED Mirror Manufacturer Wholesale Supplier\" \/>\n<meta property=\"article:publisher\" content=\"https:\/\/www.facebook.com\/smartbathmirror\" \/>\n<meta property=\"article:modified_time\" content=\"2026-04-08T15:26:04+00:00\" \/>\n<meta property=\"og:image\" content=\"https:\/\/ledmirrormanufacturer.com\/wp-content\/uploads\/2025\/11\/commercial-mirror-supplier.jpg\" \/>\n\t<meta property=\"og:image:width\" content=\"1000\" \/>\n\t<meta property=\"og:image:height\" content=\"750\" \/>\n\t<meta property=\"og:image:type\" content=\"image\/jpeg\" \/>\n<meta name=\"twitter:card\" content=\"summary_large_image\" \/>\n<meta name=\"twitter:site\" content=\"@jwysly\" \/>\n<meta name=\"twitter:label1\" content=\"Tempo di lettura stimato\" \/>\n\t<meta name=\"twitter:data1\" content=\"4 minuti\" \/>\n<script type=\"application\/ld+json\" class=\"yoast-schema-graph\">{\"@context\":\"https:\/\/schema.org\",\"@graph\":[{\"@type\":\"WebPage\",\"@id\":\"https:\/\/ledmirrormanufacturer.com\/applications\/commercial\/\",\"url\":\"https:\/\/ledmirrormanufacturer.com\/applications\/commercial\/\",\"name\":\"Commercial Mirror Manufacturer & Wholesale Supplier in China\",\"isPartOf\":{\"@id\":\"https:\/\/ledmirrormanufacturer.com\/#website\"},\"primaryImageOfPage\":{\"@id\":\"https:\/\/ledmirrormanufacturer.com\/applications\/commercial\/#primaryimage\"},\"image\":{\"@id\":\"https:\/\/ledmirrormanufacturer.com\/applications\/commercial\/#primaryimage\"},\"thumbnailUrl\":\"https:\/\/ledmirrormanufacturer.com\/wp-content\/uploads\/2025\/11\/commercial-mirror-supplier.jpg\",\"datePublished\":\"2025-11-05T09:02:34+00:00\",\"dateModified\":\"2026-04-08T15:26:04+00:00\",\"description\":\"DIMO is a professional commercial mirror factory in China with 15+ years experience,specialized in high-quality LED bathroom mirrors,makeup mirrors and full length mirrors with custom support and Competitive pricing.\",\"breadcrumb\":{\"@id\":\"https:\/\/ledmirrormanufacturer.com\/applications\/commercial\/#breadcrumb\"},\"inLanguage\":\"it-IT\",\"potentialAction\":[{\"@type\":\"ReadAction\",\"target\":[\"https:\/\/ledmirrormanufacturer.com\/applications\/commercial\/\"]}]},{\"@type\":\"ImageObject\",\"inLanguage\":\"it-IT\",\"@id\":\"https:\/\/ledmirrormanufacturer.com\/applications\/commercial\/#primaryimage\",\"url\":\"https:\/\/ledmirrormanufacturer.com\/wp-content\/uploads\/2025\/11\/commercial-mirror-supplier.jpg\",\"contentUrl\":\"https:\/\/ledmirrormanufacturer.com\/wp-content\/uploads\/2025\/11\/commercial-mirror-supplier.jpg\",\"width\":1000,\"height\":750,\"caption\":\"commercial-mirror-supplier-manufacturer-wholesale\"},{\"@type\":\"BreadcrumbList\",\"@id\":\"https:\/\/ledmirrormanufacturer.com\/applications\/commercial\/#breadcrumb\",\"itemListElement\":[{\"@type\":\"ListItem\",\"position\":1,\"name\":\"\u9996\u9875\",\"item\":\"https:\/\/ledmirrormanufacturer.com\/\"},{\"@type\":\"ListItem\",\"position\":2,\"name\":\"Applications\",\"item\":\"https:\/\/ledmirrormanufacturer.com\/applications\/\"},{\"@type\":\"ListItem\",\"position\":3,\"name\":\"Commercial\"}]},{\"@type\":\"WebSite\",\"@id\":\"https:\/\/ledmirrormanufacturer.com\/#website\",\"url\":\"https:\/\/ledmirrormanufacturer.com\/\",\"name\":\"LED Mirror Manufacturer Hotel Bathroom Mirror Wholesale Supplier\",\"description\":\"China LED Mirror Manufacturer,Backlit Hotel Bathroom Mirrors Suppliers,Lighted Vanity Mirror Factory,Makeup Mirror Cabinet Company\",\"publisher\":{\"@id\":\"https:\/\/ledmirrormanufacturer.com\/#organization\"},\"potentialAction\":[{\"@type\":\"SearchAction\",\"target\":{\"@type\":\"EntryPoint\",\"urlTemplate\":\"https:\/\/ledmirrormanufacturer.com\/?s={search_term_string}\"},\"query-input\":{\"@type\":\"PropertyValueSpecification\",\"valueRequired\":true,\"valueName\":\"search_term_string\"}}],\"inLanguage\":\"it-IT\"},{\"@type\":\"Organization\",\"@id\":\"https:\/\/ledmirrormanufacturer.com\/#organization\",\"name\":\"LED Mirror Manufacturer\",\"url\":\"https:\/\/ledmirrormanufacturer.com\/\",\"logo\":{\"@type\":\"ImageObject\",\"inLanguage\":\"it-IT\",\"@id\":\"https:\/\/ledmirrormanufacturer.com\/#\/schema\/logo\/image\/\",\"url\":\"https:\/\/ledmirrormanufacturer.com\/wp-content\/uploads\/2025\/09\/logo222-2.png\",\"contentUrl\":\"https:\/\/ledmirrormanufacturer.com\/wp-content\/uploads\/2025\/09\/logo222-2.png\",\"width\":168,\"height\":60,\"caption\":\"LED Mirror Manufacturer\"},\"image\":{\"@id\":\"https:\/\/ledmirrormanufacturer.com\/#\/schema\/logo\/image\/\"},\"sameAs\":[\"https:\/\/www.facebook.com\/smartbathmirror\",\"https:\/\/x.com\/jwysly\",\"https:\/\/www.linkedin.com\/in\/led-mirror-frank-chan-a836a813a\"]}]}<\/script>\n<!-- \/ Yoast SEO Premium plugin. -->","yoast_head_json":{"title":"Commercial Mirror Manufacturer & Wholesale Supplier in China","description":"DIMO is a professional commercial mirror factory in China with 15+ years experience,specialized in high-quality LED bathroom mirrors,makeup mirrors and full length mirrors with custom support and Competitive pricing.","robots":{"index":"index","follow":"follow","max-snippet":"max-snippet:-1","max-image-preview":"max-image-preview:large","max-video-preview":"max-video-preview:-1"},"canonical":"https:\/\/ledmirrormanufacturer.com\/it\/applications\/commercial\/","og_locale":"it_IT","og_type":"article","og_title":"Commercial","og_description":"DIMO is a professional commercial mirror factory in China with 15+ years experience,specialized in high-quality LED bathroom mirrors,makeup mirrors and full length mirrors with custom support and Competitive pricing.","og_url":"https:\/\/ledmirrormanufacturer.com\/it\/applications\/commercial\/","og_site_name":"Bathroom LED Mirror Manufacturer Wholesale Supplier","article_publisher":"https:\/\/www.facebook.com\/smartbathmirror","article_modified_time":"2026-04-08T15:26:04+00:00","og_image":[{"width":1000,"height":750,"url":"https:\/\/ledmirrormanufacturer.com\/wp-content\/uploads\/2025\/11\/commercial-mirror-supplier.jpg","type":"image\/jpeg"}],"twitter_card":"summary_large_image","twitter_site":"@jwysly","twitter_misc":{"Tempo di lettura stimato":"4 minuti"},"schema":{"@context":"https:\/\/schema.org","@graph":[{"@type":"WebPage","@id":"https:\/\/ledmirrormanufacturer.com\/applications\/commercial\/","url":"https:\/\/ledmirrormanufacturer.com\/applications\/commercial\/","name":"Commercial Mirror Manufacturer & Wholesale Supplier in China","isPartOf":{"@id":"https:\/\/ledmirrormanufacturer.com\/#website"},"primaryImageOfPage":{"@id":"https:\/\/ledmirrormanufacturer.com\/applications\/commercial\/#primaryimage"},"image":{"@id":"https:\/\/ledmirrormanufacturer.com\/applications\/commercial\/#primaryimage"},"thumbnailUrl":"https:\/\/ledmirrormanufacturer.com\/wp-content\/uploads\/2025\/11\/commercial-mirror-supplier.jpg","datePublished":"2025-11-05T09:02:34+00:00","dateModified":"2026-04-08T15:26:04+00:00","description":"DIMO is a professional commercial mirror factory in China with 15+ years experience,specialized in high-quality LED bathroom mirrors,makeup mirrors and full length mirrors with custom support and Competitive pricing.","breadcrumb":{"@id":"https:\/\/ledmirrormanufacturer.com\/applications\/commercial\/#breadcrumb"},"inLanguage":"it-IT","potentialAction":[{"@type":"ReadAction","target":["https:\/\/ledmirrormanufacturer.com\/applications\/commercial\/"]}]},{"@type":"ImageObject","inLanguage":"it-IT","@id":"https:\/\/ledmirrormanufacturer.com\/applications\/commercial\/#primaryimage","url":"https:\/\/ledmirrormanufacturer.com\/wp-content\/uploads\/2025\/11\/commercial-mirror-supplier.jpg","contentUrl":"https:\/\/ledmirrormanufacturer.com\/wp-content\/uploads\/2025\/11\/commercial-mirror-supplier.jpg","width":1000,"height":750,"caption":"commercial-mirror-supplier-manufacturer-wholesale"},{"@type":"BreadcrumbList","@id":"https:\/\/ledmirrormanufacturer.com\/applications\/commercial\/#breadcrumb","itemListElement":[{"@type":"ListItem","position":1,"name":"\u9996\u9875","item":"https:\/\/ledmirrormanufacturer.com\/"},{"@type":"ListItem","position":2,"name":"Applications","item":"https:\/\/ledmirrormanufacturer.com\/applications\/"},{"@type":"ListItem","position":3,"name":"Commercial"}]},{"@type":"WebSite","@id":"https:\/\/ledmirrormanufacturer.com\/#website","url":"https:\/\/ledmirrormanufacturer.com\/","name":"LED Mirror Manufacturer Hotel Bathroom Mirror Wholesale Supplier","description":"China LED Mirror Manufacturer,Backlit Hotel Bathroom Mirrors Suppliers,Lighted Vanity Mirror Factory,Makeup Mirror Cabinet Company","publisher":{"@id":"https:\/\/ledmirrormanufacturer.com\/#organization"},"potentialAction":[{"@type":"SearchAction","target":{"@type":"EntryPoint","urlTemplate":"https:\/\/ledmirrormanufacturer.com\/?s={search_term_string}"},"query-input":{"@type":"PropertyValueSpecification","valueRequired":true,"valueName":"search_term_string"}}],"inLanguage":"it-IT"},{"@type":"Organization","@id":"https:\/\/ledmirrormanufacturer.com\/#organization","name":"LED Mirror Manufacturer","url":"https:\/\/ledmirrormanufacturer.com\/","logo":{"@type":"ImageObject","inLanguage":"it-IT","@id":"https:\/\/ledmirrormanufacturer.com\/#\/schema\/logo\/image\/","url":"https:\/\/ledmirrormanufacturer.com\/wp-content\/uploads\/2025\/09\/logo222-2.png","contentUrl":"https:\/\/ledmirrormanufacturer.com\/wp-content\/uploads\/2025\/09\/logo222-2.png","width":168,"height":60,"caption":"LED Mirror Manufacturer"},"image":{"@id":"https:\/\/ledmirrormanufacturer.com\/#\/schema\/logo\/image\/"},"sameAs":["https:\/\/www.facebook.com\/smartbathmirror","https:\/\/x.com\/jwysly","https:\/\/www.linkedin.com\/in\/led-mirror-frank-chan-a836a813a"]}]}},"_links":{"self":[{"href":"https:\/\/ledmirrormanufacturer.com\/it\/wp-json\/wp\/v2\/pages\/21083","targetHints":{"allow":["GET"]}}],"collection":[{"href":"https:\/\/ledmirrormanufacturer.com\/it\/wp-json\/wp\/v2\/pages"}],"about":[{"href":"https:\/\/ledmirrormanufacturer.com\/it\/wp-json\/wp\/v2\/types\/page"}],"author":[{"embeddable":true,"href":"https:\/\/ledmirrormanufacturer.com\/it\/wp-json\/wp\/v2\/users\/2"}],"replies":[{"embeddable":true,"href":"https:\/\/ledmirrormanufacturer.com\/it\/wp-json\/wp\/v2\/comments?post=21083"}],"version-history":[{"count":7,"href":"https:\/\/ledmirrormanufacturer.com\/it\/wp-json\/wp\/v2\/pages\/21083\/revisions"}],"predecessor-version":[{"id":21225,"href":"https:\/\/ledmirrormanufacturer.com\/it\/wp-json\/wp\/v2\/pages\/21083\/revisions\/21225"}],"up":[{"embeddable":true,"href":"https:\/\/ledmirrormanufacturer.com\/it\/wp-json\/wp\/v2\/pages\/2690"}],"wp:featuredmedia":[{"embeddable":true,"href":"https:\/\/ledmirrormanufacturer.com\/it\/wp-json\/wp\/v2\/media\/21216"}],"wp:attachment":[{"href":"https:\/\/ledmirrormanufacturer.com\/it\/wp-json\/wp\/v2\/media?parent=21083"}],"curies":[{"name":"wp","href":"https:\/\/api.w.org\/{rel}","templated":true}]}}