{"id":21092,"date":"2025-11-05T09:11:00","date_gmt":"2025-11-05T09:11:00","guid":{"rendered":"https:\/\/ledmirrormanufacturer.com\/?page_id=21092"},"modified":"2026-04-08T15:32:11","modified_gmt":"2026-04-08T15:32:11","slug":"salon","status":"publish","type":"page","link":"https:\/\/ledmirrormanufacturer.com\/it\/applications\/salon\/","title":{"rendered":"Salone"},"content":{"rendered":"<div data-elementor-type=\"wp-page\" data-elementor-id=\"21092\" class=\"elementor elementor-21092\" data-elementor-post-type=\"page\">\n\t\t\t\t<div class=\"elementor-element elementor-element-c0edd63 e-flex e-con-boxed e-con e-parent\" data-id=\"c0edd63\" data-element_type=\"container\">\n\t\t\t\t\t<div class=\"e-con-inner\">\n\t\t\t\t<div class=\"elementor-element elementor-element-f816c88 elementor-widget elementor-widget-spacer\" data-id=\"f816c88\" data-element_type=\"widget\" data-widget_type=\"spacer.default\">\n\t\t\t\t\t\t\t<div class=\"elementor-spacer\">\n\t\t\t<div class=\"elementor-spacer-inner\"><\/div>\n\t\t<\/div>\n\t\t\t\t\t\t<\/div>\n\t\t\t\t\t<\/div>\n\t\t\t\t<\/div>\n\t\t<div class=\"elementor-element elementor-element-9a8171b e-flex e-con-boxed e-con e-parent\" data-id=\"9a8171b\" data-element_type=\"container\">\n\t\t\t\t\t<div class=\"e-con-inner\">\n\t\t<div class=\"elementor-element elementor-element-0640548 e-con-full e-flex e-con e-child\" data-id=\"0640548\" data-element_type=\"container\">\n\t\t\t\t<div class=\"elementor-element elementor-element-2eccc08 elementor-widget elementor-widget-text-editor\" data-id=\"2eccc08\" data-element_type=\"widget\" data-widget_type=\"text-editor.default\">\n\t\t\t\t\t\t\t\t\t<h2 style=\"text-align: center;\">Specchio da salone<\/h2>\t\t\t\t\t\t\t\t<\/div>\n\t\t\t\t<\/div>\n\t\t<div class=\"elementor-element elementor-element-42bdf1b e-con-full e-flex e-con e-child\" data-id=\"42bdf1b\" data-element_type=\"container\">\n\t\t\t\t<div class=\"elementor-element elementor-element-7701136 elementor-widget elementor-widget-image\" data-id=\"7701136\" data-element_type=\"widget\" data-widget_type=\"image.default\">\n\t\t\t\t\t\t\t\t\t\t\t\t\t\t\t<img fetchpriority=\"high\" decoding=\"async\" width=\"750\" height=\"750\" src=\"https:\/\/ledmirrormanufacturer.com\/wp-content\/uploads\/2025\/11\/salon-mirror-supplier.jpeg\" class=\"attachment-large size-large wp-image-21247\" alt=\"salon mirror supplier\" srcset=\"https:\/\/ledmirrormanufacturer.com\/wp-content\/uploads\/2025\/11\/salon-mirror-supplier.jpeg 750w, https:\/\/ledmirrormanufacturer.com\/wp-content\/uploads\/2025\/11\/salon-mirror-supplier-300x300.jpeg 300w, https:\/\/ledmirrormanufacturer.com\/wp-content\/uploads\/2025\/11\/salon-mirror-supplier-150x150.jpeg 150w, https:\/\/ledmirrormanufacturer.com\/wp-content\/uploads\/2025\/11\/salon-mirror-supplier-12x12.jpeg 12w, https:\/\/ledmirrormanufacturer.com\/wp-content\/uploads\/2025\/11\/salon-mirror-supplier-460x460.jpeg 460w\" sizes=\"(max-width: 750px) 100vw, 750px\" \/>\t\t\t\t\t\t\t\t\t\t\t\t\t\t\t<\/div>\n\t\t\t\t<\/div>\n\t\t\t\t\t<\/div>\n\t\t\t\t<\/div>\n\t\t<div class=\"elementor-element elementor-element-e26d7dd e-flex e-con-boxed e-con e-parent\" data-id=\"e26d7dd\" data-element_type=\"container\">\n\t\t\t\t\t<div class=\"e-con-inner\">\n\t\t\t\t<div class=\"elementor-element elementor-element-ad78eb1 elementor-widget elementor-widget-spacer\" data-id=\"ad78eb1\" data-element_type=\"widget\" data-widget_type=\"spacer.default\">\n\t\t\t\t\t\t\t<div class=\"elementor-spacer\">\n\t\t\t<div class=\"elementor-spacer-inner\"><\/div>\n\t\t<\/div>\n\t\t\t\t\t\t<\/div>\n\t\t\t\t\t<\/div>\n\t\t\t\t<\/div>\n\t\t<div class=\"elementor-element elementor-element-03a0b12 e-flex e-con-boxed e-con e-parent\" data-id=\"03a0b12\" data-element_type=\"container\">\n\t\t\t\t\t<div class=\"e-con-inner\">\n\t\t\t\t<div class=\"elementor-element elementor-element-909de1d elementor-widget elementor-widget-text-editor\" data-id=\"909de1d\" data-element_type=\"widget\" data-widget_type=\"text-editor.default\">\n\t\t\t\t\t\t\t\t\t<div data-page-id=\"R3EMf2WJAdcD54cMPylcYyXVnug\" data-lark-html-role=\"root\" data-docx-has-block-data=\"false\">\n<h3 class=\"ace-line ace-line old-record-id-R3EMf2WJAdcD54cMPylcYyXVnug\" style=\"text-align: center;\">Specchi da salone: Elevare le esperienze di styling con un design funzionale<\/h3>\n<div class=\"ace-line ace-line old-record-id-DxhufLErMd3hzRczoZ3cKsefn8b\">Gli specchi per saloni di bellezza sono pi\u00f9 che strumenti riflettenti: sono fondamentali per la precisione degli stilisti e la soddisfazione dei clienti. A differenza degli specchi residenziali standard, questi prodotti specializzati sono progettati per soddisfare le esigenze specifiche dei saloni di parrucchieri, estetisti e barbieri, combinando durata, illuminazione ottimale ed estetica per migliorare ogni sessione di styling.<\/div>\n<div class=\"ace-line ace-line old-record-id-DNxIfTpMzdFes6cDnZGcp4lCn4e\">Le caratteristiche principali degli specchi per saloni di bellezza danno la priorit\u00e0 sia ai professionisti che ai clienti. L'illuminazione LED integrata \u00e8 una caratteristica irrinunciabile, con una luminosit\u00e0 morbida e regolabile che elimina le ombre, fondamentale per la colorazione, il taglio e l'applicazione del trucco. Molti modelli offrono il controllo della temperatura del colore, passando da toni caldi a toni freddi per imitare ambienti diversi (ad esempio, l'illuminazione dell'ufficio o la luce naturale del sole), in modo che i clienti vedano come gli stili si traducono nella vita quotidiana. I telai robusti e anticorrosivi (spesso in metallo o in legno sigillato) resistono ai danni causati dai prodotti per capelli, dall'acqua e dalla pulizia frequente, garantendo una lunga durata negli spazi ad alto utilizzo.<\/div>\n<div class=\"ace-line ace-line old-record-id-BEDVfQ3uXda1BUcxmKfctECyncb\">La regolabilit\u00e0 \u00e8 un'altra caratteristica distintiva. I meccanismi di rotazione e inclinazione consentono agli stilisti di posizionare gli specchi con angolazioni perfette, mentre i design a tutta lunghezza delle postazioni di styling permettono ai clienti di vedere i capelli dalla radice alla punta. Le opzioni retroilluminate aggiungono un tocco di modernit\u00e0, illuminando l'interno del salone e mettendo in risalto i look finiti. Per i barbieri, gli specchi compatti a parete con inserti di ingrandimento sono molto apprezzati per lavori dettagliati come la rifinitura della barba.<\/div>\n<div class=\"ace-line ace-line old-record-id-GERqfSckidBGRicCmUBcYmU3ndg\">Gli scenari applicativi si estendono a tutto il salone. Le postazioni di styling si affidano a specchi e scrivanie accoppiate, dove i clienti possono rilassarsi mentre gli stilisti lavorano. Le cabine trucco utilizzano specchi da salone ingrandenti con luci dimmerabili per perfezionare i look di precisione. Anche le aree di attesa beneficiano di specchi decorativi: ampliano lo spazio visivo e mettono in mostra l'estetica del salone, dando un tono professionale. Varianti durevoli e resistenti all'appannamento sono utilizzate anche nelle stazioni di lavaggio, con bordi sigillati per evitare danni da umidit\u00e0.<\/div>\n<div class=\"ace-line ace-line old-record-id-UuLQfPHM8dUMfOcwFRIcpFHFndf\">Combinando funzionalit\u00e0 pratiche e design elegante, gli specchi per saloni di bellezza aumentano l'efficienza degli stilisti e la fiducia dei clienti, rendendoli un investimento indispensabile per qualsiasi attivit\u00e0 di bellezza.<\/div>\n<\/div>\t\t\t\t\t\t\t\t<\/div>\n\t\t\t\t\t<\/div>\n\t\t\t\t<\/div>\n\t\t<div class=\"elementor-element elementor-element-41d98b9 e-flex e-con-boxed e-con e-parent\" data-id=\"41d98b9\" data-element_type=\"container\">\n\t\t\t\t\t<div class=\"e-con-inner\">\n\t\t\t\t<div class=\"elementor-element elementor-element-df4fa41 elementor-widget elementor-widget-spacer\" data-id=\"df4fa41\" data-element_type=\"widget\" data-widget_type=\"spacer.default\">\n\t\t\t\t\t\t\t<div class=\"elementor-spacer\">\n\t\t\t<div class=\"elementor-spacer-inner\"><\/div>\n\t\t<\/div>\n\t\t\t\t\t\t<\/div>\n\t\t\t\t\t<\/div>\n\t\t\t\t<\/div>\n\t\t<div class=\"elementor-element elementor-element-7b62a01 e-flex e-con-boxed e-con e-parent\" data-id=\"7b62a01\" data-element_type=\"container\">\n\t\t\t\t\t<div class=\"e-con-inner\">\n\t\t\t\t<div class=\"elementor-element elementor-element-4bbb96d elementor-widget elementor-widget-text-editor\" data-id=\"4bbb96d\" data-element_type=\"widget\" data-widget_type=\"text-editor.default\">\n\t\t\t\t\t\t\t\t\t<h3 style=\"text-align: center;\">Aree che richiedono specchi<\/h3>\t\t\t\t\t\t\t\t<\/div>\n\t\t\t\t\t<\/div>\n\t\t\t\t<\/div>\n\t\t<div class=\"elementor-element elementor-element-61d3eba e-flex e-con-boxed e-con e-parent\" data-id=\"61d3eba\" data-element_type=\"container\">\n\t\t\t\t\t<div class=\"e-con-inner\">\n\t\t<div class=\"elementor-element elementor-element-3a088a4 e-con-full e-flex e-con e-child\" data-id=\"3a088a4\" data-element_type=\"container\">\n\t\t\t\t<div class=\"elementor-element elementor-element-158752c elementor-widget elementor-widget-image\" data-id=\"158752c\" data-element_type=\"widget\" data-widget_type=\"image.default\">\n\t\t\t\t\t\t\t\t\t\t\t\t\t\t\t<img decoding=\"async\" width=\"800\" height=\"800\" src=\"https:\/\/ledmirrormanufacturer.com\/wp-content\/uploads\/2025\/11\/salon-mirror.jpg\" class=\"attachment-large size-large wp-image-21248\" alt=\"salon mirror\" srcset=\"https:\/\/ledmirrormanufacturer.com\/wp-content\/uploads\/2025\/11\/salon-mirror.jpg 800w, https:\/\/ledmirrormanufacturer.com\/wp-content\/uploads\/2025\/11\/salon-mirror-300x300.jpg 300w, https:\/\/ledmirrormanufacturer.com\/wp-content\/uploads\/2025\/11\/salon-mirror-150x150.jpg 150w, https:\/\/ledmirrormanufacturer.com\/wp-content\/uploads\/2025\/11\/salon-mirror-768x768.jpg 768w, https:\/\/ledmirrormanufacturer.com\/wp-content\/uploads\/2025\/11\/salon-mirror-12x12.jpg 12w, https:\/\/ledmirrormanufacturer.com\/wp-content\/uploads\/2025\/11\/salon-mirror-460x460.jpg 460w\" sizes=\"(max-width: 800px) 100vw, 800px\" \/>\t\t\t\t\t\t\t\t\t\t\t\t\t\t\t<\/div>\n\t\t\t\t<div class=\"elementor-element elementor-element-65e7621 elementor-widget elementor-widget-text-editor\" data-id=\"65e7621\" data-element_type=\"widget\" data-widget_type=\"text-editor.default\">\n\t\t\t\t\t\t\t\t\t<h5 style=\"text-align: center;\">Parrucchiere<\/h5>\t\t\t\t\t\t\t\t<\/div>\n\t\t\t\t<\/div>\n\t\t<div class=\"elementor-element elementor-element-bc70bbc e-con-full e-flex e-con e-child\" data-id=\"bc70bbc\" data-element_type=\"container\">\n\t\t\t\t<div class=\"elementor-element elementor-element-0545b2e elementor-widget elementor-widget-image\" data-id=\"0545b2e\" data-element_type=\"widget\" data-widget_type=\"image.default\">\n\t\t\t\t\t\t\t\t\t\t\t\t\t\t\t<img decoding=\"async\" width=\"980\" height=\"980\" src=\"https:\/\/ledmirrormanufacturer.com\/wp-content\/uploads\/2025\/11\/beauty-salon-1024x1024.jpg\" class=\"attachment-large size-large wp-image-21249\" alt=\"beauty salon mirror supplier\" srcset=\"https:\/\/ledmirrormanufacturer.com\/wp-content\/uploads\/2025\/11\/beauty-salon-1024x1024.jpg 1024w, https:\/\/ledmirrormanufacturer.com\/wp-content\/uploads\/2025\/11\/beauty-salon-300x300.jpg 300w, https:\/\/ledmirrormanufacturer.com\/wp-content\/uploads\/2025\/11\/beauty-salon-150x150.jpg 150w, https:\/\/ledmirrormanufacturer.com\/wp-content\/uploads\/2025\/11\/beauty-salon-768x767.jpg 768w, https:\/\/ledmirrormanufacturer.com\/wp-content\/uploads\/2025\/11\/beauty-salon-12x12.jpg 12w, https:\/\/ledmirrormanufacturer.com\/wp-content\/uploads\/2025\/11\/beauty-salon-460x460.jpg 460w, https:\/\/ledmirrormanufacturer.com\/wp-content\/uploads\/2025\/11\/beauty-salon-800x799.jpg 800w, https:\/\/ledmirrormanufacturer.com\/wp-content\/uploads\/2025\/11\/beauty-salon.jpg 1128w\" sizes=\"(max-width: 980px) 100vw, 980px\" \/>\t\t\t\t\t\t\t\t\t\t\t\t\t\t\t<\/div>\n\t\t\t\t<div class=\"elementor-element elementor-element-3a7c65f elementor-widget elementor-widget-text-editor\" data-id=\"3a7c65f\" data-element_type=\"widget\" data-widget_type=\"text-editor.default\">\n\t\t\t\t\t\t\t\t\t<h5 style=\"text-align: center;\">Salone di bellezza<\/h5>\t\t\t\t\t\t\t\t<\/div>\n\t\t\t\t<\/div>\n\t\t<div class=\"elementor-element elementor-element-eaa182d e-con-full e-flex e-con e-child\" data-id=\"eaa182d\" data-element_type=\"container\">\n\t\t\t\t<div class=\"elementor-element elementor-element-5a0f693 elementor-widget elementor-widget-image\" data-id=\"5a0f693\" data-element_type=\"widget\" data-widget_type=\"image.default\">\n\t\t\t\t\t\t\t\t\t\t\t\t\t\t\t<img loading=\"lazy\" decoding=\"async\" width=\"980\" height=\"979\" src=\"https:\/\/ledmirrormanufacturer.com\/wp-content\/uploads\/2025\/11\/nail-salon.jpg\" class=\"attachment-large size-large wp-image-21250\" alt=\"\" srcset=\"https:\/\/ledmirrormanufacturer.com\/wp-content\/uploads\/2025\/11\/nail-salon.jpg 1015w, https:\/\/ledmirrormanufacturer.com\/wp-content\/uploads\/2025\/11\/nail-salon-300x300.jpg 300w, https:\/\/ledmirrormanufacturer.com\/wp-content\/uploads\/2025\/11\/nail-salon-150x150.jpg 150w, https:\/\/ledmirrormanufacturer.com\/wp-content\/uploads\/2025\/11\/nail-salon-768x767.jpg 768w, https:\/\/ledmirrormanufacturer.com\/wp-content\/uploads\/2025\/11\/nail-salon-12x12.jpg 12w, https:\/\/ledmirrormanufacturer.com\/wp-content\/uploads\/2025\/11\/nail-salon-460x460.jpg 460w, https:\/\/ledmirrormanufacturer.com\/wp-content\/uploads\/2025\/11\/nail-salon-800x799.jpg 800w\" sizes=\"(max-width: 980px) 100vw, 980px\" \/>\t\t\t\t\t\t\t\t\t\t\t\t\t\t\t<\/div>\n\t\t\t\t<div class=\"elementor-element elementor-element-67403a6 elementor-widget elementor-widget-text-editor\" data-id=\"67403a6\" data-element_type=\"widget\" data-widget_type=\"text-editor.default\">\n\t\t\t\t\t\t\t\t\t<h5 style=\"text-align: center;\">Salone per unghie<\/h5>\t\t\t\t\t\t\t\t<\/div>\n\t\t\t\t<\/div>\n\t\t\t\t\t<\/div>\n\t\t\t\t<\/div>\n\t\t\t\t<\/div>","protected":false},"excerpt":{"rendered":"<p>Specchio da salone Specchi da salone: Gli specchi da salone sono pi\u00f9 che strumenti riflettenti: sono fondamentali per la precisione degli stilisti e la soddisfazione dei clienti. A differenza degli specchi residenziali standard, questi prodotti specializzati sono progettati per soddisfare le esigenze specifiche dei saloni di parrucchieri, estetisti e barbieri, combinando durata, illuminazione ottimale ed estetica per migliorare ogni [...]<\/p>","protected":false},"author":2,"featured_media":21247,"parent":2690,"menu_order":0,"comment_status":"closed","ping_status":"closed","template":"","meta":{"inline_featured_image":false,"footnotes":""},"class_list":["post-21092","page","type-page","status-publish","has-post-thumbnail","hentry"],"yoast_head":"<!-- This site is optimized with the Yoast SEO Premium plugin v25.8 (Yoast SEO v25.8) - https:\/\/yoast.com\/wordpress\/plugins\/seo\/ -->\n<title>Salon Mirror Manufacturer &amp; Wholesale Supplier in China<\/title>\n<meta name=\"description\" content=\"DIMO is a experienced salon mirror factory in China,specialized in high-quality LED mirrors,makeup mirrors and full length mirrors with custom support and Competitive pricing.\" \/>\n<meta name=\"robots\" content=\"index, follow, max-snippet:-1, max-image-preview:large, max-video-preview:-1\" \/>\n<link rel=\"canonical\" href=\"https:\/\/ledmirrormanufacturer.com\/it\/applications\/salon\/\" \/>\n<meta property=\"og:locale\" content=\"it_IT\" \/>\n<meta property=\"og:type\" content=\"article\" \/>\n<meta property=\"og:title\" content=\"Salon\" \/>\n<meta property=\"og:description\" content=\"DIMO is a experienced salon mirror factory in China,specialized in high-quality LED mirrors,makeup mirrors and full length mirrors with custom support and Competitive pricing.\" \/>\n<meta property=\"og:url\" content=\"https:\/\/ledmirrormanufacturer.com\/it\/applications\/salon\/\" \/>\n<meta property=\"og:site_name\" content=\"Bathroom LED Mirror Manufacturer Wholesale Supplier\" \/>\n<meta property=\"article:publisher\" content=\"https:\/\/www.facebook.com\/smartbathmirror\" \/>\n<meta property=\"article:modified_time\" content=\"2026-04-08T15:32:11+00:00\" \/>\n<meta property=\"og:image\" content=\"https:\/\/ledmirrormanufacturer.com\/wp-content\/uploads\/2025\/11\/salon-mirror-supplier.jpeg\" \/>\n\t<meta property=\"og:image:width\" content=\"750\" \/>\n\t<meta property=\"og:image:height\" content=\"750\" \/>\n\t<meta property=\"og:image:type\" content=\"image\/jpeg\" \/>\n<meta name=\"twitter:card\" content=\"summary_large_image\" \/>\n<meta name=\"twitter:site\" content=\"@jwysly\" \/>\n<meta name=\"twitter:label1\" content=\"Tempo di lettura stimato\" \/>\n\t<meta name=\"twitter:data1\" content=\"3 minuti\" \/>\n<script type=\"application\/ld+json\" class=\"yoast-schema-graph\">{\"@context\":\"https:\/\/schema.org\",\"@graph\":[{\"@type\":\"WebPage\",\"@id\":\"https:\/\/ledmirrormanufacturer.com\/applications\/salon\/\",\"url\":\"https:\/\/ledmirrormanufacturer.com\/applications\/salon\/\",\"name\":\"Salon Mirror Manufacturer & Wholesale Supplier in China\",\"isPartOf\":{\"@id\":\"https:\/\/ledmirrormanufacturer.com\/#website\"},\"primaryImageOfPage\":{\"@id\":\"https:\/\/ledmirrormanufacturer.com\/applications\/salon\/#primaryimage\"},\"image\":{\"@id\":\"https:\/\/ledmirrormanufacturer.com\/applications\/salon\/#primaryimage\"},\"thumbnailUrl\":\"https:\/\/ledmirrormanufacturer.com\/wp-content\/uploads\/2025\/11\/salon-mirror-supplier.jpeg\",\"datePublished\":\"2025-11-05T09:11:00+00:00\",\"dateModified\":\"2026-04-08T15:32:11+00:00\",\"description\":\"DIMO is a experienced salon mirror factory in China,specialized in high-quality LED mirrors,makeup mirrors and full length mirrors with custom support and Competitive pricing.\",\"breadcrumb\":{\"@id\":\"https:\/\/ledmirrormanufacturer.com\/applications\/salon\/#breadcrumb\"},\"inLanguage\":\"it-IT\",\"potentialAction\":[{\"@type\":\"ReadAction\",\"target\":[\"https:\/\/ledmirrormanufacturer.com\/applications\/salon\/\"]}]},{\"@type\":\"ImageObject\",\"inLanguage\":\"it-IT\",\"@id\":\"https:\/\/ledmirrormanufacturer.com\/applications\/salon\/#primaryimage\",\"url\":\"https:\/\/ledmirrormanufacturer.com\/wp-content\/uploads\/2025\/11\/salon-mirror-supplier.jpeg\",\"contentUrl\":\"https:\/\/ledmirrormanufacturer.com\/wp-content\/uploads\/2025\/11\/salon-mirror-supplier.jpeg\",\"width\":750,\"height\":750,\"caption\":\"salon mirror supplier\"},{\"@type\":\"BreadcrumbList\",\"@id\":\"https:\/\/ledmirrormanufacturer.com\/applications\/salon\/#breadcrumb\",\"itemListElement\":[{\"@type\":\"ListItem\",\"position\":1,\"name\":\"\u9996\u9875\",\"item\":\"https:\/\/ledmirrormanufacturer.com\/\"},{\"@type\":\"ListItem\",\"position\":2,\"name\":\"Applications\",\"item\":\"https:\/\/ledmirrormanufacturer.com\/applications\/\"},{\"@type\":\"ListItem\",\"position\":3,\"name\":\"Salon\"}]},{\"@type\":\"WebSite\",\"@id\":\"https:\/\/ledmirrormanufacturer.com\/#website\",\"url\":\"https:\/\/ledmirrormanufacturer.com\/\",\"name\":\"LED Mirror Manufacturer Hotel Bathroom Mirror Wholesale Supplier\",\"description\":\"China LED Mirror Manufacturer,Backlit Hotel Bathroom Mirrors Suppliers,Lighted Vanity Mirror Factory,Makeup Mirror Cabinet Company\",\"publisher\":{\"@id\":\"https:\/\/ledmirrormanufacturer.com\/#organization\"},\"potentialAction\":[{\"@type\":\"SearchAction\",\"target\":{\"@type\":\"EntryPoint\",\"urlTemplate\":\"https:\/\/ledmirrormanufacturer.com\/?s={search_term_string}\"},\"query-input\":{\"@type\":\"PropertyValueSpecification\",\"valueRequired\":true,\"valueName\":\"search_term_string\"}}],\"inLanguage\":\"it-IT\"},{\"@type\":\"Organization\",\"@id\":\"https:\/\/ledmirrormanufacturer.com\/#organization\",\"name\":\"LED Mirror Manufacturer\",\"url\":\"https:\/\/ledmirrormanufacturer.com\/\",\"logo\":{\"@type\":\"ImageObject\",\"inLanguage\":\"it-IT\",\"@id\":\"https:\/\/ledmirrormanufacturer.com\/#\/schema\/logo\/image\/\",\"url\":\"https:\/\/ledmirrormanufacturer.com\/wp-content\/uploads\/2025\/09\/logo222-2.png\",\"contentUrl\":\"https:\/\/ledmirrormanufacturer.com\/wp-content\/uploads\/2025\/09\/logo222-2.png\",\"width\":168,\"height\":60,\"caption\":\"LED Mirror Manufacturer\"},\"image\":{\"@id\":\"https:\/\/ledmirrormanufacturer.com\/#\/schema\/logo\/image\/\"},\"sameAs\":[\"https:\/\/www.facebook.com\/smartbathmirror\",\"https:\/\/x.com\/jwysly\",\"https:\/\/www.linkedin.com\/in\/led-mirror-frank-chan-a836a813a\"]}]}<\/script>\n<!-- \/ Yoast SEO Premium plugin. -->","yoast_head_json":{"title":"Salon Mirror Manufacturer & Wholesale Supplier in China","description":"DIMO is a experienced salon mirror factory in China,specialized in high-quality LED mirrors,makeup mirrors and full length mirrors with custom support and Competitive pricing.","robots":{"index":"index","follow":"follow","max-snippet":"max-snippet:-1","max-image-preview":"max-image-preview:large","max-video-preview":"max-video-preview:-1"},"canonical":"https:\/\/ledmirrormanufacturer.com\/it\/applications\/salon\/","og_locale":"it_IT","og_type":"article","og_title":"Salon","og_description":"DIMO is a experienced salon mirror factory in China,specialized in high-quality LED mirrors,makeup mirrors and full length mirrors with custom support and Competitive pricing.","og_url":"https:\/\/ledmirrormanufacturer.com\/it\/applications\/salon\/","og_site_name":"Bathroom LED Mirror Manufacturer Wholesale Supplier","article_publisher":"https:\/\/www.facebook.com\/smartbathmirror","article_modified_time":"2026-04-08T15:32:11+00:00","og_image":[{"width":750,"height":750,"url":"https:\/\/ledmirrormanufacturer.com\/wp-content\/uploads\/2025\/11\/salon-mirror-supplier.jpeg","type":"image\/jpeg"}],"twitter_card":"summary_large_image","twitter_site":"@jwysly","twitter_misc":{"Tempo di lettura stimato":"3 minuti"},"schema":{"@context":"https:\/\/schema.org","@graph":[{"@type":"WebPage","@id":"https:\/\/ledmirrormanufacturer.com\/applications\/salon\/","url":"https:\/\/ledmirrormanufacturer.com\/applications\/salon\/","name":"Salon Mirror Manufacturer & Wholesale Supplier in China","isPartOf":{"@id":"https:\/\/ledmirrormanufacturer.com\/#website"},"primaryImageOfPage":{"@id":"https:\/\/ledmirrormanufacturer.com\/applications\/salon\/#primaryimage"},"image":{"@id":"https:\/\/ledmirrormanufacturer.com\/applications\/salon\/#primaryimage"},"thumbnailUrl":"https:\/\/ledmirrormanufacturer.com\/wp-content\/uploads\/2025\/11\/salon-mirror-supplier.jpeg","datePublished":"2025-11-05T09:11:00+00:00","dateModified":"2026-04-08T15:32:11+00:00","description":"DIMO is a experienced salon mirror factory in China,specialized in high-quality LED mirrors,makeup mirrors and full length mirrors with custom support and Competitive pricing.","breadcrumb":{"@id":"https:\/\/ledmirrormanufacturer.com\/applications\/salon\/#breadcrumb"},"inLanguage":"it-IT","potentialAction":[{"@type":"ReadAction","target":["https:\/\/ledmirrormanufacturer.com\/applications\/salon\/"]}]},{"@type":"ImageObject","inLanguage":"it-IT","@id":"https:\/\/ledmirrormanufacturer.com\/applications\/salon\/#primaryimage","url":"https:\/\/ledmirrormanufacturer.com\/wp-content\/uploads\/2025\/11\/salon-mirror-supplier.jpeg","contentUrl":"https:\/\/ledmirrormanufacturer.com\/wp-content\/uploads\/2025\/11\/salon-mirror-supplier.jpeg","width":750,"height":750,"caption":"salon mirror supplier"},{"@type":"BreadcrumbList","@id":"https:\/\/ledmirrormanufacturer.com\/applications\/salon\/#breadcrumb","itemListElement":[{"@type":"ListItem","position":1,"name":"\u9996\u9875","item":"https:\/\/ledmirrormanufacturer.com\/"},{"@type":"ListItem","position":2,"name":"Applications","item":"https:\/\/ledmirrormanufacturer.com\/applications\/"},{"@type":"ListItem","position":3,"name":"Salon"}]},{"@type":"WebSite","@id":"https:\/\/ledmirrormanufacturer.com\/#website","url":"https:\/\/ledmirrormanufacturer.com\/","name":"LED Mirror Manufacturer Hotel Bathroom Mirror Wholesale Supplier","description":"China LED Mirror Manufacturer,Backlit Hotel Bathroom Mirrors Suppliers,Lighted Vanity Mirror Factory,Makeup Mirror Cabinet Company","publisher":{"@id":"https:\/\/ledmirrormanufacturer.com\/#organization"},"potentialAction":[{"@type":"SearchAction","target":{"@type":"EntryPoint","urlTemplate":"https:\/\/ledmirrormanufacturer.com\/?s={search_term_string}"},"query-input":{"@type":"PropertyValueSpecification","valueRequired":true,"valueName":"search_term_string"}}],"inLanguage":"it-IT"},{"@type":"Organization","@id":"https:\/\/ledmirrormanufacturer.com\/#organization","name":"LED Mirror Manufacturer","url":"https:\/\/ledmirrormanufacturer.com\/","logo":{"@type":"ImageObject","inLanguage":"it-IT","@id":"https:\/\/ledmirrormanufacturer.com\/#\/schema\/logo\/image\/","url":"https:\/\/ledmirrormanufacturer.com\/wp-content\/uploads\/2025\/09\/logo222-2.png","contentUrl":"https:\/\/ledmirrormanufacturer.com\/wp-content\/uploads\/2025\/09\/logo222-2.png","width":168,"height":60,"caption":"LED Mirror Manufacturer"},"image":{"@id":"https:\/\/ledmirrormanufacturer.com\/#\/schema\/logo\/image\/"},"sameAs":["https:\/\/www.facebook.com\/smartbathmirror","https:\/\/x.com\/jwysly","https:\/\/www.linkedin.com\/in\/led-mirror-frank-chan-a836a813a"]}]}},"_links":{"self":[{"href":"https:\/\/ledmirrormanufacturer.com\/it\/wp-json\/wp\/v2\/pages\/21092","targetHints":{"allow":["GET"]}}],"collection":[{"href":"https:\/\/ledmirrormanufacturer.com\/it\/wp-json\/wp\/v2\/pages"}],"about":[{"href":"https:\/\/ledmirrormanufacturer.com\/it\/wp-json\/wp\/v2\/types\/page"}],"author":[{"embeddable":true,"href":"https:\/\/ledmirrormanufacturer.com\/it\/wp-json\/wp\/v2\/users\/2"}],"replies":[{"embeddable":true,"href":"https:\/\/ledmirrormanufacturer.com\/it\/wp-json\/wp\/v2\/comments?post=21092"}],"version-history":[{"count":4,"href":"https:\/\/ledmirrormanufacturer.com\/it\/wp-json\/wp\/v2\/pages\/21092\/revisions"}],"predecessor-version":[{"id":21253,"href":"https:\/\/ledmirrormanufacturer.com\/it\/wp-json\/wp\/v2\/pages\/21092\/revisions\/21253"}],"up":[{"embeddable":true,"href":"https:\/\/ledmirrormanufacturer.com\/it\/wp-json\/wp\/v2\/pages\/2690"}],"wp:featuredmedia":[{"embeddable":true,"href":"https:\/\/ledmirrormanufacturer.com\/it\/wp-json\/wp\/v2\/media\/21247"}],"wp:attachment":[{"href":"https:\/\/ledmirrormanufacturer.com\/it\/wp-json\/wp\/v2\/media?parent=21092"}],"curies":[{"name":"wp","href":"https:\/\/api.w.org\/{rel}","templated":true}]}}