{"id":21913,"date":"2026-03-04T11:12:32","date_gmt":"2026-03-04T11:12:32","guid":{"rendered":"https:\/\/ledmirrormanufacturer.com\/?post_type=product&#038;p=21913"},"modified":"2026-04-15T07:36:09","modified_gmt":"2026-04-15T07:36:09","slug":"tube-lighting-framed-vanity-mirror-dbs-70","status":"publish","type":"product","link":"https:\/\/ledmirrormanufacturer.com\/it\/prodotto\/tube-lighting-framed-vanity-mirror-dbs-70\/","title":{"rendered":"Specchio per vanit\u00e0 con cornice Tube Lighting DBS-70"},"content":{"rendered":"<h2 style=\"text-align: left;\">Tube Lighting Framed Vanity Mirror <span style=\"color: #000000;\">Model:DBS-70<\/span><\/h2>\n<p style=\"text-align: left;\"><span style=\"color: #000000;\">This Tube Lighting Framed Vanity Mirror is a framed mirror, most hot selling model, with LED backlighted to refect light as the light, and add to the atmosphere of the bathroom. The most made shapes are rectangle, round, and also can be irregular shapes.<\/span><\/p>\n<h2 style=\"text-align: left;\"><span style=\"color: #000000;\">Short description of Tube Lighting Framed Vanity Mirror:<\/span><\/h2>\n<table class=\"alignleft\" style=\"height: 469px;\" border=\"1\" width=\"1148\" cellpadding=\"10px\">\n<tbody>\n<tr>\n<td><span style=\"color: #000000;\"><strong>Tensione<\/strong><\/span><\/td>\n<td><span style=\"color: #000000;\">Ingresso AC100-240V, uscita DC 12\/24V<\/span><\/td>\n<td><span style=\"color: #000000;\"><strong>Illuminazione<\/strong><\/span><\/td>\n<td><span style=\"color: #000000;\">60\/120LED\/metro, strisce singole\/doppie<\/span><\/td>\n<\/tr>\n<tr>\n<td><span style=\"color: #000000;\"><strong>CRI<\/strong><\/span><\/td>\n<td><span style=\"color: #000000;\">80+\/90+<\/span><\/td>\n<td><span style=\"color: #000000;\"><strong>CCT<\/strong><\/span><\/td>\n<td><span style=\"color: #000000;\">2700K\/3000K\/4000K\/5000K\/6000K o altro<\/span><\/td>\n<\/tr>\n<tr>\n<td><span style=\"color: #000000;\"><strong>Dimensioni in CM<\/strong><\/span><\/td>\n<td><span style=\"color: #000000;\">45x60cm, 50x70cm, 60x80cm, 60x90cm, 75x90cm,<\/span><\/p>\n<p><span style=\"color: #000000;\">100x80cm, 120x75cm, 120x90cm, 150x90cm o formato personalizzato<\/span><\/td>\n<td><span style=\"color: #000000;\"><strong>Dimensioni in pollici<\/strong><\/span><\/td>\n<td><span style=\"color: #000000;\">24\u2033x32\u2033,24\u2033x36\u2033,30\u2033x36\u2033,36\u2033x36\u2033,40\u2033x32\u2033,<\/span><\/p>\n<p><span style=\"color: #000000;\">48\u2033x30\u2033, 48\u2033x36\u2033, 60\u2033x36\u2033 o dimensione personalizzata<\/span><\/td>\n<\/tr>\n<tr>\n<td><span style=\"color: #000000;\"><strong>Specchio<\/strong><\/span><\/td>\n<td><span style=\"color: #000000;\">Specchio d'argento senza rame da 4 mm\/5 mm<\/span><\/td>\n<td><span style=\"color: #000000;\"><strong>Installazione<\/strong><\/span><\/td>\n<td><span style=\"color: #000000;\">Montaggio a parete, cablato o a spina<\/span><\/td>\n<\/tr>\n<tr>\n<td><span style=\"color: #000000;\"><strong>Struttura<\/strong><\/span><\/td>\n<td><span style=\"color: #000000;\">Alluminio\/acciaio inossidabile\/plastica\/legno<\/span><\/td>\n<td><span style=\"color: #000000;\"><strong>Valutazione di impermeabilit\u00e0<\/strong><\/span><\/td>\n<td><span style=\"color: #000000;\">IP44+<\/span><\/td>\n<\/tr>\n<tr>\n<td><span style=\"color: #000000;\"><strong>Funzione opzionale<\/strong><\/span><\/td>\n<td><span style=\"color: #000000;\">Interruttore con sensore di movimento\/sensore a sfioramento, Defogger,<\/span><\/p>\n<p><span style=\"color: #000000;\">Oscuramento, lente d'ingrandimento, altoparlante Bluetooth, regolazione CCT, orologio digitale a LED<\/span><\/td>\n<td><span style=\"color: #000000;\"><strong>Durata di vita dei LED<\/strong><\/span><\/td>\n<td><span style=\"color: #000000;\">50000 ore<\/span><\/td>\n<\/tr>\n<\/tbody>\n<\/table>\n<p>&nbsp;<\/p>\n<p>&nbsp;<\/p>\n<p>&nbsp;<\/p>\n<p>&nbsp;<\/p>\n<p>&nbsp;<\/p>\n<p>&nbsp;<\/p>\n<p>&nbsp;<\/p>\n<p><span style=\"color: #000000;\"><br \/>\n<img fetchpriority=\"high\" decoding=\"async\" class=\"wp-image-20214\" src=\"https:\/\/ledmirrormanufacturer.com\/wp-content\/uploads\/2025\/09\/copper-free-silver-mirror-layers.jpg\" alt=\"glass-layers of led mirror manufacturer wholesale supplier\" width=\"605\" height=\"419\" srcset=\"https:\/\/ledmirrormanufacturer.com\/wp-content\/uploads\/2025\/09\/copper-free-silver-mirror-layers.jpg 800w, https:\/\/ledmirrormanufacturer.com\/wp-content\/uploads\/2025\/09\/copper-free-silver-mirror-layers-300x208.jpg 300w, https:\/\/ledmirrormanufacturer.com\/wp-content\/uploads\/2025\/09\/copper-free-silver-mirror-layers-768x532.jpg 768w, https:\/\/ledmirrormanufacturer.com\/wp-content\/uploads\/2025\/09\/copper-free-silver-mirror-layers-18x12.jpg 18w\" sizes=\"(max-width: 605px) 100vw, 605px\" \/><\/span><span style=\"color: #000000;\"><img decoding=\"async\" class=\"wp-image-20215\" src=\"https:\/\/ledmirrormanufacturer.com\/wp-content\/uploads\/2025\/09\/cct-color-of-led-bathroom-mirror.jpg\" alt=\"Cct-of-led-mirror-manufacturer-wholesale-supplier\" width=\"652\" height=\"425\" srcset=\"https:\/\/ledmirrormanufacturer.com\/wp-content\/uploads\/2025\/09\/cct-color-of-led-bathroom-mirror.jpg 1200w, https:\/\/ledmirrormanufacturer.com\/wp-content\/uploads\/2025\/09\/cct-color-of-led-bathroom-mirror-300x196.jpg 300w, https:\/\/ledmirrormanufacturer.com\/wp-content\/uploads\/2025\/09\/cct-color-of-led-bathroom-mirror-1024x667.jpg 1024w, https:\/\/ledmirrormanufacturer.com\/wp-content\/uploads\/2025\/09\/cct-color-of-led-bathroom-mirror-768x500.jpg 768w, https:\/\/ledmirrormanufacturer.com\/wp-content\/uploads\/2025\/09\/cct-color-of-led-bathroom-mirror-18x12.jpg 18w, https:\/\/ledmirrormanufacturer.com\/wp-content\/uploads\/2025\/09\/cct-color-of-led-bathroom-mirror-800x521.jpg 800w\" sizes=\"(max-width: 652px) 100vw, 652px\" \/><\/span><\/p>\n<h3><span style=\"color: #000000;\"><strong>\u00a0Regolazione della temperatura del colore dei LED<\/strong><\/span><\/h3>\n<p><span style=\"color: #000000;\">This Tube Lighting Framed Vanity Mirror&#8217;s features adjustable color temperature, allowing you to switch between warm (3000K), natural (4000K), and cool white (6000K) lighting to perfectly match your needs and environment.<\/span><\/p>\n<p><span style=\"color: #000000;\"><img decoding=\"async\" class=\"alignnone wp-image-20220\" src=\"https:\/\/ledmirrormanufacturer.com\/wp-content\/uploads\/2025\/09\/dimming-brightness-of-led-mirror.jpg\" alt=\"bright-of-led-mirror-manufacturer-wholesale-supplier\" width=\"668\" height=\"452\" \/><\/span><\/p>\n<h3><span style=\"color: #000000;\"><strong>Regolazione della luminosit\u00e0 del LED<\/strong>\u00a0:<\/span><\/h3>\n<p><span style=\"color: #000000;\">This Tube Lighting Framed Vanity Mirror&#8217;s brightness can be adjusted by the touch switch, allowing you to customize the light intensity from soft ambient glow to bright task lighting.\u00a0 \u2605 Brightness: 10% -100%.<\/span><\/p>\n<h3><span style=\"color: #000000;\">Caratteristiche opzionali dello specchio da bagno illuminato a LED:<\/span><\/h3>\n<p><span style=\"color: #000000;\"><img loading=\"lazy\" decoding=\"async\" class=\"wp-image-20217 alignleft\" src=\"https:\/\/ledmirrormanufacturer.com\/wp-content\/uploads\/2025\/09\/features-functions-of-led-mirror.jpg\" alt=\"features functions of led mirror manufacturer wholesale supplier\" width=\"578\" height=\"503\" srcset=\"https:\/\/ledmirrormanufacturer.com\/wp-content\/uploads\/2025\/09\/features-functions-of-led-mirror.jpg 750w, https:\/\/ledmirrormanufacturer.com\/wp-content\/uploads\/2025\/09\/features-functions-of-led-mirror-300x261.jpg 300w, https:\/\/ledmirrormanufacturer.com\/wp-content\/uploads\/2025\/09\/features-functions-of-led-mirror-14x12.jpg 14w\" sizes=\"(max-width: 578px) 100vw, 578px\" \/><\/span><\/p>\n<ul>\n<li><span style=\"color: #000000;\"><strong>Funzioni opzionali:<\/strong><\/span><\/li>\n<\/ul>\n<p><span style=\"color: #000000;\">1. Interruttore con sensore di movimento o tattile;<\/span><\/p>\n<p><span style=\"color: #000000;\">2. Cuscinetto riscaldato per evitare l'appannamento (antiappannamento)<\/span><\/p>\n<p><span style=\"color: #000000;\">3. Lente d'ingrandimento per il trucco<\/span><\/p>\n<p><span style=\"color: #000000;\">4. Presa per rasoio<\/span><\/p>\n<p><span style=\"color: #000000;\">5. Display a LED per l'orologio e la temperatura<\/span><\/p>\n<p><span style=\"color: #000000;\">6. Bluetooth e altoparlanti<\/span><\/p>\n<p><span style=\"color: #000000;\">7. Specchi TV<\/span><\/p>\n<p><span style=\"color: #000000;\">8. Luminosit\u00e0: Luminosit\u00e0 efficiente, Alta luminosit\u00e0, Super alta luminosit\u00e0<\/span><\/p>\n<p>&nbsp;<\/p>\n<p>&nbsp;<\/p>\n<h2><span style=\"color: #000000;\">Production Process of Tube Lighting Framed Vanity Mirror<\/span><span style=\"color: #000000;\">:<\/span><\/h2>\n<p><img loading=\"lazy\" decoding=\"async\" class=\"alignnone wp-image-20545\" src=\"https:\/\/ledmirrormanufacturer.com\/wp-content\/uploads\/2025\/09\/LED-MIRROR-MANUFACTURING-PROCESS-1.jpg\" alt=\"LED-MIRROR-MANUFACTURING-PROCESS\" width=\"676\" height=\"391\" \/><\/p>\n<p>&nbsp;<\/p>\n<h2><span style=\"color: #000000;\">Packing for Tube Lighting Framed Vanity Mirror<\/span><span style=\"color: #000000;\">:<\/span><\/h2>\n<ul>\n<li><span style=\"color: #000000;\"><strong>Noi ci occupiamo dei nostri clienti:<\/strong><\/span><\/li>\n<\/ul>\n<p><span style=\"color: #000000;\">1. CE, ETL, IP44, RoHS, ERP certificato<\/span><\/p>\n<p><span style=\"color: #000000;\">2. Pi\u00f9 di 15 anni di esperienza, cliente satisfication 98%<\/span><\/p>\n<p><span style=\"color: #000000;\">3. 100% esaminato prima del caricamento<\/span><\/p>\n<p><span style=\"color: #000000;\">4. Disegno tecnico professionale per l'offerta del progetto<\/span><\/p>\n<p><span style=\"color: #000000;\">5. Capacit\u00e0 produttiva mensile di 40 contenitori, consegna in tempo utile<\/span><\/p>\n<p><span style=\"color: #000000;\">6. 3 anni di garanzia, manutenzione a vita<\/span><\/p>\n<p><span style=\"color: #000000;\">7. Spedizione porta a porta disponibile<\/span><\/p>\n<p><span style=\"color: #000000;\">8. Alibaba trade assurance pagamento con carta di credito o e-checking<\/span><\/p>\n<p>&nbsp;<\/p>\n<p>Per saperne di pi\u00f9 <span style=\"color: #ffcc00;\"><a style=\"color: #ffcc00;\" href=\"https:\/\/ledmirrormanufacturer.com\/it\/bathroom-mirror-manufacturer\/\">Specchi da bagno a LED<\/a><\/span><\/p>\n<p>Controlla altri modelli:<span style=\"color: #ffcc00;\"> <a style=\"color: #ffcc00;\" href=\"https:\/\/ledmirrormanufacturer.com\/it\/prodotto\/\">Clicca qui per tutti i modelli<\/a><\/span><\/p>\n<p>&nbsp;<\/p>\n<ul>\n<li><strong>Non esitate a inviarci una richiesta di informazioni qui sotto!<\/strong><\/li>\n<\/ul>\n<p>Si prega di includere i seguenti dettagli:<\/p>\n<ol>\n<li>Taglie *<\/li>\n<li>Quantit\u00e0 *<\/li>\n<li>Caratteristiche aggiuntive<\/li>\n<li>Scopo: Per progetti o prodotti di marca o altro.<\/li>\n<\/ol>","protected":false},"excerpt":{"rendered":"<h5><strong>Materiale:<\/strong><\/h5>\n<h5>Specchio: specchio d'argento libero di 4mm\/5mm Coper, anticorrosione<\/h5>\n<h5>Struttura: telaio in alluminio\/acciaio inox\/plastica<\/h5>\n<h5>Installazione: montaggio a parete in verticale o in orizzontale, connessione cablata o a spina<\/h5>\n<h5>Fonte di illuminazione: CCT 2700-7000K, CRI&gt;80\/90, durata: 50.000+ ore<\/h5>\n<h5>Conducente: Certificato : CE\/UL\/SAA\/RoHS\/IP67\/TUV\/GS ecc.<\/h5>\n<h5>Interruttore: pulsante ON-OFF, sensore a sfioramento, sensore di movimento, interruttore a muro<\/h5>\n<h5><strong>MOQ: 20pcs\/modello&amp;dimensioni<\/strong><\/h5>","protected":false},"featured_media":21914,"comment_status":"open","ping_status":"closed","template":"","meta":{"inline_featured_image":false},"product_cat":[77],"product_tag":[85,102,95],"class_list":{"0":"post-21913","1":"product","2":"type-product","3":"status-publish","4":"has-post-thumbnail","6":"product_brand-oem","7":"product_cat-led-bathroom-mirror","8":"product_tag-manufacturer-wholesale-supplier","9":"product_tag-mirror-with-frame","10":"product_tag-rectangle-mirror","12":"first","13":"instock","14":"shipping-taxable","15":"product-type-simple"},"yoast_head":"<!-- This site is optimized with the Yoast SEO Premium plugin v25.8 (Yoast SEO v25.8) - https:\/\/yoast.com\/wordpress\/plugins\/seo\/ -->\n<title>Tube Lighting Framed Vanity Mirror DBS-70 - Bathroom LED Mirror Manufacturer Wholesale Supplier<\/title>\n<meta name=\"description\" content=\"Tube Lighting Framed Vanity Mirror Manufacturer and wholesale supplier from China - DIMO is a leading factory for LED bathroom mirrors, led mirror cabinets\" \/>\n<meta name=\"robots\" content=\"index, follow, max-snippet:-1, max-image-preview:large, max-video-preview:-1\" \/>\n<link rel=\"canonical\" href=\"https:\/\/ledmirrormanufacturer.com\/it\/prodotto\/tube-lighting-framed-vanity-mirror-dbs-70\/\" \/>\n<meta property=\"og:locale\" content=\"it_IT\" \/>\n<meta property=\"og:type\" content=\"article\" \/>\n<meta property=\"og:title\" content=\"Tube Lighting Framed Vanity Mirror DBS-70\" \/>\n<meta property=\"og:description\" content=\"Tube Lighting Framed Vanity Mirror Manufacturer and wholesale supplier from China - DIMO is a leading factory for LED bathroom mirrors, led mirror cabinets\" \/>\n<meta property=\"og:url\" content=\"https:\/\/ledmirrormanufacturer.com\/it\/prodotto\/tube-lighting-framed-vanity-mirror-dbs-70\/\" \/>\n<meta property=\"og:site_name\" content=\"Bathroom LED Mirror Manufacturer Wholesale Supplier\" \/>\n<meta property=\"article:publisher\" content=\"https:\/\/www.facebook.com\/smartbathmirror\" \/>\n<meta property=\"article:modified_time\" content=\"2026-04-15T07:36:09+00:00\" \/>\n<meta property=\"og:image\" content=\"https:\/\/ledmirrormanufacturer.com\/wp-content\/uploads\/2026\/03\/DBS-70.jpg\" \/>\n\t<meta property=\"og:image:width\" content=\"800\" \/>\n\t<meta property=\"og:image:height\" content=\"800\" \/>\n\t<meta property=\"og:image:type\" content=\"image\/jpeg\" \/>\n<meta name=\"twitter:card\" content=\"summary_large_image\" \/>\n<meta name=\"twitter:site\" content=\"@jwysly\" \/>\n<meta name=\"twitter:label1\" content=\"Tempo di lettura stimato\" \/>\n\t<meta name=\"twitter:data1\" content=\"4 minuti\" \/>\n<script type=\"application\/ld+json\" class=\"yoast-schema-graph\">{\"@context\":\"https:\/\/schema.org\",\"@graph\":[{\"@type\":\"WebPage\",\"@id\":\"https:\/\/ledmirrormanufacturer.com\/product\/tube-lighting-framed-vanity-mirror-dbs-70\/\",\"url\":\"https:\/\/ledmirrormanufacturer.com\/product\/tube-lighting-framed-vanity-mirror-dbs-70\/\",\"name\":\"Tube Lighting Framed Vanity Mirror DBS-70 - Bathroom LED Mirror Manufacturer Wholesale Supplier\",\"isPartOf\":{\"@id\":\"https:\/\/ledmirrormanufacturer.com\/#website\"},\"primaryImageOfPage\":{\"@id\":\"https:\/\/ledmirrormanufacturer.com\/product\/tube-lighting-framed-vanity-mirror-dbs-70\/#primaryimage\"},\"image\":{\"@id\":\"https:\/\/ledmirrormanufacturer.com\/product\/tube-lighting-framed-vanity-mirror-dbs-70\/#primaryimage\"},\"thumbnailUrl\":\"https:\/\/ledmirrormanufacturer.com\/wp-content\/uploads\/2026\/03\/DBS-70.jpg\",\"datePublished\":\"2026-03-04T11:12:32+00:00\",\"dateModified\":\"2026-04-15T07:36:09+00:00\",\"description\":\"Tube Lighting Framed Vanity Mirror Manufacturer and wholesale supplier from China - DIMO is a leading factory for LED bathroom mirrors, led mirror cabinets\",\"breadcrumb\":{\"@id\":\"https:\/\/ledmirrormanufacturer.com\/product\/tube-lighting-framed-vanity-mirror-dbs-70\/#breadcrumb\"},\"inLanguage\":\"it-IT\",\"potentialAction\":[{\"@type\":\"ReadAction\",\"target\":[\"https:\/\/ledmirrormanufacturer.com\/product\/tube-lighting-framed-vanity-mirror-dbs-70\/\"]}]},{\"@type\":\"ImageObject\",\"inLanguage\":\"it-IT\",\"@id\":\"https:\/\/ledmirrormanufacturer.com\/product\/tube-lighting-framed-vanity-mirror-dbs-70\/#primaryimage\",\"url\":\"https:\/\/ledmirrormanufacturer.com\/wp-content\/uploads\/2026\/03\/DBS-70.jpg\",\"contentUrl\":\"https:\/\/ledmirrormanufacturer.com\/wp-content\/uploads\/2026\/03\/DBS-70.jpg\",\"width\":800,\"height\":800,\"caption\":\"tube-lighting-framed-vanity-mirror-dbs-70\"},{\"@type\":\"BreadcrumbList\",\"@id\":\"https:\/\/ledmirrormanufacturer.com\/product\/tube-lighting-framed-vanity-mirror-dbs-70\/#breadcrumb\",\"itemListElement\":[{\"@type\":\"ListItem\",\"position\":1,\"name\":\"\u9996\u9875\",\"item\":\"https:\/\/ledmirrormanufacturer.com\/\"},{\"@type\":\"ListItem\",\"position\":2,\"name\":\"Product\",\"item\":\"https:\/\/ledmirrormanufacturer.com\/product\/\"},{\"@type\":\"ListItem\",\"position\":3,\"name\":\"Tube Lighting Framed Vanity Mirror DBS-70\"}]},{\"@type\":\"WebSite\",\"@id\":\"https:\/\/ledmirrormanufacturer.com\/#website\",\"url\":\"https:\/\/ledmirrormanufacturer.com\/\",\"name\":\"LED Mirror Manufacturer Hotel Bathroom Mirror Wholesale Supplier\",\"description\":\"China LED Mirror Manufacturer,Backlit Hotel Bathroom Mirrors Suppliers,Lighted Vanity Mirror Factory,Makeup Mirror Cabinet Company\",\"publisher\":{\"@id\":\"https:\/\/ledmirrormanufacturer.com\/#organization\"},\"potentialAction\":[{\"@type\":\"SearchAction\",\"target\":{\"@type\":\"EntryPoint\",\"urlTemplate\":\"https:\/\/ledmirrormanufacturer.com\/?s={search_term_string}\"},\"query-input\":{\"@type\":\"PropertyValueSpecification\",\"valueRequired\":true,\"valueName\":\"search_term_string\"}}],\"inLanguage\":\"it-IT\"},{\"@type\":\"Organization\",\"@id\":\"https:\/\/ledmirrormanufacturer.com\/#organization\",\"name\":\"LED Mirror Manufacturer\",\"url\":\"https:\/\/ledmirrormanufacturer.com\/\",\"logo\":{\"@type\":\"ImageObject\",\"inLanguage\":\"it-IT\",\"@id\":\"https:\/\/ledmirrormanufacturer.com\/#\/schema\/logo\/image\/\",\"url\":\"https:\/\/ledmirrormanufacturer.com\/wp-content\/uploads\/2025\/09\/logo222-2.png\",\"contentUrl\":\"https:\/\/ledmirrormanufacturer.com\/wp-content\/uploads\/2025\/09\/logo222-2.png\",\"width\":168,\"height\":60,\"caption\":\"LED Mirror Manufacturer\"},\"image\":{\"@id\":\"https:\/\/ledmirrormanufacturer.com\/#\/schema\/logo\/image\/\"},\"sameAs\":[\"https:\/\/www.facebook.com\/smartbathmirror\",\"https:\/\/x.com\/jwysly\",\"https:\/\/www.linkedin.com\/in\/led-mirror-frank-chan-a836a813a\"]}]}<\/script>\n<!-- \/ Yoast SEO Premium plugin. -->","yoast_head_json":{"title":"Tube Lighting Framed Vanity Mirror DBS-70 - Bathroom LED Mirror Manufacturer Wholesale Supplier","description":"Tube Lighting Framed Vanity Mirror Manufacturer and wholesale supplier from China - DIMO is a leading factory for LED bathroom mirrors, led mirror cabinets","robots":{"index":"index","follow":"follow","max-snippet":"max-snippet:-1","max-image-preview":"max-image-preview:large","max-video-preview":"max-video-preview:-1"},"canonical":"https:\/\/ledmirrormanufacturer.com\/it\/prodotto\/tube-lighting-framed-vanity-mirror-dbs-70\/","og_locale":"it_IT","og_type":"article","og_title":"Tube Lighting Framed Vanity Mirror DBS-70","og_description":"Tube Lighting Framed Vanity Mirror Manufacturer and wholesale supplier from China - DIMO is a leading factory for LED bathroom mirrors, led mirror cabinets","og_url":"https:\/\/ledmirrormanufacturer.com\/it\/prodotto\/tube-lighting-framed-vanity-mirror-dbs-70\/","og_site_name":"Bathroom LED Mirror Manufacturer Wholesale Supplier","article_publisher":"https:\/\/www.facebook.com\/smartbathmirror","article_modified_time":"2026-04-15T07:36:09+00:00","og_image":[{"width":800,"height":800,"url":"https:\/\/ledmirrormanufacturer.com\/wp-content\/uploads\/2026\/03\/DBS-70.jpg","type":"image\/jpeg"}],"twitter_card":"summary_large_image","twitter_site":"@jwysly","twitter_misc":{"Tempo di lettura stimato":"4 minuti"},"schema":{"@context":"https:\/\/schema.org","@graph":[{"@type":"WebPage","@id":"https:\/\/ledmirrormanufacturer.com\/product\/tube-lighting-framed-vanity-mirror-dbs-70\/","url":"https:\/\/ledmirrormanufacturer.com\/product\/tube-lighting-framed-vanity-mirror-dbs-70\/","name":"Tube Lighting Framed Vanity Mirror DBS-70 - Bathroom LED Mirror Manufacturer Wholesale Supplier","isPartOf":{"@id":"https:\/\/ledmirrormanufacturer.com\/#website"},"primaryImageOfPage":{"@id":"https:\/\/ledmirrormanufacturer.com\/product\/tube-lighting-framed-vanity-mirror-dbs-70\/#primaryimage"},"image":{"@id":"https:\/\/ledmirrormanufacturer.com\/product\/tube-lighting-framed-vanity-mirror-dbs-70\/#primaryimage"},"thumbnailUrl":"https:\/\/ledmirrormanufacturer.com\/wp-content\/uploads\/2026\/03\/DBS-70.jpg","datePublished":"2026-03-04T11:12:32+00:00","dateModified":"2026-04-15T07:36:09+00:00","description":"Tube Lighting Framed Vanity Mirror Manufacturer and wholesale supplier from China - DIMO is a leading factory for LED bathroom mirrors, led mirror cabinets","breadcrumb":{"@id":"https:\/\/ledmirrormanufacturer.com\/product\/tube-lighting-framed-vanity-mirror-dbs-70\/#breadcrumb"},"inLanguage":"it-IT","potentialAction":[{"@type":"ReadAction","target":["https:\/\/ledmirrormanufacturer.com\/product\/tube-lighting-framed-vanity-mirror-dbs-70\/"]}]},{"@type":"ImageObject","inLanguage":"it-IT","@id":"https:\/\/ledmirrormanufacturer.com\/product\/tube-lighting-framed-vanity-mirror-dbs-70\/#primaryimage","url":"https:\/\/ledmirrormanufacturer.com\/wp-content\/uploads\/2026\/03\/DBS-70.jpg","contentUrl":"https:\/\/ledmirrormanufacturer.com\/wp-content\/uploads\/2026\/03\/DBS-70.jpg","width":800,"height":800,"caption":"tube-lighting-framed-vanity-mirror-dbs-70"},{"@type":"BreadcrumbList","@id":"https:\/\/ledmirrormanufacturer.com\/product\/tube-lighting-framed-vanity-mirror-dbs-70\/#breadcrumb","itemListElement":[{"@type":"ListItem","position":1,"name":"\u9996\u9875","item":"https:\/\/ledmirrormanufacturer.com\/"},{"@type":"ListItem","position":2,"name":"Product","item":"https:\/\/ledmirrormanufacturer.com\/product\/"},{"@type":"ListItem","position":3,"name":"Tube Lighting Framed Vanity Mirror DBS-70"}]},{"@type":"WebSite","@id":"https:\/\/ledmirrormanufacturer.com\/#website","url":"https:\/\/ledmirrormanufacturer.com\/","name":"LED Mirror Manufacturer Hotel Bathroom Mirror Wholesale Supplier","description":"China LED Mirror Manufacturer,Backlit Hotel Bathroom Mirrors Suppliers,Lighted Vanity Mirror Factory,Makeup Mirror Cabinet Company","publisher":{"@id":"https:\/\/ledmirrormanufacturer.com\/#organization"},"potentialAction":[{"@type":"SearchAction","target":{"@type":"EntryPoint","urlTemplate":"https:\/\/ledmirrormanufacturer.com\/?s={search_term_string}"},"query-input":{"@type":"PropertyValueSpecification","valueRequired":true,"valueName":"search_term_string"}}],"inLanguage":"it-IT"},{"@type":"Organization","@id":"https:\/\/ledmirrormanufacturer.com\/#organization","name":"LED Mirror Manufacturer","url":"https:\/\/ledmirrormanufacturer.com\/","logo":{"@type":"ImageObject","inLanguage":"it-IT","@id":"https:\/\/ledmirrormanufacturer.com\/#\/schema\/logo\/image\/","url":"https:\/\/ledmirrormanufacturer.com\/wp-content\/uploads\/2025\/09\/logo222-2.png","contentUrl":"https:\/\/ledmirrormanufacturer.com\/wp-content\/uploads\/2025\/09\/logo222-2.png","width":168,"height":60,"caption":"LED Mirror Manufacturer"},"image":{"@id":"https:\/\/ledmirrormanufacturer.com\/#\/schema\/logo\/image\/"},"sameAs":["https:\/\/www.facebook.com\/smartbathmirror","https:\/\/x.com\/jwysly","https:\/\/www.linkedin.com\/in\/led-mirror-frank-chan-a836a813a"]}]}},"_links":{"self":[{"href":"https:\/\/ledmirrormanufacturer.com\/it\/wp-json\/wp\/v2\/product\/21913","targetHints":{"allow":["GET"]}}],"collection":[{"href":"https:\/\/ledmirrormanufacturer.com\/it\/wp-json\/wp\/v2\/product"}],"about":[{"href":"https:\/\/ledmirrormanufacturer.com\/it\/wp-json\/wp\/v2\/types\/product"}],"replies":[{"embeddable":true,"href":"https:\/\/ledmirrormanufacturer.com\/it\/wp-json\/wp\/v2\/comments?post=21913"}],"wp:featuredmedia":[{"embeddable":true,"href":"https:\/\/ledmirrormanufacturer.com\/it\/wp-json\/wp\/v2\/media\/21914"}],"wp:attachment":[{"href":"https:\/\/ledmirrormanufacturer.com\/it\/wp-json\/wp\/v2\/media?parent=21913"}],"wp:term":[{"taxonomy":"product_cat","embeddable":true,"href":"https:\/\/ledmirrormanufacturer.com\/it\/wp-json\/wp\/v2\/product_cat?post=21913"},{"taxonomy":"product_tag","embeddable":true,"href":"https:\/\/ledmirrormanufacturer.com\/it\/wp-json\/wp\/v2\/product_tag?post=21913"}],"curies":[{"name":"wp","href":"https:\/\/api.w.org\/{rel}","templated":true}]}}